{"id":24868,"date":"2026-02-25T14:00:12","date_gmt":"2026-02-25T13:00:12","guid":{"rendered":"https:\/\/aem.hr\/?page_id=24868"},"modified":"2026-02-25T14:00:13","modified_gmt":"2026-02-25T13:00:13","slug":"drazen-curic-fenomen-mate-rimca-sto-je-obecao-a-sto-je-isporucio","status":"publish","type":"page","link":"https:\/\/aem.hr\/en\/drazen-curic-fenomen-mate-rimca-sto-je-obecao-a-sto-je-isporucio\/","title":{"rendered":"Dra\u017een \u0106uri\u0107 &#8211; Fenomen Mate Rimca: \u0160to je obe\u0107ao, a \u0161to je isporu\u010dio"},"content":{"rendered":"\n<div class=\"wp-block-file\"><a id=\"wp-block-file--media-54c57b30-a8a7-4ce6-a754-93ffdcf6211a\" href=\"https:\/\/aem.hr\/wp-content\/uploads\/2026\/02\/1.-Mate-Rimac-izmedu-obecanja-i-stvarnosti.pdf\">1. Mate Rimac izme\u0111u obe\u0107anja i stvarnosti<\/a><a href=\"https:\/\/aem.hr\/wp-content\/uploads\/2026\/02\/1.-Mate-Rimac-izmedu-obecanja-i-stvarnosti.pdf\" class=\"wp-block-file__button wp-element-button\" download aria-describedby=\"wp-block-file--media-54c57b30-a8a7-4ce6-a754-93ffdcf6211a\">Preuzimanje<\/a><\/div>\n\n\n\n<div class=\"wp-block-file\"><a id=\"wp-block-file--media-2756e619-bc74-4c80-9062-e47fdad18774\" href=\"https:\/\/aem.hr\/wp-content\/uploads\/2026\/02\/2.-Lucijan-Caric_-Mate-Rimac-vec-15-godina-daje.pdf\">2. Lucijan Cari\u0107_ Mate Rimac ve\u0107 15 godina daje<\/a><a href=\"https:\/\/aem.hr\/wp-content\/uploads\/2026\/02\/2.-Lucijan-Caric_-Mate-Rimac-vec-15-godina-daje.pdf\" class=\"wp-block-file__button wp-element-button\" download aria-describedby=\"wp-block-file--media-2756e619-bc74-4c80-9062-e47fdad18774\">Preuzimanje<\/a><\/div>\n\n\n\n<div class=\"wp-block-file\"><a id=\"wp-block-file--media-d084835c-c2d3-4915-9636-39c00d402520\" href=\"https:\/\/aem.hr\/wp-content\/uploads\/2026\/02\/3.-Profesor-Zeljko-Marusic_-Volio-bih-vidjeti.pdf\">3. Profesor \u017deljko Maru\u0161i\u0107_ Volio bih vidjeti<\/a><a href=\"https:\/\/aem.hr\/wp-content\/uploads\/2026\/02\/3.-Profesor-Zeljko-Marusic_-Volio-bih-vidjeti.pdf\" class=\"wp-block-file__button wp-element-button\" download aria-describedby=\"wp-block-file--media-d084835c-c2d3-4915-9636-39c00d402520\">Preuzimanje<\/a><\/div>\n\n\n\n<div class=\"wp-block-file\"><a id=\"wp-block-file--media-7b77b237-d688-4319-b8aa-738f739ea67f\" href=\"https:\/\/aem.hr\/wp-content\/uploads\/2026\/02\/4.-Od-inovatora-do-cuvara-_zlatnog-kovcega.pdf\">4. Od inovatora do \u010duvara _zlatnog kov\u010dega<\/a><a href=\"https:\/\/aem.hr\/wp-content\/uploads\/2026\/02\/4.-Od-inovatora-do-cuvara-_zlatnog-kovcega.pdf\" class=\"wp-block-file__button wp-element-button\" download aria-describedby=\"wp-block-file--media-7b77b237-d688-4319-b8aa-738f739ea67f\">Preuzimanje<\/a><\/div>\n\n\n\n<div class=\"wp-block-file\"><a id=\"wp-block-file--media-6538131f-9015-4aff-b0d8-d994b6114702\" href=\"https:\/\/aem.hr\/wp-content\/uploads\/2026\/02\/5.-Dario-Zurovec-odgovorio-na-pitanja.pdf\">5. Dario Zurovec odgovorio na pitanja<\/a><a href=\"https:\/\/aem.hr\/wp-content\/uploads\/2026\/02\/5.-Dario-Zurovec-odgovorio-na-pitanja.pdf\" class=\"wp-block-file__button wp-element-button\" download aria-describedby=\"wp-block-file--media-6538131f-9015-4aff-b0d8-d994b6114702\">Preuzimanje<\/a><\/div>\n\n\n\n<div class=\"wp-block-file\"><a id=\"wp-block-file--media-dcea3238-d04a-4f7c-b6cd-8b947d052b8e\" href=\"https:\/\/aem.hr\/wp-content\/uploads\/2026\/02\/6.-Plenkovic-poslao-poruku-Mati-Rimcu.pdf\">6. Plenkovi\u0107 poslao poruku Mati Rimcu<\/a><a href=\"https:\/\/aem.hr\/wp-content\/uploads\/2026\/02\/6.-Plenkovic-poslao-poruku-Mati-Rimcu.pdf\" class=\"wp-block-file__button wp-element-button\" download aria-describedby=\"wp-block-file--media-dcea3238-d04a-4f7c-b6cd-8b947d052b8e\">Preuzimanje<\/a><\/div>\n\n\n\n<div class=\"wp-block-file\"><a id=\"wp-block-file--media-2f28e994-6b5a-4921-bc61-476c9974db4e\" href=\"https:\/\/aem.hr\/wp-content\/uploads\/2026\/02\/7.-Kako-posluju-tvrtke-Mate-Rimca.pdf\">7. Kako posluju tvrtke Mate Rimca<\/a><a href=\"https:\/\/aem.hr\/wp-content\/uploads\/2026\/02\/7.-Kako-posluju-tvrtke-Mate-Rimca.pdf\" class=\"wp-block-file__button wp-element-button\" download aria-describedby=\"wp-block-file--media-2f28e994-6b5a-4921-bc61-476c9974db4e\">Preuzimanje<\/a><\/div>\n","protected":false},"excerpt":{"rendered":"","protected":false},"author":18,"featured_media":0,"parent":0,"menu_order":0,"comment_status":"closed","ping_status":"closed","template":"","meta":{"_acf_changed":false,"inline_featured_image":false,"advgb_blocks_editor_width":"","advgb_blocks_columns_visual_guide":"","_links_to":"","_links_to_type":0,"footnotes":""},"class_list":["post-24868","page","type-page","status-publish","hentry"],"acf":[],"yoast_head":"<!-- This site is optimized with the Yoast SEO plugin v25.7 - https:\/\/yoast.com\/wordpress\/plugins\/seo\/ -->\n<title>Dra\u017een \u0106uri\u0107 - Fenomen Mate Rimca: \u0160to je obe\u0107ao, a \u0161to je isporu\u010dio - Agencija za elektroni\u010dke medije<\/title>\n<meta name=\"robots\" content=\"index, follow, max-snippet:-1, max-image-preview:large, max-video-preview:-1\" \/>\n<link rel=\"canonical\" href=\"https:\/\/aem.hr\/drazen-curic-fenomen-mate-rimca-sto-je-obecao-a-sto-je-isporucio\/\" \/>\n<meta property=\"og:locale\" content=\"en_US\" \/>\n<meta property=\"og:type\" content=\"article\" \/>\n<meta property=\"og:title\" content=\"Dra\u017een \u0106uri\u0107 - Fenomen Mate Rimca: \u0160to je obe\u0107ao, a \u0161to je isporu\u010dio - Agencija za elektroni\u010dke medije\" \/>\n<meta property=\"og:url\" content=\"https:\/\/aem.hr\/drazen-curic-fenomen-mate-rimca-sto-je-obecao-a-sto-je-isporucio\/\" \/>\n<meta property=\"og:site_name\" content=\"Agencija za elektroni\u010dke medije\" \/>\n<meta property=\"article:modified_time\" content=\"2026-02-25T13:00:13+00:00\" \/>\n<meta name=\"twitter:card\" content=\"summary_large_image\" \/>\n<meta name=\"twitter:label1\" content=\"Est. reading time\" \/>\n\t<meta name=\"twitter:data1\" content=\"1 minute\" \/>\n<script type=\"application\/ld+json\" class=\"yoast-schema-graph\">{\"@context\":\"https:\/\/schema.org\",\"@graph\":[{\"@type\":\"WebPage\",\"@id\":\"https:\/\/aem.hr\/drazen-curic-fenomen-mate-rimca-sto-je-obecao-a-sto-je-isporucio\/\",\"url\":\"https:\/\/aem.hr\/drazen-curic-fenomen-mate-rimca-sto-je-obecao-a-sto-je-isporucio\/\",\"name\":\"Dra\u017een \u0106uri\u0107 - Fenomen Mate Rimca: \u0160to je obe\u0107ao, a \u0161to je isporu\u010dio - Agencija za elektroni\u010dke medije\",\"isPartOf\":{\"@id\":\"https:\/\/aem.hr\/#website\"},\"datePublished\":\"2026-02-25T13:00:12+00:00\",\"dateModified\":\"2026-02-25T13:00:13+00:00\",\"breadcrumb\":{\"@id\":\"https:\/\/aem.hr\/drazen-curic-fenomen-mate-rimca-sto-je-obecao-a-sto-je-isporucio\/#breadcrumb\"},\"inLanguage\":\"en-US\",\"potentialAction\":[{\"@type\":\"ReadAction\",\"target\":[\"https:\/\/aem.hr\/drazen-curic-fenomen-mate-rimca-sto-je-obecao-a-sto-je-isporucio\/\"]}]},{\"@type\":\"BreadcrumbList\",\"@id\":\"https:\/\/aem.hr\/drazen-curic-fenomen-mate-rimca-sto-je-obecao-a-sto-je-isporucio\/#breadcrumb\",\"itemListElement\":[{\"@type\":\"ListItem\",\"position\":1,\"name\":\"Po\u010detna stranica\",\"item\":\"https:\/\/aem.hr\/\"},{\"@type\":\"ListItem\",\"position\":2,\"name\":\"Dra\u017een \u0106uri\u0107 &#8211; Fenomen Mate Rimca: \u0160to je obe\u0107ao, a \u0161to je isporu\u010dio\"}]},{\"@type\":\"WebSite\",\"@id\":\"https:\/\/aem.hr\/#website\",\"url\":\"https:\/\/aem.hr\/\",\"name\":\"Agencija za elektroni\u010dke medije\",\"description\":\"\",\"potentialAction\":[{\"@type\":\"SearchAction\",\"target\":{\"@type\":\"EntryPoint\",\"urlTemplate\":\"https:\/\/aem.hr\/?s={search_term_string}\"},\"query-input\":{\"@type\":\"PropertyValueSpecification\",\"valueRequired\":true,\"valueName\":\"search_term_string\"}}],\"inLanguage\":\"en-US\"}]}<\/script>\n<!-- \/ Yoast SEO plugin. -->","yoast_head_json":{"title":"Dra\u017een \u0106uri\u0107 - Fenomen Mate Rimca: \u0160to je obe\u0107ao, a \u0161to je isporu\u010dio - Agencija za elektroni\u010dke medije","robots":{"index":"index","follow":"follow","max-snippet":"max-snippet:-1","max-image-preview":"max-image-preview:large","max-video-preview":"max-video-preview:-1"},"canonical":"https:\/\/aem.hr\/drazen-curic-fenomen-mate-rimca-sto-je-obecao-a-sto-je-isporucio\/","og_locale":"en_US","og_type":"article","og_title":"Dra\u017een \u0106uri\u0107 - Fenomen Mate Rimca: \u0160to je obe\u0107ao, a \u0161to je isporu\u010dio - Agencija za elektroni\u010dke medije","og_url":"https:\/\/aem.hr\/drazen-curic-fenomen-mate-rimca-sto-je-obecao-a-sto-je-isporucio\/","og_site_name":"Agencija za elektroni\u010dke medije","article_modified_time":"2026-02-25T13:00:13+00:00","twitter_card":"summary_large_image","twitter_misc":{"Est. reading time":"1 minute"},"schema":{"@context":"https:\/\/schema.org","@graph":[{"@type":"WebPage","@id":"https:\/\/aem.hr\/drazen-curic-fenomen-mate-rimca-sto-je-obecao-a-sto-je-isporucio\/","url":"https:\/\/aem.hr\/drazen-curic-fenomen-mate-rimca-sto-je-obecao-a-sto-je-isporucio\/","name":"Dra\u017een \u0106uri\u0107 - Fenomen Mate Rimca: \u0160to je obe\u0107ao, a \u0161to je isporu\u010dio - Agencija za elektroni\u010dke medije","isPartOf":{"@id":"https:\/\/aem.hr\/#website"},"datePublished":"2026-02-25T13:00:12+00:00","dateModified":"2026-02-25T13:00:13+00:00","breadcrumb":{"@id":"https:\/\/aem.hr\/drazen-curic-fenomen-mate-rimca-sto-je-obecao-a-sto-je-isporucio\/#breadcrumb"},"inLanguage":"en-US","potentialAction":[{"@type":"ReadAction","target":["https:\/\/aem.hr\/drazen-curic-fenomen-mate-rimca-sto-je-obecao-a-sto-je-isporucio\/"]}]},{"@type":"BreadcrumbList","@id":"https:\/\/aem.hr\/drazen-curic-fenomen-mate-rimca-sto-je-obecao-a-sto-je-isporucio\/#breadcrumb","itemListElement":[{"@type":"ListItem","position":1,"name":"Po\u010detna stranica","item":"https:\/\/aem.hr\/"},{"@type":"ListItem","position":2,"name":"Dra\u017een \u0106uri\u0107 &#8211; Fenomen Mate Rimca: \u0160to je obe\u0107ao, a \u0161to je isporu\u010dio"}]},{"@type":"WebSite","@id":"https:\/\/aem.hr\/#website","url":"https:\/\/aem.hr\/","name":"Agencija za elektroni\u010dke medije","description":"","potentialAction":[{"@type":"SearchAction","target":{"@type":"EntryPoint","urlTemplate":"https:\/\/aem.hr\/?s={search_term_string}"},"query-input":{"@type":"PropertyValueSpecification","valueRequired":true,"valueName":"search_term_string"}}],"inLanguage":"en-US"}]}},"coauthors":[],"author_meta":{"author_link":"https:\/\/aem.hr\/en\/blog\/author\/mkirac\/","display_name":"Matko Kirac"},"relative_dates":{"created":"Posted 2 months ago","modified":"Updated 2 months ago"},"absolute_dates":{"created":"Posted on 25. February 2026.","modified":"Updated on 25. February 2026."},"absolute_dates_time":{"created":"Posted on 25. February 2026. 14:00","modified":"Updated on 25. February 2026. 14:00"},"featured_img_caption":"","featured_img":false,"series_order":"","_links":{"self":[{"href":"https:\/\/aem.hr\/en\/wp-json\/wp\/v2\/pages\/24868","targetHints":{"allow":["GET"]}}],"collection":[{"href":"https:\/\/aem.hr\/en\/wp-json\/wp\/v2\/pages"}],"about":[{"href":"https:\/\/aem.hr\/en\/wp-json\/wp\/v2\/types\/page"}],"author":[{"embeddable":true,"href":"https:\/\/aem.hr\/en\/wp-json\/wp\/v2\/users\/18"}],"replies":[{"embeddable":true,"href":"https:\/\/aem.hr\/en\/wp-json\/wp\/v2\/comments?post=24868"}],"version-history":[{"count":1,"href":"https:\/\/aem.hr\/en\/wp-json\/wp\/v2\/pages\/24868\/revisions"}],"predecessor-version":[{"id":24883,"href":"https:\/\/aem.hr\/en\/wp-json\/wp\/v2\/pages\/24868\/revisions\/24883"}],"wp:attachment":[{"href":"https:\/\/aem.hr\/en\/wp-json\/wp\/v2\/media?parent=24868"}],"curies":[{"name":"wp","href":"https:\/\/api.w.org\/{rel}","templated":true}]}}