{"id":24886,"date":"2026-02-25T14:01:19","date_gmt":"2026-02-25T13:01:19","guid":{"rendered":"https:\/\/aem.hr\/?page_id=24886"},"modified":"2026-02-25T14:01:21","modified_gmt":"2026-02-25T13:01:21","slug":"tomislav-matijasic-transformacija-naivne-umjetnosti-moze-li-i-treba-li-premostiti-kist-i-staklo","status":"publish","type":"page","link":"https:\/\/aem.hr\/en\/tomislav-matijasic-transformacija-naivne-umjetnosti-moze-li-i-treba-li-premostiti-kist-i-staklo\/","title":{"rendered":"Tomislav Matija\u0161i\u0107 &#8211; Transformacija naivne umjetnosti &#8211; mo\u017ee li i treba li premostiti kist i staklo?"},"content":{"rendered":"\n<div class=\"wp-block-file\"><a id=\"wp-block-file--media-bb46ed8c-ce84-4c35-bbcd-30b825931622\" href=\"https:\/\/aem.hr\/wp-content\/uploads\/2026\/02\/1.-Opstanak-naive.pdf\">1. O(p)stanak naive<\/a><a href=\"https:\/\/aem.hr\/wp-content\/uploads\/2026\/02\/1.-Opstanak-naive.pdf\" class=\"wp-block-file__button wp-element-button\" download aria-describedby=\"wp-block-file--media-bb46ed8c-ce84-4c35-bbcd-30b825931622\">Preuzimanje<\/a><\/div>\n\n\n\n<div class=\"wp-block-file\"><a id=\"wp-block-file--media-b745efdd-4bed-4b3d-9259-de8e954b32ac\" href=\"https:\/\/aem.hr\/wp-content\/uploads\/2026\/02\/2.-U-korak-s-naivom.pdf\">2. U korak s naivom<\/a><a href=\"https:\/\/aem.hr\/wp-content\/uploads\/2026\/02\/2.-U-korak-s-naivom.pdf\" class=\"wp-block-file__button wp-element-button\" download aria-describedby=\"wp-block-file--media-b745efdd-4bed-4b3d-9259-de8e954b32ac\">Preuzimanje<\/a><\/div>\n\n\n\n<div class=\"wp-block-file\"><a id=\"wp-block-file--media-ee4751c0-d51f-4e26-97a1-5e5c7d3a4e6f\" href=\"https:\/\/aem.hr\/wp-content\/uploads\/2026\/02\/3.-Naiva-i-suvremena-umjetnost.pdf\">3. Naiva i suvremena umjetnost<\/a><a href=\"https:\/\/aem.hr\/wp-content\/uploads\/2026\/02\/3.-Naiva-i-suvremena-umjetnost.pdf\" class=\"wp-block-file__button wp-element-button\" download aria-describedby=\"wp-block-file--media-ee4751c0-d51f-4e26-97a1-5e5c7d3a4e6f\">Preuzimanje<\/a><\/div>\n\n\n\n<div class=\"wp-block-file\"><a id=\"wp-block-file--media-ecd5a049-c96e-4ecf-b208-6ad751969d83\" href=\"https:\/\/aem.hr\/wp-content\/uploads\/2026\/02\/4.-U-kolijevci-naive.pdf\">4. U kolijevci naive<\/a><a href=\"https:\/\/aem.hr\/wp-content\/uploads\/2026\/02\/4.-U-kolijevci-naive.pdf\" class=\"wp-block-file__button wp-element-button\" download aria-describedby=\"wp-block-file--media-ecd5a049-c96e-4ecf-b208-6ad751969d83\">Preuzimanje<\/a><\/div>\n\n\n\n<div class=\"wp-block-file\"><a id=\"wp-block-file--media-f037be49-082d-47de-8d13-7051806c331c\" href=\"https:\/\/aem.hr\/wp-content\/uploads\/2026\/02\/5.-Naiva-u-Facuku.pdf\">5. Naiva u Fa\u010duku<\/a><a href=\"https:\/\/aem.hr\/wp-content\/uploads\/2026\/02\/5.-Naiva-u-Facuku.pdf\" class=\"wp-block-file__button wp-element-button\" download aria-describedby=\"wp-block-file--media-f037be49-082d-47de-8d13-7051806c331c\">Preuzimanje<\/a><\/div>\n","protected":false},"excerpt":{"rendered":"","protected":false},"author":18,"featured_media":0,"parent":0,"menu_order":0,"comment_status":"closed","ping_status":"closed","template":"","meta":{"_acf_changed":false,"inline_featured_image":false,"advgb_blocks_editor_width":"","advgb_blocks_columns_visual_guide":"","_links_to":"","_links_to_type":0,"footnotes":""},"class_list":["post-24886","page","type-page","status-publish","hentry"],"acf":[],"yoast_head":"<!-- This site is optimized with the Yoast SEO plugin v25.7 - https:\/\/yoast.com\/wordpress\/plugins\/seo\/ -->\n<title>Tomislav Matija\u0161i\u0107 - Transformacija naivne umjetnosti - mo\u017ee li i treba li premostiti kist i staklo? - Agencija za elektroni\u010dke medije<\/title>\n<meta name=\"robots\" content=\"index, follow, max-snippet:-1, max-image-preview:large, max-video-preview:-1\" \/>\n<link rel=\"canonical\" href=\"https:\/\/aem.hr\/tomislav-matijasic-transformacija-naivne-umjetnosti-moze-li-i-treba-li-premostiti-kist-i-staklo\/\" \/>\n<meta property=\"og:locale\" content=\"en_US\" \/>\n<meta property=\"og:type\" content=\"article\" \/>\n<meta property=\"og:title\" content=\"Tomislav Matija\u0161i\u0107 - Transformacija naivne umjetnosti - mo\u017ee li i treba li premostiti kist i staklo? - Agencija za elektroni\u010dke medije\" \/>\n<meta property=\"og:url\" content=\"https:\/\/aem.hr\/tomislav-matijasic-transformacija-naivne-umjetnosti-moze-li-i-treba-li-premostiti-kist-i-staklo\/\" \/>\n<meta property=\"og:site_name\" content=\"Agencija za elektroni\u010dke medije\" \/>\n<meta property=\"article:modified_time\" content=\"2026-02-25T13:01:21+00:00\" \/>\n<meta name=\"twitter:card\" content=\"summary_large_image\" \/>\n<meta name=\"twitter:label1\" content=\"Est. reading time\" \/>\n\t<meta name=\"twitter:data1\" content=\"1 minute\" \/>\n<script type=\"application\/ld+json\" class=\"yoast-schema-graph\">{\"@context\":\"https:\/\/schema.org\",\"@graph\":[{\"@type\":\"WebPage\",\"@id\":\"https:\/\/aem.hr\/tomislav-matijasic-transformacija-naivne-umjetnosti-moze-li-i-treba-li-premostiti-kist-i-staklo\/\",\"url\":\"https:\/\/aem.hr\/tomislav-matijasic-transformacija-naivne-umjetnosti-moze-li-i-treba-li-premostiti-kist-i-staklo\/\",\"name\":\"Tomislav Matija\u0161i\u0107 - Transformacija naivne umjetnosti - mo\u017ee li i treba li premostiti kist i staklo? - Agencija za elektroni\u010dke medije\",\"isPartOf\":{\"@id\":\"https:\/\/aem.hr\/#website\"},\"datePublished\":\"2026-02-25T13:01:19+00:00\",\"dateModified\":\"2026-02-25T13:01:21+00:00\",\"breadcrumb\":{\"@id\":\"https:\/\/aem.hr\/tomislav-matijasic-transformacija-naivne-umjetnosti-moze-li-i-treba-li-premostiti-kist-i-staklo\/#breadcrumb\"},\"inLanguage\":\"en-US\",\"potentialAction\":[{\"@type\":\"ReadAction\",\"target\":[\"https:\/\/aem.hr\/tomislav-matijasic-transformacija-naivne-umjetnosti-moze-li-i-treba-li-premostiti-kist-i-staklo\/\"]}]},{\"@type\":\"BreadcrumbList\",\"@id\":\"https:\/\/aem.hr\/tomislav-matijasic-transformacija-naivne-umjetnosti-moze-li-i-treba-li-premostiti-kist-i-staklo\/#breadcrumb\",\"itemListElement\":[{\"@type\":\"ListItem\",\"position\":1,\"name\":\"Po\u010detna stranica\",\"item\":\"https:\/\/aem.hr\/\"},{\"@type\":\"ListItem\",\"position\":2,\"name\":\"Tomislav Matija\u0161i\u0107 &#8211; Transformacija naivne umjetnosti &#8211; mo\u017ee li i treba li premostiti kist i staklo?\"}]},{\"@type\":\"WebSite\",\"@id\":\"https:\/\/aem.hr\/#website\",\"url\":\"https:\/\/aem.hr\/\",\"name\":\"Agencija za elektroni\u010dke medije\",\"description\":\"\",\"potentialAction\":[{\"@type\":\"SearchAction\",\"target\":{\"@type\":\"EntryPoint\",\"urlTemplate\":\"https:\/\/aem.hr\/?s={search_term_string}\"},\"query-input\":{\"@type\":\"PropertyValueSpecification\",\"valueRequired\":true,\"valueName\":\"search_term_string\"}}],\"inLanguage\":\"en-US\"}]}<\/script>\n<!-- \/ Yoast SEO plugin. -->","yoast_head_json":{"title":"Tomislav Matija\u0161i\u0107 - Transformacija naivne umjetnosti - mo\u017ee li i treba li premostiti kist i staklo? - Agencija za elektroni\u010dke medije","robots":{"index":"index","follow":"follow","max-snippet":"max-snippet:-1","max-image-preview":"max-image-preview:large","max-video-preview":"max-video-preview:-1"},"canonical":"https:\/\/aem.hr\/tomislav-matijasic-transformacija-naivne-umjetnosti-moze-li-i-treba-li-premostiti-kist-i-staklo\/","og_locale":"en_US","og_type":"article","og_title":"Tomislav Matija\u0161i\u0107 - Transformacija naivne umjetnosti - mo\u017ee li i treba li premostiti kist i staklo? - Agencija za elektroni\u010dke medije","og_url":"https:\/\/aem.hr\/tomislav-matijasic-transformacija-naivne-umjetnosti-moze-li-i-treba-li-premostiti-kist-i-staklo\/","og_site_name":"Agencija za elektroni\u010dke medije","article_modified_time":"2026-02-25T13:01:21+00:00","twitter_card":"summary_large_image","twitter_misc":{"Est. reading time":"1 minute"},"schema":{"@context":"https:\/\/schema.org","@graph":[{"@type":"WebPage","@id":"https:\/\/aem.hr\/tomislav-matijasic-transformacija-naivne-umjetnosti-moze-li-i-treba-li-premostiti-kist-i-staklo\/","url":"https:\/\/aem.hr\/tomislav-matijasic-transformacija-naivne-umjetnosti-moze-li-i-treba-li-premostiti-kist-i-staklo\/","name":"Tomislav Matija\u0161i\u0107 - Transformacija naivne umjetnosti - mo\u017ee li i treba li premostiti kist i staklo? - Agencija za elektroni\u010dke medije","isPartOf":{"@id":"https:\/\/aem.hr\/#website"},"datePublished":"2026-02-25T13:01:19+00:00","dateModified":"2026-02-25T13:01:21+00:00","breadcrumb":{"@id":"https:\/\/aem.hr\/tomislav-matijasic-transformacija-naivne-umjetnosti-moze-li-i-treba-li-premostiti-kist-i-staklo\/#breadcrumb"},"inLanguage":"en-US","potentialAction":[{"@type":"ReadAction","target":["https:\/\/aem.hr\/tomislav-matijasic-transformacija-naivne-umjetnosti-moze-li-i-treba-li-premostiti-kist-i-staklo\/"]}]},{"@type":"BreadcrumbList","@id":"https:\/\/aem.hr\/tomislav-matijasic-transformacija-naivne-umjetnosti-moze-li-i-treba-li-premostiti-kist-i-staklo\/#breadcrumb","itemListElement":[{"@type":"ListItem","position":1,"name":"Po\u010detna stranica","item":"https:\/\/aem.hr\/"},{"@type":"ListItem","position":2,"name":"Tomislav Matija\u0161i\u0107 &#8211; Transformacija naivne umjetnosti &#8211; mo\u017ee li i treba li premostiti kist i staklo?"}]},{"@type":"WebSite","@id":"https:\/\/aem.hr\/#website","url":"https:\/\/aem.hr\/","name":"Agencija za elektroni\u010dke medije","description":"","potentialAction":[{"@type":"SearchAction","target":{"@type":"EntryPoint","urlTemplate":"https:\/\/aem.hr\/?s={search_term_string}"},"query-input":{"@type":"PropertyValueSpecification","valueRequired":true,"valueName":"search_term_string"}}],"inLanguage":"en-US"}]}},"coauthors":[],"author_meta":{"author_link":"https:\/\/aem.hr\/en\/blog\/author\/mkirac\/","display_name":"Matko Kirac"},"relative_dates":{"created":"Posted 2 months ago","modified":"Updated 2 months ago"},"absolute_dates":{"created":"Posted on 25. February 2026.","modified":"Updated on 25. February 2026."},"absolute_dates_time":{"created":"Posted on 25. February 2026. 14:01","modified":"Updated on 25. February 2026. 14:01"},"featured_img_caption":"","featured_img":false,"series_order":"","_links":{"self":[{"href":"https:\/\/aem.hr\/en\/wp-json\/wp\/v2\/pages\/24886","targetHints":{"allow":["GET"]}}],"collection":[{"href":"https:\/\/aem.hr\/en\/wp-json\/wp\/v2\/pages"}],"about":[{"href":"https:\/\/aem.hr\/en\/wp-json\/wp\/v2\/types\/page"}],"author":[{"embeddable":true,"href":"https:\/\/aem.hr\/en\/wp-json\/wp\/v2\/users\/18"}],"replies":[{"embeddable":true,"href":"https:\/\/aem.hr\/en\/wp-json\/wp\/v2\/comments?post=24886"}],"version-history":[{"count":1,"href":"https:\/\/aem.hr\/en\/wp-json\/wp\/v2\/pages\/24886\/revisions"}],"predecessor-version":[{"id":24898,"href":"https:\/\/aem.hr\/en\/wp-json\/wp\/v2\/pages\/24886\/revisions\/24898"}],"wp:attachment":[{"href":"https:\/\/aem.hr\/en\/wp-json\/wp\/v2\/media?parent=24886"}],"curies":[{"name":"wp","href":"https:\/\/api.w.org\/{rel}","templated":true}]}}