{"id":24900,"date":"2026-02-25T14:03:37","date_gmt":"2026-02-25T13:03:37","guid":{"rendered":"https:\/\/aem.hr\/?page_id=24900"},"modified":"2026-02-25T14:03:39","modified_gmt":"2026-02-25T13:03:39","slug":"budimir-sebecic-strani-radnici-u-varazdinskoj-zupaniji","status":"publish","type":"page","link":"https:\/\/aem.hr\/en\/budimir-sebecic-strani-radnici-u-varazdinskoj-zupaniji\/","title":{"rendered":"Budimir \u0160ebe\u010di\u0107 &#8211; STRANI RADNICI U VARA\u017dDINSKOJ \u017dUPANIJI"},"content":{"rendered":"\n<div class=\"wp-block-file\"><a id=\"wp-block-file--media-85bd048e-6b23-44f7-a2c2-8e8587bcd5ea\" href=\"https:\/\/aem.hr\/wp-content\/uploads\/2026\/02\/1.-Radne-migracije-od-Dudeka.pdf\">1. Radne migracije &#8211; od Dudeka<\/a><a href=\"https:\/\/aem.hr\/wp-content\/uploads\/2026\/02\/1.-Radne-migracije-od-Dudeka.pdf\" class=\"wp-block-file__button wp-element-button\" download aria-describedby=\"wp-block-file--media-85bd048e-6b23-44f7-a2c2-8e8587bcd5ea\">Preuzimanje<\/a><\/div>\n\n\n\n<div class=\"wp-block-file\"><a id=\"wp-block-file--media-07aeeced-a623-4379-8adf-55ae18c52c5f\" href=\"https:\/\/aem.hr\/wp-content\/uploads\/2026\/02\/2.-Strani-radnici-u-Hrvatskoj-i-varazdinskom-kraju.pdf\">2. Strani radnici u Hrvatskoj i vara\u017edinskom kraju<\/a><a href=\"https:\/\/aem.hr\/wp-content\/uploads\/2026\/02\/2.-Strani-radnici-u-Hrvatskoj-i-varazdinskom-kraju.pdf\" class=\"wp-block-file__button wp-element-button\" download aria-describedby=\"wp-block-file--media-07aeeced-a623-4379-8adf-55ae18c52c5f\">Preuzimanje<\/a><\/div>\n\n\n\n<div class=\"wp-block-file\"><a id=\"wp-block-file--media-54d2f685-6e17-469f-b852-d6546451f41f\" href=\"https:\/\/aem.hr\/wp-content\/uploads\/2026\/02\/3.-Strani-radnici-u-Varazdinu_-prilika-ili-izazov.pdf\">3. Strani radnici u Vara\u017edinu_ prilika ili izazov<\/a><a href=\"https:\/\/aem.hr\/wp-content\/uploads\/2026\/02\/3.-Strani-radnici-u-Varazdinu_-prilika-ili-izazov.pdf\" class=\"wp-block-file__button wp-element-button\" download aria-describedby=\"wp-block-file--media-54d2f685-6e17-469f-b852-d6546451f41f\">Preuzimanje<\/a><\/div>\n\n\n\n<div class=\"wp-block-file\"><a id=\"wp-block-file--media-86aa0cdb-04f7-40c4-bec2-49cb4f40deca\" href=\"https:\/\/aem.hr\/wp-content\/uploads\/2026\/02\/4.-Domaci_-radnici-o-svojim-kolegama.pdf\">4. Doma\u0107i_ radnici o svojim kolegama<\/a><a href=\"https:\/\/aem.hr\/wp-content\/uploads\/2026\/02\/4.-Domaci_-radnici-o-svojim-kolegama.pdf\" class=\"wp-block-file__button wp-element-button\" download aria-describedby=\"wp-block-file--media-86aa0cdb-04f7-40c4-bec2-49cb4f40deca\">Preuzimanje<\/a><\/div>\n\n\n\n<div class=\"wp-block-file\"><a id=\"wp-block-file--media-293c5f46-557d-4921-8f08-35d8aebe3b54\" href=\"https:\/\/aem.hr\/wp-content\/uploads\/2026\/02\/5.-Poznati-varazdinci-o-temi-stranih.pdf\">5. Poznati vara\u017edinci o temi stranih<\/a><a href=\"https:\/\/aem.hr\/wp-content\/uploads\/2026\/02\/5.-Poznati-varazdinci-o-temi-stranih.pdf\" class=\"wp-block-file__button wp-element-button\" download aria-describedby=\"wp-block-file--media-293c5f46-557d-4921-8f08-35d8aebe3b54\">Preuzimanje<\/a><\/div>\n\n\n\n<div class=\"wp-block-file\"><a id=\"wp-block-file--media-86863465-0f58-426e-930d-18be96bce0c8\" href=\"https:\/\/aem.hr\/wp-content\/uploads\/2026\/02\/6.-Strani-radnici-o-zivotu-u.pdf\">6. Strani radnici o \u017eivotu u<\/a><a href=\"https:\/\/aem.hr\/wp-content\/uploads\/2026\/02\/6.-Strani-radnici-o-zivotu-u.pdf\" class=\"wp-block-file__button wp-element-button\" download aria-describedby=\"wp-block-file--media-86863465-0f58-426e-930d-18be96bce0c8\">Preuzimanje<\/a><\/div>\n\n\n\n<div class=\"wp-block-file\"><a id=\"wp-block-file--media-47021065-31af-4b3b-850f-329f5e85b4b2\" href=\"https:\/\/aem.hr\/wp-content\/uploads\/2026\/02\/7.-Strani-radnici-u-varazdinskom-kraju.pdf\">7. Strani radnici u vara\u017edinskom kraju<\/a><a href=\"https:\/\/aem.hr\/wp-content\/uploads\/2026\/02\/7.-Strani-radnici-u-varazdinskom-kraju.pdf\" class=\"wp-block-file__button wp-element-button\" download aria-describedby=\"wp-block-file--media-47021065-31af-4b3b-850f-329f5e85b4b2\">Preuzimanje<\/a><\/div>\n","protected":false},"excerpt":{"rendered":"","protected":false},"author":18,"featured_media":0,"parent":0,"menu_order":0,"comment_status":"closed","ping_status":"closed","template":"","meta":{"_acf_changed":false,"inline_featured_image":false,"advgb_blocks_editor_width":"","advgb_blocks_columns_visual_guide":"","_links_to":"","_links_to_type":0,"footnotes":""},"class_list":["post-24900","page","type-page","status-publish","hentry"],"acf":[],"yoast_head":"<!-- This site is optimized with the Yoast SEO plugin v25.7 - https:\/\/yoast.com\/wordpress\/plugins\/seo\/ -->\n<title>Budimir \u0160ebe\u010di\u0107 - STRANI RADNICI U VARA\u017dDINSKOJ \u017dUPANIJI - Agencija za elektroni\u010dke medije<\/title>\n<meta name=\"robots\" content=\"index, follow, max-snippet:-1, max-image-preview:large, max-video-preview:-1\" \/>\n<link rel=\"canonical\" href=\"https:\/\/aem.hr\/budimir-sebecic-strani-radnici-u-varazdinskoj-zupaniji\/\" \/>\n<meta property=\"og:locale\" content=\"en_US\" \/>\n<meta property=\"og:type\" content=\"article\" \/>\n<meta property=\"og:title\" content=\"Budimir \u0160ebe\u010di\u0107 - STRANI RADNICI U VARA\u017dDINSKOJ \u017dUPANIJI - Agencija za elektroni\u010dke medije\" \/>\n<meta property=\"og:url\" content=\"https:\/\/aem.hr\/budimir-sebecic-strani-radnici-u-varazdinskoj-zupaniji\/\" \/>\n<meta property=\"og:site_name\" content=\"Agencija za elektroni\u010dke medije\" \/>\n<meta property=\"article:modified_time\" content=\"2026-02-25T13:03:39+00:00\" \/>\n<meta name=\"twitter:card\" content=\"summary_large_image\" \/>\n<meta name=\"twitter:label1\" content=\"Est. reading time\" \/>\n\t<meta name=\"twitter:data1\" content=\"1 minute\" \/>\n<script type=\"application\/ld+json\" class=\"yoast-schema-graph\">{\"@context\":\"https:\/\/schema.org\",\"@graph\":[{\"@type\":\"WebPage\",\"@id\":\"https:\/\/aem.hr\/budimir-sebecic-strani-radnici-u-varazdinskoj-zupaniji\/\",\"url\":\"https:\/\/aem.hr\/budimir-sebecic-strani-radnici-u-varazdinskoj-zupaniji\/\",\"name\":\"Budimir \u0160ebe\u010di\u0107 - STRANI RADNICI U VARA\u017dDINSKOJ \u017dUPANIJI - Agencija za elektroni\u010dke medije\",\"isPartOf\":{\"@id\":\"https:\/\/aem.hr\/#website\"},\"datePublished\":\"2026-02-25T13:03:37+00:00\",\"dateModified\":\"2026-02-25T13:03:39+00:00\",\"breadcrumb\":{\"@id\":\"https:\/\/aem.hr\/budimir-sebecic-strani-radnici-u-varazdinskoj-zupaniji\/#breadcrumb\"},\"inLanguage\":\"en-US\",\"potentialAction\":[{\"@type\":\"ReadAction\",\"target\":[\"https:\/\/aem.hr\/budimir-sebecic-strani-radnici-u-varazdinskoj-zupaniji\/\"]}]},{\"@type\":\"BreadcrumbList\",\"@id\":\"https:\/\/aem.hr\/budimir-sebecic-strani-radnici-u-varazdinskoj-zupaniji\/#breadcrumb\",\"itemListElement\":[{\"@type\":\"ListItem\",\"position\":1,\"name\":\"Po\u010detna stranica\",\"item\":\"https:\/\/aem.hr\/\"},{\"@type\":\"ListItem\",\"position\":2,\"name\":\"Budimir \u0160ebe\u010di\u0107 &#8211; STRANI RADNICI U VARA\u017dDINSKOJ \u017dUPANIJI\"}]},{\"@type\":\"WebSite\",\"@id\":\"https:\/\/aem.hr\/#website\",\"url\":\"https:\/\/aem.hr\/\",\"name\":\"Agencija za elektroni\u010dke medije\",\"description\":\"\",\"potentialAction\":[{\"@type\":\"SearchAction\",\"target\":{\"@type\":\"EntryPoint\",\"urlTemplate\":\"https:\/\/aem.hr\/?s={search_term_string}\"},\"query-input\":{\"@type\":\"PropertyValueSpecification\",\"valueRequired\":true,\"valueName\":\"search_term_string\"}}],\"inLanguage\":\"en-US\"}]}<\/script>\n<!-- \/ Yoast SEO plugin. -->","yoast_head_json":{"title":"Budimir \u0160ebe\u010di\u0107 - STRANI RADNICI U VARA\u017dDINSKOJ \u017dUPANIJI - Agencija za elektroni\u010dke medije","robots":{"index":"index","follow":"follow","max-snippet":"max-snippet:-1","max-image-preview":"max-image-preview:large","max-video-preview":"max-video-preview:-1"},"canonical":"https:\/\/aem.hr\/budimir-sebecic-strani-radnici-u-varazdinskoj-zupaniji\/","og_locale":"en_US","og_type":"article","og_title":"Budimir \u0160ebe\u010di\u0107 - STRANI RADNICI U VARA\u017dDINSKOJ \u017dUPANIJI - Agencija za elektroni\u010dke medije","og_url":"https:\/\/aem.hr\/budimir-sebecic-strani-radnici-u-varazdinskoj-zupaniji\/","og_site_name":"Agencija za elektroni\u010dke medije","article_modified_time":"2026-02-25T13:03:39+00:00","twitter_card":"summary_large_image","twitter_misc":{"Est. reading time":"1 minute"},"schema":{"@context":"https:\/\/schema.org","@graph":[{"@type":"WebPage","@id":"https:\/\/aem.hr\/budimir-sebecic-strani-radnici-u-varazdinskoj-zupaniji\/","url":"https:\/\/aem.hr\/budimir-sebecic-strani-radnici-u-varazdinskoj-zupaniji\/","name":"Budimir \u0160ebe\u010di\u0107 - STRANI RADNICI U VARA\u017dDINSKOJ \u017dUPANIJI - Agencija za elektroni\u010dke medije","isPartOf":{"@id":"https:\/\/aem.hr\/#website"},"datePublished":"2026-02-25T13:03:37+00:00","dateModified":"2026-02-25T13:03:39+00:00","breadcrumb":{"@id":"https:\/\/aem.hr\/budimir-sebecic-strani-radnici-u-varazdinskoj-zupaniji\/#breadcrumb"},"inLanguage":"en-US","potentialAction":[{"@type":"ReadAction","target":["https:\/\/aem.hr\/budimir-sebecic-strani-radnici-u-varazdinskoj-zupaniji\/"]}]},{"@type":"BreadcrumbList","@id":"https:\/\/aem.hr\/budimir-sebecic-strani-radnici-u-varazdinskoj-zupaniji\/#breadcrumb","itemListElement":[{"@type":"ListItem","position":1,"name":"Po\u010detna stranica","item":"https:\/\/aem.hr\/"},{"@type":"ListItem","position":2,"name":"Budimir \u0160ebe\u010di\u0107 &#8211; STRANI RADNICI U VARA\u017dDINSKOJ \u017dUPANIJI"}]},{"@type":"WebSite","@id":"https:\/\/aem.hr\/#website","url":"https:\/\/aem.hr\/","name":"Agencija za elektroni\u010dke medije","description":"","potentialAction":[{"@type":"SearchAction","target":{"@type":"EntryPoint","urlTemplate":"https:\/\/aem.hr\/?s={search_term_string}"},"query-input":{"@type":"PropertyValueSpecification","valueRequired":true,"valueName":"search_term_string"}}],"inLanguage":"en-US"}]}},"coauthors":[],"author_meta":{"author_link":"https:\/\/aem.hr\/en\/blog\/author\/mkirac\/","display_name":"Matko Kirac"},"relative_dates":{"created":"Posted 2 months ago","modified":"Updated 2 months ago"},"absolute_dates":{"created":"Posted on 25. February 2026.","modified":"Updated on 25. February 2026."},"absolute_dates_time":{"created":"Posted on 25. February 2026. 14:03","modified":"Updated on 25. February 2026. 14:03"},"featured_img_caption":"","featured_img":false,"series_order":"","_links":{"self":[{"href":"https:\/\/aem.hr\/en\/wp-json\/wp\/v2\/pages\/24900","targetHints":{"allow":["GET"]}}],"collection":[{"href":"https:\/\/aem.hr\/en\/wp-json\/wp\/v2\/pages"}],"about":[{"href":"https:\/\/aem.hr\/en\/wp-json\/wp\/v2\/types\/page"}],"author":[{"embeddable":true,"href":"https:\/\/aem.hr\/en\/wp-json\/wp\/v2\/users\/18"}],"replies":[{"embeddable":true,"href":"https:\/\/aem.hr\/en\/wp-json\/wp\/v2\/comments?post=24900"}],"version-history":[{"count":1,"href":"https:\/\/aem.hr\/en\/wp-json\/wp\/v2\/pages\/24900\/revisions"}],"predecessor-version":[{"id":24916,"href":"https:\/\/aem.hr\/en\/wp-json\/wp\/v2\/pages\/24900\/revisions\/24916"}],"wp:attachment":[{"href":"https:\/\/aem.hr\/en\/wp-json\/wp\/v2\/media?parent=24900"}],"curies":[{"name":"wp","href":"https:\/\/api.w.org\/{rel}","templated":true}]}}