{"id":24985,"date":"2026-03-24T13:11:27","date_gmt":"2026-03-24T12:11:27","guid":{"rendered":"https:\/\/aem.hr\/?page_id=24985"},"modified":"2026-03-24T13:11:28","modified_gmt":"2026-03-24T12:11:28","slug":"augustin-markota-pocivamo-li-zaista-u-miru-zdravstveni-eticki-i-pravni-aspekti-odnosa-prema-ljudskom-tijelu-nakon-smrti","status":"publish","type":"page","link":"https:\/\/aem.hr\/en\/augustin-markota-pocivamo-li-zaista-u-miru-zdravstveni-eticki-i-pravni-aspekti-odnosa-prema-ljudskom-tijelu-nakon-smrti\/","title":{"rendered":"Augustin Markota &#8211; Po\u010divamo li zaista u miru? Zdravstveni, eti\u010dki i pravni aspekti odnosa prema ljudskom tijelu nakon smrti"},"content":{"rendered":"\n<div class=\"wp-block-file\"><a id=\"wp-block-file--media-8f4c5fb5-53c0-468d-8cfd-8d805e1e490e\" href=\"https:\/\/aem.hr\/wp-content\/uploads\/2026\/03\/1.-Strucnjaci-kazu.pdf\">1. Stru\u010dnjaci ka\u017eu<\/a><a href=\"https:\/\/aem.hr\/wp-content\/uploads\/2026\/03\/1.-Strucnjaci-kazu.pdf\" class=\"wp-block-file__button wp-element-button\" download aria-describedby=\"wp-block-file--media-8f4c5fb5-53c0-468d-8cfd-8d805e1e490e\">Preuzimanje<\/a><\/div>\n\n\n\n<div class=\"wp-block-file\"><a id=\"wp-block-file--media-7e785431-1b8a-482f-9643-b222f4183e1e\" href=\"https:\/\/aem.hr\/wp-content\/uploads\/2026\/03\/2.-Don-Ante-Zderic.pdf\">2. Don Ante \u017dderi\u0107<\/a><a href=\"https:\/\/aem.hr\/wp-content\/uploads\/2026\/03\/2.-Don-Ante-Zderic.pdf\" class=\"wp-block-file__button wp-element-button\" download aria-describedby=\"wp-block-file--media-7e785431-1b8a-482f-9643-b222f4183e1e\">Preuzimanje<\/a><\/div>\n\n\n\n<div class=\"wp-block-file\"><a id=\"wp-block-file--media-d38a293e-2904-4825-bd3c-a543016e0bcf\" href=\"https:\/\/aem.hr\/wp-content\/uploads\/2026\/03\/3.-Manjak-obdukcija.pdf\">3. Manjak obdukcija<\/a><a href=\"https:\/\/aem.hr\/wp-content\/uploads\/2026\/03\/3.-Manjak-obdukcija.pdf\" class=\"wp-block-file__button wp-element-button\" download aria-describedby=\"wp-block-file--media-d38a293e-2904-4825-bd3c-a543016e0bcf\">Preuzimanje<\/a><\/div>\n\n\n\n<div class=\"wp-block-file\"><a id=\"wp-block-file--media-f03d23b8-dd24-4a06-9c19-b33b838516bc\" href=\"https:\/\/aem.hr\/wp-content\/uploads\/2026\/03\/4.-Povreda-mira-pokojnika.pdf\">4. Povreda mira pokojnika<\/a><a href=\"https:\/\/aem.hr\/wp-content\/uploads\/2026\/03\/4.-Povreda-mira-pokojnika.pdf\" class=\"wp-block-file__button wp-element-button\" download aria-describedby=\"wp-block-file--media-f03d23b8-dd24-4a06-9c19-b33b838516bc\">Preuzimanje<\/a><\/div>\n\n\n\n<div class=\"wp-block-file\"><a id=\"wp-block-file--media-b3b3b70d-6da7-4c0b-b36f-a012675c56f4\" href=\"https:\/\/aem.hr\/wp-content\/uploads\/2026\/03\/5.-Trend-kremiranja-u-Hrvatskoj-raste.pdf\">5. Trend kremiranja u Hrvatskoj raste<\/a><a href=\"https:\/\/aem.hr\/wp-content\/uploads\/2026\/03\/5.-Trend-kremiranja-u-Hrvatskoj-raste.pdf\" class=\"wp-block-file__button wp-element-button\" download aria-describedby=\"wp-block-file--media-b3b3b70d-6da7-4c0b-b36f-a012675c56f4\">Preuzimanje<\/a><\/div>\n\n\n\n<div class=\"wp-block-file\"><a id=\"wp-block-file--media-e11ea082-e853-47bf-82f1-ac111db70372\" href=\"https:\/\/aem.hr\/wp-content\/uploads\/2026\/03\/6.-Dr.-Toni-Lozancic.pdf\">6. Dr. Toni Lozan\u010di\u0107<\/a><a href=\"https:\/\/aem.hr\/wp-content\/uploads\/2026\/03\/6.-Dr.-Toni-Lozancic.pdf\" class=\"wp-block-file__button wp-element-button\" download aria-describedby=\"wp-block-file--media-e11ea082-e853-47bf-82f1-ac111db70372\">Preuzimanje<\/a><\/div>\n\n\n\n<div class=\"wp-block-file\"><a id=\"wp-block-file--media-9e9c31b6-d822-4fb8-9a74-8951ae052899\" href=\"https:\/\/aem.hr\/wp-content\/uploads\/2026\/03\/7.-Prof.-dr.-sc.-Ivica-Grkovic.pdf\">7. Prof. dr. sc. Ivica Grkovi\u0107<\/a><a href=\"https:\/\/aem.hr\/wp-content\/uploads\/2026\/03\/7.-Prof.-dr.-sc.-Ivica-Grkovic.pdf\" class=\"wp-block-file__button wp-element-button\" download aria-describedby=\"wp-block-file--media-9e9c31b6-d822-4fb8-9a74-8951ae052899\">Preuzimanje<\/a><\/div>\n","protected":false},"excerpt":{"rendered":"","protected":false},"author":18,"featured_media":0,"parent":0,"menu_order":0,"comment_status":"closed","ping_status":"closed","template":"","meta":{"_acf_changed":false,"inline_featured_image":false,"advgb_blocks_editor_width":"","advgb_blocks_columns_visual_guide":"","_links_to":"","_links_to_type":0,"footnotes":""},"class_list":["post-24985","page","type-page","status-publish","hentry"],"acf":[],"yoast_head":"<!-- This site is optimized with the Yoast SEO plugin v25.7 - https:\/\/yoast.com\/wordpress\/plugins\/seo\/ -->\n<title>Augustin Markota - Po\u010divamo li zaista u miru? Zdravstveni, eti\u010dki i pravni aspekti odnosa prema ljudskom tijelu nakon smrti - Agencija za elektroni\u010dke medije<\/title>\n<meta name=\"robots\" content=\"index, follow, max-snippet:-1, max-image-preview:large, max-video-preview:-1\" \/>\n<link rel=\"canonical\" href=\"https:\/\/aem.hr\/augustin-markota-pocivamo-li-zaista-u-miru-zdravstveni-eticki-i-pravni-aspekti-odnosa-prema-ljudskom-tijelu-nakon-smrti\/\" \/>\n<meta property=\"og:locale\" content=\"en_US\" \/>\n<meta property=\"og:type\" content=\"article\" \/>\n<meta property=\"og:title\" content=\"Augustin Markota - Po\u010divamo li zaista u miru? Zdravstveni, eti\u010dki i pravni aspekti odnosa prema ljudskom tijelu nakon smrti - Agencija za elektroni\u010dke medije\" \/>\n<meta property=\"og:url\" content=\"https:\/\/aem.hr\/augustin-markota-pocivamo-li-zaista-u-miru-zdravstveni-eticki-i-pravni-aspekti-odnosa-prema-ljudskom-tijelu-nakon-smrti\/\" \/>\n<meta property=\"og:site_name\" content=\"Agencija za elektroni\u010dke medije\" \/>\n<meta property=\"article:modified_time\" content=\"2026-03-24T12:11:28+00:00\" \/>\n<meta name=\"twitter:card\" content=\"summary_large_image\" \/>\n<meta name=\"twitter:label1\" content=\"Est. reading time\" \/>\n\t<meta name=\"twitter:data1\" content=\"1 minute\" \/>\n<script type=\"application\/ld+json\" class=\"yoast-schema-graph\">{\"@context\":\"https:\/\/schema.org\",\"@graph\":[{\"@type\":\"WebPage\",\"@id\":\"https:\/\/aem.hr\/augustin-markota-pocivamo-li-zaista-u-miru-zdravstveni-eticki-i-pravni-aspekti-odnosa-prema-ljudskom-tijelu-nakon-smrti\/\",\"url\":\"https:\/\/aem.hr\/augustin-markota-pocivamo-li-zaista-u-miru-zdravstveni-eticki-i-pravni-aspekti-odnosa-prema-ljudskom-tijelu-nakon-smrti\/\",\"name\":\"Augustin Markota - Po\u010divamo li zaista u miru? Zdravstveni, eti\u010dki i pravni aspekti odnosa prema ljudskom tijelu nakon smrti - Agencija za elektroni\u010dke medije\",\"isPartOf\":{\"@id\":\"https:\/\/aem.hr\/#website\"},\"datePublished\":\"2026-03-24T12:11:27+00:00\",\"dateModified\":\"2026-03-24T12:11:28+00:00\",\"breadcrumb\":{\"@id\":\"https:\/\/aem.hr\/augustin-markota-pocivamo-li-zaista-u-miru-zdravstveni-eticki-i-pravni-aspekti-odnosa-prema-ljudskom-tijelu-nakon-smrti\/#breadcrumb\"},\"inLanguage\":\"en-US\",\"potentialAction\":[{\"@type\":\"ReadAction\",\"target\":[\"https:\/\/aem.hr\/augustin-markota-pocivamo-li-zaista-u-miru-zdravstveni-eticki-i-pravni-aspekti-odnosa-prema-ljudskom-tijelu-nakon-smrti\/\"]}]},{\"@type\":\"BreadcrumbList\",\"@id\":\"https:\/\/aem.hr\/augustin-markota-pocivamo-li-zaista-u-miru-zdravstveni-eticki-i-pravni-aspekti-odnosa-prema-ljudskom-tijelu-nakon-smrti\/#breadcrumb\",\"itemListElement\":[{\"@type\":\"ListItem\",\"position\":1,\"name\":\"Po\u010detna stranica\",\"item\":\"https:\/\/aem.hr\/\"},{\"@type\":\"ListItem\",\"position\":2,\"name\":\"Augustin Markota &#8211; Po\u010divamo li zaista u miru? Zdravstveni, eti\u010dki i pravni aspekti odnosa prema ljudskom tijelu nakon smrti\"}]},{\"@type\":\"WebSite\",\"@id\":\"https:\/\/aem.hr\/#website\",\"url\":\"https:\/\/aem.hr\/\",\"name\":\"Agencija za elektroni\u010dke medije\",\"description\":\"\",\"potentialAction\":[{\"@type\":\"SearchAction\",\"target\":{\"@type\":\"EntryPoint\",\"urlTemplate\":\"https:\/\/aem.hr\/?s={search_term_string}\"},\"query-input\":{\"@type\":\"PropertyValueSpecification\",\"valueRequired\":true,\"valueName\":\"search_term_string\"}}],\"inLanguage\":\"en-US\"}]}<\/script>\n<!-- \/ Yoast SEO plugin. -->","yoast_head_json":{"title":"Augustin Markota - Po\u010divamo li zaista u miru? Zdravstveni, eti\u010dki i pravni aspekti odnosa prema ljudskom tijelu nakon smrti - Agencija za elektroni\u010dke medije","robots":{"index":"index","follow":"follow","max-snippet":"max-snippet:-1","max-image-preview":"max-image-preview:large","max-video-preview":"max-video-preview:-1"},"canonical":"https:\/\/aem.hr\/augustin-markota-pocivamo-li-zaista-u-miru-zdravstveni-eticki-i-pravni-aspekti-odnosa-prema-ljudskom-tijelu-nakon-smrti\/","og_locale":"en_US","og_type":"article","og_title":"Augustin Markota - Po\u010divamo li zaista u miru? Zdravstveni, eti\u010dki i pravni aspekti odnosa prema ljudskom tijelu nakon smrti - Agencija za elektroni\u010dke medije","og_url":"https:\/\/aem.hr\/augustin-markota-pocivamo-li-zaista-u-miru-zdravstveni-eticki-i-pravni-aspekti-odnosa-prema-ljudskom-tijelu-nakon-smrti\/","og_site_name":"Agencija za elektroni\u010dke medije","article_modified_time":"2026-03-24T12:11:28+00:00","twitter_card":"summary_large_image","twitter_misc":{"Est. reading time":"1 minute"},"schema":{"@context":"https:\/\/schema.org","@graph":[{"@type":"WebPage","@id":"https:\/\/aem.hr\/augustin-markota-pocivamo-li-zaista-u-miru-zdravstveni-eticki-i-pravni-aspekti-odnosa-prema-ljudskom-tijelu-nakon-smrti\/","url":"https:\/\/aem.hr\/augustin-markota-pocivamo-li-zaista-u-miru-zdravstveni-eticki-i-pravni-aspekti-odnosa-prema-ljudskom-tijelu-nakon-smrti\/","name":"Augustin Markota - Po\u010divamo li zaista u miru? Zdravstveni, eti\u010dki i pravni aspekti odnosa prema ljudskom tijelu nakon smrti - Agencija za elektroni\u010dke medije","isPartOf":{"@id":"https:\/\/aem.hr\/#website"},"datePublished":"2026-03-24T12:11:27+00:00","dateModified":"2026-03-24T12:11:28+00:00","breadcrumb":{"@id":"https:\/\/aem.hr\/augustin-markota-pocivamo-li-zaista-u-miru-zdravstveni-eticki-i-pravni-aspekti-odnosa-prema-ljudskom-tijelu-nakon-smrti\/#breadcrumb"},"inLanguage":"en-US","potentialAction":[{"@type":"ReadAction","target":["https:\/\/aem.hr\/augustin-markota-pocivamo-li-zaista-u-miru-zdravstveni-eticki-i-pravni-aspekti-odnosa-prema-ljudskom-tijelu-nakon-smrti\/"]}]},{"@type":"BreadcrumbList","@id":"https:\/\/aem.hr\/augustin-markota-pocivamo-li-zaista-u-miru-zdravstveni-eticki-i-pravni-aspekti-odnosa-prema-ljudskom-tijelu-nakon-smrti\/#breadcrumb","itemListElement":[{"@type":"ListItem","position":1,"name":"Po\u010detna stranica","item":"https:\/\/aem.hr\/"},{"@type":"ListItem","position":2,"name":"Augustin Markota &#8211; Po\u010divamo li zaista u miru? Zdravstveni, eti\u010dki i pravni aspekti odnosa prema ljudskom tijelu nakon smrti"}]},{"@type":"WebSite","@id":"https:\/\/aem.hr\/#website","url":"https:\/\/aem.hr\/","name":"Agencija za elektroni\u010dke medije","description":"","potentialAction":[{"@type":"SearchAction","target":{"@type":"EntryPoint","urlTemplate":"https:\/\/aem.hr\/?s={search_term_string}"},"query-input":{"@type":"PropertyValueSpecification","valueRequired":true,"valueName":"search_term_string"}}],"inLanguage":"en-US"}]}},"coauthors":[],"author_meta":{"author_link":"https:\/\/aem.hr\/en\/blog\/author\/mkirac\/","display_name":"Matko Kirac"},"relative_dates":{"created":"Posted 3 weeks ago","modified":"Updated 3 weeks ago"},"absolute_dates":{"created":"Posted on 24. March 2026.","modified":"Updated on 24. March 2026."},"absolute_dates_time":{"created":"Posted on 24. March 2026. 13:11","modified":"Updated on 24. March 2026. 13:11"},"featured_img_caption":"","featured_img":false,"series_order":"","_links":{"self":[{"href":"https:\/\/aem.hr\/en\/wp-json\/wp\/v2\/pages\/24985","targetHints":{"allow":["GET"]}}],"collection":[{"href":"https:\/\/aem.hr\/en\/wp-json\/wp\/v2\/pages"}],"about":[{"href":"https:\/\/aem.hr\/en\/wp-json\/wp\/v2\/types\/page"}],"author":[{"embeddable":true,"href":"https:\/\/aem.hr\/en\/wp-json\/wp\/v2\/users\/18"}],"replies":[{"embeddable":true,"href":"https:\/\/aem.hr\/en\/wp-json\/wp\/v2\/comments?post=24985"}],"version-history":[{"count":1,"href":"https:\/\/aem.hr\/en\/wp-json\/wp\/v2\/pages\/24985\/revisions"}],"predecessor-version":[{"id":25001,"href":"https:\/\/aem.hr\/en\/wp-json\/wp\/v2\/pages\/24985\/revisions\/25001"}],"wp:attachment":[{"href":"https:\/\/aem.hr\/en\/wp-json\/wp\/v2\/media?parent=24985"}],"curies":[{"name":"wp","href":"https:\/\/api.w.org\/{rel}","templated":true}]}}