{"id":25003,"date":"2026-03-24T13:13:39","date_gmt":"2026-03-24T12:13:39","guid":{"rendered":"https:\/\/aem.hr\/?page_id=25003"},"modified":"2026-03-24T13:13:40","modified_gmt":"2026-03-24T12:13:40","slug":"ivona-smolcic-predodzbe-o-kralju-tomislavu-u-hrvatskoj-umjetnosti","status":"publish","type":"page","link":"https:\/\/aem.hr\/en\/ivona-smolcic-predodzbe-o-kralju-tomislavu-u-hrvatskoj-umjetnosti\/","title":{"rendered":"Ivona Smol\u010di\u0107 &#8211; Predod\u017ebe o kralju Tomislavu u hrvatskoj umjetnosti"},"content":{"rendered":"\n<div class=\"wp-block-file\"><a id=\"wp-block-file--media-dda5d4b6-302b-4f30-bc63-da4e34e32e68\" href=\"https:\/\/aem.hr\/wp-content\/uploads\/2026\/03\/1.Kralj-Tomislav.pdf\">1.Kralj Tomislav<\/a><a href=\"https:\/\/aem.hr\/wp-content\/uploads\/2026\/03\/1.Kralj-Tomislav.pdf\" class=\"wp-block-file__button wp-element-button\" download aria-describedby=\"wp-block-file--media-dda5d4b6-302b-4f30-bc63-da4e34e32e68\">Preuzimanje<\/a><\/div>\n\n\n\n<div class=\"wp-block-file\"><a id=\"wp-block-file--media-5f1806fc-49f2-419b-a694-acce8582b023\" href=\"https:\/\/aem.hr\/wp-content\/uploads\/2026\/03\/2.-konjanicki-prikaz.pdf\">2. konjani\u010dki prikaz<\/a><a href=\"https:\/\/aem.hr\/wp-content\/uploads\/2026\/03\/2.-konjanicki-prikaz.pdf\" class=\"wp-block-file__button wp-element-button\" download aria-describedby=\"wp-block-file--media-5f1806fc-49f2-419b-a694-acce8582b023\">Preuzimanje<\/a><\/div>\n\n\n\n<div class=\"wp-block-file\"><a id=\"wp-block-file--media-7cac5969-3035-4ad8-90d4-d2cf1277e24d\" href=\"https:\/\/aem.hr\/wp-content\/uploads\/2026\/03\/3.-Roman-Prvi-kralj.pdf\">3. Roman Prvi kralj<\/a><a href=\"https:\/\/aem.hr\/wp-content\/uploads\/2026\/03\/3.-Roman-Prvi-kralj.pdf\" class=\"wp-block-file__button wp-element-button\" download aria-describedby=\"wp-block-file--media-7cac5969-3035-4ad8-90d4-d2cf1277e24d\">Preuzimanje<\/a><\/div>\n\n\n\n<div class=\"wp-block-file\"><a id=\"wp-block-file--media-e14e93af-916f-40d5-a3b3-fec77aa2b7be\" href=\"https:\/\/aem.hr\/wp-content\/uploads\/2026\/03\/4.-Glazbeno-scenska-legenda.pdf\">4. Glazbeno-scenska legenda<\/a><a href=\"https:\/\/aem.hr\/wp-content\/uploads\/2026\/03\/4.-Glazbeno-scenska-legenda.pdf\" class=\"wp-block-file__button wp-element-button\" download aria-describedby=\"wp-block-file--media-e14e93af-916f-40d5-a3b3-fec77aa2b7be\">Preuzimanje<\/a><\/div>\n\n\n\n<div class=\"wp-block-file\"><a id=\"wp-block-file--media-9d8f1767-d107-48be-95e6-fa1a9d57bc4f\" href=\"https:\/\/aem.hr\/wp-content\/uploads\/2026\/03\/5.-Faksimilno-izdanje-drame.pdf\">5. Faksimilno izdanje drame<\/a><a href=\"https:\/\/aem.hr\/wp-content\/uploads\/2026\/03\/5.-Faksimilno-izdanje-drame.pdf\" class=\"wp-block-file__button wp-element-button\" download aria-describedby=\"wp-block-file--media-9d8f1767-d107-48be-95e6-fa1a9d57bc4f\">Preuzimanje<\/a><\/div>\n\n\n\n<div class=\"wp-block-file\"><a id=\"wp-block-file--media-ef7bb7c2-3363-4372-a2de-047a0fa34c8f\" href=\"https:\/\/aem.hr\/wp-content\/uploads\/2026\/03\/6.-Izlozba-Duvno-polje.pdf\">6. Izlo\u017eba Duvno polje<\/a><a href=\"https:\/\/aem.hr\/wp-content\/uploads\/2026\/03\/6.-Izlozba-Duvno-polje.pdf\" class=\"wp-block-file__button wp-element-button\" download aria-describedby=\"wp-block-file--media-ef7bb7c2-3363-4372-a2de-047a0fa34c8f\">Preuzimanje<\/a><\/div>\n\n\n\n<div class=\"wp-block-file\"><a id=\"wp-block-file--media-9265c3e9-b32b-4a8f-871f-7c8642eb7b86\" href=\"https:\/\/aem.hr\/wp-content\/uploads\/2026\/03\/7.-Hrvoje-Hitrec.pdf\">7. Hrvoje Hitrec<\/a><a href=\"https:\/\/aem.hr\/wp-content\/uploads\/2026\/03\/7.-Hrvoje-Hitrec.pdf\" class=\"wp-block-file__button wp-element-button\" download aria-describedby=\"wp-block-file--media-9265c3e9-b32b-4a8f-871f-7c8642eb7b86\">Preuzimanje<\/a><\/div>\n\n\n\n<div class=\"wp-block-file\"><a id=\"wp-block-file--media-11a81ae9-8847-4712-8ca3-c508e0144719\" href=\"https:\/\/aem.hr\/wp-content\/uploads\/2026\/03\/8.-Sulicev-ep-o-kralju-Tomislavu.pdf\">8. Suli\u0107ev ep o kralju Tomislavu<\/a><a href=\"https:\/\/aem.hr\/wp-content\/uploads\/2026\/03\/8.-Sulicev-ep-o-kralju-Tomislavu.pdf\" class=\"wp-block-file__button wp-element-button\" download aria-describedby=\"wp-block-file--media-11a81ae9-8847-4712-8ca3-c508e0144719\">Preuzimanje<\/a><\/div>\n\n\n\n<div class=\"wp-block-file\"><a id=\"wp-block-file--media-964abeb2-9e99-441a-950d-deb063d4f706\" href=\"https:\/\/aem.hr\/wp-content\/uploads\/2026\/03\/9.-Autor-prve-hrvatske.pdf\">9. Autor prve hrvatske<\/a><a href=\"https:\/\/aem.hr\/wp-content\/uploads\/2026\/03\/9.-Autor-prve-hrvatske.pdf\" class=\"wp-block-file__button wp-element-button\" download aria-describedby=\"wp-block-file--media-964abeb2-9e99-441a-950d-deb063d4f706\">Preuzimanje<\/a><\/div>\n\n\n\n<div class=\"wp-block-file\"><a id=\"wp-block-file--media-2b0cdd7d-0266-4f2a-847d-224573b0a100\" href=\"https:\/\/aem.hr\/wp-content\/uploads\/2026\/03\/10.-Kralj-Tomislav-na-filmskom-platnu.pdf\">10. Kralj Tomislav na filmskom platnu<\/a><a href=\"https:\/\/aem.hr\/wp-content\/uploads\/2026\/03\/10.-Kralj-Tomislav-na-filmskom-platnu.pdf\" class=\"wp-block-file__button wp-element-button\" download aria-describedby=\"wp-block-file--media-2b0cdd7d-0266-4f2a-847d-224573b0a100\">Preuzimanje<\/a><\/div>\n","protected":false},"excerpt":{"rendered":"","protected":false},"author":18,"featured_media":0,"parent":0,"menu_order":0,"comment_status":"closed","ping_status":"closed","template":"","meta":{"_acf_changed":false,"inline_featured_image":false,"advgb_blocks_editor_width":"","advgb_blocks_columns_visual_guide":"","_links_to":"","_links_to_type":0,"footnotes":""},"class_list":["post-25003","page","type-page","status-publish","hentry"],"acf":[],"yoast_head":"<!-- This site is optimized with the Yoast SEO plugin v25.7 - https:\/\/yoast.com\/wordpress\/plugins\/seo\/ -->\n<title>Ivona Smol\u010di\u0107 - Predod\u017ebe o kralju Tomislavu u hrvatskoj umjetnosti - Agencija za elektroni\u010dke medije<\/title>\n<meta name=\"robots\" content=\"index, follow, max-snippet:-1, max-image-preview:large, max-video-preview:-1\" \/>\n<link rel=\"canonical\" href=\"https:\/\/aem.hr\/ivona-smolcic-predodzbe-o-kralju-tomislavu-u-hrvatskoj-umjetnosti\/\" \/>\n<meta property=\"og:locale\" content=\"en_US\" \/>\n<meta property=\"og:type\" content=\"article\" \/>\n<meta property=\"og:title\" content=\"Ivona Smol\u010di\u0107 - Predod\u017ebe o kralju Tomislavu u hrvatskoj umjetnosti - Agencija za elektroni\u010dke medije\" \/>\n<meta property=\"og:url\" content=\"https:\/\/aem.hr\/ivona-smolcic-predodzbe-o-kralju-tomislavu-u-hrvatskoj-umjetnosti\/\" \/>\n<meta property=\"og:site_name\" content=\"Agencija za elektroni\u010dke medije\" \/>\n<meta property=\"article:modified_time\" content=\"2026-03-24T12:13:40+00:00\" \/>\n<meta name=\"twitter:card\" content=\"summary_large_image\" \/>\n<meta name=\"twitter:label1\" content=\"Est. reading time\" \/>\n\t<meta name=\"twitter:data1\" content=\"1 minute\" \/>\n<script type=\"application\/ld+json\" class=\"yoast-schema-graph\">{\"@context\":\"https:\/\/schema.org\",\"@graph\":[{\"@type\":\"WebPage\",\"@id\":\"https:\/\/aem.hr\/ivona-smolcic-predodzbe-o-kralju-tomislavu-u-hrvatskoj-umjetnosti\/\",\"url\":\"https:\/\/aem.hr\/ivona-smolcic-predodzbe-o-kralju-tomislavu-u-hrvatskoj-umjetnosti\/\",\"name\":\"Ivona Smol\u010di\u0107 - Predod\u017ebe o kralju Tomislavu u hrvatskoj umjetnosti - Agencija za elektroni\u010dke medije\",\"isPartOf\":{\"@id\":\"https:\/\/aem.hr\/#website\"},\"datePublished\":\"2026-03-24T12:13:39+00:00\",\"dateModified\":\"2026-03-24T12:13:40+00:00\",\"breadcrumb\":{\"@id\":\"https:\/\/aem.hr\/ivona-smolcic-predodzbe-o-kralju-tomislavu-u-hrvatskoj-umjetnosti\/#breadcrumb\"},\"inLanguage\":\"en-US\",\"potentialAction\":[{\"@type\":\"ReadAction\",\"target\":[\"https:\/\/aem.hr\/ivona-smolcic-predodzbe-o-kralju-tomislavu-u-hrvatskoj-umjetnosti\/\"]}]},{\"@type\":\"BreadcrumbList\",\"@id\":\"https:\/\/aem.hr\/ivona-smolcic-predodzbe-o-kralju-tomislavu-u-hrvatskoj-umjetnosti\/#breadcrumb\",\"itemListElement\":[{\"@type\":\"ListItem\",\"position\":1,\"name\":\"Po\u010detna stranica\",\"item\":\"https:\/\/aem.hr\/\"},{\"@type\":\"ListItem\",\"position\":2,\"name\":\"Ivona Smol\u010di\u0107 &#8211; Predod\u017ebe o kralju Tomislavu u hrvatskoj umjetnosti\"}]},{\"@type\":\"WebSite\",\"@id\":\"https:\/\/aem.hr\/#website\",\"url\":\"https:\/\/aem.hr\/\",\"name\":\"Agencija za elektroni\u010dke medije\",\"description\":\"\",\"potentialAction\":[{\"@type\":\"SearchAction\",\"target\":{\"@type\":\"EntryPoint\",\"urlTemplate\":\"https:\/\/aem.hr\/?s={search_term_string}\"},\"query-input\":{\"@type\":\"PropertyValueSpecification\",\"valueRequired\":true,\"valueName\":\"search_term_string\"}}],\"inLanguage\":\"en-US\"}]}<\/script>\n<!-- \/ Yoast SEO plugin. -->","yoast_head_json":{"title":"Ivona Smol\u010di\u0107 - Predod\u017ebe o kralju Tomislavu u hrvatskoj umjetnosti - Agencija za elektroni\u010dke medije","robots":{"index":"index","follow":"follow","max-snippet":"max-snippet:-1","max-image-preview":"max-image-preview:large","max-video-preview":"max-video-preview:-1"},"canonical":"https:\/\/aem.hr\/ivona-smolcic-predodzbe-o-kralju-tomislavu-u-hrvatskoj-umjetnosti\/","og_locale":"en_US","og_type":"article","og_title":"Ivona Smol\u010di\u0107 - Predod\u017ebe o kralju Tomislavu u hrvatskoj umjetnosti - Agencija za elektroni\u010dke medije","og_url":"https:\/\/aem.hr\/ivona-smolcic-predodzbe-o-kralju-tomislavu-u-hrvatskoj-umjetnosti\/","og_site_name":"Agencija za elektroni\u010dke medije","article_modified_time":"2026-03-24T12:13:40+00:00","twitter_card":"summary_large_image","twitter_misc":{"Est. reading time":"1 minute"},"schema":{"@context":"https:\/\/schema.org","@graph":[{"@type":"WebPage","@id":"https:\/\/aem.hr\/ivona-smolcic-predodzbe-o-kralju-tomislavu-u-hrvatskoj-umjetnosti\/","url":"https:\/\/aem.hr\/ivona-smolcic-predodzbe-o-kralju-tomislavu-u-hrvatskoj-umjetnosti\/","name":"Ivona Smol\u010di\u0107 - Predod\u017ebe o kralju Tomislavu u hrvatskoj umjetnosti - Agencija za elektroni\u010dke medije","isPartOf":{"@id":"https:\/\/aem.hr\/#website"},"datePublished":"2026-03-24T12:13:39+00:00","dateModified":"2026-03-24T12:13:40+00:00","breadcrumb":{"@id":"https:\/\/aem.hr\/ivona-smolcic-predodzbe-o-kralju-tomislavu-u-hrvatskoj-umjetnosti\/#breadcrumb"},"inLanguage":"en-US","potentialAction":[{"@type":"ReadAction","target":["https:\/\/aem.hr\/ivona-smolcic-predodzbe-o-kralju-tomislavu-u-hrvatskoj-umjetnosti\/"]}]},{"@type":"BreadcrumbList","@id":"https:\/\/aem.hr\/ivona-smolcic-predodzbe-o-kralju-tomislavu-u-hrvatskoj-umjetnosti\/#breadcrumb","itemListElement":[{"@type":"ListItem","position":1,"name":"Po\u010detna stranica","item":"https:\/\/aem.hr\/"},{"@type":"ListItem","position":2,"name":"Ivona Smol\u010di\u0107 &#8211; Predod\u017ebe o kralju Tomislavu u hrvatskoj umjetnosti"}]},{"@type":"WebSite","@id":"https:\/\/aem.hr\/#website","url":"https:\/\/aem.hr\/","name":"Agencija za elektroni\u010dke medije","description":"","potentialAction":[{"@type":"SearchAction","target":{"@type":"EntryPoint","urlTemplate":"https:\/\/aem.hr\/?s={search_term_string}"},"query-input":{"@type":"PropertyValueSpecification","valueRequired":true,"valueName":"search_term_string"}}],"inLanguage":"en-US"}]}},"coauthors":[],"author_meta":{"author_link":"https:\/\/aem.hr\/en\/blog\/author\/mkirac\/","display_name":"Matko Kirac"},"relative_dates":{"created":"Posted 3 weeks ago","modified":"Updated 3 weeks ago"},"absolute_dates":{"created":"Posted on 24. March 2026.","modified":"Updated on 24. March 2026."},"absolute_dates_time":{"created":"Posted on 24. March 2026. 13:13","modified":"Updated on 24. March 2026. 13:13"},"featured_img_caption":"","featured_img":false,"series_order":"","_links":{"self":[{"href":"https:\/\/aem.hr\/en\/wp-json\/wp\/v2\/pages\/25003","targetHints":{"allow":["GET"]}}],"collection":[{"href":"https:\/\/aem.hr\/en\/wp-json\/wp\/v2\/pages"}],"about":[{"href":"https:\/\/aem.hr\/en\/wp-json\/wp\/v2\/types\/page"}],"author":[{"embeddable":true,"href":"https:\/\/aem.hr\/en\/wp-json\/wp\/v2\/users\/18"}],"replies":[{"embeddable":true,"href":"https:\/\/aem.hr\/en\/wp-json\/wp\/v2\/comments?post=25003"}],"version-history":[{"count":1,"href":"https:\/\/aem.hr\/en\/wp-json\/wp\/v2\/pages\/25003\/revisions"}],"predecessor-version":[{"id":25025,"href":"https:\/\/aem.hr\/en\/wp-json\/wp\/v2\/pages\/25003\/revisions\/25025"}],"wp:attachment":[{"href":"https:\/\/aem.hr\/en\/wp-json\/wp\/v2\/media?parent=25003"}],"curies":[{"name":"wp","href":"https:\/\/api.w.org\/{rel}","templated":true}]}}