{"id":25045,"date":"2026-03-24T13:22:57","date_gmt":"2026-03-24T12:22:57","guid":{"rendered":"https:\/\/aem.hr\/?page_id=25045"},"modified":"2026-03-24T13:22:58","modified_gmt":"2026-03-24T12:22:58","slug":"tea-rozman-svedrovic-aktivni-otoci-utjecaj-outdoor-aktivnosti-na-razvoj-rekreacije-lokalnog-stanovnistva-na-hrvatskim-otocima","status":"publish","type":"page","link":"https:\/\/aem.hr\/en\/tea-rozman-svedrovic-aktivni-otoci-utjecaj-outdoor-aktivnosti-na-razvoj-rekreacije-lokalnog-stanovnistva-na-hrvatskim-otocima\/","title":{"rendered":"Tea Ro\u017eman Svedrovi\u0107 &#8211; Aktivni otoci: Utjecaj outdoor aktivnosti na razvoj rekreacije lokalnog stanovni\u0161tva na hrvatskim otocima"},"content":{"rendered":"\n<div class=\"wp-block-file\"><a id=\"wp-block-file--media-1be0e3f7-540d-46ff-9097-1a898f8924a9\" href=\"https:\/\/aem.hr\/wp-content\/uploads\/2026\/03\/1.-Ugljan.pdf\">1. Ugljan<\/a><a href=\"https:\/\/aem.hr\/wp-content\/uploads\/2026\/03\/1.-Ugljan.pdf\" class=\"wp-block-file__button wp-element-button\" download aria-describedby=\"wp-block-file--media-1be0e3f7-540d-46ff-9097-1a898f8924a9\">Preuzimanje<\/a><\/div>\n\n\n\n<div class=\"wp-block-file\"><a id=\"wp-block-file--media-705c6139-bb89-4714-a50a-e1fefa1c2026\" href=\"https:\/\/aem.hr\/wp-content\/uploads\/2026\/03\/2.-Pas\u030cman.pdf\">2. Pas\u030cman<\/a><a href=\"https:\/\/aem.hr\/wp-content\/uploads\/2026\/03\/2.-Pas\u030cman.pdf\" class=\"wp-block-file__button wp-element-button\" download aria-describedby=\"wp-block-file--media-705c6139-bb89-4714-a50a-e1fefa1c2026\">Preuzimanje<\/a><\/div>\n\n\n\n<div class=\"wp-block-file\"><a id=\"wp-block-file--media-decb6050-56b5-4156-8cb8-fb57fd8dba36\" href=\"https:\/\/aem.hr\/wp-content\/uploads\/2026\/03\/3.-Dugi-otok.pdf\">3. Dugi otok<\/a><a href=\"https:\/\/aem.hr\/wp-content\/uploads\/2026\/03\/3.-Dugi-otok.pdf\" class=\"wp-block-file__button wp-element-button\" download aria-describedby=\"wp-block-file--media-decb6050-56b5-4156-8cb8-fb57fd8dba36\">Preuzimanje<\/a><\/div>\n\n\n\n<div class=\"wp-block-file\"><a id=\"wp-block-file--media-32cb431c-e96a-4a9a-a832-72e9540d723d\" href=\"https:\/\/aem.hr\/wp-content\/uploads\/2026\/03\/4.-Mljet.pdf\">4. Mljet<\/a><a href=\"https:\/\/aem.hr\/wp-content\/uploads\/2026\/03\/4.-Mljet.pdf\" class=\"wp-block-file__button wp-element-button\" download aria-describedby=\"wp-block-file--media-32cb431c-e96a-4a9a-a832-72e9540d723d\">Preuzimanje<\/a><\/div>\n\n\n\n<div class=\"wp-block-file\"><a id=\"wp-block-file--media-6452c135-7a4c-4f1a-bcde-c2c1adbc2e84\" href=\"https:\/\/aem.hr\/wp-content\/uploads\/2026\/03\/5.-Ist.pdf\">5. Ist<\/a><a href=\"https:\/\/aem.hr\/wp-content\/uploads\/2026\/03\/5.-Ist.pdf\" class=\"wp-block-file__button wp-element-button\" download aria-describedby=\"wp-block-file--media-6452c135-7a4c-4f1a-bcde-c2c1adbc2e84\">Preuzimanje<\/a><\/div>\n\n\n\n<div class=\"wp-block-file\"><a id=\"wp-block-file--media-7cd4faa2-fe72-436b-a93f-b983bc724d13\" href=\"https:\/\/aem.hr\/wp-content\/uploads\/2026\/03\/6.-Los\u030cinj.pdf\">6. Los\u030cinj<\/a><a href=\"https:\/\/aem.hr\/wp-content\/uploads\/2026\/03\/6.-Los\u030cinj.pdf\" class=\"wp-block-file__button wp-element-button\" download aria-describedby=\"wp-block-file--media-7cd4faa2-fe72-436b-a93f-b983bc724d13\">Preuzimanje<\/a><\/div>\n\n\n\n<div class=\"wp-block-file\"><a id=\"wp-block-file--media-18ce6230-b05e-4ae0-a769-0c57271a1466\" href=\"https:\/\/aem.hr\/wp-content\/uploads\/2026\/03\/7.-Cres.pdf\">7. Cres<\/a><a href=\"https:\/\/aem.hr\/wp-content\/uploads\/2026\/03\/7.-Cres.pdf\" class=\"wp-block-file__button wp-element-button\" download aria-describedby=\"wp-block-file--media-18ce6230-b05e-4ae0-a769-0c57271a1466\">Preuzimanje<\/a><\/div>\n\n\n\n<div class=\"wp-block-file\"><a id=\"wp-block-file--media-83538827-ba58-49a1-bd7f-b076c0f11d7b\" href=\"https:\/\/aem.hr\/wp-content\/uploads\/2026\/03\/8.-Krk.pdf\">8. Krk<\/a><a href=\"https:\/\/aem.hr\/wp-content\/uploads\/2026\/03\/8.-Krk.pdf\" class=\"wp-block-file__button wp-element-button\" download aria-describedby=\"wp-block-file--media-83538827-ba58-49a1-bd7f-b076c0f11d7b\">Preuzimanje<\/a><\/div>\n\n\n\n<div class=\"wp-block-file\"><a id=\"wp-block-file--media-7defb2f3-90da-40ab-93da-15413ae9260b\" href=\"https:\/\/aem.hr\/wp-content\/uploads\/2026\/03\/9.-Silba.pdf\">9. Silba<\/a><a href=\"https:\/\/aem.hr\/wp-content\/uploads\/2026\/03\/9.-Silba.pdf\" class=\"wp-block-file__button wp-element-button\" download aria-describedby=\"wp-block-file--media-7defb2f3-90da-40ab-93da-15413ae9260b\">Preuzimanje<\/a><\/div>\n\n\n\n<div class=\"wp-block-file\"><a id=\"wp-block-file--media-de1e4000-799b-4b04-84e4-b38094442cd1\" href=\"https:\/\/aem.hr\/wp-content\/uploads\/2026\/03\/10.-Pag.pdf\">10. Pag<\/a><a href=\"https:\/\/aem.hr\/wp-content\/uploads\/2026\/03\/10.-Pag.pdf\" class=\"wp-block-file__button wp-element-button\" download aria-describedby=\"wp-block-file--media-de1e4000-799b-4b04-84e4-b38094442cd1\">Preuzimanje<\/a><\/div>\n","protected":false},"excerpt":{"rendered":"","protected":false},"author":18,"featured_media":0,"parent":0,"menu_order":0,"comment_status":"closed","ping_status":"closed","template":"","meta":{"_acf_changed":false,"inline_featured_image":false,"advgb_blocks_editor_width":"","advgb_blocks_columns_visual_guide":"","_links_to":"","_links_to_type":0,"footnotes":""},"class_list":["post-25045","page","type-page","status-publish","hentry"],"acf":[],"yoast_head":"<!-- This site is optimized with the Yoast SEO plugin v25.7 - https:\/\/yoast.com\/wordpress\/plugins\/seo\/ -->\n<title>Tea Ro\u017eman Svedrovi\u0107 - Aktivni otoci: Utjecaj outdoor aktivnosti na razvoj rekreacije lokalnog stanovni\u0161tva na hrvatskim otocima - Agencija za elektroni\u010dke medije<\/title>\n<meta name=\"robots\" content=\"index, follow, max-snippet:-1, max-image-preview:large, max-video-preview:-1\" \/>\n<link rel=\"canonical\" href=\"https:\/\/aem.hr\/tea-rozman-svedrovic-aktivni-otoci-utjecaj-outdoor-aktivnosti-na-razvoj-rekreacije-lokalnog-stanovnistva-na-hrvatskim-otocima\/\" \/>\n<meta property=\"og:locale\" content=\"en_US\" \/>\n<meta property=\"og:type\" content=\"article\" \/>\n<meta property=\"og:title\" content=\"Tea Ro\u017eman Svedrovi\u0107 - Aktivni otoci: Utjecaj outdoor aktivnosti na razvoj rekreacije lokalnog stanovni\u0161tva na hrvatskim otocima - Agencija za elektroni\u010dke medije\" \/>\n<meta property=\"og:url\" content=\"https:\/\/aem.hr\/tea-rozman-svedrovic-aktivni-otoci-utjecaj-outdoor-aktivnosti-na-razvoj-rekreacije-lokalnog-stanovnistva-na-hrvatskim-otocima\/\" \/>\n<meta property=\"og:site_name\" content=\"Agencija za elektroni\u010dke medije\" \/>\n<meta property=\"article:modified_time\" content=\"2026-03-24T12:22:58+00:00\" \/>\n<meta name=\"twitter:card\" content=\"summary_large_image\" \/>\n<meta name=\"twitter:label1\" content=\"Est. reading time\" \/>\n\t<meta name=\"twitter:data1\" content=\"1 minute\" \/>\n<script type=\"application\/ld+json\" class=\"yoast-schema-graph\">{\"@context\":\"https:\/\/schema.org\",\"@graph\":[{\"@type\":\"WebPage\",\"@id\":\"https:\/\/aem.hr\/tea-rozman-svedrovic-aktivni-otoci-utjecaj-outdoor-aktivnosti-na-razvoj-rekreacije-lokalnog-stanovnistva-na-hrvatskim-otocima\/\",\"url\":\"https:\/\/aem.hr\/tea-rozman-svedrovic-aktivni-otoci-utjecaj-outdoor-aktivnosti-na-razvoj-rekreacije-lokalnog-stanovnistva-na-hrvatskim-otocima\/\",\"name\":\"Tea Ro\u017eman Svedrovi\u0107 - Aktivni otoci: Utjecaj outdoor aktivnosti na razvoj rekreacije lokalnog stanovni\u0161tva na hrvatskim otocima - Agencija za elektroni\u010dke medije\",\"isPartOf\":{\"@id\":\"https:\/\/aem.hr\/#website\"},\"datePublished\":\"2026-03-24T12:22:57+00:00\",\"dateModified\":\"2026-03-24T12:22:58+00:00\",\"breadcrumb\":{\"@id\":\"https:\/\/aem.hr\/tea-rozman-svedrovic-aktivni-otoci-utjecaj-outdoor-aktivnosti-na-razvoj-rekreacije-lokalnog-stanovnistva-na-hrvatskim-otocima\/#breadcrumb\"},\"inLanguage\":\"en-US\",\"potentialAction\":[{\"@type\":\"ReadAction\",\"target\":[\"https:\/\/aem.hr\/tea-rozman-svedrovic-aktivni-otoci-utjecaj-outdoor-aktivnosti-na-razvoj-rekreacije-lokalnog-stanovnistva-na-hrvatskim-otocima\/\"]}]},{\"@type\":\"BreadcrumbList\",\"@id\":\"https:\/\/aem.hr\/tea-rozman-svedrovic-aktivni-otoci-utjecaj-outdoor-aktivnosti-na-razvoj-rekreacije-lokalnog-stanovnistva-na-hrvatskim-otocima\/#breadcrumb\",\"itemListElement\":[{\"@type\":\"ListItem\",\"position\":1,\"name\":\"Po\u010detna stranica\",\"item\":\"https:\/\/aem.hr\/\"},{\"@type\":\"ListItem\",\"position\":2,\"name\":\"Tea Ro\u017eman Svedrovi\u0107 &#8211; Aktivni otoci: Utjecaj outdoor aktivnosti na razvoj rekreacije lokalnog stanovni\u0161tva na hrvatskim otocima\"}]},{\"@type\":\"WebSite\",\"@id\":\"https:\/\/aem.hr\/#website\",\"url\":\"https:\/\/aem.hr\/\",\"name\":\"Agencija za elektroni\u010dke medije\",\"description\":\"\",\"potentialAction\":[{\"@type\":\"SearchAction\",\"target\":{\"@type\":\"EntryPoint\",\"urlTemplate\":\"https:\/\/aem.hr\/?s={search_term_string}\"},\"query-input\":{\"@type\":\"PropertyValueSpecification\",\"valueRequired\":true,\"valueName\":\"search_term_string\"}}],\"inLanguage\":\"en-US\"}]}<\/script>\n<!-- \/ Yoast SEO plugin. -->","yoast_head_json":{"title":"Tea Ro\u017eman Svedrovi\u0107 - Aktivni otoci: Utjecaj outdoor aktivnosti na razvoj rekreacije lokalnog stanovni\u0161tva na hrvatskim otocima - Agencija za elektroni\u010dke medije","robots":{"index":"index","follow":"follow","max-snippet":"max-snippet:-1","max-image-preview":"max-image-preview:large","max-video-preview":"max-video-preview:-1"},"canonical":"https:\/\/aem.hr\/tea-rozman-svedrovic-aktivni-otoci-utjecaj-outdoor-aktivnosti-na-razvoj-rekreacije-lokalnog-stanovnistva-na-hrvatskim-otocima\/","og_locale":"en_US","og_type":"article","og_title":"Tea Ro\u017eman Svedrovi\u0107 - Aktivni otoci: Utjecaj outdoor aktivnosti na razvoj rekreacije lokalnog stanovni\u0161tva na hrvatskim otocima - Agencija za elektroni\u010dke medije","og_url":"https:\/\/aem.hr\/tea-rozman-svedrovic-aktivni-otoci-utjecaj-outdoor-aktivnosti-na-razvoj-rekreacije-lokalnog-stanovnistva-na-hrvatskim-otocima\/","og_site_name":"Agencija za elektroni\u010dke medije","article_modified_time":"2026-03-24T12:22:58+00:00","twitter_card":"summary_large_image","twitter_misc":{"Est. reading time":"1 minute"},"schema":{"@context":"https:\/\/schema.org","@graph":[{"@type":"WebPage","@id":"https:\/\/aem.hr\/tea-rozman-svedrovic-aktivni-otoci-utjecaj-outdoor-aktivnosti-na-razvoj-rekreacije-lokalnog-stanovnistva-na-hrvatskim-otocima\/","url":"https:\/\/aem.hr\/tea-rozman-svedrovic-aktivni-otoci-utjecaj-outdoor-aktivnosti-na-razvoj-rekreacije-lokalnog-stanovnistva-na-hrvatskim-otocima\/","name":"Tea Ro\u017eman Svedrovi\u0107 - Aktivni otoci: Utjecaj outdoor aktivnosti na razvoj rekreacije lokalnog stanovni\u0161tva na hrvatskim otocima - Agencija za elektroni\u010dke medije","isPartOf":{"@id":"https:\/\/aem.hr\/#website"},"datePublished":"2026-03-24T12:22:57+00:00","dateModified":"2026-03-24T12:22:58+00:00","breadcrumb":{"@id":"https:\/\/aem.hr\/tea-rozman-svedrovic-aktivni-otoci-utjecaj-outdoor-aktivnosti-na-razvoj-rekreacije-lokalnog-stanovnistva-na-hrvatskim-otocima\/#breadcrumb"},"inLanguage":"en-US","potentialAction":[{"@type":"ReadAction","target":["https:\/\/aem.hr\/tea-rozman-svedrovic-aktivni-otoci-utjecaj-outdoor-aktivnosti-na-razvoj-rekreacije-lokalnog-stanovnistva-na-hrvatskim-otocima\/"]}]},{"@type":"BreadcrumbList","@id":"https:\/\/aem.hr\/tea-rozman-svedrovic-aktivni-otoci-utjecaj-outdoor-aktivnosti-na-razvoj-rekreacije-lokalnog-stanovnistva-na-hrvatskim-otocima\/#breadcrumb","itemListElement":[{"@type":"ListItem","position":1,"name":"Po\u010detna stranica","item":"https:\/\/aem.hr\/"},{"@type":"ListItem","position":2,"name":"Tea Ro\u017eman Svedrovi\u0107 &#8211; Aktivni otoci: Utjecaj outdoor aktivnosti na razvoj rekreacije lokalnog stanovni\u0161tva na hrvatskim otocima"}]},{"@type":"WebSite","@id":"https:\/\/aem.hr\/#website","url":"https:\/\/aem.hr\/","name":"Agencija za elektroni\u010dke medije","description":"","potentialAction":[{"@type":"SearchAction","target":{"@type":"EntryPoint","urlTemplate":"https:\/\/aem.hr\/?s={search_term_string}"},"query-input":{"@type":"PropertyValueSpecification","valueRequired":true,"valueName":"search_term_string"}}],"inLanguage":"en-US"}]}},"coauthors":[],"author_meta":{"author_link":"https:\/\/aem.hr\/en\/blog\/author\/mkirac\/","display_name":"Matko Kirac"},"relative_dates":{"created":"Posted 3 weeks ago","modified":"Updated 3 weeks ago"},"absolute_dates":{"created":"Posted on 24. March 2026.","modified":"Updated on 24. March 2026."},"absolute_dates_time":{"created":"Posted on 24. March 2026. 13:22","modified":"Updated on 24. March 2026. 13:22"},"featured_img_caption":"","featured_img":false,"series_order":"","_links":{"self":[{"href":"https:\/\/aem.hr\/en\/wp-json\/wp\/v2\/pages\/25045","targetHints":{"allow":["GET"]}}],"collection":[{"href":"https:\/\/aem.hr\/en\/wp-json\/wp\/v2\/pages"}],"about":[{"href":"https:\/\/aem.hr\/en\/wp-json\/wp\/v2\/types\/page"}],"author":[{"embeddable":true,"href":"https:\/\/aem.hr\/en\/wp-json\/wp\/v2\/users\/18"}],"replies":[{"embeddable":true,"href":"https:\/\/aem.hr\/en\/wp-json\/wp\/v2\/comments?post=25045"}],"version-history":[{"count":1,"href":"https:\/\/aem.hr\/en\/wp-json\/wp\/v2\/pages\/25045\/revisions"}],"predecessor-version":[{"id":25067,"href":"https:\/\/aem.hr\/en\/wp-json\/wp\/v2\/pages\/25045\/revisions\/25067"}],"wp:attachment":[{"href":"https:\/\/aem.hr\/en\/wp-json\/wp\/v2\/media?parent=25045"}],"curies":[{"name":"wp","href":"https:\/\/api.w.org\/{rel}","templated":true}]}}