{"id":25069,"date":"2026-03-24T13:36:24","date_gmt":"2026-03-24T12:36:24","guid":{"rendered":"https:\/\/aem.hr\/?page_id=25069"},"modified":"2026-03-24T13:36:26","modified_gmt":"2026-03-24T12:36:26","slug":"ivan-matic-feljton-papinska-vizija-drustvene-pravde-socijalni-nauk-crkve-od-pape-lava-xiii-do-pape-lava-xiv","status":"publish","type":"page","link":"https:\/\/aem.hr\/en\/ivan-matic-feljton-papinska-vizija-drustvene-pravde-socijalni-nauk-crkve-od-pape-lava-xiii-do-pape-lava-xiv\/","title":{"rendered":"Ivan Mati\u0107 &#8211; Feljton: Papinska vizija dru\u0161tvene pravde: Socijalni nauk Crkve od pape Lava XIII. do pape Lava XIV."},"content":{"rendered":"\n<div class=\"wp-block-file\"><a id=\"wp-block-file--media-0dfffea6-6a69-4ef4-957a-5c037863108a\" href=\"https:\/\/aem.hr\/wp-content\/uploads\/2026\/03\/1.-UVOD.pdf\">1. UVOD<\/a><a href=\"https:\/\/aem.hr\/wp-content\/uploads\/2026\/03\/1.-UVOD.pdf\" class=\"wp-block-file__button wp-element-button\" download aria-describedby=\"wp-block-file--media-0dfffea6-6a69-4ef4-957a-5c037863108a\">Preuzimanje<\/a><\/div>\n\n\n\n<div class=\"wp-block-file\"><a id=\"wp-block-file--media-38780a58-bc85-4c94-aa81-ca4c14b6d88e\" href=\"https:\/\/aem.hr\/wp-content\/uploads\/2026\/03\/2.-Rerum-novarum.pdf\">2. Rerum novarum<\/a><a href=\"https:\/\/aem.hr\/wp-content\/uploads\/2026\/03\/2.-Rerum-novarum.pdf\" class=\"wp-block-file__button wp-element-button\" download aria-describedby=\"wp-block-file--media-38780a58-bc85-4c94-aa81-ca4c14b6d88e\">Preuzimanje<\/a><\/div>\n\n\n\n<div class=\"wp-block-file\"><a id=\"wp-block-file--media-1e3ba2b3-f8fc-45a8-b297-7df2e7173572\" href=\"https:\/\/aem.hr\/wp-content\/uploads\/2026\/03\/3.-PAPA-LAV-XIII.pdf\">3. PAPA LAV XIII.<\/a><a href=\"https:\/\/aem.hr\/wp-content\/uploads\/2026\/03\/3.-PAPA-LAV-XIII.pdf\" class=\"wp-block-file__button wp-element-button\" download aria-describedby=\"wp-block-file--media-1e3ba2b3-f8fc-45a8-b297-7df2e7173572\">Preuzimanje<\/a><\/div>\n\n\n\n<div class=\"wp-block-file\"><a id=\"wp-block-file--media-b49882b5-5969-4130-b52e-5ddd3770e3da\" href=\"https:\/\/aem.hr\/wp-content\/uploads\/2026\/03\/4.-UMANUM-GENUS.pdf\">4. UMANUM GENUS<\/a><a href=\"https:\/\/aem.hr\/wp-content\/uploads\/2026\/03\/4.-UMANUM-GENUS.pdf\" class=\"wp-block-file__button wp-element-button\" download aria-describedby=\"wp-block-file--media-b49882b5-5969-4130-b52e-5ddd3770e3da\">Preuzimanje<\/a><\/div>\n\n\n\n<div class=\"wp-block-file\"><a id=\"wp-block-file--media-56087ecb-261f-4617-ae94-eaebc89677b7\" href=\"https:\/\/aem.hr\/wp-content\/uploads\/2026\/03\/5.-REGLED-ENCIKLIKA.pdf\">5. REGLED ENCIKLIKA<\/a><a href=\"https:\/\/aem.hr\/wp-content\/uploads\/2026\/03\/5.-REGLED-ENCIKLIKA.pdf\" class=\"wp-block-file__button wp-element-button\" download aria-describedby=\"wp-block-file--media-56087ecb-261f-4617-ae94-eaebc89677b7\">Preuzimanje<\/a><\/div>\n\n\n\n<div class=\"wp-block-file\"><a id=\"wp-block-file--media-e249df46-4f83-4741-879f-8a6d836d80f8\" href=\"https:\/\/aem.hr\/wp-content\/uploads\/2026\/03\/6.-RUNO-PETRUSIC.pdf\">6. RUNO PETRU\u0160I\u0106<\/a><a href=\"https:\/\/aem.hr\/wp-content\/uploads\/2026\/03\/6.-RUNO-PETRUSIC.pdf\" class=\"wp-block-file__button wp-element-button\" download aria-describedby=\"wp-block-file--media-e249df46-4f83-4741-879f-8a6d836d80f8\">Preuzimanje<\/a><\/div>\n\n\n\n<div class=\"wp-block-file\"><a id=\"wp-block-file--media-fe9c09dd-a7a2-4356-95a0-1e58471717a1\" href=\"https:\/\/aem.hr\/wp-content\/uploads\/2026\/03\/7.-VAN-BODROZIC.pdf\">7. VAN BODRO\u017dI\u0106<\/a><a href=\"https:\/\/aem.hr\/wp-content\/uploads\/2026\/03\/7.-VAN-BODROZIC.pdf\" class=\"wp-block-file__button wp-element-button\" download aria-describedby=\"wp-block-file--media-fe9c09dd-a7a2-4356-95a0-1e58471717a1\">Preuzimanje<\/a><\/div>\n\n\n\n<div class=\"wp-block-file\"><a id=\"wp-block-file--media-33b9485a-3dc0-40f1-a854-b3af9e373585\" href=\"https:\/\/aem.hr\/wp-content\/uploads\/2026\/03\/8.-ELIMIR-PULJIC.pdf\">8. ELIMIR PULJI\u0106<\/a><a href=\"https:\/\/aem.hr\/wp-content\/uploads\/2026\/03\/8.-ELIMIR-PULJIC.pdf\" class=\"wp-block-file__button wp-element-button\" download aria-describedby=\"wp-block-file--media-33b9485a-3dc0-40f1-a854-b3af9e373585\">Preuzimanje<\/a><\/div>\n\n\n\n<div class=\"wp-block-file\"><a id=\"wp-block-file--media-467f56d5-57d8-4fc8-a337-9eba3e21cc30\" href=\"https:\/\/aem.hr\/wp-content\/uploads\/2026\/03\/9.-kard.-VINKO-PULJIC.pdf\">9. kard. VINKO PULJI\u0106<\/a><a href=\"https:\/\/aem.hr\/wp-content\/uploads\/2026\/03\/9.-kard.-VINKO-PULJIC.pdf\" class=\"wp-block-file__button wp-element-button\" download aria-describedby=\"wp-block-file--media-467f56d5-57d8-4fc8-a337-9eba3e21cc30\">Preuzimanje<\/a><\/div>\n\n\n\n<div class=\"wp-block-file\"><a id=\"wp-block-file--media-a00ac3d1-2a5c-4056-821e-e439ac9f7338\" href=\"https:\/\/aem.hr\/wp-content\/uploads\/2026\/03\/10.-EMILIO-MARIN.pdf\">10. EMILIO MARIN<\/a><a href=\"https:\/\/aem.hr\/wp-content\/uploads\/2026\/03\/10.-EMILIO-MARIN.pdf\" class=\"wp-block-file__button wp-element-button\" download aria-describedby=\"wp-block-file--media-a00ac3d1-2a5c-4056-821e-e439ac9f7338\">Preuzimanje<\/a><\/div>\n","protected":false},"excerpt":{"rendered":"","protected":false},"author":18,"featured_media":0,"parent":0,"menu_order":0,"comment_status":"closed","ping_status":"closed","template":"","meta":{"_acf_changed":false,"inline_featured_image":false,"advgb_blocks_editor_width":"","advgb_blocks_columns_visual_guide":"","_links_to":"","_links_to_type":0,"footnotes":""},"class_list":["post-25069","page","type-page","status-publish","hentry"],"acf":[],"yoast_head":"<!-- This site is optimized with the Yoast SEO plugin v25.7 - https:\/\/yoast.com\/wordpress\/plugins\/seo\/ -->\n<title>Ivan Mati\u0107 - Feljton: Papinska vizija dru\u0161tvene pravde: Socijalni nauk Crkve od pape Lava XIII. do pape Lava XIV. - Agencija za elektroni\u010dke medije<\/title>\n<meta name=\"robots\" content=\"index, follow, max-snippet:-1, max-image-preview:large, max-video-preview:-1\" \/>\n<link rel=\"canonical\" href=\"https:\/\/aem.hr\/ivan-matic-feljton-papinska-vizija-drustvene-pravde-socijalni-nauk-crkve-od-pape-lava-xiii-do-pape-lava-xiv\/\" \/>\n<meta property=\"og:locale\" content=\"en_US\" \/>\n<meta property=\"og:type\" content=\"article\" \/>\n<meta property=\"og:title\" content=\"Ivan Mati\u0107 - Feljton: Papinska vizija dru\u0161tvene pravde: Socijalni nauk Crkve od pape Lava XIII. do pape Lava XIV. - Agencija za elektroni\u010dke medije\" \/>\n<meta property=\"og:url\" content=\"https:\/\/aem.hr\/ivan-matic-feljton-papinska-vizija-drustvene-pravde-socijalni-nauk-crkve-od-pape-lava-xiii-do-pape-lava-xiv\/\" \/>\n<meta property=\"og:site_name\" content=\"Agencija za elektroni\u010dke medije\" \/>\n<meta property=\"article:modified_time\" content=\"2026-03-24T12:36:26+00:00\" \/>\n<meta name=\"twitter:card\" content=\"summary_large_image\" \/>\n<meta name=\"twitter:label1\" content=\"Est. reading time\" \/>\n\t<meta name=\"twitter:data1\" content=\"1 minute\" \/>\n<script type=\"application\/ld+json\" class=\"yoast-schema-graph\">{\"@context\":\"https:\/\/schema.org\",\"@graph\":[{\"@type\":\"WebPage\",\"@id\":\"https:\/\/aem.hr\/ivan-matic-feljton-papinska-vizija-drustvene-pravde-socijalni-nauk-crkve-od-pape-lava-xiii-do-pape-lava-xiv\/\",\"url\":\"https:\/\/aem.hr\/ivan-matic-feljton-papinska-vizija-drustvene-pravde-socijalni-nauk-crkve-od-pape-lava-xiii-do-pape-lava-xiv\/\",\"name\":\"Ivan Mati\u0107 - Feljton: Papinska vizija dru\u0161tvene pravde: Socijalni nauk Crkve od pape Lava XIII. do pape Lava XIV. - Agencija za elektroni\u010dke medije\",\"isPartOf\":{\"@id\":\"https:\/\/aem.hr\/#website\"},\"datePublished\":\"2026-03-24T12:36:24+00:00\",\"dateModified\":\"2026-03-24T12:36:26+00:00\",\"breadcrumb\":{\"@id\":\"https:\/\/aem.hr\/ivan-matic-feljton-papinska-vizija-drustvene-pravde-socijalni-nauk-crkve-od-pape-lava-xiii-do-pape-lava-xiv\/#breadcrumb\"},\"inLanguage\":\"en-US\",\"potentialAction\":[{\"@type\":\"ReadAction\",\"target\":[\"https:\/\/aem.hr\/ivan-matic-feljton-papinska-vizija-drustvene-pravde-socijalni-nauk-crkve-od-pape-lava-xiii-do-pape-lava-xiv\/\"]}]},{\"@type\":\"BreadcrumbList\",\"@id\":\"https:\/\/aem.hr\/ivan-matic-feljton-papinska-vizija-drustvene-pravde-socijalni-nauk-crkve-od-pape-lava-xiii-do-pape-lava-xiv\/#breadcrumb\",\"itemListElement\":[{\"@type\":\"ListItem\",\"position\":1,\"name\":\"Po\u010detna stranica\",\"item\":\"https:\/\/aem.hr\/\"},{\"@type\":\"ListItem\",\"position\":2,\"name\":\"Ivan Mati\u0107 &#8211; Feljton: Papinska vizija dru\u0161tvene pravde: Socijalni nauk Crkve od pape Lava XIII. do pape Lava XIV.\"}]},{\"@type\":\"WebSite\",\"@id\":\"https:\/\/aem.hr\/#website\",\"url\":\"https:\/\/aem.hr\/\",\"name\":\"Agencija za elektroni\u010dke medije\",\"description\":\"\",\"potentialAction\":[{\"@type\":\"SearchAction\",\"target\":{\"@type\":\"EntryPoint\",\"urlTemplate\":\"https:\/\/aem.hr\/?s={search_term_string}\"},\"query-input\":{\"@type\":\"PropertyValueSpecification\",\"valueRequired\":true,\"valueName\":\"search_term_string\"}}],\"inLanguage\":\"en-US\"}]}<\/script>\n<!-- \/ Yoast SEO plugin. -->","yoast_head_json":{"title":"Ivan Mati\u0107 - Feljton: Papinska vizija dru\u0161tvene pravde: Socijalni nauk Crkve od pape Lava XIII. do pape Lava XIV. - Agencija za elektroni\u010dke medije","robots":{"index":"index","follow":"follow","max-snippet":"max-snippet:-1","max-image-preview":"max-image-preview:large","max-video-preview":"max-video-preview:-1"},"canonical":"https:\/\/aem.hr\/ivan-matic-feljton-papinska-vizija-drustvene-pravde-socijalni-nauk-crkve-od-pape-lava-xiii-do-pape-lava-xiv\/","og_locale":"en_US","og_type":"article","og_title":"Ivan Mati\u0107 - Feljton: Papinska vizija dru\u0161tvene pravde: Socijalni nauk Crkve od pape Lava XIII. do pape Lava XIV. - Agencija za elektroni\u010dke medije","og_url":"https:\/\/aem.hr\/ivan-matic-feljton-papinska-vizija-drustvene-pravde-socijalni-nauk-crkve-od-pape-lava-xiii-do-pape-lava-xiv\/","og_site_name":"Agencija za elektroni\u010dke medije","article_modified_time":"2026-03-24T12:36:26+00:00","twitter_card":"summary_large_image","twitter_misc":{"Est. reading time":"1 minute"},"schema":{"@context":"https:\/\/schema.org","@graph":[{"@type":"WebPage","@id":"https:\/\/aem.hr\/ivan-matic-feljton-papinska-vizija-drustvene-pravde-socijalni-nauk-crkve-od-pape-lava-xiii-do-pape-lava-xiv\/","url":"https:\/\/aem.hr\/ivan-matic-feljton-papinska-vizija-drustvene-pravde-socijalni-nauk-crkve-od-pape-lava-xiii-do-pape-lava-xiv\/","name":"Ivan Mati\u0107 - Feljton: Papinska vizija dru\u0161tvene pravde: Socijalni nauk Crkve od pape Lava XIII. do pape Lava XIV. - Agencija za elektroni\u010dke medije","isPartOf":{"@id":"https:\/\/aem.hr\/#website"},"datePublished":"2026-03-24T12:36:24+00:00","dateModified":"2026-03-24T12:36:26+00:00","breadcrumb":{"@id":"https:\/\/aem.hr\/ivan-matic-feljton-papinska-vizija-drustvene-pravde-socijalni-nauk-crkve-od-pape-lava-xiii-do-pape-lava-xiv\/#breadcrumb"},"inLanguage":"en-US","potentialAction":[{"@type":"ReadAction","target":["https:\/\/aem.hr\/ivan-matic-feljton-papinska-vizija-drustvene-pravde-socijalni-nauk-crkve-od-pape-lava-xiii-do-pape-lava-xiv\/"]}]},{"@type":"BreadcrumbList","@id":"https:\/\/aem.hr\/ivan-matic-feljton-papinska-vizija-drustvene-pravde-socijalni-nauk-crkve-od-pape-lava-xiii-do-pape-lava-xiv\/#breadcrumb","itemListElement":[{"@type":"ListItem","position":1,"name":"Po\u010detna stranica","item":"https:\/\/aem.hr\/"},{"@type":"ListItem","position":2,"name":"Ivan Mati\u0107 &#8211; Feljton: Papinska vizija dru\u0161tvene pravde: Socijalni nauk Crkve od pape Lava XIII. do pape Lava XIV."}]},{"@type":"WebSite","@id":"https:\/\/aem.hr\/#website","url":"https:\/\/aem.hr\/","name":"Agencija za elektroni\u010dke medije","description":"","potentialAction":[{"@type":"SearchAction","target":{"@type":"EntryPoint","urlTemplate":"https:\/\/aem.hr\/?s={search_term_string}"},"query-input":{"@type":"PropertyValueSpecification","valueRequired":true,"valueName":"search_term_string"}}],"inLanguage":"en-US"}]}},"coauthors":[],"author_meta":{"author_link":"https:\/\/aem.hr\/en\/blog\/author\/mkirac\/","display_name":"Matko Kirac"},"relative_dates":{"created":"Posted 3 weeks ago","modified":"Updated 3 weeks ago"},"absolute_dates":{"created":"Posted on 24. March 2026.","modified":"Updated on 24. March 2026."},"absolute_dates_time":{"created":"Posted on 24. March 2026. 13:36","modified":"Updated on 24. March 2026. 13:36"},"featured_img_caption":"","featured_img":false,"series_order":"","_links":{"self":[{"href":"https:\/\/aem.hr\/en\/wp-json\/wp\/v2\/pages\/25069","targetHints":{"allow":["GET"]}}],"collection":[{"href":"https:\/\/aem.hr\/en\/wp-json\/wp\/v2\/pages"}],"about":[{"href":"https:\/\/aem.hr\/en\/wp-json\/wp\/v2\/types\/page"}],"author":[{"embeddable":true,"href":"https:\/\/aem.hr\/en\/wp-json\/wp\/v2\/users\/18"}],"replies":[{"embeddable":true,"href":"https:\/\/aem.hr\/en\/wp-json\/wp\/v2\/comments?post=25069"}],"version-history":[{"count":1,"href":"https:\/\/aem.hr\/en\/wp-json\/wp\/v2\/pages\/25069\/revisions"}],"predecessor-version":[{"id":25091,"href":"https:\/\/aem.hr\/en\/wp-json\/wp\/v2\/pages\/25069\/revisions\/25091"}],"wp:attachment":[{"href":"https:\/\/aem.hr\/en\/wp-json\/wp\/v2\/media?parent=25069"}],"curies":[{"name":"wp","href":"https:\/\/api.w.org\/{rel}","templated":true}]}}