{"id":25121,"date":"2026-03-24T13:40:44","date_gmt":"2026-03-24T12:40:44","guid":{"rendered":"https:\/\/aem.hr\/?page_id=25121"},"modified":"2026-03-24T13:40:45","modified_gmt":"2026-03-24T12:40:45","slug":"zoran-stajcic-jazz-kulturni-adut-hrvatske","status":"publish","type":"page","link":"https:\/\/aem.hr\/en\/zoran-stajcic-jazz-kulturni-adut-hrvatske\/","title":{"rendered":"Zoran Staj\u010di\u0107 &#8211; Jazz &#8211; kulturni adut Hrvatske"},"content":{"rendered":"\n<div class=\"wp-block-file\"><a id=\"wp-block-file--media-290418e9-3b69-42d0-bcdd-4f5bb98d30b7\" href=\"https:\/\/aem.hr\/wp-content\/uploads\/2026\/03\/1.-U-zemlji-s-malo-klubova-i-mnostvom-festivala.pdf\">1. U zemlji s malo klubova i mno\u0161tvom festivala<\/a><a href=\"https:\/\/aem.hr\/wp-content\/uploads\/2026\/03\/1.-U-zemlji-s-malo-klubova-i-mnostvom-festivala.pdf\" class=\"wp-block-file__button wp-element-button\" download aria-describedby=\"wp-block-file--media-290418e9-3b69-42d0-bcdd-4f5bb98d30b7\">Preuzimanje<\/a><\/div>\n\n\n\n<div class=\"wp-block-file\"><a id=\"wp-block-file--media-072cbfb6-bde1-4324-8b44-772e7912903f\" href=\"https:\/\/aem.hr\/wp-content\/uploads\/2026\/03\/2.-Od-ljubavi-prema-jazzu-do-organiziranja-koncerata.pdf\">2. Od ljubavi prema jazzu do organiziranja koncerata<\/a><a href=\"https:\/\/aem.hr\/wp-content\/uploads\/2026\/03\/2.-Od-ljubavi-prema-jazzu-do-organiziranja-koncerata.pdf\" class=\"wp-block-file__button wp-element-button\" download aria-describedby=\"wp-block-file--media-072cbfb6-bde1-4324-8b44-772e7912903f\">Preuzimanje<\/a><\/div>\n\n\n\n<div class=\"wp-block-file\"><a id=\"wp-block-file--media-31df0d92-9eb6-41c8-9a90-37be411354f0\" href=\"https:\/\/aem.hr\/wp-content\/uploads\/2026\/03\/3.-Publika.pdf\">3. Publika<\/a><a href=\"https:\/\/aem.hr\/wp-content\/uploads\/2026\/03\/3.-Publika.pdf\" class=\"wp-block-file__button wp-element-button\" download aria-describedby=\"wp-block-file--media-31df0d92-9eb6-41c8-9a90-37be411354f0\">Preuzimanje<\/a><\/div>\n\n\n\n<div class=\"wp-block-file\"><a id=\"wp-block-file--media-efcf018f-a266-4d73-935f-39e741ab7a35\" href=\"https:\/\/aem.hr\/wp-content\/uploads\/2026\/03\/4.-Institucionalna-podrska-i-pomoc-lokalnih-zajednica.pdf\">4. Institucionalna podr\u0161ka i pomo\u0107 lokalnih zajednica<\/a><a href=\"https:\/\/aem.hr\/wp-content\/uploads\/2026\/03\/4.-Institucionalna-podrska-i-pomoc-lokalnih-zajednica.pdf\" class=\"wp-block-file__button wp-element-button\" download aria-describedby=\"wp-block-file--media-efcf018f-a266-4d73-935f-39e741ab7a35\">Preuzimanje<\/a><\/div>\n\n\n\n<div class=\"wp-block-file\"><a id=\"wp-block-file--media-b757d80f-b8cb-4dac-a2e3-b72e0625951b\" href=\"https:\/\/aem.hr\/wp-content\/uploads\/2026\/03\/5.-Razvijenost-i-promotorska-djelatnost.pdf\">5. Razvijenost i promotorska djelatnost<\/a><a href=\"https:\/\/aem.hr\/wp-content\/uploads\/2026\/03\/5.-Razvijenost-i-promotorska-djelatnost.pdf\" class=\"wp-block-file__button wp-element-button\" download aria-describedby=\"wp-block-file--media-b757d80f-b8cb-4dac-a2e3-b72e0625951b\">Preuzimanje<\/a><\/div>\n","protected":false},"excerpt":{"rendered":"","protected":false},"author":18,"featured_media":0,"parent":0,"menu_order":0,"comment_status":"closed","ping_status":"closed","template":"","meta":{"_acf_changed":false,"inline_featured_image":false,"advgb_blocks_editor_width":"","advgb_blocks_columns_visual_guide":"","_links_to":"","_links_to_type":0,"footnotes":""},"class_list":["post-25121","page","type-page","status-publish","hentry"],"acf":[],"yoast_head":"<!-- This site is optimized with the Yoast SEO plugin v25.7 - https:\/\/yoast.com\/wordpress\/plugins\/seo\/ -->\n<title>Zoran Staj\u010di\u0107 - Jazz - kulturni adut Hrvatske - Agencija za elektroni\u010dke medije<\/title>\n<meta name=\"robots\" content=\"index, follow, max-snippet:-1, max-image-preview:large, max-video-preview:-1\" \/>\n<link rel=\"canonical\" href=\"https:\/\/aem.hr\/zoran-stajcic-jazz-kulturni-adut-hrvatske\/\" \/>\n<meta property=\"og:locale\" content=\"en_US\" \/>\n<meta property=\"og:type\" content=\"article\" \/>\n<meta property=\"og:title\" content=\"Zoran Staj\u010di\u0107 - Jazz - kulturni adut Hrvatske - Agencija za elektroni\u010dke medije\" \/>\n<meta property=\"og:url\" content=\"https:\/\/aem.hr\/zoran-stajcic-jazz-kulturni-adut-hrvatske\/\" \/>\n<meta property=\"og:site_name\" content=\"Agencija za elektroni\u010dke medije\" \/>\n<meta property=\"article:modified_time\" content=\"2026-03-24T12:40:45+00:00\" \/>\n<meta name=\"twitter:card\" content=\"summary_large_image\" \/>\n<meta name=\"twitter:label1\" content=\"Est. reading time\" \/>\n\t<meta name=\"twitter:data1\" content=\"1 minute\" \/>\n<script type=\"application\/ld+json\" class=\"yoast-schema-graph\">{\"@context\":\"https:\/\/schema.org\",\"@graph\":[{\"@type\":\"WebPage\",\"@id\":\"https:\/\/aem.hr\/zoran-stajcic-jazz-kulturni-adut-hrvatske\/\",\"url\":\"https:\/\/aem.hr\/zoran-stajcic-jazz-kulturni-adut-hrvatske\/\",\"name\":\"Zoran Staj\u010di\u0107 - Jazz - kulturni adut Hrvatske - Agencija za elektroni\u010dke medije\",\"isPartOf\":{\"@id\":\"https:\/\/aem.hr\/#website\"},\"datePublished\":\"2026-03-24T12:40:44+00:00\",\"dateModified\":\"2026-03-24T12:40:45+00:00\",\"breadcrumb\":{\"@id\":\"https:\/\/aem.hr\/zoran-stajcic-jazz-kulturni-adut-hrvatske\/#breadcrumb\"},\"inLanguage\":\"en-US\",\"potentialAction\":[{\"@type\":\"ReadAction\",\"target\":[\"https:\/\/aem.hr\/zoran-stajcic-jazz-kulturni-adut-hrvatske\/\"]}]},{\"@type\":\"BreadcrumbList\",\"@id\":\"https:\/\/aem.hr\/zoran-stajcic-jazz-kulturni-adut-hrvatske\/#breadcrumb\",\"itemListElement\":[{\"@type\":\"ListItem\",\"position\":1,\"name\":\"Po\u010detna stranica\",\"item\":\"https:\/\/aem.hr\/\"},{\"@type\":\"ListItem\",\"position\":2,\"name\":\"Zoran Staj\u010di\u0107 &#8211; Jazz &#8211; kulturni adut Hrvatske\"}]},{\"@type\":\"WebSite\",\"@id\":\"https:\/\/aem.hr\/#website\",\"url\":\"https:\/\/aem.hr\/\",\"name\":\"Agencija za elektroni\u010dke medije\",\"description\":\"\",\"potentialAction\":[{\"@type\":\"SearchAction\",\"target\":{\"@type\":\"EntryPoint\",\"urlTemplate\":\"https:\/\/aem.hr\/?s={search_term_string}\"},\"query-input\":{\"@type\":\"PropertyValueSpecification\",\"valueRequired\":true,\"valueName\":\"search_term_string\"}}],\"inLanguage\":\"en-US\"}]}<\/script>\n<!-- \/ Yoast SEO plugin. -->","yoast_head_json":{"title":"Zoran Staj\u010di\u0107 - Jazz - kulturni adut Hrvatske - Agencija za elektroni\u010dke medije","robots":{"index":"index","follow":"follow","max-snippet":"max-snippet:-1","max-image-preview":"max-image-preview:large","max-video-preview":"max-video-preview:-1"},"canonical":"https:\/\/aem.hr\/zoran-stajcic-jazz-kulturni-adut-hrvatske\/","og_locale":"en_US","og_type":"article","og_title":"Zoran Staj\u010di\u0107 - Jazz - kulturni adut Hrvatske - Agencija za elektroni\u010dke medije","og_url":"https:\/\/aem.hr\/zoran-stajcic-jazz-kulturni-adut-hrvatske\/","og_site_name":"Agencija za elektroni\u010dke medije","article_modified_time":"2026-03-24T12:40:45+00:00","twitter_card":"summary_large_image","twitter_misc":{"Est. reading time":"1 minute"},"schema":{"@context":"https:\/\/schema.org","@graph":[{"@type":"WebPage","@id":"https:\/\/aem.hr\/zoran-stajcic-jazz-kulturni-adut-hrvatske\/","url":"https:\/\/aem.hr\/zoran-stajcic-jazz-kulturni-adut-hrvatske\/","name":"Zoran Staj\u010di\u0107 - Jazz - kulturni adut Hrvatske - Agencija za elektroni\u010dke medije","isPartOf":{"@id":"https:\/\/aem.hr\/#website"},"datePublished":"2026-03-24T12:40:44+00:00","dateModified":"2026-03-24T12:40:45+00:00","breadcrumb":{"@id":"https:\/\/aem.hr\/zoran-stajcic-jazz-kulturni-adut-hrvatske\/#breadcrumb"},"inLanguage":"en-US","potentialAction":[{"@type":"ReadAction","target":["https:\/\/aem.hr\/zoran-stajcic-jazz-kulturni-adut-hrvatske\/"]}]},{"@type":"BreadcrumbList","@id":"https:\/\/aem.hr\/zoran-stajcic-jazz-kulturni-adut-hrvatske\/#breadcrumb","itemListElement":[{"@type":"ListItem","position":1,"name":"Po\u010detna stranica","item":"https:\/\/aem.hr\/"},{"@type":"ListItem","position":2,"name":"Zoran Staj\u010di\u0107 &#8211; Jazz &#8211; kulturni adut Hrvatske"}]},{"@type":"WebSite","@id":"https:\/\/aem.hr\/#website","url":"https:\/\/aem.hr\/","name":"Agencija za elektroni\u010dke medije","description":"","potentialAction":[{"@type":"SearchAction","target":{"@type":"EntryPoint","urlTemplate":"https:\/\/aem.hr\/?s={search_term_string}"},"query-input":{"@type":"PropertyValueSpecification","valueRequired":true,"valueName":"search_term_string"}}],"inLanguage":"en-US"}]}},"coauthors":[],"author_meta":{"author_link":"https:\/\/aem.hr\/en\/blog\/author\/mkirac\/","display_name":"Matko Kirac"},"relative_dates":{"created":"Posted 3 weeks ago","modified":"Updated 3 weeks ago"},"absolute_dates":{"created":"Posted on 24. March 2026.","modified":"Updated on 24. March 2026."},"absolute_dates_time":{"created":"Posted on 24. March 2026. 13:40","modified":"Updated on 24. March 2026. 13:40"},"featured_img_caption":"","featured_img":false,"series_order":"","_links":{"self":[{"href":"https:\/\/aem.hr\/en\/wp-json\/wp\/v2\/pages\/25121","targetHints":{"allow":["GET"]}}],"collection":[{"href":"https:\/\/aem.hr\/en\/wp-json\/wp\/v2\/pages"}],"about":[{"href":"https:\/\/aem.hr\/en\/wp-json\/wp\/v2\/types\/page"}],"author":[{"embeddable":true,"href":"https:\/\/aem.hr\/en\/wp-json\/wp\/v2\/users\/18"}],"replies":[{"embeddable":true,"href":"https:\/\/aem.hr\/en\/wp-json\/wp\/v2\/comments?post=25121"}],"version-history":[{"count":1,"href":"https:\/\/aem.hr\/en\/wp-json\/wp\/v2\/pages\/25121\/revisions"}],"predecessor-version":[{"id":25133,"href":"https:\/\/aem.hr\/en\/wp-json\/wp\/v2\/pages\/25121\/revisions\/25133"}],"wp:attachment":[{"href":"https:\/\/aem.hr\/en\/wp-json\/wp\/v2\/media?parent=25121"}],"curies":[{"name":"wp","href":"https:\/\/api.w.org\/{rel}","templated":true}]}}