{"id":25135,"date":"2026-03-24T13:42:47","date_gmt":"2026-03-24T12:42:47","guid":{"rendered":"https:\/\/aem.hr\/?page_id=25135"},"modified":"2026-03-24T13:42:48","modified_gmt":"2026-03-24T12:42:48","slug":"dina-siljeg-vrsnjacko-nasilje-uzroci-prepoznavanje-i-posljedice","status":"publish","type":"page","link":"https:\/\/aem.hr\/en\/dina-siljeg-vrsnjacko-nasilje-uzroci-prepoznavanje-i-posljedice\/","title":{"rendered":"Dina \u0160iljeg &#8211; Vr\u0161nja\u010dko nasilje, uzroci, prepoznavanje i posljedice"},"content":{"rendered":"\n<div class=\"wp-block-file\"><a id=\"wp-block-file--media-c366427e-0510-49ac-be42-1541468fbbe6\" href=\"https:\/\/aem.hr\/wp-content\/uploads\/2026\/03\/1.-Psihologinja-savjetuje_-Ovo-je-jedini-sasvim-jasan-znak.pdf\">1. Psihologinja savjetuje_ &#8216;Ovo je jedini sasvim jasan znak<\/a><a href=\"https:\/\/aem.hr\/wp-content\/uploads\/2026\/03\/1.-Psihologinja-savjetuje_-Ovo-je-jedini-sasvim-jasan-znak.pdf\" class=\"wp-block-file__button wp-element-button\" download aria-describedby=\"wp-block-file--media-c366427e-0510-49ac-be42-1541468fbbe6\">Preuzimanje<\/a><\/div>\n\n\n\n<div class=\"wp-block-file\"><a id=\"wp-block-file--media-d7ee3e57-1ed8-4901-b5f0-0767493353f2\" href=\"https:\/\/aem.hr\/wp-content\/uploads\/2026\/03\/2.-Psihologinja-o-zrtvama-vrsnjackog-nasilja.pdf\">2. Psihologinja o \u017ertvama vr\u0161nja\u010dkog nasilja<\/a><a href=\"https:\/\/aem.hr\/wp-content\/uploads\/2026\/03\/2.-Psihologinja-o-zrtvama-vrsnjackog-nasilja.pdf\" class=\"wp-block-file__button wp-element-button\" download aria-describedby=\"wp-block-file--media-d7ee3e57-1ed8-4901-b5f0-0767493353f2\">Preuzimanje<\/a><\/div>\n\n\n\n<div class=\"wp-block-file\"><a id=\"wp-block-file--media-a8845d81-bf43-4829-b6ae-8a947ad30b8d\" href=\"https:\/\/aem.hr\/wp-content\/uploads\/2026\/03\/3.-Nasilje-na-internetu-ima-dugotrajne-posljedice-na-djecu.pdf\">3. Nasilje na internetu ima dugotrajne posljedice na djecu<\/a><a href=\"https:\/\/aem.hr\/wp-content\/uploads\/2026\/03\/3.-Nasilje-na-internetu-ima-dugotrajne-posljedice-na-djecu.pdf\" class=\"wp-block-file__button wp-element-button\" download aria-describedby=\"wp-block-file--media-a8845d81-bf43-4829-b6ae-8a947ad30b8d\">Preuzimanje<\/a><\/div>\n\n\n\n<div class=\"wp-block-file\"><a id=\"wp-block-file--media-93811c69-a5ed-439d-bb54-d63299d9653e\" href=\"https:\/\/aem.hr\/wp-content\/uploads\/2026\/03\/4.-Kao-djeca-bili-su-zrtve-vrsnjackog-nasilja.pdf\">4. Kao djeca bili su \u017ertve vr\u0161nja\u010dkog nasilja<\/a><a href=\"https:\/\/aem.hr\/wp-content\/uploads\/2026\/03\/4.-Kao-djeca-bili-su-zrtve-vrsnjackog-nasilja.pdf\" class=\"wp-block-file__button wp-element-button\" download aria-describedby=\"wp-block-file--media-93811c69-a5ed-439d-bb54-d63299d9653e\">Preuzimanje<\/a><\/div>\n\n\n\n<div class=\"wp-block-file\"><a id=\"wp-block-file--media-f02714a3-532a-4be7-9694-689a4900eacf\" href=\"https:\/\/aem.hr\/wp-content\/uploads\/2026\/03\/5.-Hrabre-mame-o-borbi-za-pomoc.pdf\">5. Hrabre mame o borbi za pomo\u0107<\/a><a href=\"https:\/\/aem.hr\/wp-content\/uploads\/2026\/03\/5.-Hrabre-mame-o-borbi-za-pomoc.pdf\" class=\"wp-block-file__button wp-element-button\" download aria-describedby=\"wp-block-file--media-f02714a3-532a-4be7-9694-689a4900eacf\">Preuzimanje<\/a><\/div>\n\n\n\n<div class=\"wp-block-file\"><a id=\"wp-block-file--media-7c6f73d4-1f54-46d7-b4fa-6af75ce0e703\" href=\"https:\/\/aem.hr\/wp-content\/uploads\/2026\/03\/6.-Nastavnice-otvoreno-govore-o-vrsnjackom-nasilju.pdf\">6. Nastavnice otvoreno govore o vr\u0161nja\u010dkom nasilju<\/a><a href=\"https:\/\/aem.hr\/wp-content\/uploads\/2026\/03\/6.-Nastavnice-otvoreno-govore-o-vrsnjackom-nasilju.pdf\" class=\"wp-block-file__button wp-element-button\" download aria-describedby=\"wp-block-file--media-7c6f73d4-1f54-46d7-b4fa-6af75ce0e703\">Preuzimanje<\/a><\/div>\n\n\n\n<p><\/p>\n","protected":false},"excerpt":{"rendered":"","protected":false},"author":18,"featured_media":0,"parent":0,"menu_order":0,"comment_status":"closed","ping_status":"closed","template":"","meta":{"_acf_changed":false,"inline_featured_image":false,"advgb_blocks_editor_width":"","advgb_blocks_columns_visual_guide":"","_links_to":"","_links_to_type":0,"footnotes":""},"class_list":["post-25135","page","type-page","status-publish","hentry"],"acf":[],"yoast_head":"<!-- This site is optimized with the Yoast SEO plugin v25.7 - https:\/\/yoast.com\/wordpress\/plugins\/seo\/ -->\n<title>Dina \u0160iljeg - Vr\u0161nja\u010dko nasilje, uzroci, prepoznavanje i posljedice - Agencija za elektroni\u010dke medije<\/title>\n<meta name=\"robots\" content=\"index, follow, max-snippet:-1, max-image-preview:large, max-video-preview:-1\" \/>\n<link rel=\"canonical\" href=\"https:\/\/aem.hr\/dina-siljeg-vrsnjacko-nasilje-uzroci-prepoznavanje-i-posljedice\/\" \/>\n<meta property=\"og:locale\" content=\"en_US\" \/>\n<meta property=\"og:type\" content=\"article\" \/>\n<meta property=\"og:title\" content=\"Dina \u0160iljeg - Vr\u0161nja\u010dko nasilje, uzroci, prepoznavanje i posljedice - Agencija za elektroni\u010dke medije\" \/>\n<meta property=\"og:url\" content=\"https:\/\/aem.hr\/dina-siljeg-vrsnjacko-nasilje-uzroci-prepoznavanje-i-posljedice\/\" \/>\n<meta property=\"og:site_name\" content=\"Agencija za elektroni\u010dke medije\" \/>\n<meta property=\"article:modified_time\" content=\"2026-03-24T12:42:48+00:00\" \/>\n<meta name=\"twitter:card\" content=\"summary_large_image\" \/>\n<meta name=\"twitter:label1\" content=\"Est. reading time\" \/>\n\t<meta name=\"twitter:data1\" content=\"1 minute\" \/>\n<script type=\"application\/ld+json\" class=\"yoast-schema-graph\">{\"@context\":\"https:\/\/schema.org\",\"@graph\":[{\"@type\":\"WebPage\",\"@id\":\"https:\/\/aem.hr\/dina-siljeg-vrsnjacko-nasilje-uzroci-prepoznavanje-i-posljedice\/\",\"url\":\"https:\/\/aem.hr\/dina-siljeg-vrsnjacko-nasilje-uzroci-prepoznavanje-i-posljedice\/\",\"name\":\"Dina \u0160iljeg - Vr\u0161nja\u010dko nasilje, uzroci, prepoznavanje i posljedice - Agencija za elektroni\u010dke medije\",\"isPartOf\":{\"@id\":\"https:\/\/aem.hr\/#website\"},\"datePublished\":\"2026-03-24T12:42:47+00:00\",\"dateModified\":\"2026-03-24T12:42:48+00:00\",\"breadcrumb\":{\"@id\":\"https:\/\/aem.hr\/dina-siljeg-vrsnjacko-nasilje-uzroci-prepoznavanje-i-posljedice\/#breadcrumb\"},\"inLanguage\":\"en-US\",\"potentialAction\":[{\"@type\":\"ReadAction\",\"target\":[\"https:\/\/aem.hr\/dina-siljeg-vrsnjacko-nasilje-uzroci-prepoznavanje-i-posljedice\/\"]}]},{\"@type\":\"BreadcrumbList\",\"@id\":\"https:\/\/aem.hr\/dina-siljeg-vrsnjacko-nasilje-uzroci-prepoznavanje-i-posljedice\/#breadcrumb\",\"itemListElement\":[{\"@type\":\"ListItem\",\"position\":1,\"name\":\"Po\u010detna stranica\",\"item\":\"https:\/\/aem.hr\/\"},{\"@type\":\"ListItem\",\"position\":2,\"name\":\"Dina \u0160iljeg &#8211; Vr\u0161nja\u010dko nasilje, uzroci, prepoznavanje i posljedice\"}]},{\"@type\":\"WebSite\",\"@id\":\"https:\/\/aem.hr\/#website\",\"url\":\"https:\/\/aem.hr\/\",\"name\":\"Agencija za elektroni\u010dke medije\",\"description\":\"\",\"potentialAction\":[{\"@type\":\"SearchAction\",\"target\":{\"@type\":\"EntryPoint\",\"urlTemplate\":\"https:\/\/aem.hr\/?s={search_term_string}\"},\"query-input\":{\"@type\":\"PropertyValueSpecification\",\"valueRequired\":true,\"valueName\":\"search_term_string\"}}],\"inLanguage\":\"en-US\"}]}<\/script>\n<!-- \/ Yoast SEO plugin. -->","yoast_head_json":{"title":"Dina \u0160iljeg - Vr\u0161nja\u010dko nasilje, uzroci, prepoznavanje i posljedice - Agencija za elektroni\u010dke medije","robots":{"index":"index","follow":"follow","max-snippet":"max-snippet:-1","max-image-preview":"max-image-preview:large","max-video-preview":"max-video-preview:-1"},"canonical":"https:\/\/aem.hr\/dina-siljeg-vrsnjacko-nasilje-uzroci-prepoznavanje-i-posljedice\/","og_locale":"en_US","og_type":"article","og_title":"Dina \u0160iljeg - Vr\u0161nja\u010dko nasilje, uzroci, prepoznavanje i posljedice - Agencija za elektroni\u010dke medije","og_url":"https:\/\/aem.hr\/dina-siljeg-vrsnjacko-nasilje-uzroci-prepoznavanje-i-posljedice\/","og_site_name":"Agencija za elektroni\u010dke medije","article_modified_time":"2026-03-24T12:42:48+00:00","twitter_card":"summary_large_image","twitter_misc":{"Est. reading time":"1 minute"},"schema":{"@context":"https:\/\/schema.org","@graph":[{"@type":"WebPage","@id":"https:\/\/aem.hr\/dina-siljeg-vrsnjacko-nasilje-uzroci-prepoznavanje-i-posljedice\/","url":"https:\/\/aem.hr\/dina-siljeg-vrsnjacko-nasilje-uzroci-prepoznavanje-i-posljedice\/","name":"Dina \u0160iljeg - Vr\u0161nja\u010dko nasilje, uzroci, prepoznavanje i posljedice - Agencija za elektroni\u010dke medije","isPartOf":{"@id":"https:\/\/aem.hr\/#website"},"datePublished":"2026-03-24T12:42:47+00:00","dateModified":"2026-03-24T12:42:48+00:00","breadcrumb":{"@id":"https:\/\/aem.hr\/dina-siljeg-vrsnjacko-nasilje-uzroci-prepoznavanje-i-posljedice\/#breadcrumb"},"inLanguage":"en-US","potentialAction":[{"@type":"ReadAction","target":["https:\/\/aem.hr\/dina-siljeg-vrsnjacko-nasilje-uzroci-prepoznavanje-i-posljedice\/"]}]},{"@type":"BreadcrumbList","@id":"https:\/\/aem.hr\/dina-siljeg-vrsnjacko-nasilje-uzroci-prepoznavanje-i-posljedice\/#breadcrumb","itemListElement":[{"@type":"ListItem","position":1,"name":"Po\u010detna stranica","item":"https:\/\/aem.hr\/"},{"@type":"ListItem","position":2,"name":"Dina \u0160iljeg &#8211; Vr\u0161nja\u010dko nasilje, uzroci, prepoznavanje i posljedice"}]},{"@type":"WebSite","@id":"https:\/\/aem.hr\/#website","url":"https:\/\/aem.hr\/","name":"Agencija za elektroni\u010dke medije","description":"","potentialAction":[{"@type":"SearchAction","target":{"@type":"EntryPoint","urlTemplate":"https:\/\/aem.hr\/?s={search_term_string}"},"query-input":{"@type":"PropertyValueSpecification","valueRequired":true,"valueName":"search_term_string"}}],"inLanguage":"en-US"}]}},"coauthors":[],"author_meta":{"author_link":"https:\/\/aem.hr\/en\/blog\/author\/mkirac\/","display_name":"Matko Kirac"},"relative_dates":{"created":"Posted 3 weeks ago","modified":"Updated 3 weeks ago"},"absolute_dates":{"created":"Posted on 24. March 2026.","modified":"Updated on 24. March 2026."},"absolute_dates_time":{"created":"Posted on 24. March 2026. 13:42","modified":"Updated on 24. March 2026. 13:42"},"featured_img_caption":"","featured_img":false,"series_order":"","_links":{"self":[{"href":"https:\/\/aem.hr\/en\/wp-json\/wp\/v2\/pages\/25135","targetHints":{"allow":["GET"]}}],"collection":[{"href":"https:\/\/aem.hr\/en\/wp-json\/wp\/v2\/pages"}],"about":[{"href":"https:\/\/aem.hr\/en\/wp-json\/wp\/v2\/types\/page"}],"author":[{"embeddable":true,"href":"https:\/\/aem.hr\/en\/wp-json\/wp\/v2\/users\/18"}],"replies":[{"embeddable":true,"href":"https:\/\/aem.hr\/en\/wp-json\/wp\/v2\/comments?post=25135"}],"version-history":[{"count":1,"href":"https:\/\/aem.hr\/en\/wp-json\/wp\/v2\/pages\/25135\/revisions"}],"predecessor-version":[{"id":25149,"href":"https:\/\/aem.hr\/en\/wp-json\/wp\/v2\/pages\/25135\/revisions\/25149"}],"wp:attachment":[{"href":"https:\/\/aem.hr\/en\/wp-json\/wp\/v2\/media?parent=25135"}],"curies":[{"name":"wp","href":"https:\/\/api.w.org\/{rel}","templated":true}]}}