{"id":25151,"date":"2026-03-24T13:45:52","date_gmt":"2026-03-24T12:45:52","guid":{"rendered":"https:\/\/aem.hr\/?page_id=25151"},"modified":"2026-03-24T13:45:53","modified_gmt":"2026-03-24T12:45:53","slug":"pero-jurisin-problem-nestalih-osoba-u-domovinskom-ratu-k-istini-a-protiv-politickih-manipulacija","status":"publish","type":"page","link":"https:\/\/aem.hr\/en\/pero-jurisin-problem-nestalih-osoba-u-domovinskom-ratu-k-istini-a-protiv-politickih-manipulacija\/","title":{"rendered":"Pero Juri\u0161in &#8211; Problem nestalih osoba u Domovinskom ratu &#8211; k istini, a protiv politi\u010dkih manipulacija"},"content":{"rendered":"\n<div class=\"wp-block-file\"><a id=\"wp-block-file--media-08381eef-7c37-4a45-87ad-b40777e50111\" href=\"https:\/\/aem.hr\/wp-content\/uploads\/2026\/03\/1.-PROBLEMI-NESTALIH-MOGU-SE-RJESAVATI-JEDINO.pdf\">1. PROBLEMI NESTALIH MOGU SE RJE\u0160AVATI JEDINO<\/a><a href=\"https:\/\/aem.hr\/wp-content\/uploads\/2026\/03\/1.-PROBLEMI-NESTALIH-MOGU-SE-RJESAVATI-JEDINO.pdf\" class=\"wp-block-file__button wp-element-button\" download aria-describedby=\"wp-block-file--media-08381eef-7c37-4a45-87ad-b40777e50111\">Preuzimanje<\/a><\/div>\n\n\n\n<div class=\"wp-block-file\"><a id=\"wp-block-file--media-8fe7d836-11fe-44fc-b72a-f4a6888909b9\" href=\"https:\/\/aem.hr\/wp-content\/uploads\/2026\/03\/2.-JOS-JEDNA-PROPUSTENA-PRILIKA-DA-SE-OBJEKTIVNIJE.pdf\">2. JO\u0160 JEDNA PROPU\u0160TENA PRILIKA DA SE  OBJEKTIVNIJE<\/a><a href=\"https:\/\/aem.hr\/wp-content\/uploads\/2026\/03\/2.-JOS-JEDNA-PROPUSTENA-PRILIKA-DA-SE-OBJEKTIVNIJE.pdf\" class=\"wp-block-file__button wp-element-button\" download aria-describedby=\"wp-block-file--media-8fe7d836-11fe-44fc-b72a-f4a6888909b9\">Preuzimanje<\/a><\/div>\n\n\n\n<div class=\"wp-block-file\"><a id=\"wp-block-file--media-3b8af8e1-1a40-4697-98b7-b79d08731949\" href=\"https:\/\/aem.hr\/wp-content\/uploads\/2026\/03\/3.-tekst-PROBLEMI-SURADNJE-U-OTKRIVANJU-NESTALIH.pdf\">3. tekst PROBLEMI SURADNJE U OTKRIVANJU NESTALIH<\/a><a href=\"https:\/\/aem.hr\/wp-content\/uploads\/2026\/03\/3.-tekst-PROBLEMI-SURADNJE-U-OTKRIVANJU-NESTALIH.pdf\" class=\"wp-block-file__button wp-element-button\" download aria-describedby=\"wp-block-file--media-3b8af8e1-1a40-4697-98b7-b79d08731949\">Preuzimanje<\/a><\/div>\n\n\n\n<div class=\"wp-block-file\"><a id=\"wp-block-file--media-c160221b-7f42-4f7c-be0a-82dec9397628\" href=\"https:\/\/aem.hr\/wp-content\/uploads\/2026\/03\/4.-ISTICANJEM-SAMO-JEDNIH-A-PRESUCIVANJEM.pdf\">4. ISTICANJEM SAMO JEDNIH, A PRE\u0160U\u0106IVANJEM<\/a><a href=\"https:\/\/aem.hr\/wp-content\/uploads\/2026\/03\/4.-ISTICANJEM-SAMO-JEDNIH-A-PRESUCIVANJEM.pdf\" class=\"wp-block-file__button wp-element-button\" download aria-describedby=\"wp-block-file--media-c160221b-7f42-4f7c-be0a-82dec9397628\">Preuzimanje<\/a><\/div>\n\n\n\n<div class=\"wp-block-file\"><a id=\"wp-block-file--media-4d88af9d-43ce-49b1-83f5-284aced00d3a\" href=\"https:\/\/aem.hr\/wp-content\/uploads\/2026\/03\/5.-PITANJE-NESTALIH-I-DALJE-JE-JEDNO-OD-KLJUCNIH.pdf\">5. PITANJE NESTALIH I DALJE JE JEDNO OD KLJU\u010cNIH<\/a><a href=\"https:\/\/aem.hr\/wp-content\/uploads\/2026\/03\/5.-PITANJE-NESTALIH-I-DALJE-JE-JEDNO-OD-KLJUCNIH.pdf\" class=\"wp-block-file__button wp-element-button\" download aria-describedby=\"wp-block-file--media-4d88af9d-43ce-49b1-83f5-284aced00d3a\">Preuzimanje<\/a><\/div>\n\n\n\n<div class=\"wp-block-file\"><a id=\"wp-block-file--media-c1cd395c-dc1d-4cf0-a286-c80980e13201\" href=\"https:\/\/aem.hr\/wp-content\/uploads\/2026\/03\/6.-MEDUNARODNA-KONFERENCIJA-O-NESTALIMA.pdf\">6. ME\u0110UNARODNA KONFERENCIJA O NESTALIMA<\/a><a href=\"https:\/\/aem.hr\/wp-content\/uploads\/2026\/03\/6.-MEDUNARODNA-KONFERENCIJA-O-NESTALIMA.pdf\" class=\"wp-block-file__button wp-element-button\" download aria-describedby=\"wp-block-file--media-c1cd395c-dc1d-4cf0-a286-c80980e13201\">Preuzimanje<\/a><\/div>\n\n\n\n<div class=\"wp-block-file\"><a id=\"wp-block-file--media-c242fec8-9c6b-4998-83d5-0d5d8cecd1d7\" href=\"https:\/\/aem.hr\/wp-content\/uploads\/2026\/03\/7.-NARUSENI-MEDUDRZAVNI-ODNOSI-OTEZAVAJU.pdf\">7. NARU\u0160ENI ME\u0110UDR\u017dAVNI ODNOSI OTE\u017dAVAJU<\/a><a href=\"https:\/\/aem.hr\/wp-content\/uploads\/2026\/03\/7.-NARUSENI-MEDUDRZAVNI-ODNOSI-OTEZAVAJU.pdf\" class=\"wp-block-file__button wp-element-button\" download aria-describedby=\"wp-block-file--media-c242fec8-9c6b-4998-83d5-0d5d8cecd1d7\">Preuzimanje<\/a><\/div>\n\n\n\n<div class=\"wp-block-file\"><a id=\"wp-block-file--media-932a2a14-01cb-496b-9b5b-8ab66f4794e6\" href=\"https:\/\/aem.hr\/wp-content\/uploads\/2026\/03\/8.-NESTALI-SU-APSOLUTNI-PRIORITET.pdf\">8. NESTALI SU APSOLUTNI PRIORITET<\/a><a href=\"https:\/\/aem.hr\/wp-content\/uploads\/2026\/03\/8.-NESTALI-SU-APSOLUTNI-PRIORITET.pdf\" class=\"wp-block-file__button wp-element-button\" download aria-describedby=\"wp-block-file--media-932a2a14-01cb-496b-9b5b-8ab66f4794e6\">Preuzimanje<\/a><\/div>\n\n\n\n<div class=\"wp-block-file\"><a id=\"wp-block-file--media-dbbd467e-e41e-4a1b-be4b-9ef0f8f9cedb\" href=\"https:\/\/aem.hr\/wp-content\/uploads\/2026\/03\/9.-NITKO-NE-RADI-DOVOLJNO-NA-RJESAVANJU.pdf\">9. NITKO NE RADI DOVOLJNO NA RJE\u0160AVANJU<\/a><a href=\"https:\/\/aem.hr\/wp-content\/uploads\/2026\/03\/9.-NITKO-NE-RADI-DOVOLJNO-NA-RJESAVANJU.pdf\" class=\"wp-block-file__button wp-element-button\" download aria-describedby=\"wp-block-file--media-dbbd467e-e41e-4a1b-be4b-9ef0f8f9cedb\">Preuzimanje<\/a><\/div>\n\n\n\n<div class=\"wp-block-file\"><a id=\"wp-block-file--media-47543a46-b300-4207-9a73-09955e723394\" href=\"https:\/\/aem.hr\/wp-content\/uploads\/2026\/03\/10.-PROBLEM-NESTALIH-PREDMET-JE-STALNIH-MANIPULACIJA.pdf\">10. PROBLEM NESTALIH PREDMET JE STALNIH MANIPULACIJA<\/a><a href=\"https:\/\/aem.hr\/wp-content\/uploads\/2026\/03\/10.-PROBLEM-NESTALIH-PREDMET-JE-STALNIH-MANIPULACIJA.pdf\" class=\"wp-block-file__button wp-element-button\" download aria-describedby=\"wp-block-file--media-47543a46-b300-4207-9a73-09955e723394\">Preuzimanje<\/a><\/div>\n","protected":false},"excerpt":{"rendered":"","protected":false},"author":18,"featured_media":0,"parent":0,"menu_order":0,"comment_status":"closed","ping_status":"closed","template":"","meta":{"_acf_changed":false,"inline_featured_image":false,"advgb_blocks_editor_width":"","advgb_blocks_columns_visual_guide":"","_links_to":"","_links_to_type":0,"footnotes":""},"class_list":["post-25151","page","type-page","status-publish","hentry"],"acf":[],"yoast_head":"<!-- This site is optimized with the Yoast SEO plugin v25.7 - https:\/\/yoast.com\/wordpress\/plugins\/seo\/ -->\n<title>Pero Juri\u0161in - Problem nestalih osoba u Domovinskom ratu - k istini, a protiv politi\u010dkih manipulacija - Agencija za elektroni\u010dke medije<\/title>\n<meta name=\"robots\" content=\"index, follow, max-snippet:-1, max-image-preview:large, max-video-preview:-1\" \/>\n<link rel=\"canonical\" href=\"https:\/\/aem.hr\/pero-jurisin-problem-nestalih-osoba-u-domovinskom-ratu-k-istini-a-protiv-politickih-manipulacija\/\" \/>\n<meta property=\"og:locale\" content=\"en_US\" \/>\n<meta property=\"og:type\" content=\"article\" \/>\n<meta property=\"og:title\" content=\"Pero Juri\u0161in - Problem nestalih osoba u Domovinskom ratu - k istini, a protiv politi\u010dkih manipulacija - Agencija za elektroni\u010dke medije\" \/>\n<meta property=\"og:url\" content=\"https:\/\/aem.hr\/pero-jurisin-problem-nestalih-osoba-u-domovinskom-ratu-k-istini-a-protiv-politickih-manipulacija\/\" \/>\n<meta property=\"og:site_name\" content=\"Agencija za elektroni\u010dke medije\" \/>\n<meta property=\"article:modified_time\" content=\"2026-03-24T12:45:53+00:00\" \/>\n<meta name=\"twitter:card\" content=\"summary_large_image\" \/>\n<meta name=\"twitter:label1\" content=\"Est. reading time\" \/>\n\t<meta name=\"twitter:data1\" content=\"1 minute\" \/>\n<script type=\"application\/ld+json\" class=\"yoast-schema-graph\">{\"@context\":\"https:\/\/schema.org\",\"@graph\":[{\"@type\":\"WebPage\",\"@id\":\"https:\/\/aem.hr\/pero-jurisin-problem-nestalih-osoba-u-domovinskom-ratu-k-istini-a-protiv-politickih-manipulacija\/\",\"url\":\"https:\/\/aem.hr\/pero-jurisin-problem-nestalih-osoba-u-domovinskom-ratu-k-istini-a-protiv-politickih-manipulacija\/\",\"name\":\"Pero Juri\u0161in - Problem nestalih osoba u Domovinskom ratu - k istini, a protiv politi\u010dkih manipulacija - Agencija za elektroni\u010dke medije\",\"isPartOf\":{\"@id\":\"https:\/\/aem.hr\/#website\"},\"datePublished\":\"2026-03-24T12:45:52+00:00\",\"dateModified\":\"2026-03-24T12:45:53+00:00\",\"breadcrumb\":{\"@id\":\"https:\/\/aem.hr\/pero-jurisin-problem-nestalih-osoba-u-domovinskom-ratu-k-istini-a-protiv-politickih-manipulacija\/#breadcrumb\"},\"inLanguage\":\"en-US\",\"potentialAction\":[{\"@type\":\"ReadAction\",\"target\":[\"https:\/\/aem.hr\/pero-jurisin-problem-nestalih-osoba-u-domovinskom-ratu-k-istini-a-protiv-politickih-manipulacija\/\"]}]},{\"@type\":\"BreadcrumbList\",\"@id\":\"https:\/\/aem.hr\/pero-jurisin-problem-nestalih-osoba-u-domovinskom-ratu-k-istini-a-protiv-politickih-manipulacija\/#breadcrumb\",\"itemListElement\":[{\"@type\":\"ListItem\",\"position\":1,\"name\":\"Po\u010detna stranica\",\"item\":\"https:\/\/aem.hr\/\"},{\"@type\":\"ListItem\",\"position\":2,\"name\":\"Pero Juri\u0161in &#8211; Problem nestalih osoba u Domovinskom ratu &#8211; k istini, a protiv politi\u010dkih manipulacija\"}]},{\"@type\":\"WebSite\",\"@id\":\"https:\/\/aem.hr\/#website\",\"url\":\"https:\/\/aem.hr\/\",\"name\":\"Agencija za elektroni\u010dke medije\",\"description\":\"\",\"potentialAction\":[{\"@type\":\"SearchAction\",\"target\":{\"@type\":\"EntryPoint\",\"urlTemplate\":\"https:\/\/aem.hr\/?s={search_term_string}\"},\"query-input\":{\"@type\":\"PropertyValueSpecification\",\"valueRequired\":true,\"valueName\":\"search_term_string\"}}],\"inLanguage\":\"en-US\"}]}<\/script>\n<!-- \/ Yoast SEO plugin. -->","yoast_head_json":{"title":"Pero Juri\u0161in - Problem nestalih osoba u Domovinskom ratu - k istini, a protiv politi\u010dkih manipulacija - Agencija za elektroni\u010dke medije","robots":{"index":"index","follow":"follow","max-snippet":"max-snippet:-1","max-image-preview":"max-image-preview:large","max-video-preview":"max-video-preview:-1"},"canonical":"https:\/\/aem.hr\/pero-jurisin-problem-nestalih-osoba-u-domovinskom-ratu-k-istini-a-protiv-politickih-manipulacija\/","og_locale":"en_US","og_type":"article","og_title":"Pero Juri\u0161in - Problem nestalih osoba u Domovinskom ratu - k istini, a protiv politi\u010dkih manipulacija - Agencija za elektroni\u010dke medije","og_url":"https:\/\/aem.hr\/pero-jurisin-problem-nestalih-osoba-u-domovinskom-ratu-k-istini-a-protiv-politickih-manipulacija\/","og_site_name":"Agencija za elektroni\u010dke medije","article_modified_time":"2026-03-24T12:45:53+00:00","twitter_card":"summary_large_image","twitter_misc":{"Est. reading time":"1 minute"},"schema":{"@context":"https:\/\/schema.org","@graph":[{"@type":"WebPage","@id":"https:\/\/aem.hr\/pero-jurisin-problem-nestalih-osoba-u-domovinskom-ratu-k-istini-a-protiv-politickih-manipulacija\/","url":"https:\/\/aem.hr\/pero-jurisin-problem-nestalih-osoba-u-domovinskom-ratu-k-istini-a-protiv-politickih-manipulacija\/","name":"Pero Juri\u0161in - Problem nestalih osoba u Domovinskom ratu - k istini, a protiv politi\u010dkih manipulacija - Agencija za elektroni\u010dke medije","isPartOf":{"@id":"https:\/\/aem.hr\/#website"},"datePublished":"2026-03-24T12:45:52+00:00","dateModified":"2026-03-24T12:45:53+00:00","breadcrumb":{"@id":"https:\/\/aem.hr\/pero-jurisin-problem-nestalih-osoba-u-domovinskom-ratu-k-istini-a-protiv-politickih-manipulacija\/#breadcrumb"},"inLanguage":"en-US","potentialAction":[{"@type":"ReadAction","target":["https:\/\/aem.hr\/pero-jurisin-problem-nestalih-osoba-u-domovinskom-ratu-k-istini-a-protiv-politickih-manipulacija\/"]}]},{"@type":"BreadcrumbList","@id":"https:\/\/aem.hr\/pero-jurisin-problem-nestalih-osoba-u-domovinskom-ratu-k-istini-a-protiv-politickih-manipulacija\/#breadcrumb","itemListElement":[{"@type":"ListItem","position":1,"name":"Po\u010detna stranica","item":"https:\/\/aem.hr\/"},{"@type":"ListItem","position":2,"name":"Pero Juri\u0161in &#8211; Problem nestalih osoba u Domovinskom ratu &#8211; k istini, a protiv politi\u010dkih manipulacija"}]},{"@type":"WebSite","@id":"https:\/\/aem.hr\/#website","url":"https:\/\/aem.hr\/","name":"Agencija za elektroni\u010dke medije","description":"","potentialAction":[{"@type":"SearchAction","target":{"@type":"EntryPoint","urlTemplate":"https:\/\/aem.hr\/?s={search_term_string}"},"query-input":{"@type":"PropertyValueSpecification","valueRequired":true,"valueName":"search_term_string"}}],"inLanguage":"en-US"}]}},"coauthors":[],"author_meta":{"author_link":"https:\/\/aem.hr\/en\/blog\/author\/mkirac\/","display_name":"Matko Kirac"},"relative_dates":{"created":"Posted 3 weeks ago","modified":"Updated 3 weeks ago"},"absolute_dates":{"created":"Posted on 24. March 2026.","modified":"Updated on 24. March 2026."},"absolute_dates_time":{"created":"Posted on 24. March 2026. 13:45","modified":"Updated on 24. March 2026. 13:45"},"featured_img_caption":"","featured_img":false,"series_order":"","_links":{"self":[{"href":"https:\/\/aem.hr\/en\/wp-json\/wp\/v2\/pages\/25151","targetHints":{"allow":["GET"]}}],"collection":[{"href":"https:\/\/aem.hr\/en\/wp-json\/wp\/v2\/pages"}],"about":[{"href":"https:\/\/aem.hr\/en\/wp-json\/wp\/v2\/types\/page"}],"author":[{"embeddable":true,"href":"https:\/\/aem.hr\/en\/wp-json\/wp\/v2\/users\/18"}],"replies":[{"embeddable":true,"href":"https:\/\/aem.hr\/en\/wp-json\/wp\/v2\/comments?post=25151"}],"version-history":[{"count":1,"href":"https:\/\/aem.hr\/en\/wp-json\/wp\/v2\/pages\/25151\/revisions"}],"predecessor-version":[{"id":25173,"href":"https:\/\/aem.hr\/en\/wp-json\/wp\/v2\/pages\/25151\/revisions\/25173"}],"wp:attachment":[{"href":"https:\/\/aem.hr\/en\/wp-json\/wp\/v2\/media?parent=25151"}],"curies":[{"name":"wp","href":"https:\/\/api.w.org\/{rel}","templated":true}]}}