{"id":25602,"date":"2026-04-09T10:47:00","date_gmt":"2026-04-09T08:47:00","guid":{"rendered":"https:\/\/aem.hr\/?page_id=25602"},"modified":"2026-04-09T10:47:01","modified_gmt":"2026-04-09T08:47:01","slug":"dubravko-jagatic-popularna-glazba-kao-polaziste-za-dobar-biznis","status":"publish","type":"page","link":"https:\/\/aem.hr\/en\/dubravko-jagatic-popularna-glazba-kao-polaziste-za-dobar-biznis\/","title":{"rendered":"Dubravko Jagati\u0107 &#8211; Popularna glazba kao polazi\u0161te za dobar biznis"},"content":{"rendered":"\n<div class=\"wp-block-file\"><a id=\"wp-block-file--media-b62d585a-a9cb-461e-971c-cf5f94dd2d8f\" href=\"https:\/\/aem.hr\/wp-content\/uploads\/2026\/04\/1.-Zasto-se-tako-rijetko-u-Hrvatsko.pdf\">1. Za\u0161to se tako rijetko u Hrvatsko<\/a><a href=\"https:\/\/aem.hr\/wp-content\/uploads\/2026\/04\/1.-Zasto-se-tako-rijetko-u-Hrvatsko.pdf\" class=\"wp-block-file__button wp-element-button\" download aria-describedby=\"wp-block-file--media-b62d585a-a9cb-461e-971c-cf5f94dd2d8f\">Preuzimanje<\/a><\/div>\n\n\n\n<div class=\"wp-block-file\"><a id=\"wp-block-file--media-f3cb854f-7f50-474e-90cf-c7976d29a4a0\" href=\"https:\/\/aem.hr\/wp-content\/uploads\/2026\/04\/2.-Mogu-li-diskografi-zivjeti-bez-muzicara.pdf\">2. Mogu li diskografi \u017eivjeti bez muzi\u010dara<\/a><a href=\"https:\/\/aem.hr\/wp-content\/uploads\/2026\/04\/2.-Mogu-li-diskografi-zivjeti-bez-muzicara.pdf\" class=\"wp-block-file__button wp-element-button\" download aria-describedby=\"wp-block-file--media-f3cb854f-7f50-474e-90cf-c7976d29a4a0\">Preuzimanje<\/a><\/div>\n\n\n\n<div class=\"wp-block-file\"><a id=\"wp-block-file--media-1b147f53-d483-4b58-89c6-a70df72e47a3\" href=\"https:\/\/aem.hr\/wp-content\/uploads\/2026\/04\/3.-Muzej-hrvatskog-rocknrolla.pdf\">3. Muzej hrvatskog rock&#8217;n&#8217;rolla<\/a><a href=\"https:\/\/aem.hr\/wp-content\/uploads\/2026\/04\/3.-Muzej-hrvatskog-rocknrolla.pdf\" class=\"wp-block-file__button wp-element-button\" download aria-describedby=\"wp-block-file--media-1b147f53-d483-4b58-89c6-a70df72e47a3\">Preuzimanje<\/a><\/div>\n\n\n\n<div class=\"wp-block-file\"><a id=\"wp-block-file--media-e59ca0f8-dcd7-402c-bf12-1525e6d6bcec\" href=\"https:\/\/aem.hr\/wp-content\/uploads\/2026\/04\/4.-Kako-muzicari-zaraduju-dok-ne-sviraju.pdf\">4. Kako muzi\u010dari zara\u0111uju dok ne sviraju<\/a><a href=\"https:\/\/aem.hr\/wp-content\/uploads\/2026\/04\/4.-Kako-muzicari-zaraduju-dok-ne-sviraju.pdf\" class=\"wp-block-file__button wp-element-button\" download aria-describedby=\"wp-block-file--media-e59ca0f8-dcd7-402c-bf12-1525e6d6bcec\">Preuzimanje<\/a><\/div>\n\n\n\n<div class=\"wp-block-file\"><a id=\"wp-block-file--media-a2536e65-ee7a-4e99-96ec-47b83a5169cd\" href=\"https:\/\/aem.hr\/wp-content\/uploads\/2026\/04\/5.-Tko-pise-zivote-nasih-rock-heroja.pdf\">5. Tko pi\u0161e \u017eivote na\u0161ih rock heroja<\/a><a href=\"https:\/\/aem.hr\/wp-content\/uploads\/2026\/04\/5.-Tko-pise-zivote-nasih-rock-heroja.pdf\" class=\"wp-block-file__button wp-element-button\" download aria-describedby=\"wp-block-file--media-a2536e65-ee7a-4e99-96ec-47b83a5169cd\">Preuzimanje<\/a><\/div>\n","protected":false},"excerpt":{"rendered":"","protected":false},"author":18,"featured_media":0,"parent":0,"menu_order":0,"comment_status":"closed","ping_status":"closed","template":"","meta":{"_acf_changed":false,"inline_featured_image":false,"advgb_blocks_editor_width":"","advgb_blocks_columns_visual_guide":"","_links_to":"","_links_to_type":0,"footnotes":""},"class_list":["post-25602","page","type-page","status-publish","hentry"],"acf":[],"yoast_head":"<!-- This site is optimized with the Yoast SEO plugin v25.7 - https:\/\/yoast.com\/wordpress\/plugins\/seo\/ -->\n<title>Dubravko Jagati\u0107 - Popularna glazba kao polazi\u0161te za dobar biznis - Agencija za elektroni\u010dke medije<\/title>\n<meta name=\"robots\" content=\"index, follow, max-snippet:-1, max-image-preview:large, max-video-preview:-1\" \/>\n<link rel=\"canonical\" href=\"https:\/\/aem.hr\/dubravko-jagatic-popularna-glazba-kao-polaziste-za-dobar-biznis\/\" \/>\n<meta property=\"og:locale\" content=\"en_US\" \/>\n<meta property=\"og:type\" content=\"article\" \/>\n<meta property=\"og:title\" content=\"Dubravko Jagati\u0107 - Popularna glazba kao polazi\u0161te za dobar biznis - Agencija za elektroni\u010dke medije\" \/>\n<meta property=\"og:url\" content=\"https:\/\/aem.hr\/dubravko-jagatic-popularna-glazba-kao-polaziste-za-dobar-biznis\/\" \/>\n<meta property=\"og:site_name\" content=\"Agencija za elektroni\u010dke medije\" \/>\n<meta property=\"article:modified_time\" content=\"2026-04-09T08:47:01+00:00\" \/>\n<meta name=\"twitter:card\" content=\"summary_large_image\" \/>\n<meta name=\"twitter:label1\" content=\"Est. reading time\" \/>\n\t<meta name=\"twitter:data1\" content=\"1 minute\" \/>\n<script type=\"application\/ld+json\" class=\"yoast-schema-graph\">{\"@context\":\"https:\/\/schema.org\",\"@graph\":[{\"@type\":\"WebPage\",\"@id\":\"https:\/\/aem.hr\/dubravko-jagatic-popularna-glazba-kao-polaziste-za-dobar-biznis\/\",\"url\":\"https:\/\/aem.hr\/dubravko-jagatic-popularna-glazba-kao-polaziste-za-dobar-biznis\/\",\"name\":\"Dubravko Jagati\u0107 - Popularna glazba kao polazi\u0161te za dobar biznis - Agencija za elektroni\u010dke medije\",\"isPartOf\":{\"@id\":\"https:\/\/aem.hr\/#website\"},\"datePublished\":\"2026-04-09T08:47:00+00:00\",\"dateModified\":\"2026-04-09T08:47:01+00:00\",\"breadcrumb\":{\"@id\":\"https:\/\/aem.hr\/dubravko-jagatic-popularna-glazba-kao-polaziste-za-dobar-biznis\/#breadcrumb\"},\"inLanguage\":\"en-US\",\"potentialAction\":[{\"@type\":\"ReadAction\",\"target\":[\"https:\/\/aem.hr\/dubravko-jagatic-popularna-glazba-kao-polaziste-za-dobar-biznis\/\"]}]},{\"@type\":\"BreadcrumbList\",\"@id\":\"https:\/\/aem.hr\/dubravko-jagatic-popularna-glazba-kao-polaziste-za-dobar-biznis\/#breadcrumb\",\"itemListElement\":[{\"@type\":\"ListItem\",\"position\":1,\"name\":\"Po\u010detna stranica\",\"item\":\"https:\/\/aem.hr\/\"},{\"@type\":\"ListItem\",\"position\":2,\"name\":\"Dubravko Jagati\u0107 &#8211; Popularna glazba kao polazi\u0161te za dobar biznis\"}]},{\"@type\":\"WebSite\",\"@id\":\"https:\/\/aem.hr\/#website\",\"url\":\"https:\/\/aem.hr\/\",\"name\":\"Agencija za elektroni\u010dke medije\",\"description\":\"\",\"potentialAction\":[{\"@type\":\"SearchAction\",\"target\":{\"@type\":\"EntryPoint\",\"urlTemplate\":\"https:\/\/aem.hr\/?s={search_term_string}\"},\"query-input\":{\"@type\":\"PropertyValueSpecification\",\"valueRequired\":true,\"valueName\":\"search_term_string\"}}],\"inLanguage\":\"en-US\"}]}<\/script>\n<!-- \/ Yoast SEO plugin. -->","yoast_head_json":{"title":"Dubravko Jagati\u0107 - Popularna glazba kao polazi\u0161te za dobar biznis - Agencija za elektroni\u010dke medije","robots":{"index":"index","follow":"follow","max-snippet":"max-snippet:-1","max-image-preview":"max-image-preview:large","max-video-preview":"max-video-preview:-1"},"canonical":"https:\/\/aem.hr\/dubravko-jagatic-popularna-glazba-kao-polaziste-za-dobar-biznis\/","og_locale":"en_US","og_type":"article","og_title":"Dubravko Jagati\u0107 - Popularna glazba kao polazi\u0161te za dobar biznis - Agencija za elektroni\u010dke medije","og_url":"https:\/\/aem.hr\/dubravko-jagatic-popularna-glazba-kao-polaziste-za-dobar-biznis\/","og_site_name":"Agencija za elektroni\u010dke medije","article_modified_time":"2026-04-09T08:47:01+00:00","twitter_card":"summary_large_image","twitter_misc":{"Est. reading time":"1 minute"},"schema":{"@context":"https:\/\/schema.org","@graph":[{"@type":"WebPage","@id":"https:\/\/aem.hr\/dubravko-jagatic-popularna-glazba-kao-polaziste-za-dobar-biznis\/","url":"https:\/\/aem.hr\/dubravko-jagatic-popularna-glazba-kao-polaziste-za-dobar-biznis\/","name":"Dubravko Jagati\u0107 - Popularna glazba kao polazi\u0161te za dobar biznis - Agencija za elektroni\u010dke medije","isPartOf":{"@id":"https:\/\/aem.hr\/#website"},"datePublished":"2026-04-09T08:47:00+00:00","dateModified":"2026-04-09T08:47:01+00:00","breadcrumb":{"@id":"https:\/\/aem.hr\/dubravko-jagatic-popularna-glazba-kao-polaziste-za-dobar-biznis\/#breadcrumb"},"inLanguage":"en-US","potentialAction":[{"@type":"ReadAction","target":["https:\/\/aem.hr\/dubravko-jagatic-popularna-glazba-kao-polaziste-za-dobar-biznis\/"]}]},{"@type":"BreadcrumbList","@id":"https:\/\/aem.hr\/dubravko-jagatic-popularna-glazba-kao-polaziste-za-dobar-biznis\/#breadcrumb","itemListElement":[{"@type":"ListItem","position":1,"name":"Po\u010detna stranica","item":"https:\/\/aem.hr\/"},{"@type":"ListItem","position":2,"name":"Dubravko Jagati\u0107 &#8211; Popularna glazba kao polazi\u0161te za dobar biznis"}]},{"@type":"WebSite","@id":"https:\/\/aem.hr\/#website","url":"https:\/\/aem.hr\/","name":"Agencija za elektroni\u010dke medije","description":"","potentialAction":[{"@type":"SearchAction","target":{"@type":"EntryPoint","urlTemplate":"https:\/\/aem.hr\/?s={search_term_string}"},"query-input":{"@type":"PropertyValueSpecification","valueRequired":true,"valueName":"search_term_string"}}],"inLanguage":"en-US"}]}},"coauthors":[],"author_meta":{"author_link":"https:\/\/aem.hr\/en\/blog\/author\/mkirac\/","display_name":"Matko Kirac"},"relative_dates":{"created":"Posted 1 week ago","modified":"Updated 1 week ago"},"absolute_dates":{"created":"Posted on 9. April 2026.","modified":"Updated on 9. April 2026."},"absolute_dates_time":{"created":"Posted on 9. April 2026. 10:47","modified":"Updated on 9. April 2026. 10:47"},"featured_img_caption":"","featured_img":false,"series_order":"","_links":{"self":[{"href":"https:\/\/aem.hr\/en\/wp-json\/wp\/v2\/pages\/25602","targetHints":{"allow":["GET"]}}],"collection":[{"href":"https:\/\/aem.hr\/en\/wp-json\/wp\/v2\/pages"}],"about":[{"href":"https:\/\/aem.hr\/en\/wp-json\/wp\/v2\/types\/page"}],"author":[{"embeddable":true,"href":"https:\/\/aem.hr\/en\/wp-json\/wp\/v2\/users\/18"}],"replies":[{"embeddable":true,"href":"https:\/\/aem.hr\/en\/wp-json\/wp\/v2\/comments?post=25602"}],"version-history":[{"count":1,"href":"https:\/\/aem.hr\/en\/wp-json\/wp\/v2\/pages\/25602\/revisions"}],"predecessor-version":[{"id":25613,"href":"https:\/\/aem.hr\/en\/wp-json\/wp\/v2\/pages\/25602\/revisions\/25613"}],"wp:attachment":[{"href":"https:\/\/aem.hr\/en\/wp-json\/wp\/v2\/media?parent=25602"}],"curies":[{"name":"wp","href":"https:\/\/api.w.org\/{rel}","templated":true}]}}