{"id":25616,"date":"2026-04-09T10:48:19","date_gmt":"2026-04-09T08:48:19","guid":{"rendered":"https:\/\/aem.hr\/?page_id=25616"},"modified":"2026-04-09T10:48:20","modified_gmt":"2026-04-09T08:48:20","slug":"bruna-basic-palcici-pod-reflektorima-sveobuhvatnan-pogled-na-zivote-prijevremeno-rodene-djece","status":"publish","type":"page","link":"https:\/\/aem.hr\/en\/bruna-basic-palcici-pod-reflektorima-sveobuhvatnan-pogled-na-zivote-prijevremeno-rodene-djece\/","title":{"rendered":"Bruna Ba\u0161i\u0107 &#8211; Pal\u010di\u0107i pod reflektorima &#8211; sveobuhvatnan pogled na \u017eivote prijevremeno ro\u0111ene djece"},"content":{"rendered":"\n<div class=\"wp-block-file\"><a id=\"wp-block-file--media-9531a291-cd60-4a6b-8234-3fb794db7e02\" href=\"https:\/\/aem.hr\/wp-content\/uploads\/2026\/04\/1.-Definicija-i-vaz\u030cnost-razumijevanja.pdf\">1. Definicija i vaz\u030cnost razumijevanja<\/a><a href=\"https:\/\/aem.hr\/wp-content\/uploads\/2026\/04\/1.-Definicija-i-vaz\u030cnost-razumijevanja.pdf\" class=\"wp-block-file__button wp-element-button\" download aria-describedby=\"wp-block-file--media-9531a291-cd60-4a6b-8234-3fb794db7e02\">Preuzimanje<\/a><\/div>\n\n\n\n<div class=\"wp-block-file\"><a id=\"wp-block-file--media-45f483df-7ad0-4282-954b-07d594a429dc\" href=\"https:\/\/aem.hr\/wp-content\/uploads\/2026\/04\/2.-Razlika-izmedu-kronolos\u030cke-i-korigirane-dobi.pdf\">2. Razlika izme\u0111u kronolos\u030cke i korigirane dobi<\/a><a href=\"https:\/\/aem.hr\/wp-content\/uploads\/2026\/04\/2.-Razlika-izmedu-kronolos\u030cke-i-korigirane-dobi.pdf\" class=\"wp-block-file__button wp-element-button\" download aria-describedby=\"wp-block-file--media-45f483df-7ad0-4282-954b-07d594a429dc\">Preuzimanje<\/a><\/div>\n\n\n\n<div class=\"wp-block-file\"><a id=\"wp-block-file--media-fd3bea89-deb0-4117-a38b-99b8ecfe8d9c\" href=\"https:\/\/aem.hr\/wp-content\/uploads\/2026\/04\/3.-Psiholos\u030cki-i-socijalni-utjecaj-prijevremenog-rodenja.pdf\">3. Psiholos\u030cki i socijalni utjecaj prijevremenog ro\u0111enja<\/a><a href=\"https:\/\/aem.hr\/wp-content\/uploads\/2026\/04\/3.-Psiholos\u030cki-i-socijalni-utjecaj-prijevremenog-rodenja.pdf\" class=\"wp-block-file__button wp-element-button\" download aria-describedby=\"wp-block-file--media-fd3bea89-deb0-4117-a38b-99b8ecfe8d9c\">Preuzimanje<\/a><\/div>\n\n\n\n<div class=\"wp-block-file\"><a id=\"wp-block-file--media-ecfe08d2-7c7b-46c9-ab0a-b8a798f83730\" href=\"https:\/\/aem.hr\/wp-content\/uploads\/2026\/04\/4.-Kljuc\u030cni-razvojni-ishodi-prijevremeno-rodene-djece.pdf\">4. Kljuc\u030cni razvojni ishodi prijevremeno ro\u0111ene djece<\/a><a href=\"https:\/\/aem.hr\/wp-content\/uploads\/2026\/04\/4.-Kljuc\u030cni-razvojni-ishodi-prijevremeno-rodene-djece.pdf\" class=\"wp-block-file__button wp-element-button\" download aria-describedby=\"wp-block-file--media-ecfe08d2-7c7b-46c9-ab0a-b8a798f83730\">Preuzimanje<\/a><\/div>\n\n\n\n<div class=\"wp-block-file\"><a id=\"wp-block-file--media-586e37c8-cece-43f6-949f-2b58190bcff3\" href=\"https:\/\/aem.hr\/wp-content\/uploads\/2026\/04\/5.-Izazovi-roditelja-i-prilagodba-okoline-u-skrbi-za.pdf\">5. Izazovi roditelja i prilagodba okoline u skrbi za<\/a><a href=\"https:\/\/aem.hr\/wp-content\/uploads\/2026\/04\/5.-Izazovi-roditelja-i-prilagodba-okoline-u-skrbi-za.pdf\" class=\"wp-block-file__button wp-element-button\" download aria-describedby=\"wp-block-file--media-586e37c8-cece-43f6-949f-2b58190bcff3\">Preuzimanje<\/a><\/div>\n\n\n\n<div class=\"wp-block-file\"><a id=\"wp-block-file--media-d2bf671a-115f-4868-a281-12760bf846c8\" href=\"https:\/\/aem.hr\/wp-content\/uploads\/2026\/04\/6.-Sustavna-skrb-i-moguc\u0301nosti-unaprjedenja.pdf\">6. Sustavna skrb i moguc\u0301nosti unaprje\u0111enja<\/a><a href=\"https:\/\/aem.hr\/wp-content\/uploads\/2026\/04\/6.-Sustavna-skrb-i-moguc\u0301nosti-unaprjedenja.pdf\" class=\"wp-block-file__button wp-element-button\" download aria-describedby=\"wp-block-file--media-d2bf671a-115f-4868-a281-12760bf846c8\">Preuzimanje<\/a><\/div>\n","protected":false},"excerpt":{"rendered":"","protected":false},"author":18,"featured_media":0,"parent":0,"menu_order":0,"comment_status":"closed","ping_status":"closed","template":"","meta":{"_acf_changed":false,"inline_featured_image":false,"advgb_blocks_editor_width":"","advgb_blocks_columns_visual_guide":"","_links_to":"","_links_to_type":0,"footnotes":""},"class_list":["post-25616","page","type-page","status-publish","hentry"],"acf":[],"yoast_head":"<!-- This site is optimized with the Yoast SEO plugin v25.7 - https:\/\/yoast.com\/wordpress\/plugins\/seo\/ -->\n<title>Bruna Ba\u0161i\u0107 - Pal\u010di\u0107i pod reflektorima - sveobuhvatnan pogled na \u017eivote prijevremeno ro\u0111ene djece - Agencija za elektroni\u010dke medije<\/title>\n<meta name=\"robots\" content=\"index, follow, max-snippet:-1, max-image-preview:large, max-video-preview:-1\" \/>\n<link rel=\"canonical\" href=\"https:\/\/aem.hr\/bruna-basic-palcici-pod-reflektorima-sveobuhvatnan-pogled-na-zivote-prijevremeno-rodene-djece\/\" \/>\n<meta property=\"og:locale\" content=\"en_US\" \/>\n<meta property=\"og:type\" content=\"article\" \/>\n<meta property=\"og:title\" content=\"Bruna Ba\u0161i\u0107 - Pal\u010di\u0107i pod reflektorima - sveobuhvatnan pogled na \u017eivote prijevremeno ro\u0111ene djece - Agencija za elektroni\u010dke medije\" \/>\n<meta property=\"og:url\" content=\"https:\/\/aem.hr\/bruna-basic-palcici-pod-reflektorima-sveobuhvatnan-pogled-na-zivote-prijevremeno-rodene-djece\/\" \/>\n<meta property=\"og:site_name\" content=\"Agencija za elektroni\u010dke medije\" \/>\n<meta property=\"article:modified_time\" content=\"2026-04-09T08:48:20+00:00\" \/>\n<meta name=\"twitter:card\" content=\"summary_large_image\" \/>\n<meta name=\"twitter:label1\" content=\"Est. reading time\" \/>\n\t<meta name=\"twitter:data1\" content=\"1 minute\" \/>\n<script type=\"application\/ld+json\" class=\"yoast-schema-graph\">{\"@context\":\"https:\/\/schema.org\",\"@graph\":[{\"@type\":\"WebPage\",\"@id\":\"https:\/\/aem.hr\/bruna-basic-palcici-pod-reflektorima-sveobuhvatnan-pogled-na-zivote-prijevremeno-rodene-djece\/\",\"url\":\"https:\/\/aem.hr\/bruna-basic-palcici-pod-reflektorima-sveobuhvatnan-pogled-na-zivote-prijevremeno-rodene-djece\/\",\"name\":\"Bruna Ba\u0161i\u0107 - Pal\u010di\u0107i pod reflektorima - sveobuhvatnan pogled na \u017eivote prijevremeno ro\u0111ene djece - Agencija za elektroni\u010dke medije\",\"isPartOf\":{\"@id\":\"https:\/\/aem.hr\/#website\"},\"datePublished\":\"2026-04-09T08:48:19+00:00\",\"dateModified\":\"2026-04-09T08:48:20+00:00\",\"breadcrumb\":{\"@id\":\"https:\/\/aem.hr\/bruna-basic-palcici-pod-reflektorima-sveobuhvatnan-pogled-na-zivote-prijevremeno-rodene-djece\/#breadcrumb\"},\"inLanguage\":\"en-US\",\"potentialAction\":[{\"@type\":\"ReadAction\",\"target\":[\"https:\/\/aem.hr\/bruna-basic-palcici-pod-reflektorima-sveobuhvatnan-pogled-na-zivote-prijevremeno-rodene-djece\/\"]}]},{\"@type\":\"BreadcrumbList\",\"@id\":\"https:\/\/aem.hr\/bruna-basic-palcici-pod-reflektorima-sveobuhvatnan-pogled-na-zivote-prijevremeno-rodene-djece\/#breadcrumb\",\"itemListElement\":[{\"@type\":\"ListItem\",\"position\":1,\"name\":\"Po\u010detna stranica\",\"item\":\"https:\/\/aem.hr\/\"},{\"@type\":\"ListItem\",\"position\":2,\"name\":\"Bruna Ba\u0161i\u0107 &#8211; Pal\u010di\u0107i pod reflektorima &#8211; sveobuhvatnan pogled na \u017eivote prijevremeno ro\u0111ene djece\"}]},{\"@type\":\"WebSite\",\"@id\":\"https:\/\/aem.hr\/#website\",\"url\":\"https:\/\/aem.hr\/\",\"name\":\"Agencija za elektroni\u010dke medije\",\"description\":\"\",\"potentialAction\":[{\"@type\":\"SearchAction\",\"target\":{\"@type\":\"EntryPoint\",\"urlTemplate\":\"https:\/\/aem.hr\/?s={search_term_string}\"},\"query-input\":{\"@type\":\"PropertyValueSpecification\",\"valueRequired\":true,\"valueName\":\"search_term_string\"}}],\"inLanguage\":\"en-US\"}]}<\/script>\n<!-- \/ Yoast SEO plugin. -->","yoast_head_json":{"title":"Bruna Ba\u0161i\u0107 - Pal\u010di\u0107i pod reflektorima - sveobuhvatnan pogled na \u017eivote prijevremeno ro\u0111ene djece - Agencija za elektroni\u010dke medije","robots":{"index":"index","follow":"follow","max-snippet":"max-snippet:-1","max-image-preview":"max-image-preview:large","max-video-preview":"max-video-preview:-1"},"canonical":"https:\/\/aem.hr\/bruna-basic-palcici-pod-reflektorima-sveobuhvatnan-pogled-na-zivote-prijevremeno-rodene-djece\/","og_locale":"en_US","og_type":"article","og_title":"Bruna Ba\u0161i\u0107 - Pal\u010di\u0107i pod reflektorima - sveobuhvatnan pogled na \u017eivote prijevremeno ro\u0111ene djece - Agencija za elektroni\u010dke medije","og_url":"https:\/\/aem.hr\/bruna-basic-palcici-pod-reflektorima-sveobuhvatnan-pogled-na-zivote-prijevremeno-rodene-djece\/","og_site_name":"Agencija za elektroni\u010dke medije","article_modified_time":"2026-04-09T08:48:20+00:00","twitter_card":"summary_large_image","twitter_misc":{"Est. reading time":"1 minute"},"schema":{"@context":"https:\/\/schema.org","@graph":[{"@type":"WebPage","@id":"https:\/\/aem.hr\/bruna-basic-palcici-pod-reflektorima-sveobuhvatnan-pogled-na-zivote-prijevremeno-rodene-djece\/","url":"https:\/\/aem.hr\/bruna-basic-palcici-pod-reflektorima-sveobuhvatnan-pogled-na-zivote-prijevremeno-rodene-djece\/","name":"Bruna Ba\u0161i\u0107 - Pal\u010di\u0107i pod reflektorima - sveobuhvatnan pogled na \u017eivote prijevremeno ro\u0111ene djece - Agencija za elektroni\u010dke medije","isPartOf":{"@id":"https:\/\/aem.hr\/#website"},"datePublished":"2026-04-09T08:48:19+00:00","dateModified":"2026-04-09T08:48:20+00:00","breadcrumb":{"@id":"https:\/\/aem.hr\/bruna-basic-palcici-pod-reflektorima-sveobuhvatnan-pogled-na-zivote-prijevremeno-rodene-djece\/#breadcrumb"},"inLanguage":"en-US","potentialAction":[{"@type":"ReadAction","target":["https:\/\/aem.hr\/bruna-basic-palcici-pod-reflektorima-sveobuhvatnan-pogled-na-zivote-prijevremeno-rodene-djece\/"]}]},{"@type":"BreadcrumbList","@id":"https:\/\/aem.hr\/bruna-basic-palcici-pod-reflektorima-sveobuhvatnan-pogled-na-zivote-prijevremeno-rodene-djece\/#breadcrumb","itemListElement":[{"@type":"ListItem","position":1,"name":"Po\u010detna stranica","item":"https:\/\/aem.hr\/"},{"@type":"ListItem","position":2,"name":"Bruna Ba\u0161i\u0107 &#8211; Pal\u010di\u0107i pod reflektorima &#8211; sveobuhvatnan pogled na \u017eivote prijevremeno ro\u0111ene djece"}]},{"@type":"WebSite","@id":"https:\/\/aem.hr\/#website","url":"https:\/\/aem.hr\/","name":"Agencija za elektroni\u010dke medije","description":"","potentialAction":[{"@type":"SearchAction","target":{"@type":"EntryPoint","urlTemplate":"https:\/\/aem.hr\/?s={search_term_string}"},"query-input":{"@type":"PropertyValueSpecification","valueRequired":true,"valueName":"search_term_string"}}],"inLanguage":"en-US"}]}},"coauthors":[],"author_meta":{"author_link":"https:\/\/aem.hr\/en\/blog\/author\/mkirac\/","display_name":"Matko Kirac"},"relative_dates":{"created":"Posted 1 week ago","modified":"Updated 1 week ago"},"absolute_dates":{"created":"Posted on 9. April 2026.","modified":"Updated on 9. April 2026."},"absolute_dates_time":{"created":"Posted on 9. April 2026. 10:48","modified":"Updated on 9. April 2026. 10:48"},"featured_img_caption":"","featured_img":false,"series_order":"","_links":{"self":[{"href":"https:\/\/aem.hr\/en\/wp-json\/wp\/v2\/pages\/25616","targetHints":{"allow":["GET"]}}],"collection":[{"href":"https:\/\/aem.hr\/en\/wp-json\/wp\/v2\/pages"}],"about":[{"href":"https:\/\/aem.hr\/en\/wp-json\/wp\/v2\/types\/page"}],"author":[{"embeddable":true,"href":"https:\/\/aem.hr\/en\/wp-json\/wp\/v2\/users\/18"}],"replies":[{"embeddable":true,"href":"https:\/\/aem.hr\/en\/wp-json\/wp\/v2\/comments?post=25616"}],"version-history":[{"count":1,"href":"https:\/\/aem.hr\/en\/wp-json\/wp\/v2\/pages\/25616\/revisions"}],"predecessor-version":[{"id":25630,"href":"https:\/\/aem.hr\/en\/wp-json\/wp\/v2\/pages\/25616\/revisions\/25630"}],"wp:attachment":[{"href":"https:\/\/aem.hr\/en\/wp-json\/wp\/v2\/media?parent=25616"}],"curies":[{"name":"wp","href":"https:\/\/api.w.org\/{rel}","templated":true}]}}