{"id":25656,"date":"2026-04-09T10:53:31","date_gmt":"2026-04-09T08:53:31","guid":{"rendered":"https:\/\/aem.hr\/?page_id=25656"},"modified":"2026-04-09T10:53:32","modified_gmt":"2026-04-09T08:53:32","slug":"snjezana-ivic-gerovac-uzorci-i-posljedice-zenskog-alkoholizma-od-traume-u-djetinjstvu-do-razaranja-obitelji","status":"publish","type":"page","link":"https:\/\/aem.hr\/en\/snjezana-ivic-gerovac-uzorci-i-posljedice-zenskog-alkoholizma-od-traume-u-djetinjstvu-do-razaranja-obitelji\/","title":{"rendered":"Snje\u017eana Ivi\u0107 Gerovac &#8211; Uzorci i posljedice \u017eenskog alkoholizma: od traume u djetinjstvu do razaranja obitelji"},"content":{"rendered":"\n<div class=\"wp-block-file\"><a id=\"wp-block-file--media-09fa658a-50b5-4001-aeb9-cd90a62b4b90\" href=\"https:\/\/aem.hr\/wp-content\/uploads\/2026\/04\/1.-Zasto-alkohol-ubija-zene-brze.pdf\">1. Za\u0161to alkohol ubija \u017eene br\u017ee<\/a><a href=\"https:\/\/aem.hr\/wp-content\/uploads\/2026\/04\/1.-Zasto-alkohol-ubija-zene-brze.pdf\" class=\"wp-block-file__button wp-element-button\" download aria-describedby=\"wp-block-file--media-09fa658a-50b5-4001-aeb9-cd90a62b4b90\">Preuzimanje<\/a><\/div>\n\n\n\n<div class=\"wp-block-file\"><a id=\"wp-block-file--media-4435a035-6f89-450d-b8c9-b0773a0d5cf8\" href=\"https:\/\/aem.hr\/wp-content\/uploads\/2026\/04\/2.-SLAVNE-ALKOHOLICARKE_-Utapanje-tuge.pdf\">2. SLAVNE ALKOHOLI\u010cARKE_ Utapanje tuge<\/a><a href=\"https:\/\/aem.hr\/wp-content\/uploads\/2026\/04\/2.-SLAVNE-ALKOHOLICARKE_-Utapanje-tuge.pdf\" class=\"wp-block-file__button wp-element-button\" download aria-describedby=\"wp-block-file--media-4435a035-6f89-450d-b8c9-b0773a0d5cf8\">Preuzimanje<\/a><\/div>\n\n\n\n<div class=\"wp-block-file\"><a id=\"wp-block-file--media-6245a8ef-1c96-40b8-89cd-cbf00b657d9c\" href=\"https:\/\/aem.hr\/wp-content\/uploads\/2026\/04\/3.-ALKOHOLICARKE_-Nezaposlena-sportasica.pdf\">3. ALKOHOLI\u010cARKE_ Nezaposlena, sporta\u0161ica<\/a><a href=\"https:\/\/aem.hr\/wp-content\/uploads\/2026\/04\/3.-ALKOHOLICARKE_-Nezaposlena-sportasica.pdf\" class=\"wp-block-file__button wp-element-button\" download aria-describedby=\"wp-block-file--media-6245a8ef-1c96-40b8-89cd-cbf00b657d9c\">Preuzimanje<\/a><\/div>\n\n\n\n<div class=\"wp-block-file\"><a id=\"wp-block-file--media-a85ca585-58d1-486f-ac68-0932226ef4d5\" href=\"https:\/\/aem.hr\/wp-content\/uploads\/2026\/04\/4.-DR.-ZORAN-ZORICIC.pdf\">4. DR. ZORAN ZORI\u010cI\u0106<\/a><a href=\"https:\/\/aem.hr\/wp-content\/uploads\/2026\/04\/4.-DR.-ZORAN-ZORICIC.pdf\" class=\"wp-block-file__button wp-element-button\" download aria-describedby=\"wp-block-file--media-a85ca585-58d1-486f-ac68-0932226ef4d5\">Preuzimanje<\/a><\/div>\n\n\n\n<div class=\"wp-block-file\"><a id=\"wp-block-file--media-7f4f0748-4a2d-4ddc-9392-befca33f7117\" href=\"https:\/\/aem.hr\/wp-content\/uploads\/2026\/04\/5.-Djeca-alkoholicarki.pdf\">5. Djeca alkoholi\u010darki<\/a><a href=\"https:\/\/aem.hr\/wp-content\/uploads\/2026\/04\/5.-Djeca-alkoholicarki.pdf\" class=\"wp-block-file__button wp-element-button\" download aria-describedby=\"wp-block-file--media-7f4f0748-4a2d-4ddc-9392-befca33f7117\">Preuzimanje<\/a><\/div>\n\n\n\n<div class=\"wp-block-file\"><a id=\"wp-block-file--media-e718b490-e6ed-4955-b455-1f1689a8b3a5\" href=\"https:\/\/aem.hr\/wp-content\/uploads\/2026\/04\/6.-Erik-Brezovec.pdf\">6. Erik Brezovec<\/a><a href=\"https:\/\/aem.hr\/wp-content\/uploads\/2026\/04\/6.-Erik-Brezovec.pdf\" class=\"wp-block-file__button wp-element-button\" download aria-describedby=\"wp-block-file--media-e718b490-e6ed-4955-b455-1f1689a8b3a5\">Preuzimanje<\/a><\/div>\n","protected":false},"excerpt":{"rendered":"","protected":false},"author":18,"featured_media":0,"parent":0,"menu_order":0,"comment_status":"closed","ping_status":"closed","template":"","meta":{"_acf_changed":false,"inline_featured_image":false,"advgb_blocks_editor_width":"","advgb_blocks_columns_visual_guide":"","_links_to":"","_links_to_type":0,"footnotes":""},"class_list":["post-25656","page","type-page","status-publish","hentry"],"acf":[],"yoast_head":"<!-- This site is optimized with the Yoast SEO plugin v25.7 - https:\/\/yoast.com\/wordpress\/plugins\/seo\/ -->\n<title>Snje\u017eana Ivi\u0107 Gerovac - Uzorci i posljedice \u017eenskog alkoholizma: od traume u djetinjstvu do razaranja obitelji - Agencija za elektroni\u010dke medije<\/title>\n<meta name=\"robots\" content=\"index, follow, max-snippet:-1, max-image-preview:large, max-video-preview:-1\" \/>\n<link rel=\"canonical\" href=\"https:\/\/aem.hr\/snjezana-ivic-gerovac-uzorci-i-posljedice-zenskog-alkoholizma-od-traume-u-djetinjstvu-do-razaranja-obitelji\/\" \/>\n<meta property=\"og:locale\" content=\"en_US\" \/>\n<meta property=\"og:type\" content=\"article\" \/>\n<meta property=\"og:title\" content=\"Snje\u017eana Ivi\u0107 Gerovac - Uzorci i posljedice \u017eenskog alkoholizma: od traume u djetinjstvu do razaranja obitelji - Agencija za elektroni\u010dke medije\" \/>\n<meta property=\"og:url\" content=\"https:\/\/aem.hr\/snjezana-ivic-gerovac-uzorci-i-posljedice-zenskog-alkoholizma-od-traume-u-djetinjstvu-do-razaranja-obitelji\/\" \/>\n<meta property=\"og:site_name\" content=\"Agencija za elektroni\u010dke medije\" \/>\n<meta property=\"article:modified_time\" content=\"2026-04-09T08:53:32+00:00\" \/>\n<meta name=\"twitter:card\" content=\"summary_large_image\" \/>\n<meta name=\"twitter:label1\" content=\"Est. reading time\" \/>\n\t<meta name=\"twitter:data1\" content=\"1 minute\" \/>\n<script type=\"application\/ld+json\" class=\"yoast-schema-graph\">{\"@context\":\"https:\/\/schema.org\",\"@graph\":[{\"@type\":\"WebPage\",\"@id\":\"https:\/\/aem.hr\/snjezana-ivic-gerovac-uzorci-i-posljedice-zenskog-alkoholizma-od-traume-u-djetinjstvu-do-razaranja-obitelji\/\",\"url\":\"https:\/\/aem.hr\/snjezana-ivic-gerovac-uzorci-i-posljedice-zenskog-alkoholizma-od-traume-u-djetinjstvu-do-razaranja-obitelji\/\",\"name\":\"Snje\u017eana Ivi\u0107 Gerovac - Uzorci i posljedice \u017eenskog alkoholizma: od traume u djetinjstvu do razaranja obitelji - Agencija za elektroni\u010dke medije\",\"isPartOf\":{\"@id\":\"https:\/\/aem.hr\/#website\"},\"datePublished\":\"2026-04-09T08:53:31+00:00\",\"dateModified\":\"2026-04-09T08:53:32+00:00\",\"breadcrumb\":{\"@id\":\"https:\/\/aem.hr\/snjezana-ivic-gerovac-uzorci-i-posljedice-zenskog-alkoholizma-od-traume-u-djetinjstvu-do-razaranja-obitelji\/#breadcrumb\"},\"inLanguage\":\"en-US\",\"potentialAction\":[{\"@type\":\"ReadAction\",\"target\":[\"https:\/\/aem.hr\/snjezana-ivic-gerovac-uzorci-i-posljedice-zenskog-alkoholizma-od-traume-u-djetinjstvu-do-razaranja-obitelji\/\"]}]},{\"@type\":\"BreadcrumbList\",\"@id\":\"https:\/\/aem.hr\/snjezana-ivic-gerovac-uzorci-i-posljedice-zenskog-alkoholizma-od-traume-u-djetinjstvu-do-razaranja-obitelji\/#breadcrumb\",\"itemListElement\":[{\"@type\":\"ListItem\",\"position\":1,\"name\":\"Po\u010detna stranica\",\"item\":\"https:\/\/aem.hr\/\"},{\"@type\":\"ListItem\",\"position\":2,\"name\":\"Snje\u017eana Ivi\u0107 Gerovac &#8211; Uzorci i posljedice \u017eenskog alkoholizma: od traume u djetinjstvu do razaranja obitelji\"}]},{\"@type\":\"WebSite\",\"@id\":\"https:\/\/aem.hr\/#website\",\"url\":\"https:\/\/aem.hr\/\",\"name\":\"Agencija za elektroni\u010dke medije\",\"description\":\"\",\"potentialAction\":[{\"@type\":\"SearchAction\",\"target\":{\"@type\":\"EntryPoint\",\"urlTemplate\":\"https:\/\/aem.hr\/?s={search_term_string}\"},\"query-input\":{\"@type\":\"PropertyValueSpecification\",\"valueRequired\":true,\"valueName\":\"search_term_string\"}}],\"inLanguage\":\"en-US\"}]}<\/script>\n<!-- \/ Yoast SEO plugin. -->","yoast_head_json":{"title":"Snje\u017eana Ivi\u0107 Gerovac - Uzorci i posljedice \u017eenskog alkoholizma: od traume u djetinjstvu do razaranja obitelji - Agencija za elektroni\u010dke medije","robots":{"index":"index","follow":"follow","max-snippet":"max-snippet:-1","max-image-preview":"max-image-preview:large","max-video-preview":"max-video-preview:-1"},"canonical":"https:\/\/aem.hr\/snjezana-ivic-gerovac-uzorci-i-posljedice-zenskog-alkoholizma-od-traume-u-djetinjstvu-do-razaranja-obitelji\/","og_locale":"en_US","og_type":"article","og_title":"Snje\u017eana Ivi\u0107 Gerovac - Uzorci i posljedice \u017eenskog alkoholizma: od traume u djetinjstvu do razaranja obitelji - Agencija za elektroni\u010dke medije","og_url":"https:\/\/aem.hr\/snjezana-ivic-gerovac-uzorci-i-posljedice-zenskog-alkoholizma-od-traume-u-djetinjstvu-do-razaranja-obitelji\/","og_site_name":"Agencija za elektroni\u010dke medije","article_modified_time":"2026-04-09T08:53:32+00:00","twitter_card":"summary_large_image","twitter_misc":{"Est. reading time":"1 minute"},"schema":{"@context":"https:\/\/schema.org","@graph":[{"@type":"WebPage","@id":"https:\/\/aem.hr\/snjezana-ivic-gerovac-uzorci-i-posljedice-zenskog-alkoholizma-od-traume-u-djetinjstvu-do-razaranja-obitelji\/","url":"https:\/\/aem.hr\/snjezana-ivic-gerovac-uzorci-i-posljedice-zenskog-alkoholizma-od-traume-u-djetinjstvu-do-razaranja-obitelji\/","name":"Snje\u017eana Ivi\u0107 Gerovac - Uzorci i posljedice \u017eenskog alkoholizma: od traume u djetinjstvu do razaranja obitelji - Agencija za elektroni\u010dke medije","isPartOf":{"@id":"https:\/\/aem.hr\/#website"},"datePublished":"2026-04-09T08:53:31+00:00","dateModified":"2026-04-09T08:53:32+00:00","breadcrumb":{"@id":"https:\/\/aem.hr\/snjezana-ivic-gerovac-uzorci-i-posljedice-zenskog-alkoholizma-od-traume-u-djetinjstvu-do-razaranja-obitelji\/#breadcrumb"},"inLanguage":"en-US","potentialAction":[{"@type":"ReadAction","target":["https:\/\/aem.hr\/snjezana-ivic-gerovac-uzorci-i-posljedice-zenskog-alkoholizma-od-traume-u-djetinjstvu-do-razaranja-obitelji\/"]}]},{"@type":"BreadcrumbList","@id":"https:\/\/aem.hr\/snjezana-ivic-gerovac-uzorci-i-posljedice-zenskog-alkoholizma-od-traume-u-djetinjstvu-do-razaranja-obitelji\/#breadcrumb","itemListElement":[{"@type":"ListItem","position":1,"name":"Po\u010detna stranica","item":"https:\/\/aem.hr\/"},{"@type":"ListItem","position":2,"name":"Snje\u017eana Ivi\u0107 Gerovac &#8211; Uzorci i posljedice \u017eenskog alkoholizma: od traume u djetinjstvu do razaranja obitelji"}]},{"@type":"WebSite","@id":"https:\/\/aem.hr\/#website","url":"https:\/\/aem.hr\/","name":"Agencija za elektroni\u010dke medije","description":"","potentialAction":[{"@type":"SearchAction","target":{"@type":"EntryPoint","urlTemplate":"https:\/\/aem.hr\/?s={search_term_string}"},"query-input":{"@type":"PropertyValueSpecification","valueRequired":true,"valueName":"search_term_string"}}],"inLanguage":"en-US"}]}},"coauthors":[],"author_meta":{"author_link":"https:\/\/aem.hr\/en\/blog\/author\/mkirac\/","display_name":"Matko Kirac"},"relative_dates":{"created":"Posted 1 week ago","modified":"Updated 1 week ago"},"absolute_dates":{"created":"Posted on 9. April 2026.","modified":"Updated on 9. April 2026."},"absolute_dates_time":{"created":"Posted on 9. April 2026. 10:53","modified":"Updated on 9. April 2026. 10:53"},"featured_img_caption":"","featured_img":false,"series_order":"","_links":{"self":[{"href":"https:\/\/aem.hr\/en\/wp-json\/wp\/v2\/pages\/25656","targetHints":{"allow":["GET"]}}],"collection":[{"href":"https:\/\/aem.hr\/en\/wp-json\/wp\/v2\/pages"}],"about":[{"href":"https:\/\/aem.hr\/en\/wp-json\/wp\/v2\/types\/page"}],"author":[{"embeddable":true,"href":"https:\/\/aem.hr\/en\/wp-json\/wp\/v2\/users\/18"}],"replies":[{"embeddable":true,"href":"https:\/\/aem.hr\/en\/wp-json\/wp\/v2\/comments?post=25656"}],"version-history":[{"count":1,"href":"https:\/\/aem.hr\/en\/wp-json\/wp\/v2\/pages\/25656\/revisions"}],"predecessor-version":[{"id":25670,"href":"https:\/\/aem.hr\/en\/wp-json\/wp\/v2\/pages\/25656\/revisions\/25670"}],"wp:attachment":[{"href":"https:\/\/aem.hr\/en\/wp-json\/wp\/v2\/media?parent=25656"}],"curies":[{"name":"wp","href":"https:\/\/api.w.org\/{rel}","templated":true}]}}