{"id":25690,"date":"2026-04-09T10:56:55","date_gmt":"2026-04-09T08:56:55","guid":{"rendered":"https:\/\/aem.hr\/?page_id=25690"},"modified":"2026-04-09T10:56:56","modified_gmt":"2026-04-09T08:56:56","slug":"natasa-skaricic-medicinsko-trziste-u-hrvatskoj-preveliko-da-propadnu","status":"publish","type":"page","link":"https:\/\/aem.hr\/en\/natasa-skaricic-medicinsko-trziste-u-hrvatskoj-preveliko-da-propadnu\/","title":{"rendered":"Nata\u0161a \u0160kari\u010di\u0107 &#8211; Medicinsko tr\u017ei\u0161te u Hrvatskoj: Preveliko da propadnu?"},"content":{"rendered":"\n<div class=\"wp-block-file\"><a id=\"wp-block-file--media-f9abd1f7-bebb-4b0e-bcb0-c9b791574f65\" href=\"https:\/\/aem.hr\/wp-content\/uploads\/2026\/04\/1.-Kako-drzava-pomaze-bogacenju-privatnih-klinika.pdf\">1. Kako dr\u017eava poma\u017ee boga\u0107enju privatnih klinika<\/a><a href=\"https:\/\/aem.hr\/wp-content\/uploads\/2026\/04\/1.-Kako-drzava-pomaze-bogacenju-privatnih-klinika.pdf\" class=\"wp-block-file__button wp-element-button\" download aria-describedby=\"wp-block-file--media-f9abd1f7-bebb-4b0e-bcb0-c9b791574f65\">Preuzimanje<\/a><\/div>\n\n\n\n<div class=\"wp-block-file\"><a id=\"wp-block-file--media-1ef7dcfc-818e-476f-ab6f-3013ac8e22f1\" href=\"https:\/\/aem.hr\/wp-content\/uploads\/2026\/04\/2.-Razgranata-mreza-Rotimovih.pdf\">2. Razgranata mre\u017ea Rotimovih<\/a><a href=\"https:\/\/aem.hr\/wp-content\/uploads\/2026\/04\/2.-Razgranata-mreza-Rotimovih.pdf\" class=\"wp-block-file__button wp-element-button\" download aria-describedby=\"wp-block-file--media-1ef7dcfc-818e-476f-ab6f-3013ac8e22f1\">Preuzimanje<\/a><\/div>\n\n\n\n<div class=\"wp-block-file\"><a id=\"wp-block-file--media-2c2a3185-daf6-47b1-9c1e-e13c4af75560\" href=\"https:\/\/aem.hr\/wp-content\/uploads\/2026\/04\/3.-Profit-vazniji-od-zastite-pacijenata_-Slucaj-Holistera.pdf\">3. Profit va\u017eniji od za\u0161tite pacijenata_ Slu\u010daj Holistera<\/a><a href=\"https:\/\/aem.hr\/wp-content\/uploads\/2026\/04\/3.-Profit-vazniji-od-zastite-pacijenata_-Slucaj-Holistera.pdf\" class=\"wp-block-file__button wp-element-button\" download aria-describedby=\"wp-block-file--media-2c2a3185-daf6-47b1-9c1e-e13c4af75560\">Preuzimanje<\/a><\/div>\n\n\n\n<div class=\"wp-block-file\"><a id=\"wp-block-file--media-3dcdd9dc-49a9-4de6-b4ac-ebff2900473e\" href=\"https:\/\/aem.hr\/wp-content\/uploads\/2026\/04\/4.-Dekan-Vcev_-Holistera-se-lazno-predstavlja.pdf\">4. Dekan V\u010dev_ Holistera se la\u017eno predstavlja<\/a><a href=\"https:\/\/aem.hr\/wp-content\/uploads\/2026\/04\/4.-Dekan-Vcev_-Holistera-se-lazno-predstavlja.pdf\" class=\"wp-block-file__button wp-element-button\" download aria-describedby=\"wp-block-file--media-3dcdd9dc-49a9-4de6-b4ac-ebff2900473e\">Preuzimanje<\/a><\/div>\n\n\n\n<div class=\"wp-block-file\"><a id=\"wp-block-file--media-d658004f-cd76-4518-9fe9-95be64d2e969\" href=\"https:\/\/aem.hr\/wp-content\/uploads\/2026\/04\/5.-DORH-ce-istraziti-slucaj-Holistera.pdf\">5. DORH \u0107e istra\u017eiti slu\u010daj Holistera<\/a><a href=\"https:\/\/aem.hr\/wp-content\/uploads\/2026\/04\/5.-DORH-ce-istraziti-slucaj-Holistera.pdf\" class=\"wp-block-file__button wp-element-button\" download aria-describedby=\"wp-block-file--media-d658004f-cd76-4518-9fe9-95be64d2e969\">Preuzimanje<\/a><\/div>\n\n\n\n<div class=\"wp-block-file\"><a id=\"wp-block-file--media-7e79077d-db42-43b0-86b6-a50a36245b07\" href=\"https:\/\/aem.hr\/wp-content\/uploads\/2026\/04\/6.-Profitno-zdravstvo-raste-jednakost-se-smanjuje.pdf\">6. Profitno zdravstvo raste, jednakost se smanjuje<\/a><a href=\"https:\/\/aem.hr\/wp-content\/uploads\/2026\/04\/6.-Profitno-zdravstvo-raste-jednakost-se-smanjuje.pdf\" class=\"wp-block-file__button wp-element-button\" download aria-describedby=\"wp-block-file--media-7e79077d-db42-43b0-86b6-a50a36245b07\">Preuzimanje<\/a><\/div>\n\n\n\n<div class=\"wp-block-file\"><a id=\"wp-block-file--media-442e9325-f645-4f4f-aa44-704baf270e6a\" href=\"https:\/\/aem.hr\/wp-content\/uploads\/2026\/04\/7.-Klinike-udruge-kongresi_-Skrivene-poluge.pdf\">7. Klinike, udruge, kongresi_ Skrivene poluge<\/a><a href=\"https:\/\/aem.hr\/wp-content\/uploads\/2026\/04\/7.-Klinike-udruge-kongresi_-Skrivene-poluge.pdf\" class=\"wp-block-file__button wp-element-button\" download aria-describedby=\"wp-block-file--media-442e9325-f645-4f4f-aa44-704baf270e6a\">Preuzimanje<\/a><\/div>\n","protected":false},"excerpt":{"rendered":"","protected":false},"author":18,"featured_media":0,"parent":0,"menu_order":0,"comment_status":"closed","ping_status":"closed","template":"","meta":{"_acf_changed":false,"inline_featured_image":false,"advgb_blocks_editor_width":"","advgb_blocks_columns_visual_guide":"","_links_to":"","_links_to_type":0,"footnotes":""},"class_list":["post-25690","page","type-page","status-publish","hentry"],"acf":[],"yoast_head":"<!-- This site is optimized with the Yoast SEO plugin v25.7 - https:\/\/yoast.com\/wordpress\/plugins\/seo\/ -->\n<title>Nata\u0161a \u0160kari\u010di\u0107 - Medicinsko tr\u017ei\u0161te u Hrvatskoj: Preveliko da propadnu? - Agencija za elektroni\u010dke medije<\/title>\n<meta name=\"robots\" content=\"index, follow, max-snippet:-1, max-image-preview:large, max-video-preview:-1\" \/>\n<link rel=\"canonical\" href=\"https:\/\/aem.hr\/natasa-skaricic-medicinsko-trziste-u-hrvatskoj-preveliko-da-propadnu\/\" \/>\n<meta property=\"og:locale\" content=\"en_US\" \/>\n<meta property=\"og:type\" content=\"article\" \/>\n<meta property=\"og:title\" content=\"Nata\u0161a \u0160kari\u010di\u0107 - Medicinsko tr\u017ei\u0161te u Hrvatskoj: Preveliko da propadnu? - Agencija za elektroni\u010dke medije\" \/>\n<meta property=\"og:url\" content=\"https:\/\/aem.hr\/natasa-skaricic-medicinsko-trziste-u-hrvatskoj-preveliko-da-propadnu\/\" \/>\n<meta property=\"og:site_name\" content=\"Agencija za elektroni\u010dke medije\" \/>\n<meta property=\"article:modified_time\" content=\"2026-04-09T08:56:56+00:00\" \/>\n<meta name=\"twitter:card\" content=\"summary_large_image\" \/>\n<meta name=\"twitter:label1\" content=\"Est. reading time\" \/>\n\t<meta name=\"twitter:data1\" content=\"1 minute\" \/>\n<script type=\"application\/ld+json\" class=\"yoast-schema-graph\">{\"@context\":\"https:\/\/schema.org\",\"@graph\":[{\"@type\":\"WebPage\",\"@id\":\"https:\/\/aem.hr\/natasa-skaricic-medicinsko-trziste-u-hrvatskoj-preveliko-da-propadnu\/\",\"url\":\"https:\/\/aem.hr\/natasa-skaricic-medicinsko-trziste-u-hrvatskoj-preveliko-da-propadnu\/\",\"name\":\"Nata\u0161a \u0160kari\u010di\u0107 - Medicinsko tr\u017ei\u0161te u Hrvatskoj: Preveliko da propadnu? - Agencija za elektroni\u010dke medije\",\"isPartOf\":{\"@id\":\"https:\/\/aem.hr\/#website\"},\"datePublished\":\"2026-04-09T08:56:55+00:00\",\"dateModified\":\"2026-04-09T08:56:56+00:00\",\"breadcrumb\":{\"@id\":\"https:\/\/aem.hr\/natasa-skaricic-medicinsko-trziste-u-hrvatskoj-preveliko-da-propadnu\/#breadcrumb\"},\"inLanguage\":\"en-US\",\"potentialAction\":[{\"@type\":\"ReadAction\",\"target\":[\"https:\/\/aem.hr\/natasa-skaricic-medicinsko-trziste-u-hrvatskoj-preveliko-da-propadnu\/\"]}]},{\"@type\":\"BreadcrumbList\",\"@id\":\"https:\/\/aem.hr\/natasa-skaricic-medicinsko-trziste-u-hrvatskoj-preveliko-da-propadnu\/#breadcrumb\",\"itemListElement\":[{\"@type\":\"ListItem\",\"position\":1,\"name\":\"Po\u010detna stranica\",\"item\":\"https:\/\/aem.hr\/\"},{\"@type\":\"ListItem\",\"position\":2,\"name\":\"Nata\u0161a \u0160kari\u010di\u0107 &#8211; Medicinsko tr\u017ei\u0161te u Hrvatskoj: Preveliko da propadnu?\"}]},{\"@type\":\"WebSite\",\"@id\":\"https:\/\/aem.hr\/#website\",\"url\":\"https:\/\/aem.hr\/\",\"name\":\"Agencija za elektroni\u010dke medije\",\"description\":\"\",\"potentialAction\":[{\"@type\":\"SearchAction\",\"target\":{\"@type\":\"EntryPoint\",\"urlTemplate\":\"https:\/\/aem.hr\/?s={search_term_string}\"},\"query-input\":{\"@type\":\"PropertyValueSpecification\",\"valueRequired\":true,\"valueName\":\"search_term_string\"}}],\"inLanguage\":\"en-US\"}]}<\/script>\n<!-- \/ Yoast SEO plugin. -->","yoast_head_json":{"title":"Nata\u0161a \u0160kari\u010di\u0107 - Medicinsko tr\u017ei\u0161te u Hrvatskoj: Preveliko da propadnu? - Agencija za elektroni\u010dke medije","robots":{"index":"index","follow":"follow","max-snippet":"max-snippet:-1","max-image-preview":"max-image-preview:large","max-video-preview":"max-video-preview:-1"},"canonical":"https:\/\/aem.hr\/natasa-skaricic-medicinsko-trziste-u-hrvatskoj-preveliko-da-propadnu\/","og_locale":"en_US","og_type":"article","og_title":"Nata\u0161a \u0160kari\u010di\u0107 - Medicinsko tr\u017ei\u0161te u Hrvatskoj: Preveliko da propadnu? - Agencija za elektroni\u010dke medije","og_url":"https:\/\/aem.hr\/natasa-skaricic-medicinsko-trziste-u-hrvatskoj-preveliko-da-propadnu\/","og_site_name":"Agencija za elektroni\u010dke medije","article_modified_time":"2026-04-09T08:56:56+00:00","twitter_card":"summary_large_image","twitter_misc":{"Est. reading time":"1 minute"},"schema":{"@context":"https:\/\/schema.org","@graph":[{"@type":"WebPage","@id":"https:\/\/aem.hr\/natasa-skaricic-medicinsko-trziste-u-hrvatskoj-preveliko-da-propadnu\/","url":"https:\/\/aem.hr\/natasa-skaricic-medicinsko-trziste-u-hrvatskoj-preveliko-da-propadnu\/","name":"Nata\u0161a \u0160kari\u010di\u0107 - Medicinsko tr\u017ei\u0161te u Hrvatskoj: Preveliko da propadnu? - Agencija za elektroni\u010dke medije","isPartOf":{"@id":"https:\/\/aem.hr\/#website"},"datePublished":"2026-04-09T08:56:55+00:00","dateModified":"2026-04-09T08:56:56+00:00","breadcrumb":{"@id":"https:\/\/aem.hr\/natasa-skaricic-medicinsko-trziste-u-hrvatskoj-preveliko-da-propadnu\/#breadcrumb"},"inLanguage":"en-US","potentialAction":[{"@type":"ReadAction","target":["https:\/\/aem.hr\/natasa-skaricic-medicinsko-trziste-u-hrvatskoj-preveliko-da-propadnu\/"]}]},{"@type":"BreadcrumbList","@id":"https:\/\/aem.hr\/natasa-skaricic-medicinsko-trziste-u-hrvatskoj-preveliko-da-propadnu\/#breadcrumb","itemListElement":[{"@type":"ListItem","position":1,"name":"Po\u010detna stranica","item":"https:\/\/aem.hr\/"},{"@type":"ListItem","position":2,"name":"Nata\u0161a \u0160kari\u010di\u0107 &#8211; Medicinsko tr\u017ei\u0161te u Hrvatskoj: Preveliko da propadnu?"}]},{"@type":"WebSite","@id":"https:\/\/aem.hr\/#website","url":"https:\/\/aem.hr\/","name":"Agencija za elektroni\u010dke medije","description":"","potentialAction":[{"@type":"SearchAction","target":{"@type":"EntryPoint","urlTemplate":"https:\/\/aem.hr\/?s={search_term_string}"},"query-input":{"@type":"PropertyValueSpecification","valueRequired":true,"valueName":"search_term_string"}}],"inLanguage":"en-US"}]}},"coauthors":[],"author_meta":{"author_link":"https:\/\/aem.hr\/en\/blog\/author\/mkirac\/","display_name":"Matko Kirac"},"relative_dates":{"created":"Posted 1 week ago","modified":"Updated 1 week ago"},"absolute_dates":{"created":"Posted on 9. April 2026.","modified":"Updated on 9. April 2026."},"absolute_dates_time":{"created":"Posted on 9. April 2026. 10:56","modified":"Updated on 9. April 2026. 10:56"},"featured_img_caption":"","featured_img":false,"series_order":"","_links":{"self":[{"href":"https:\/\/aem.hr\/en\/wp-json\/wp\/v2\/pages\/25690","targetHints":{"allow":["GET"]}}],"collection":[{"href":"https:\/\/aem.hr\/en\/wp-json\/wp\/v2\/pages"}],"about":[{"href":"https:\/\/aem.hr\/en\/wp-json\/wp\/v2\/types\/page"}],"author":[{"embeddable":true,"href":"https:\/\/aem.hr\/en\/wp-json\/wp\/v2\/users\/18"}],"replies":[{"embeddable":true,"href":"https:\/\/aem.hr\/en\/wp-json\/wp\/v2\/comments?post=25690"}],"version-history":[{"count":1,"href":"https:\/\/aem.hr\/en\/wp-json\/wp\/v2\/pages\/25690\/revisions"}],"predecessor-version":[{"id":25706,"href":"https:\/\/aem.hr\/en\/wp-json\/wp\/v2\/pages\/25690\/revisions\/25706"}],"wp:attachment":[{"href":"https:\/\/aem.hr\/en\/wp-json\/wp\/v2\/media?parent=25690"}],"curies":[{"name":"wp","href":"https:\/\/api.w.org\/{rel}","templated":true}]}}