{"id":25722,"date":"2026-04-09T11:13:12","date_gmt":"2026-04-09T09:13:12","guid":{"rendered":"https:\/\/aem.hr\/?page_id=25722"},"modified":"2026-04-09T11:13:14","modified_gmt":"2026-04-09T09:13:14","slug":"daniela-delale-nad-zagreb-za-sve-komunalna-i-ekoloska-pitanja-kroz-prizmu-gradanskih-prava","status":"publish","type":"page","link":"https:\/\/aem.hr\/en\/daniela-delale-nad-zagreb-za-sve-komunalna-i-ekoloska-pitanja-kroz-prizmu-gradanskih-prava\/","title":{"rendered":"Daniela Delale-Na\u0111 &#8211; Zagreb za sve &#8211; Komunalna i ekolo\u0161ka pitanja kroz prizmu gra\u0111anskih prava"},"content":{"rendered":"\n<div class=\"wp-block-file\"><a id=\"wp-block-file--media-3fe41c10-c35d-4921-b3d1-fe80a1bce088\" href=\"https:\/\/aem.hr\/wp-content\/uploads\/2026\/04\/1.-Gradovi-spuzve-su-buducnost.pdf\">1. &#8216;Gradovi spu\u017eve&#8217; su budu\u0107nost<\/a><a href=\"https:\/\/aem.hr\/wp-content\/uploads\/2026\/04\/1.-Gradovi-spuzve-su-buducnost.pdf\" class=\"wp-block-file__button wp-element-button\" download aria-describedby=\"wp-block-file--media-3fe41c10-c35d-4921-b3d1-fe80a1bce088\">Preuzimanje<\/a><\/div>\n\n\n\n<div class=\"wp-block-file\"><a id=\"wp-block-file--media-ab4cfc47-3208-44eb-828f-0e79655d0ade\" href=\"https:\/\/aem.hr\/wp-content\/uploads\/2026\/04\/2.-Zagrepcanka-Gordana-o-gradskim-vrtovima.pdf\">2. Zagrep\u010danka Gordana o &#8216;gradskim vrtovima&#8217;<\/a><a href=\"https:\/\/aem.hr\/wp-content\/uploads\/2026\/04\/2.-Zagrepcanka-Gordana-o-gradskim-vrtovima.pdf\" class=\"wp-block-file__button wp-element-button\" download aria-describedby=\"wp-block-file--media-ab4cfc47-3208-44eb-828f-0e79655d0ade\">Preuzimanje<\/a><\/div>\n\n\n\n<div class=\"wp-block-file\"><a id=\"wp-block-file--media-e89f9473-edc0-4b61-88c5-c7191fea6940\" href=\"https:\/\/aem.hr\/wp-content\/uploads\/2026\/04\/3.-Tko-upravlja-javnim-prostorom.pdf\">3. Tko upravlja javnim prostorom<\/a><a href=\"https:\/\/aem.hr\/wp-content\/uploads\/2026\/04\/3.-Tko-upravlja-javnim-prostorom.pdf\" class=\"wp-block-file__button wp-element-button\" download aria-describedby=\"wp-block-file--media-e89f9473-edc0-4b61-88c5-c7191fea6940\">Preuzimanje<\/a><\/div>\n\n\n\n<div class=\"wp-block-file\"><a id=\"wp-block-file--media-fc18d5f6-6d70-4bee-a747-17a2f1b6f2d7\" href=\"https:\/\/aem.hr\/wp-content\/uploads\/2026\/04\/4.-Dok-Zagreb-jos-spava.pdf\">4. Dok Zagreb jo\u0161 spava&#8230;<\/a><a href=\"https:\/\/aem.hr\/wp-content\/uploads\/2026\/04\/4.-Dok-Zagreb-jos-spava.pdf\" class=\"wp-block-file__button wp-element-button\" download aria-describedby=\"wp-block-file--media-fc18d5f6-6d70-4bee-a747-17a2f1b6f2d7\">Preuzimanje<\/a><\/div>\n\n\n\n<div class=\"wp-block-file\"><a id=\"wp-block-file--media-b8f6d9b5-3007-440f-9b65-462d49fc4df9\" href=\"https:\/\/aem.hr\/wp-content\/uploads\/2026\/04\/5.-U-Zagrebu-nema-srednjih-skola.pdf\">5. U Zagrebu nema srednjih \u0161kola<\/a><a href=\"https:\/\/aem.hr\/wp-content\/uploads\/2026\/04\/5.-U-Zagrebu-nema-srednjih-skola.pdf\" class=\"wp-block-file__button wp-element-button\" download aria-describedby=\"wp-block-file--media-b8f6d9b5-3007-440f-9b65-462d49fc4df9\">Preuzimanje<\/a><\/div>\n\n\n\n<div class=\"wp-block-file\"><a id=\"wp-block-file--media-e92a4991-baf5-4ab3-854f-2488fe3299ae\" href=\"https:\/\/aem.hr\/wp-content\/uploads\/2026\/04\/6.-Zagrepcani-koji-misle-da-su-ludi.pdf\">6. Zagrep\u010dani koji misle da su &#8216;ludi&#8217;<\/a><a href=\"https:\/\/aem.hr\/wp-content\/uploads\/2026\/04\/6.-Zagrepcani-koji-misle-da-su-ludi.pdf\" class=\"wp-block-file__button wp-element-button\" download aria-describedby=\"wp-block-file--media-e92a4991-baf5-4ab3-854f-2488fe3299ae\">Preuzimanje<\/a><\/div>\n\n\n\n<div class=\"wp-block-file\"><a id=\"wp-block-file--media-65bae8f7-e2c3-4144-8596-616d7baffc8d\" href=\"https:\/\/aem.hr\/wp-content\/uploads\/2026\/04\/7.-Nevidljivi-Zagrepcani.pdf\">7. &#8216;Nevidljivi&#8217; Zagrep\u010dani<\/a><a href=\"https:\/\/aem.hr\/wp-content\/uploads\/2026\/04\/7.-Nevidljivi-Zagrepcani.pdf\" class=\"wp-block-file__button wp-element-button\" download aria-describedby=\"wp-block-file--media-65bae8f7-e2c3-4144-8596-616d7baffc8d\">Preuzimanje<\/a><\/div>\n\n\n\n<div class=\"wp-block-file\"><a id=\"wp-block-file--media-36bb5fb1-2432-42ac-9fa8-9dc1971ad072\" href=\"https:\/\/aem.hr\/wp-content\/uploads\/2026\/04\/8.-Zagreb-ulaze-u-odrzivost.pdf\">8. Zagreb ula\u017ee u odr\u017eivost<\/a><a href=\"https:\/\/aem.hr\/wp-content\/uploads\/2026\/04\/8.-Zagreb-ulaze-u-odrzivost.pdf\" class=\"wp-block-file__button wp-element-button\" download aria-describedby=\"wp-block-file--media-36bb5fb1-2432-42ac-9fa8-9dc1971ad072\">Preuzimanje<\/a><\/div>\n\n\n\n<div class=\"wp-block-file\"><a id=\"wp-block-file--media-e870d073-b59f-42d3-9349-04cde506d295\" href=\"https:\/\/aem.hr\/wp-content\/uploads\/2026\/04\/9.-Betonizacija-Zagreba.pdf\">9. Betonizacija Zagreba<\/a><a href=\"https:\/\/aem.hr\/wp-content\/uploads\/2026\/04\/9.-Betonizacija-Zagreba.pdf\" class=\"wp-block-file__button wp-element-button\" download aria-describedby=\"wp-block-file--media-e870d073-b59f-42d3-9349-04cde506d295\">Preuzimanje<\/a><\/div>\n\n\n\n<div class=\"wp-block-file\"><a id=\"wp-block-file--media-947c8d24-5855-4f7a-83cd-4dacc8560440\" href=\"https:\/\/aem.hr\/wp-content\/uploads\/2026\/04\/10.-Kvaliteta-zraka-i-vode-u-Zagrebu.pdf\">10. Kvaliteta zraka i vode u Zagrebu<\/a><a href=\"https:\/\/aem.hr\/wp-content\/uploads\/2026\/04\/10.-Kvaliteta-zraka-i-vode-u-Zagrebu.pdf\" class=\"wp-block-file__button wp-element-button\" download aria-describedby=\"wp-block-file--media-947c8d24-5855-4f7a-83cd-4dacc8560440\">Preuzimanje<\/a><\/div>\n","protected":false},"excerpt":{"rendered":"","protected":false},"author":18,"featured_media":0,"parent":0,"menu_order":0,"comment_status":"closed","ping_status":"closed","template":"","meta":{"_acf_changed":false,"inline_featured_image":false,"advgb_blocks_editor_width":"","advgb_blocks_columns_visual_guide":"","_links_to":"","_links_to_type":0,"footnotes":""},"class_list":["post-25722","page","type-page","status-publish","hentry"],"acf":[],"yoast_head":"<!-- This site is optimized with the Yoast SEO plugin v25.7 - https:\/\/yoast.com\/wordpress\/plugins\/seo\/ -->\n<title>Daniela Delale-Na\u0111 - Zagreb za sve - Komunalna i ekolo\u0161ka pitanja kroz prizmu gra\u0111anskih prava - Agencija za elektroni\u010dke medije<\/title>\n<meta name=\"robots\" content=\"index, follow, max-snippet:-1, max-image-preview:large, max-video-preview:-1\" \/>\n<link rel=\"canonical\" href=\"https:\/\/aem.hr\/daniela-delale-nad-zagreb-za-sve-komunalna-i-ekoloska-pitanja-kroz-prizmu-gradanskih-prava\/\" \/>\n<meta property=\"og:locale\" content=\"en_US\" \/>\n<meta property=\"og:type\" content=\"article\" \/>\n<meta property=\"og:title\" content=\"Daniela Delale-Na\u0111 - Zagreb za sve - Komunalna i ekolo\u0161ka pitanja kroz prizmu gra\u0111anskih prava - Agencija za elektroni\u010dke medije\" \/>\n<meta property=\"og:url\" content=\"https:\/\/aem.hr\/daniela-delale-nad-zagreb-za-sve-komunalna-i-ekoloska-pitanja-kroz-prizmu-gradanskih-prava\/\" \/>\n<meta property=\"og:site_name\" content=\"Agencija za elektroni\u010dke medije\" \/>\n<meta property=\"article:modified_time\" content=\"2026-04-09T09:13:14+00:00\" \/>\n<meta name=\"twitter:card\" content=\"summary_large_image\" \/>\n<meta name=\"twitter:label1\" content=\"Est. reading time\" \/>\n\t<meta name=\"twitter:data1\" content=\"1 minute\" \/>\n<script type=\"application\/ld+json\" class=\"yoast-schema-graph\">{\"@context\":\"https:\/\/schema.org\",\"@graph\":[{\"@type\":\"WebPage\",\"@id\":\"https:\/\/aem.hr\/daniela-delale-nad-zagreb-za-sve-komunalna-i-ekoloska-pitanja-kroz-prizmu-gradanskih-prava\/\",\"url\":\"https:\/\/aem.hr\/daniela-delale-nad-zagreb-za-sve-komunalna-i-ekoloska-pitanja-kroz-prizmu-gradanskih-prava\/\",\"name\":\"Daniela Delale-Na\u0111 - Zagreb za sve - Komunalna i ekolo\u0161ka pitanja kroz prizmu gra\u0111anskih prava - Agencija za elektroni\u010dke medije\",\"isPartOf\":{\"@id\":\"https:\/\/aem.hr\/#website\"},\"datePublished\":\"2026-04-09T09:13:12+00:00\",\"dateModified\":\"2026-04-09T09:13:14+00:00\",\"breadcrumb\":{\"@id\":\"https:\/\/aem.hr\/daniela-delale-nad-zagreb-za-sve-komunalna-i-ekoloska-pitanja-kroz-prizmu-gradanskih-prava\/#breadcrumb\"},\"inLanguage\":\"en-US\",\"potentialAction\":[{\"@type\":\"ReadAction\",\"target\":[\"https:\/\/aem.hr\/daniela-delale-nad-zagreb-za-sve-komunalna-i-ekoloska-pitanja-kroz-prizmu-gradanskih-prava\/\"]}]},{\"@type\":\"BreadcrumbList\",\"@id\":\"https:\/\/aem.hr\/daniela-delale-nad-zagreb-za-sve-komunalna-i-ekoloska-pitanja-kroz-prizmu-gradanskih-prava\/#breadcrumb\",\"itemListElement\":[{\"@type\":\"ListItem\",\"position\":1,\"name\":\"Po\u010detna stranica\",\"item\":\"https:\/\/aem.hr\/\"},{\"@type\":\"ListItem\",\"position\":2,\"name\":\"Daniela Delale-Na\u0111 &#8211; Zagreb za sve &#8211; Komunalna i ekolo\u0161ka pitanja kroz prizmu gra\u0111anskih prava\"}]},{\"@type\":\"WebSite\",\"@id\":\"https:\/\/aem.hr\/#website\",\"url\":\"https:\/\/aem.hr\/\",\"name\":\"Agencija za elektroni\u010dke medije\",\"description\":\"\",\"potentialAction\":[{\"@type\":\"SearchAction\",\"target\":{\"@type\":\"EntryPoint\",\"urlTemplate\":\"https:\/\/aem.hr\/?s={search_term_string}\"},\"query-input\":{\"@type\":\"PropertyValueSpecification\",\"valueRequired\":true,\"valueName\":\"search_term_string\"}}],\"inLanguage\":\"en-US\"}]}<\/script>\n<!-- \/ Yoast SEO plugin. -->","yoast_head_json":{"title":"Daniela Delale-Na\u0111 - Zagreb za sve - Komunalna i ekolo\u0161ka pitanja kroz prizmu gra\u0111anskih prava - Agencija za elektroni\u010dke medije","robots":{"index":"index","follow":"follow","max-snippet":"max-snippet:-1","max-image-preview":"max-image-preview:large","max-video-preview":"max-video-preview:-1"},"canonical":"https:\/\/aem.hr\/daniela-delale-nad-zagreb-za-sve-komunalna-i-ekoloska-pitanja-kroz-prizmu-gradanskih-prava\/","og_locale":"en_US","og_type":"article","og_title":"Daniela Delale-Na\u0111 - Zagreb za sve - Komunalna i ekolo\u0161ka pitanja kroz prizmu gra\u0111anskih prava - Agencija za elektroni\u010dke medije","og_url":"https:\/\/aem.hr\/daniela-delale-nad-zagreb-za-sve-komunalna-i-ekoloska-pitanja-kroz-prizmu-gradanskih-prava\/","og_site_name":"Agencija za elektroni\u010dke medije","article_modified_time":"2026-04-09T09:13:14+00:00","twitter_card":"summary_large_image","twitter_misc":{"Est. reading time":"1 minute"},"schema":{"@context":"https:\/\/schema.org","@graph":[{"@type":"WebPage","@id":"https:\/\/aem.hr\/daniela-delale-nad-zagreb-za-sve-komunalna-i-ekoloska-pitanja-kroz-prizmu-gradanskih-prava\/","url":"https:\/\/aem.hr\/daniela-delale-nad-zagreb-za-sve-komunalna-i-ekoloska-pitanja-kroz-prizmu-gradanskih-prava\/","name":"Daniela Delale-Na\u0111 - Zagreb za sve - Komunalna i ekolo\u0161ka pitanja kroz prizmu gra\u0111anskih prava - Agencija za elektroni\u010dke medije","isPartOf":{"@id":"https:\/\/aem.hr\/#website"},"datePublished":"2026-04-09T09:13:12+00:00","dateModified":"2026-04-09T09:13:14+00:00","breadcrumb":{"@id":"https:\/\/aem.hr\/daniela-delale-nad-zagreb-za-sve-komunalna-i-ekoloska-pitanja-kroz-prizmu-gradanskih-prava\/#breadcrumb"},"inLanguage":"en-US","potentialAction":[{"@type":"ReadAction","target":["https:\/\/aem.hr\/daniela-delale-nad-zagreb-za-sve-komunalna-i-ekoloska-pitanja-kroz-prizmu-gradanskih-prava\/"]}]},{"@type":"BreadcrumbList","@id":"https:\/\/aem.hr\/daniela-delale-nad-zagreb-za-sve-komunalna-i-ekoloska-pitanja-kroz-prizmu-gradanskih-prava\/#breadcrumb","itemListElement":[{"@type":"ListItem","position":1,"name":"Po\u010detna stranica","item":"https:\/\/aem.hr\/"},{"@type":"ListItem","position":2,"name":"Daniela Delale-Na\u0111 &#8211; Zagreb za sve &#8211; Komunalna i ekolo\u0161ka pitanja kroz prizmu gra\u0111anskih prava"}]},{"@type":"WebSite","@id":"https:\/\/aem.hr\/#website","url":"https:\/\/aem.hr\/","name":"Agencija za elektroni\u010dke medije","description":"","potentialAction":[{"@type":"SearchAction","target":{"@type":"EntryPoint","urlTemplate":"https:\/\/aem.hr\/?s={search_term_string}"},"query-input":{"@type":"PropertyValueSpecification","valueRequired":true,"valueName":"search_term_string"}}],"inLanguage":"en-US"}]}},"coauthors":[],"author_meta":{"author_link":"https:\/\/aem.hr\/en\/blog\/author\/mkirac\/","display_name":"Matko Kirac"},"relative_dates":{"created":"Posted 1 week ago","modified":"Updated 1 week ago"},"absolute_dates":{"created":"Posted on 9. April 2026.","modified":"Updated on 9. April 2026."},"absolute_dates_time":{"created":"Posted on 9. April 2026. 11:13","modified":"Updated on 9. April 2026. 11:13"},"featured_img_caption":"","featured_img":false,"series_order":"","_links":{"self":[{"href":"https:\/\/aem.hr\/en\/wp-json\/wp\/v2\/pages\/25722","targetHints":{"allow":["GET"]}}],"collection":[{"href":"https:\/\/aem.hr\/en\/wp-json\/wp\/v2\/pages"}],"about":[{"href":"https:\/\/aem.hr\/en\/wp-json\/wp\/v2\/types\/page"}],"author":[{"embeddable":true,"href":"https:\/\/aem.hr\/en\/wp-json\/wp\/v2\/users\/18"}],"replies":[{"embeddable":true,"href":"https:\/\/aem.hr\/en\/wp-json\/wp\/v2\/comments?post=25722"}],"version-history":[{"count":1,"href":"https:\/\/aem.hr\/en\/wp-json\/wp\/v2\/pages\/25722\/revisions"}],"predecessor-version":[{"id":25744,"href":"https:\/\/aem.hr\/en\/wp-json\/wp\/v2\/pages\/25722\/revisions\/25744"}],"wp:attachment":[{"href":"https:\/\/aem.hr\/en\/wp-json\/wp\/v2\/media?parent=25722"}],"curies":[{"name":"wp","href":"https:\/\/api.w.org\/{rel}","templated":true}]}}