{"id":25746,"date":"2026-04-09T11:14:44","date_gmt":"2026-04-09T09:14:44","guid":{"rendered":"https:\/\/aem.hr\/?page_id=25746"},"modified":"2026-04-09T11:14:45","modified_gmt":"2026-04-09T09:14:45","slug":"dinka-premuzic-sigurna-kuca","status":"publish","type":"page","link":"https:\/\/aem.hr\/en\/dinka-premuzic-sigurna-kuca\/","title":{"rendered":"Dinka Premu\u017ei\u0107 &#8211; Sigurna ku\u0107a"},"content":{"rendered":"\n<div class=\"wp-block-file\"><a id=\"wp-block-file--media-fa411396-f2da-4061-9c49-61e900213354\" href=\"https:\/\/aem.hr\/wp-content\/uploads\/2026\/04\/1.-Od-\u201eSuti-i-trpi-do-prvih-sigurnih-kuca.pdf\">1. Od \u201e\u0160uti i trpi\u201c do prvih sigurnih ku\u0107a<\/a><a href=\"https:\/\/aem.hr\/wp-content\/uploads\/2026\/04\/1.-Od-\u201eSuti-i-trpi-do-prvih-sigurnih-kuca.pdf\" class=\"wp-block-file__button wp-element-button\" download aria-describedby=\"wp-block-file--media-fa411396-f2da-4061-9c49-61e900213354\">Preuzimanje<\/a><\/div>\n\n\n\n<div class=\"wp-block-file\"><a id=\"wp-block-file--media-ee7d2fbf-b012-4973-9132-d453a8d5ec92\" href=\"https:\/\/aem.hr\/wp-content\/uploads\/2026\/04\/2.-Kuce-koje-zaista-zivot-znace-.pdf\">2. Ku\u0107e koje zaista \u017eivot zna\u010de\u00a0<\/a><a href=\"https:\/\/aem.hr\/wp-content\/uploads\/2026\/04\/2.-Kuce-koje-zaista-zivot-znace-.pdf\" class=\"wp-block-file__button wp-element-button\" download aria-describedby=\"wp-block-file--media-ee7d2fbf-b012-4973-9132-d453a8d5ec92\">Preuzimanje<\/a><\/div>\n\n\n\n<div class=\"wp-block-file\"><a id=\"wp-block-file--media-39f09b46-8da7-4aad-b92e-70c139df713f\" href=\"https:\/\/aem.hr\/wp-content\/uploads\/2026\/04\/3.-Problemi-u-zastiti-zrtava-nasilja_-financijski.pdf\">3. Problemi u za\u0161titi \u017ertava nasilja_ financijski<\/a><a href=\"https:\/\/aem.hr\/wp-content\/uploads\/2026\/04\/3.-Problemi-u-zastiti-zrtava-nasilja_-financijski.pdf\" class=\"wp-block-file__button wp-element-button\" download aria-describedby=\"wp-block-file--media-39f09b46-8da7-4aad-b92e-70c139df713f\">Preuzimanje<\/a><\/div>\n\n\n\n<div class=\"wp-block-file\"><a id=\"wp-block-file--media-57d65d3f-2679-4b2a-a948-aee842bc546a\" href=\"https:\/\/aem.hr\/wp-content\/uploads\/2026\/04\/4.-Pravda-na-dugom-putu_-zrtve-nasilja.pdf\">4. Pravda na dugom putu_ \u017ertve nasilja<\/a><a href=\"https:\/\/aem.hr\/wp-content\/uploads\/2026\/04\/4.-Pravda-na-dugom-putu_-zrtve-nasilja.pdf\" class=\"wp-block-file__button wp-element-button\" download aria-describedby=\"wp-block-file--media-57d65d3f-2679-4b2a-a948-aee842bc546a\">Preuzimanje<\/a><\/div>\n\n\n\n<div class=\"wp-block-file\"><a id=\"wp-block-file--media-1cd4e202-35f8-4c45-bdc5-7dfe483bb3d5\" href=\"https:\/\/aem.hr\/wp-content\/uploads\/2026\/04\/5.-Obiteljsko-nasilje-ne-bira_-iza-zatvorenih.pdf\">5. Obiteljsko nasilje ne bira_ iza zatvorenih<\/a><a href=\"https:\/\/aem.hr\/wp-content\/uploads\/2026\/04\/5.-Obiteljsko-nasilje-ne-bira_-iza-zatvorenih.pdf\" class=\"wp-block-file__button wp-element-button\" download aria-describedby=\"wp-block-file--media-1cd4e202-35f8-4c45-bdc5-7dfe483bb3d5\">Preuzimanje<\/a><\/div>\n","protected":false},"excerpt":{"rendered":"","protected":false},"author":18,"featured_media":0,"parent":0,"menu_order":0,"comment_status":"closed","ping_status":"closed","template":"","meta":{"_acf_changed":false,"inline_featured_image":false,"advgb_blocks_editor_width":"","advgb_blocks_columns_visual_guide":"","_links_to":"","_links_to_type":0,"footnotes":""},"class_list":["post-25746","page","type-page","status-publish","hentry"],"acf":[],"yoast_head":"<!-- This site is optimized with the Yoast SEO plugin v25.7 - https:\/\/yoast.com\/wordpress\/plugins\/seo\/ -->\n<title>Dinka Premu\u017ei\u0107 - Sigurna ku\u0107a - Agencija za elektroni\u010dke medije<\/title>\n<meta name=\"robots\" content=\"index, follow, max-snippet:-1, max-image-preview:large, max-video-preview:-1\" \/>\n<link rel=\"canonical\" href=\"https:\/\/aem.hr\/dinka-premuzic-sigurna-kuca\/\" \/>\n<meta property=\"og:locale\" content=\"en_US\" \/>\n<meta property=\"og:type\" content=\"article\" \/>\n<meta property=\"og:title\" content=\"Dinka Premu\u017ei\u0107 - Sigurna ku\u0107a - Agencija za elektroni\u010dke medije\" \/>\n<meta property=\"og:url\" content=\"https:\/\/aem.hr\/dinka-premuzic-sigurna-kuca\/\" \/>\n<meta property=\"og:site_name\" content=\"Agencija za elektroni\u010dke medije\" \/>\n<meta property=\"article:modified_time\" content=\"2026-04-09T09:14:45+00:00\" \/>\n<meta name=\"twitter:card\" content=\"summary_large_image\" \/>\n<meta name=\"twitter:label1\" content=\"Est. reading time\" \/>\n\t<meta name=\"twitter:data1\" content=\"1 minute\" \/>\n<script type=\"application\/ld+json\" class=\"yoast-schema-graph\">{\"@context\":\"https:\/\/schema.org\",\"@graph\":[{\"@type\":\"WebPage\",\"@id\":\"https:\/\/aem.hr\/dinka-premuzic-sigurna-kuca\/\",\"url\":\"https:\/\/aem.hr\/dinka-premuzic-sigurna-kuca\/\",\"name\":\"Dinka Premu\u017ei\u0107 - Sigurna ku\u0107a - Agencija za elektroni\u010dke medije\",\"isPartOf\":{\"@id\":\"https:\/\/aem.hr\/#website\"},\"datePublished\":\"2026-04-09T09:14:44+00:00\",\"dateModified\":\"2026-04-09T09:14:45+00:00\",\"breadcrumb\":{\"@id\":\"https:\/\/aem.hr\/dinka-premuzic-sigurna-kuca\/#breadcrumb\"},\"inLanguage\":\"en-US\",\"potentialAction\":[{\"@type\":\"ReadAction\",\"target\":[\"https:\/\/aem.hr\/dinka-premuzic-sigurna-kuca\/\"]}]},{\"@type\":\"BreadcrumbList\",\"@id\":\"https:\/\/aem.hr\/dinka-premuzic-sigurna-kuca\/#breadcrumb\",\"itemListElement\":[{\"@type\":\"ListItem\",\"position\":1,\"name\":\"Po\u010detna stranica\",\"item\":\"https:\/\/aem.hr\/\"},{\"@type\":\"ListItem\",\"position\":2,\"name\":\"Dinka Premu\u017ei\u0107 &#8211; Sigurna ku\u0107a\"}]},{\"@type\":\"WebSite\",\"@id\":\"https:\/\/aem.hr\/#website\",\"url\":\"https:\/\/aem.hr\/\",\"name\":\"Agencija za elektroni\u010dke medije\",\"description\":\"\",\"potentialAction\":[{\"@type\":\"SearchAction\",\"target\":{\"@type\":\"EntryPoint\",\"urlTemplate\":\"https:\/\/aem.hr\/?s={search_term_string}\"},\"query-input\":{\"@type\":\"PropertyValueSpecification\",\"valueRequired\":true,\"valueName\":\"search_term_string\"}}],\"inLanguage\":\"en-US\"}]}<\/script>\n<!-- \/ Yoast SEO plugin. -->","yoast_head_json":{"title":"Dinka Premu\u017ei\u0107 - Sigurna ku\u0107a - Agencija za elektroni\u010dke medije","robots":{"index":"index","follow":"follow","max-snippet":"max-snippet:-1","max-image-preview":"max-image-preview:large","max-video-preview":"max-video-preview:-1"},"canonical":"https:\/\/aem.hr\/dinka-premuzic-sigurna-kuca\/","og_locale":"en_US","og_type":"article","og_title":"Dinka Premu\u017ei\u0107 - Sigurna ku\u0107a - Agencija za elektroni\u010dke medije","og_url":"https:\/\/aem.hr\/dinka-premuzic-sigurna-kuca\/","og_site_name":"Agencija za elektroni\u010dke medije","article_modified_time":"2026-04-09T09:14:45+00:00","twitter_card":"summary_large_image","twitter_misc":{"Est. reading time":"1 minute"},"schema":{"@context":"https:\/\/schema.org","@graph":[{"@type":"WebPage","@id":"https:\/\/aem.hr\/dinka-premuzic-sigurna-kuca\/","url":"https:\/\/aem.hr\/dinka-premuzic-sigurna-kuca\/","name":"Dinka Premu\u017ei\u0107 - Sigurna ku\u0107a - Agencija za elektroni\u010dke medije","isPartOf":{"@id":"https:\/\/aem.hr\/#website"},"datePublished":"2026-04-09T09:14:44+00:00","dateModified":"2026-04-09T09:14:45+00:00","breadcrumb":{"@id":"https:\/\/aem.hr\/dinka-premuzic-sigurna-kuca\/#breadcrumb"},"inLanguage":"en-US","potentialAction":[{"@type":"ReadAction","target":["https:\/\/aem.hr\/dinka-premuzic-sigurna-kuca\/"]}]},{"@type":"BreadcrumbList","@id":"https:\/\/aem.hr\/dinka-premuzic-sigurna-kuca\/#breadcrumb","itemListElement":[{"@type":"ListItem","position":1,"name":"Po\u010detna stranica","item":"https:\/\/aem.hr\/"},{"@type":"ListItem","position":2,"name":"Dinka Premu\u017ei\u0107 &#8211; Sigurna ku\u0107a"}]},{"@type":"WebSite","@id":"https:\/\/aem.hr\/#website","url":"https:\/\/aem.hr\/","name":"Agencija za elektroni\u010dke medije","description":"","potentialAction":[{"@type":"SearchAction","target":{"@type":"EntryPoint","urlTemplate":"https:\/\/aem.hr\/?s={search_term_string}"},"query-input":{"@type":"PropertyValueSpecification","valueRequired":true,"valueName":"search_term_string"}}],"inLanguage":"en-US"}]}},"coauthors":[],"author_meta":{"author_link":"https:\/\/aem.hr\/en\/blog\/author\/mkirac\/","display_name":"Matko Kirac"},"relative_dates":{"created":"Posted 1 week ago","modified":"Updated 1 week ago"},"absolute_dates":{"created":"Posted on 9. April 2026.","modified":"Updated on 9. April 2026."},"absolute_dates_time":{"created":"Posted on 9. April 2026. 11:14","modified":"Updated on 9. April 2026. 11:14"},"featured_img_caption":"","featured_img":false,"series_order":"","_links":{"self":[{"href":"https:\/\/aem.hr\/en\/wp-json\/wp\/v2\/pages\/25746","targetHints":{"allow":["GET"]}}],"collection":[{"href":"https:\/\/aem.hr\/en\/wp-json\/wp\/v2\/pages"}],"about":[{"href":"https:\/\/aem.hr\/en\/wp-json\/wp\/v2\/types\/page"}],"author":[{"embeddable":true,"href":"https:\/\/aem.hr\/en\/wp-json\/wp\/v2\/users\/18"}],"replies":[{"embeddable":true,"href":"https:\/\/aem.hr\/en\/wp-json\/wp\/v2\/comments?post=25746"}],"version-history":[{"count":1,"href":"https:\/\/aem.hr\/en\/wp-json\/wp\/v2\/pages\/25746\/revisions"}],"predecessor-version":[{"id":25758,"href":"https:\/\/aem.hr\/en\/wp-json\/wp\/v2\/pages\/25746\/revisions\/25758"}],"wp:attachment":[{"href":"https:\/\/aem.hr\/en\/wp-json\/wp\/v2\/media?parent=25746"}],"curies":[{"name":"wp","href":"https:\/\/api.w.org\/{rel}","templated":true}]}}