{"id":25760,"date":"2026-04-09T11:16:04","date_gmt":"2026-04-09T09:16:04","guid":{"rendered":"https:\/\/aem.hr\/?page_id=25760"},"modified":"2026-04-09T11:16:06","modified_gmt":"2026-04-09T09:16:06","slug":"rade-dragojevic-od-kolijevke-pa-do-groba-najburnije-je-dacko-doba","status":"publish","type":"page","link":"https:\/\/aem.hr\/en\/rade-dragojevic-od-kolijevke-pa-do-groba-najburnije-je-dacko-doba\/","title":{"rendered":"Rade Dragojevi\u0107 &#8211; Od kolijevke pa do groba najburnije je \u0111a\u010dko doba"},"content":{"rendered":"\n<div class=\"wp-block-file\"><a id=\"wp-block-file--media-3e4d6d31-9563-4127-a4f6-a728c27bed84\" href=\"https:\/\/aem.hr\/wp-content\/uploads\/2026\/04\/1.-Nacrt-za-nenapisanu-povijest-dackih.pdf\">1. Nacrt za nenapisanu povijest \u0111a\u010dkih<\/a><a href=\"https:\/\/aem.hr\/wp-content\/uploads\/2026\/04\/1.-Nacrt-za-nenapisanu-povijest-dackih.pdf\" class=\"wp-block-file__button wp-element-button\" download aria-describedby=\"wp-block-file--media-3e4d6d31-9563-4127-a4f6-a728c27bed84\">Preuzimanje<\/a><\/div>\n\n\n\n<div class=\"wp-block-file\"><a id=\"wp-block-file--media-c67afabd-ea4a-4177-a0be-901731f9979d\" href=\"https:\/\/aem.hr\/wp-content\/uploads\/2026\/04\/2.-Uz-studentsku-pobunu-u-Srbiji.pdf\">2. Uz studentsku pobunu u Srbiji<\/a><a href=\"https:\/\/aem.hr\/wp-content\/uploads\/2026\/04\/2.-Uz-studentsku-pobunu-u-Srbiji.pdf\" class=\"wp-block-file__button wp-element-button\" download aria-describedby=\"wp-block-file--media-c67afabd-ea4a-4177-a0be-901731f9979d\">Preuzimanje<\/a><\/div>\n\n\n\n<div class=\"wp-block-file\"><a id=\"wp-block-file--media-e1c07c6e-d4bc-4dd0-a77d-2ad3bc3070a2\" href=\"https:\/\/aem.hr\/wp-content\/uploads\/2026\/04\/3.-Dacki-strajkovi-u-Zagrebu-1911.-i-1912.pdf\">3. \u0110a\u010dki \u0161trajkovi u Zagrebu 1911. i 1912.<\/a><a href=\"https:\/\/aem.hr\/wp-content\/uploads\/2026\/04\/3.-Dacki-strajkovi-u-Zagrebu-1911.-i-1912.pdf\" class=\"wp-block-file__button wp-element-button\" download aria-describedby=\"wp-block-file--media-e1c07c6e-d4bc-4dd0-a77d-2ad3bc3070a2\">Preuzimanje<\/a><\/div>\n\n\n\n<div class=\"wp-block-file\"><a id=\"wp-block-file--media-f5fadb46-3b99-4f9a-96fb-2806bc19fbdd\" href=\"https:\/\/aem.hr\/wp-content\/uploads\/2026\/04\/4.-Studentski-bunt-2009-\u2013-politicka-subjektivizacija.pdf\">4. Studentski bunt 2009 \u2013 politi\u010dka subjektivizacija<\/a><a href=\"https:\/\/aem.hr\/wp-content\/uploads\/2026\/04\/4.-Studentski-bunt-2009-\u2013-politicka-subjektivizacija.pdf\" class=\"wp-block-file__button wp-element-button\" download aria-describedby=\"wp-block-file--media-f5fadb46-3b99-4f9a-96fb-2806bc19fbdd\">Preuzimanje<\/a><\/div>\n\n\n\n<div class=\"wp-block-file\"><a id=\"wp-block-file--media-b3c36b89-171c-412d-a338-3a9f63e21f0d\" href=\"https:\/\/aem.hr\/wp-content\/uploads\/2026\/04\/5.-Neka-bude-borba-neprestana.pdf\">5. Neka bude borba neprestana<\/a><a href=\"https:\/\/aem.hr\/wp-content\/uploads\/2026\/04\/5.-Neka-bude-borba-neprestana.pdf\" class=\"wp-block-file__button wp-element-button\" download aria-describedby=\"wp-block-file--media-b3c36b89-171c-412d-a338-3a9f63e21f0d\">Preuzimanje<\/a><\/div>\n","protected":false},"excerpt":{"rendered":"","protected":false},"author":18,"featured_media":0,"parent":0,"menu_order":0,"comment_status":"closed","ping_status":"closed","template":"","meta":{"_acf_changed":false,"inline_featured_image":false,"advgb_blocks_editor_width":"","advgb_blocks_columns_visual_guide":"","_links_to":"","_links_to_type":0,"footnotes":""},"class_list":["post-25760","page","type-page","status-publish","hentry"],"acf":[],"yoast_head":"<!-- This site is optimized with the Yoast SEO plugin v25.7 - https:\/\/yoast.com\/wordpress\/plugins\/seo\/ -->\n<title>Rade Dragojevi\u0107 - Od kolijevke pa do groba najburnije je \u0111a\u010dko doba - Agencija za elektroni\u010dke medije<\/title>\n<meta name=\"robots\" content=\"index, follow, max-snippet:-1, max-image-preview:large, max-video-preview:-1\" \/>\n<link rel=\"canonical\" href=\"https:\/\/aem.hr\/rade-dragojevic-od-kolijevke-pa-do-groba-najburnije-je-dacko-doba\/\" \/>\n<meta property=\"og:locale\" content=\"en_US\" \/>\n<meta property=\"og:type\" content=\"article\" \/>\n<meta property=\"og:title\" content=\"Rade Dragojevi\u0107 - Od kolijevke pa do groba najburnije je \u0111a\u010dko doba - Agencija za elektroni\u010dke medije\" \/>\n<meta property=\"og:url\" content=\"https:\/\/aem.hr\/rade-dragojevic-od-kolijevke-pa-do-groba-najburnije-je-dacko-doba\/\" \/>\n<meta property=\"og:site_name\" content=\"Agencija za elektroni\u010dke medije\" \/>\n<meta property=\"article:modified_time\" content=\"2026-04-09T09:16:06+00:00\" \/>\n<meta name=\"twitter:card\" content=\"summary_large_image\" \/>\n<meta name=\"twitter:label1\" content=\"Est. reading time\" \/>\n\t<meta name=\"twitter:data1\" content=\"1 minute\" \/>\n<script type=\"application\/ld+json\" class=\"yoast-schema-graph\">{\"@context\":\"https:\/\/schema.org\",\"@graph\":[{\"@type\":\"WebPage\",\"@id\":\"https:\/\/aem.hr\/rade-dragojevic-od-kolijevke-pa-do-groba-najburnije-je-dacko-doba\/\",\"url\":\"https:\/\/aem.hr\/rade-dragojevic-od-kolijevke-pa-do-groba-najburnije-je-dacko-doba\/\",\"name\":\"Rade Dragojevi\u0107 - Od kolijevke pa do groba najburnije je \u0111a\u010dko doba - Agencija za elektroni\u010dke medije\",\"isPartOf\":{\"@id\":\"https:\/\/aem.hr\/#website\"},\"datePublished\":\"2026-04-09T09:16:04+00:00\",\"dateModified\":\"2026-04-09T09:16:06+00:00\",\"breadcrumb\":{\"@id\":\"https:\/\/aem.hr\/rade-dragojevic-od-kolijevke-pa-do-groba-najburnije-je-dacko-doba\/#breadcrumb\"},\"inLanguage\":\"en-US\",\"potentialAction\":[{\"@type\":\"ReadAction\",\"target\":[\"https:\/\/aem.hr\/rade-dragojevic-od-kolijevke-pa-do-groba-najburnije-je-dacko-doba\/\"]}]},{\"@type\":\"BreadcrumbList\",\"@id\":\"https:\/\/aem.hr\/rade-dragojevic-od-kolijevke-pa-do-groba-najburnije-je-dacko-doba\/#breadcrumb\",\"itemListElement\":[{\"@type\":\"ListItem\",\"position\":1,\"name\":\"Po\u010detna stranica\",\"item\":\"https:\/\/aem.hr\/\"},{\"@type\":\"ListItem\",\"position\":2,\"name\":\"Rade Dragojevi\u0107 &#8211; Od kolijevke pa do groba najburnije je \u0111a\u010dko doba\"}]},{\"@type\":\"WebSite\",\"@id\":\"https:\/\/aem.hr\/#website\",\"url\":\"https:\/\/aem.hr\/\",\"name\":\"Agencija za elektroni\u010dke medije\",\"description\":\"\",\"potentialAction\":[{\"@type\":\"SearchAction\",\"target\":{\"@type\":\"EntryPoint\",\"urlTemplate\":\"https:\/\/aem.hr\/?s={search_term_string}\"},\"query-input\":{\"@type\":\"PropertyValueSpecification\",\"valueRequired\":true,\"valueName\":\"search_term_string\"}}],\"inLanguage\":\"en-US\"}]}<\/script>\n<!-- \/ Yoast SEO plugin. -->","yoast_head_json":{"title":"Rade Dragojevi\u0107 - Od kolijevke pa do groba najburnije je \u0111a\u010dko doba - Agencija za elektroni\u010dke medije","robots":{"index":"index","follow":"follow","max-snippet":"max-snippet:-1","max-image-preview":"max-image-preview:large","max-video-preview":"max-video-preview:-1"},"canonical":"https:\/\/aem.hr\/rade-dragojevic-od-kolijevke-pa-do-groba-najburnije-je-dacko-doba\/","og_locale":"en_US","og_type":"article","og_title":"Rade Dragojevi\u0107 - Od kolijevke pa do groba najburnije je \u0111a\u010dko doba - Agencija za elektroni\u010dke medije","og_url":"https:\/\/aem.hr\/rade-dragojevic-od-kolijevke-pa-do-groba-najburnije-je-dacko-doba\/","og_site_name":"Agencija za elektroni\u010dke medije","article_modified_time":"2026-04-09T09:16:06+00:00","twitter_card":"summary_large_image","twitter_misc":{"Est. reading time":"1 minute"},"schema":{"@context":"https:\/\/schema.org","@graph":[{"@type":"WebPage","@id":"https:\/\/aem.hr\/rade-dragojevic-od-kolijevke-pa-do-groba-najburnije-je-dacko-doba\/","url":"https:\/\/aem.hr\/rade-dragojevic-od-kolijevke-pa-do-groba-najburnije-je-dacko-doba\/","name":"Rade Dragojevi\u0107 - Od kolijevke pa do groba najburnije je \u0111a\u010dko doba - Agencija za elektroni\u010dke medije","isPartOf":{"@id":"https:\/\/aem.hr\/#website"},"datePublished":"2026-04-09T09:16:04+00:00","dateModified":"2026-04-09T09:16:06+00:00","breadcrumb":{"@id":"https:\/\/aem.hr\/rade-dragojevic-od-kolijevke-pa-do-groba-najburnije-je-dacko-doba\/#breadcrumb"},"inLanguage":"en-US","potentialAction":[{"@type":"ReadAction","target":["https:\/\/aem.hr\/rade-dragojevic-od-kolijevke-pa-do-groba-najburnije-je-dacko-doba\/"]}]},{"@type":"BreadcrumbList","@id":"https:\/\/aem.hr\/rade-dragojevic-od-kolijevke-pa-do-groba-najburnije-je-dacko-doba\/#breadcrumb","itemListElement":[{"@type":"ListItem","position":1,"name":"Po\u010detna stranica","item":"https:\/\/aem.hr\/"},{"@type":"ListItem","position":2,"name":"Rade Dragojevi\u0107 &#8211; Od kolijevke pa do groba najburnije je \u0111a\u010dko doba"}]},{"@type":"WebSite","@id":"https:\/\/aem.hr\/#website","url":"https:\/\/aem.hr\/","name":"Agencija za elektroni\u010dke medije","description":"","potentialAction":[{"@type":"SearchAction","target":{"@type":"EntryPoint","urlTemplate":"https:\/\/aem.hr\/?s={search_term_string}"},"query-input":{"@type":"PropertyValueSpecification","valueRequired":true,"valueName":"search_term_string"}}],"inLanguage":"en-US"}]}},"coauthors":[],"author_meta":{"author_link":"https:\/\/aem.hr\/en\/blog\/author\/mkirac\/","display_name":"Matko Kirac"},"relative_dates":{"created":"Posted 1 week ago","modified":"Updated 1 week ago"},"absolute_dates":{"created":"Posted on 9. April 2026.","modified":"Updated on 9. April 2026."},"absolute_dates_time":{"created":"Posted on 9. April 2026. 11:16","modified":"Updated on 9. April 2026. 11:16"},"featured_img_caption":"","featured_img":false,"series_order":"","_links":{"self":[{"href":"https:\/\/aem.hr\/en\/wp-json\/wp\/v2\/pages\/25760","targetHints":{"allow":["GET"]}}],"collection":[{"href":"https:\/\/aem.hr\/en\/wp-json\/wp\/v2\/pages"}],"about":[{"href":"https:\/\/aem.hr\/en\/wp-json\/wp\/v2\/types\/page"}],"author":[{"embeddable":true,"href":"https:\/\/aem.hr\/en\/wp-json\/wp\/v2\/users\/18"}],"replies":[{"embeddable":true,"href":"https:\/\/aem.hr\/en\/wp-json\/wp\/v2\/comments?post=25760"}],"version-history":[{"count":1,"href":"https:\/\/aem.hr\/en\/wp-json\/wp\/v2\/pages\/25760\/revisions"}],"predecessor-version":[{"id":25772,"href":"https:\/\/aem.hr\/en\/wp-json\/wp\/v2\/pages\/25760\/revisions\/25772"}],"wp:attachment":[{"href":"https:\/\/aem.hr\/en\/wp-json\/wp\/v2\/media?parent=25760"}],"curies":[{"name":"wp","href":"https:\/\/api.w.org\/{rel}","templated":true}]}}