{"id":25773,"date":"2026-04-09T11:18:00","date_gmt":"2026-04-09T09:18:00","guid":{"rendered":"https:\/\/aem.hr\/?page_id=25773"},"modified":"2026-04-09T11:18:01","modified_gmt":"2026-04-09T09:18:01","slug":"nenad-kuzina-zupna-je-zajednica-otvorena-svima","status":"publish","type":"page","link":"https:\/\/aem.hr\/en\/nenad-kuzina-zupna-je-zajednica-otvorena-svima\/","title":{"rendered":"Nenad Ku\u017eina &#8211; \u017dupna je zajednica otvorena svima"},"content":{"rendered":"\n<div class=\"wp-block-file\"><a id=\"wp-block-file--media-a877fb61-64cf-420d-9d88-7f7c495fc049\" href=\"https:\/\/aem.hr\/wp-content\/uploads\/2026\/04\/1.-Od-molitve-do-dobrih-djela.pdf\">1. Od molitve do dobrih djela<\/a><a href=\"https:\/\/aem.hr\/wp-content\/uploads\/2026\/04\/1.-Od-molitve-do-dobrih-djela.pdf\" class=\"wp-block-file__button wp-element-button\" download aria-describedby=\"wp-block-file--media-a877fb61-64cf-420d-9d88-7f7c495fc049\">Preuzimanje<\/a><\/div>\n\n\n\n<div class=\"wp-block-file\"><a id=\"wp-block-file--media-2861ba54-8850-4b71-9747-2d5c5072ff40\" href=\"https:\/\/aem.hr\/wp-content\/uploads\/2026\/04\/2.-Jezik-koji-svi-razumiju.pdf\">2. Jezik koji svi razumiju<\/a><a href=\"https:\/\/aem.hr\/wp-content\/uploads\/2026\/04\/2.-Jezik-koji-svi-razumiju.pdf\" class=\"wp-block-file__button wp-element-button\" download aria-describedby=\"wp-block-file--media-2861ba54-8850-4b71-9747-2d5c5072ff40\">Preuzimanje<\/a><\/div>\n\n\n\n<div class=\"wp-block-file\"><a id=\"wp-block-file--media-1182d2c8-0d8b-4d20-abcb-e4b52d047836\" href=\"https:\/\/aem.hr\/wp-content\/uploads\/2026\/04\/3.-U-Vrpolju-od-straha-do-pobjede.pdf\">3. U Vrpolju od straha do pobjede<\/a><a href=\"https:\/\/aem.hr\/wp-content\/uploads\/2026\/04\/3.-U-Vrpolju-od-straha-do-pobjede.pdf\" class=\"wp-block-file__button wp-element-button\" download aria-describedby=\"wp-block-file--media-1182d2c8-0d8b-4d20-abcb-e4b52d047836\">Preuzimanje<\/a><\/div>\n\n\n\n<div class=\"wp-block-file\"><a id=\"wp-block-file--media-8da5c697-709d-446f-8e9a-99dfc713f5fa\" href=\"https:\/\/aem.hr\/wp-content\/uploads\/2026\/04\/4.-I-malo-ribe-nahrani-mnostvo.pdf\">4. I malo ribe nahrani mno\u0161tvo<\/a><a href=\"https:\/\/aem.hr\/wp-content\/uploads\/2026\/04\/4.-I-malo-ribe-nahrani-mnostvo.pdf\" class=\"wp-block-file__button wp-element-button\" download aria-describedby=\"wp-block-file--media-8da5c697-709d-446f-8e9a-99dfc713f5fa\">Preuzimanje<\/a><\/div>\n\n\n\n<div class=\"wp-block-file\"><a id=\"wp-block-file--media-87faba8b-73a0-4cbd-aa2a-484988438f5b\" href=\"https:\/\/aem.hr\/wp-content\/uploads\/2026\/04\/5.-Odgoj-u-skoli-sv.-Sime.pdf\">5. Odgoj u \u0161koli sv. \u0160ime<\/a><a href=\"https:\/\/aem.hr\/wp-content\/uploads\/2026\/04\/5.-Odgoj-u-skoli-sv.-Sime.pdf\" class=\"wp-block-file__button wp-element-button\" download aria-describedby=\"wp-block-file--media-87faba8b-73a0-4cbd-aa2a-484988438f5b\">Preuzimanje<\/a><\/div>\n\n\n\n<div class=\"wp-block-file\"><a id=\"wp-block-file--media-9e4be92d-1673-4913-8273-b4e3bf74e069\" href=\"https:\/\/aem.hr\/wp-content\/uploads\/2026\/04\/6.-Od-povijesti-Siska-do-stvarnosti-Galdova.pdf\">6. Od povijesti Siska do stvarnosti Galdova<\/a><a href=\"https:\/\/aem.hr\/wp-content\/uploads\/2026\/04\/6.-Od-povijesti-Siska-do-stvarnosti-Galdova.pdf\" class=\"wp-block-file__button wp-element-button\" download aria-describedby=\"wp-block-file--media-9e4be92d-1673-4913-8273-b4e3bf74e069\">Preuzimanje<\/a><\/div>\n\n\n\n<div class=\"wp-block-file\"><a id=\"wp-block-file--media-81a39114-4c77-4e44-b79d-cd17aa09ba7f\" href=\"https:\/\/aem.hr\/wp-content\/uploads\/2026\/04\/7.-Na-Savici-ruke-sklopljene-na-molitvu.pdf\">7. Na Savici ruke sklopljene na molitvu<\/a><a href=\"https:\/\/aem.hr\/wp-content\/uploads\/2026\/04\/7.-Na-Savici-ruke-sklopljene-na-molitvu.pdf\" class=\"wp-block-file__button wp-element-button\" download aria-describedby=\"wp-block-file--media-81a39114-4c77-4e44-b79d-cd17aa09ba7f\">Preuzimanje<\/a><\/div>\n\n\n\n<div class=\"wp-block-file\"><a id=\"wp-block-file--media-3fbb152a-a16e-4b0c-aec7-b92edd8031a1\" href=\"https:\/\/aem.hr\/wp-content\/uploads\/2026\/04\/8.-U-svetistu-Gospe-Lurdske-zivi-Anticeva-karizma.pdf\">8. U sveti\u0161tu Gospe Lurdske \u017eivi Anti\u0107eva karizma<\/a><a href=\"https:\/\/aem.hr\/wp-content\/uploads\/2026\/04\/8.-U-svetistu-Gospe-Lurdske-zivi-Anticeva-karizma.pdf\" class=\"wp-block-file__button wp-element-button\" download aria-describedby=\"wp-block-file--media-3fbb152a-a16e-4b0c-aec7-b92edd8031a1\">Preuzimanje<\/a><\/div>\n","protected":false},"excerpt":{"rendered":"","protected":false},"author":18,"featured_media":0,"parent":0,"menu_order":0,"comment_status":"closed","ping_status":"closed","template":"","meta":{"_acf_changed":false,"inline_featured_image":false,"advgb_blocks_editor_width":"","advgb_blocks_columns_visual_guide":"","_links_to":"","_links_to_type":0,"footnotes":""},"class_list":["post-25773","page","type-page","status-publish","hentry"],"acf":[],"yoast_head":"<!-- This site is optimized with the Yoast SEO plugin v25.7 - https:\/\/yoast.com\/wordpress\/plugins\/seo\/ -->\n<title>Nenad Ku\u017eina - \u017dupna je zajednica otvorena svima - Agencija za elektroni\u010dke medije<\/title>\n<meta name=\"robots\" content=\"index, follow, max-snippet:-1, max-image-preview:large, max-video-preview:-1\" \/>\n<link rel=\"canonical\" href=\"https:\/\/aem.hr\/nenad-kuzina-zupna-je-zajednica-otvorena-svima\/\" \/>\n<meta property=\"og:locale\" content=\"en_US\" \/>\n<meta property=\"og:type\" content=\"article\" \/>\n<meta property=\"og:title\" content=\"Nenad Ku\u017eina - \u017dupna je zajednica otvorena svima - Agencija za elektroni\u010dke medije\" \/>\n<meta property=\"og:url\" content=\"https:\/\/aem.hr\/nenad-kuzina-zupna-je-zajednica-otvorena-svima\/\" \/>\n<meta property=\"og:site_name\" content=\"Agencija za elektroni\u010dke medije\" \/>\n<meta property=\"article:modified_time\" content=\"2026-04-09T09:18:01+00:00\" \/>\n<meta name=\"twitter:card\" content=\"summary_large_image\" \/>\n<meta name=\"twitter:label1\" content=\"Est. reading time\" \/>\n\t<meta name=\"twitter:data1\" content=\"1 minute\" \/>\n<script type=\"application\/ld+json\" class=\"yoast-schema-graph\">{\"@context\":\"https:\/\/schema.org\",\"@graph\":[{\"@type\":\"WebPage\",\"@id\":\"https:\/\/aem.hr\/nenad-kuzina-zupna-je-zajednica-otvorena-svima\/\",\"url\":\"https:\/\/aem.hr\/nenad-kuzina-zupna-je-zajednica-otvorena-svima\/\",\"name\":\"Nenad Ku\u017eina - \u017dupna je zajednica otvorena svima - Agencija za elektroni\u010dke medije\",\"isPartOf\":{\"@id\":\"https:\/\/aem.hr\/#website\"},\"datePublished\":\"2026-04-09T09:18:00+00:00\",\"dateModified\":\"2026-04-09T09:18:01+00:00\",\"breadcrumb\":{\"@id\":\"https:\/\/aem.hr\/nenad-kuzina-zupna-je-zajednica-otvorena-svima\/#breadcrumb\"},\"inLanguage\":\"en-US\",\"potentialAction\":[{\"@type\":\"ReadAction\",\"target\":[\"https:\/\/aem.hr\/nenad-kuzina-zupna-je-zajednica-otvorena-svima\/\"]}]},{\"@type\":\"BreadcrumbList\",\"@id\":\"https:\/\/aem.hr\/nenad-kuzina-zupna-je-zajednica-otvorena-svima\/#breadcrumb\",\"itemListElement\":[{\"@type\":\"ListItem\",\"position\":1,\"name\":\"Po\u010detna stranica\",\"item\":\"https:\/\/aem.hr\/\"},{\"@type\":\"ListItem\",\"position\":2,\"name\":\"Nenad Ku\u017eina &#8211; \u017dupna je zajednica otvorena svima\"}]},{\"@type\":\"WebSite\",\"@id\":\"https:\/\/aem.hr\/#website\",\"url\":\"https:\/\/aem.hr\/\",\"name\":\"Agencija za elektroni\u010dke medije\",\"description\":\"\",\"potentialAction\":[{\"@type\":\"SearchAction\",\"target\":{\"@type\":\"EntryPoint\",\"urlTemplate\":\"https:\/\/aem.hr\/?s={search_term_string}\"},\"query-input\":{\"@type\":\"PropertyValueSpecification\",\"valueRequired\":true,\"valueName\":\"search_term_string\"}}],\"inLanguage\":\"en-US\"}]}<\/script>\n<!-- \/ Yoast SEO plugin. -->","yoast_head_json":{"title":"Nenad Ku\u017eina - \u017dupna je zajednica otvorena svima - Agencija za elektroni\u010dke medije","robots":{"index":"index","follow":"follow","max-snippet":"max-snippet:-1","max-image-preview":"max-image-preview:large","max-video-preview":"max-video-preview:-1"},"canonical":"https:\/\/aem.hr\/nenad-kuzina-zupna-je-zajednica-otvorena-svima\/","og_locale":"en_US","og_type":"article","og_title":"Nenad Ku\u017eina - \u017dupna je zajednica otvorena svima - Agencija za elektroni\u010dke medije","og_url":"https:\/\/aem.hr\/nenad-kuzina-zupna-je-zajednica-otvorena-svima\/","og_site_name":"Agencija za elektroni\u010dke medije","article_modified_time":"2026-04-09T09:18:01+00:00","twitter_card":"summary_large_image","twitter_misc":{"Est. reading time":"1 minute"},"schema":{"@context":"https:\/\/schema.org","@graph":[{"@type":"WebPage","@id":"https:\/\/aem.hr\/nenad-kuzina-zupna-je-zajednica-otvorena-svima\/","url":"https:\/\/aem.hr\/nenad-kuzina-zupna-je-zajednica-otvorena-svima\/","name":"Nenad Ku\u017eina - \u017dupna je zajednica otvorena svima - Agencija za elektroni\u010dke medije","isPartOf":{"@id":"https:\/\/aem.hr\/#website"},"datePublished":"2026-04-09T09:18:00+00:00","dateModified":"2026-04-09T09:18:01+00:00","breadcrumb":{"@id":"https:\/\/aem.hr\/nenad-kuzina-zupna-je-zajednica-otvorena-svima\/#breadcrumb"},"inLanguage":"en-US","potentialAction":[{"@type":"ReadAction","target":["https:\/\/aem.hr\/nenad-kuzina-zupna-je-zajednica-otvorena-svima\/"]}]},{"@type":"BreadcrumbList","@id":"https:\/\/aem.hr\/nenad-kuzina-zupna-je-zajednica-otvorena-svima\/#breadcrumb","itemListElement":[{"@type":"ListItem","position":1,"name":"Po\u010detna stranica","item":"https:\/\/aem.hr\/"},{"@type":"ListItem","position":2,"name":"Nenad Ku\u017eina &#8211; \u017dupna je zajednica otvorena svima"}]},{"@type":"WebSite","@id":"https:\/\/aem.hr\/#website","url":"https:\/\/aem.hr\/","name":"Agencija za elektroni\u010dke medije","description":"","potentialAction":[{"@type":"SearchAction","target":{"@type":"EntryPoint","urlTemplate":"https:\/\/aem.hr\/?s={search_term_string}"},"query-input":{"@type":"PropertyValueSpecification","valueRequired":true,"valueName":"search_term_string"}}],"inLanguage":"en-US"}]}},"coauthors":[],"author_meta":{"author_link":"https:\/\/aem.hr\/en\/blog\/author\/mkirac\/","display_name":"Matko Kirac"},"relative_dates":{"created":"Posted 1 week ago","modified":"Updated 1 week ago"},"absolute_dates":{"created":"Posted on 9. April 2026.","modified":"Updated on 9. April 2026."},"absolute_dates_time":{"created":"Posted on 9. April 2026. 11:18","modified":"Updated on 9. April 2026. 11:18"},"featured_img_caption":"","featured_img":false,"series_order":"","_links":{"self":[{"href":"https:\/\/aem.hr\/en\/wp-json\/wp\/v2\/pages\/25773","targetHints":{"allow":["GET"]}}],"collection":[{"href":"https:\/\/aem.hr\/en\/wp-json\/wp\/v2\/pages"}],"about":[{"href":"https:\/\/aem.hr\/en\/wp-json\/wp\/v2\/types\/page"}],"author":[{"embeddable":true,"href":"https:\/\/aem.hr\/en\/wp-json\/wp\/v2\/users\/18"}],"replies":[{"embeddable":true,"href":"https:\/\/aem.hr\/en\/wp-json\/wp\/v2\/comments?post=25773"}],"version-history":[{"count":1,"href":"https:\/\/aem.hr\/en\/wp-json\/wp\/v2\/pages\/25773\/revisions"}],"predecessor-version":[{"id":25789,"href":"https:\/\/aem.hr\/en\/wp-json\/wp\/v2\/pages\/25773\/revisions\/25789"}],"wp:attachment":[{"href":"https:\/\/aem.hr\/en\/wp-json\/wp\/v2\/media?parent=25773"}],"curies":[{"name":"wp","href":"https:\/\/api.w.org\/{rel}","templated":true}]}}