{"id":25791,"date":"2026-04-09T11:20:59","date_gmt":"2026-04-09T09:20:59","guid":{"rendered":"https:\/\/aem.hr\/?page_id=25791"},"modified":"2026-04-09T11:21:01","modified_gmt":"2026-04-09T09:21:01","slug":"mirela-raic-psi-i-macke-umjesto-pelena-gdje-su-nestala-djeca","status":"publish","type":"page","link":"https:\/\/aem.hr\/en\/mirela-raic-psi-i-macke-umjesto-pelena-gdje-su-nestala-djeca\/","title":{"rendered":"Mirela Rai\u010d &#8211; Psi i ma\u010dke umjesto pelena &#8211; gdje su nestala djeca?"},"content":{"rendered":"\n<div class=\"wp-block-file\"><a id=\"wp-block-file--media-204d84b4-f5aa-41d7-a0e6-2d4e067e7005\" href=\"https:\/\/aem.hr\/wp-content\/uploads\/2026\/04\/1.-Jesu-li-ljubimci-postali-emocionalna-zamjena-za-djecu.pdf\">1. Jesu li ljubimci postali emocionalna zamjena za djecu<\/a><a href=\"https:\/\/aem.hr\/wp-content\/uploads\/2026\/04\/1.-Jesu-li-ljubimci-postali-emocionalna-zamjena-za-djecu.pdf\" class=\"wp-block-file__button wp-element-button\" download aria-describedby=\"wp-block-file--media-204d84b4-f5aa-41d7-a0e6-2d4e067e7005\">Preuzimanje<\/a><\/div>\n\n\n\n<div class=\"wp-block-file\"><a id=\"wp-block-file--media-c7c1d565-0f00-4c1f-b1ea-2ceae151f608\" href=\"https:\/\/aem.hr\/wp-content\/uploads\/2026\/04\/2.-Moze-li-vlasnistvo-kucnog-ljubimca-biti-podloga.pdf\">2. Mo\u017ee li vlasni\u0161tvo ku\u0107nog ljubimca biti podloga<\/a><a href=\"https:\/\/aem.hr\/wp-content\/uploads\/2026\/04\/2.-Moze-li-vlasnistvo-kucnog-ljubimca-biti-podloga.pdf\" class=\"wp-block-file__button wp-element-button\" download aria-describedby=\"wp-block-file--media-c7c1d565-0f00-4c1f-b1ea-2ceae151f608\">Preuzimanje<\/a><\/div>\n\n\n\n<div class=\"wp-block-file\"><a id=\"wp-block-file--media-3611348a-ea77-40ef-a2e4-c445b4b6fb05\" href=\"https:\/\/aem.hr\/wp-content\/uploads\/2026\/04\/3.-Pet-industrija-u-usponu_-generacijski-pomak.pdf\">3. Pet-industrija u usponu_ generacijski pomak<\/a><a href=\"https:\/\/aem.hr\/wp-content\/uploads\/2026\/04\/3.-Pet-industrija-u-usponu_-generacijski-pomak.pdf\" class=\"wp-block-file__button wp-element-button\" download aria-describedby=\"wp-block-file--media-3611348a-ea77-40ef-a2e4-c445b4b6fb05\">Preuzimanje<\/a><\/div>\n\n\n\n<div class=\"wp-block-file\"><a id=\"wp-block-file--media-3925d299-2924-439a-a4af-4adceb7f573e\" href=\"https:\/\/aem.hr\/wp-content\/uploads\/2026\/04\/4.-Koliko-nas-stvarno-\u201ekosta-kucni-ljubimac-a-koliko-dijete.pdf\">4. Koliko nas stvarno \u201eko\u0161ta\u201c ku\u0107ni ljubimac, a koliko dijete<\/a><a href=\"https:\/\/aem.hr\/wp-content\/uploads\/2026\/04\/4.-Koliko-nas-stvarno-\u201ekosta-kucni-ljubimac-a-koliko-dijete.pdf\" class=\"wp-block-file__button wp-element-button\" download aria-describedby=\"wp-block-file--media-3925d299-2924-439a-a4af-4adceb7f573e\">Preuzimanje<\/a><\/div>\n\n\n\n<div class=\"wp-block-file\"><a id=\"wp-block-file--media-59e6b11f-7d16-4021-a0df-85431d0c3203\" href=\"https:\/\/aem.hr\/wp-content\/uploads\/2026\/04\/5.-Kad-ljubimci-postanu-obitelj_-kako-solo-zivot-i-kasne-veze.pdf\">5. Kad ljubimci postanu obitelj_ kako solo \u017eivot i kasne veze<\/a><a href=\"https:\/\/aem.hr\/wp-content\/uploads\/2026\/04\/5.-Kad-ljubimci-postanu-obitelj_-kako-solo-zivot-i-kasne-veze.pdf\" class=\"wp-block-file__button wp-element-button\" download aria-describedby=\"wp-block-file--media-59e6b11f-7d16-4021-a0df-85431d0c3203\">Preuzimanje<\/a><\/div>\n\n\n\n<div class=\"wp-block-file\"><a id=\"wp-block-file--media-b3967358-00f4-483d-a39b-7b591e624138\" href=\"https:\/\/aem.hr\/wp-content\/uploads\/2026\/04\/6.-Sto-nam-pad-nataliteta-i-rast-vlasnistva-kucnih-ljubimaca.pdf\">6. \u0160to nam pad nataliteta i rast vlasni\u0161tva ku\u0107nih ljubimaca<\/a><a href=\"https:\/\/aem.hr\/wp-content\/uploads\/2026\/04\/6.-Sto-nam-pad-nataliteta-i-rast-vlasnistva-kucnih-ljubimaca.pdf\" class=\"wp-block-file__button wp-element-button\" download aria-describedby=\"wp-block-file--media-b3967358-00f4-483d-a39b-7b591e624138\">Preuzimanje<\/a><\/div>\n","protected":false},"excerpt":{"rendered":"","protected":false},"author":18,"featured_media":0,"parent":0,"menu_order":0,"comment_status":"closed","ping_status":"closed","template":"","meta":{"_acf_changed":false,"inline_featured_image":false,"advgb_blocks_editor_width":"","advgb_blocks_columns_visual_guide":"","_links_to":"","_links_to_type":0,"footnotes":""},"class_list":["post-25791","page","type-page","status-publish","hentry"],"acf":[],"yoast_head":"<!-- This site is optimized with the Yoast SEO plugin v25.7 - https:\/\/yoast.com\/wordpress\/plugins\/seo\/ -->\n<title>Mirela Rai\u010d - Psi i ma\u010dke umjesto pelena - gdje su nestala djeca? - Agencija za elektroni\u010dke medije<\/title>\n<meta name=\"robots\" content=\"index, follow, max-snippet:-1, max-image-preview:large, max-video-preview:-1\" \/>\n<link rel=\"canonical\" href=\"https:\/\/aem.hr\/mirela-raic-psi-i-macke-umjesto-pelena-gdje-su-nestala-djeca\/\" \/>\n<meta property=\"og:locale\" content=\"en_US\" \/>\n<meta property=\"og:type\" content=\"article\" \/>\n<meta property=\"og:title\" content=\"Mirela Rai\u010d - Psi i ma\u010dke umjesto pelena - gdje su nestala djeca? - Agencija za elektroni\u010dke medije\" \/>\n<meta property=\"og:url\" content=\"https:\/\/aem.hr\/mirela-raic-psi-i-macke-umjesto-pelena-gdje-su-nestala-djeca\/\" \/>\n<meta property=\"og:site_name\" content=\"Agencija za elektroni\u010dke medije\" \/>\n<meta property=\"article:modified_time\" content=\"2026-04-09T09:21:01+00:00\" \/>\n<meta name=\"twitter:card\" content=\"summary_large_image\" \/>\n<meta name=\"twitter:label1\" content=\"Est. reading time\" \/>\n\t<meta name=\"twitter:data1\" content=\"1 minute\" \/>\n<script type=\"application\/ld+json\" class=\"yoast-schema-graph\">{\"@context\":\"https:\/\/schema.org\",\"@graph\":[{\"@type\":\"WebPage\",\"@id\":\"https:\/\/aem.hr\/mirela-raic-psi-i-macke-umjesto-pelena-gdje-su-nestala-djeca\/\",\"url\":\"https:\/\/aem.hr\/mirela-raic-psi-i-macke-umjesto-pelena-gdje-su-nestala-djeca\/\",\"name\":\"Mirela Rai\u010d - Psi i ma\u010dke umjesto pelena - gdje su nestala djeca? - Agencija za elektroni\u010dke medije\",\"isPartOf\":{\"@id\":\"https:\/\/aem.hr\/#website\"},\"datePublished\":\"2026-04-09T09:20:59+00:00\",\"dateModified\":\"2026-04-09T09:21:01+00:00\",\"breadcrumb\":{\"@id\":\"https:\/\/aem.hr\/mirela-raic-psi-i-macke-umjesto-pelena-gdje-su-nestala-djeca\/#breadcrumb\"},\"inLanguage\":\"en-US\",\"potentialAction\":[{\"@type\":\"ReadAction\",\"target\":[\"https:\/\/aem.hr\/mirela-raic-psi-i-macke-umjesto-pelena-gdje-su-nestala-djeca\/\"]}]},{\"@type\":\"BreadcrumbList\",\"@id\":\"https:\/\/aem.hr\/mirela-raic-psi-i-macke-umjesto-pelena-gdje-su-nestala-djeca\/#breadcrumb\",\"itemListElement\":[{\"@type\":\"ListItem\",\"position\":1,\"name\":\"Po\u010detna stranica\",\"item\":\"https:\/\/aem.hr\/\"},{\"@type\":\"ListItem\",\"position\":2,\"name\":\"Mirela Rai\u010d &#8211; Psi i ma\u010dke umjesto pelena &#8211; gdje su nestala djeca?\"}]},{\"@type\":\"WebSite\",\"@id\":\"https:\/\/aem.hr\/#website\",\"url\":\"https:\/\/aem.hr\/\",\"name\":\"Agencija za elektroni\u010dke medije\",\"description\":\"\",\"potentialAction\":[{\"@type\":\"SearchAction\",\"target\":{\"@type\":\"EntryPoint\",\"urlTemplate\":\"https:\/\/aem.hr\/?s={search_term_string}\"},\"query-input\":{\"@type\":\"PropertyValueSpecification\",\"valueRequired\":true,\"valueName\":\"search_term_string\"}}],\"inLanguage\":\"en-US\"}]}<\/script>\n<!-- \/ Yoast SEO plugin. -->","yoast_head_json":{"title":"Mirela Rai\u010d - Psi i ma\u010dke umjesto pelena - gdje su nestala djeca? - Agencija za elektroni\u010dke medije","robots":{"index":"index","follow":"follow","max-snippet":"max-snippet:-1","max-image-preview":"max-image-preview:large","max-video-preview":"max-video-preview:-1"},"canonical":"https:\/\/aem.hr\/mirela-raic-psi-i-macke-umjesto-pelena-gdje-su-nestala-djeca\/","og_locale":"en_US","og_type":"article","og_title":"Mirela Rai\u010d - Psi i ma\u010dke umjesto pelena - gdje su nestala djeca? - Agencija za elektroni\u010dke medije","og_url":"https:\/\/aem.hr\/mirela-raic-psi-i-macke-umjesto-pelena-gdje-su-nestala-djeca\/","og_site_name":"Agencija za elektroni\u010dke medije","article_modified_time":"2026-04-09T09:21:01+00:00","twitter_card":"summary_large_image","twitter_misc":{"Est. reading time":"1 minute"},"schema":{"@context":"https:\/\/schema.org","@graph":[{"@type":"WebPage","@id":"https:\/\/aem.hr\/mirela-raic-psi-i-macke-umjesto-pelena-gdje-su-nestala-djeca\/","url":"https:\/\/aem.hr\/mirela-raic-psi-i-macke-umjesto-pelena-gdje-su-nestala-djeca\/","name":"Mirela Rai\u010d - Psi i ma\u010dke umjesto pelena - gdje su nestala djeca? - Agencija za elektroni\u010dke medije","isPartOf":{"@id":"https:\/\/aem.hr\/#website"},"datePublished":"2026-04-09T09:20:59+00:00","dateModified":"2026-04-09T09:21:01+00:00","breadcrumb":{"@id":"https:\/\/aem.hr\/mirela-raic-psi-i-macke-umjesto-pelena-gdje-su-nestala-djeca\/#breadcrumb"},"inLanguage":"en-US","potentialAction":[{"@type":"ReadAction","target":["https:\/\/aem.hr\/mirela-raic-psi-i-macke-umjesto-pelena-gdje-su-nestala-djeca\/"]}]},{"@type":"BreadcrumbList","@id":"https:\/\/aem.hr\/mirela-raic-psi-i-macke-umjesto-pelena-gdje-su-nestala-djeca\/#breadcrumb","itemListElement":[{"@type":"ListItem","position":1,"name":"Po\u010detna stranica","item":"https:\/\/aem.hr\/"},{"@type":"ListItem","position":2,"name":"Mirela Rai\u010d &#8211; Psi i ma\u010dke umjesto pelena &#8211; gdje su nestala djeca?"}]},{"@type":"WebSite","@id":"https:\/\/aem.hr\/#website","url":"https:\/\/aem.hr\/","name":"Agencija za elektroni\u010dke medije","description":"","potentialAction":[{"@type":"SearchAction","target":{"@type":"EntryPoint","urlTemplate":"https:\/\/aem.hr\/?s={search_term_string}"},"query-input":{"@type":"PropertyValueSpecification","valueRequired":true,"valueName":"search_term_string"}}],"inLanguage":"en-US"}]}},"coauthors":[],"author_meta":{"author_link":"https:\/\/aem.hr\/en\/blog\/author\/mkirac\/","display_name":"Matko Kirac"},"relative_dates":{"created":"Posted 1 week ago","modified":"Updated 1 week ago"},"absolute_dates":{"created":"Posted on 9. April 2026.","modified":"Updated on 9. April 2026."},"absolute_dates_time":{"created":"Posted on 9. April 2026. 11:20","modified":"Updated on 9. April 2026. 11:21"},"featured_img_caption":"","featured_img":false,"series_order":"","_links":{"self":[{"href":"https:\/\/aem.hr\/en\/wp-json\/wp\/v2\/pages\/25791","targetHints":{"allow":["GET"]}}],"collection":[{"href":"https:\/\/aem.hr\/en\/wp-json\/wp\/v2\/pages"}],"about":[{"href":"https:\/\/aem.hr\/en\/wp-json\/wp\/v2\/types\/page"}],"author":[{"embeddable":true,"href":"https:\/\/aem.hr\/en\/wp-json\/wp\/v2\/users\/18"}],"replies":[{"embeddable":true,"href":"https:\/\/aem.hr\/en\/wp-json\/wp\/v2\/comments?post=25791"}],"version-history":[{"count":1,"href":"https:\/\/aem.hr\/en\/wp-json\/wp\/v2\/pages\/25791\/revisions"}],"predecessor-version":[{"id":25803,"href":"https:\/\/aem.hr\/en\/wp-json\/wp\/v2\/pages\/25791\/revisions\/25803"}],"wp:attachment":[{"href":"https:\/\/aem.hr\/en\/wp-json\/wp\/v2\/media?parent=25791"}],"curies":[{"name":"wp","href":"https:\/\/api.w.org\/{rel}","templated":true}]}}