{"id":25805,"date":"2026-04-09T11:21:51","date_gmt":"2026-04-09T09:21:51","guid":{"rendered":"https:\/\/aem.hr\/?page_id=25805"},"modified":"2026-04-09T11:21:52","modified_gmt":"2026-04-09T09:21:52","slug":"vlatka-polsak-palatinus-zivot-do-kraja-palijativna-skrp-i-hospiciji-u-hrvatskoj","status":"publish","type":"page","link":"https:\/\/aem.hr\/en\/vlatka-polsak-palatinus-zivot-do-kraja-palijativna-skrp-i-hospiciji-u-hrvatskoj\/","title":{"rendered":"Vlatka Pol\u0161ak Palatinu\u0161 &#8211; \u017divot do kraja &#8211; Palijativna skrp i hospiciji u Hrvatskoj"},"content":{"rendered":"\n<div class=\"wp-block-file\"><a id=\"wp-block-file--media-12839e29-e315-42d4-9612-73de06a69af0\" href=\"https:\/\/aem.hr\/wp-content\/uploads\/2026\/04\/1.-Palijativna-skrb-u-Hrvatskoj_-Sustav-bez-kormila.pdf\">1. Palijativna skrb u Hrvatskoj_ Sustav bez kormila<\/a><a href=\"https:\/\/aem.hr\/wp-content\/uploads\/2026\/04\/1.-Palijativna-skrb-u-Hrvatskoj_-Sustav-bez-kormila.pdf\" class=\"wp-block-file__button wp-element-button\" download aria-describedby=\"wp-block-file--media-12839e29-e315-42d4-9612-73de06a69af0\">Preuzimanje<\/a><\/div>\n\n\n\n<div class=\"wp-block-file\"><a id=\"wp-block-file--media-45709e85-bf73-4f1a-b9cc-47a7c5902ab4\" href=\"https:\/\/aem.hr\/wp-content\/uploads\/2026\/04\/2.-Palijativna-skrb_-Ministarstvo-otkriva-koliko-ce-rasti.pdf\">2. Palijativna skrb_ Ministarstvo otkriva koliko \u0107e rasti<\/a><a href=\"https:\/\/aem.hr\/wp-content\/uploads\/2026\/04\/2.-Palijativna-skrb_-Ministarstvo-otkriva-koliko-ce-rasti.pdf\" class=\"wp-block-file__button wp-element-button\" download aria-describedby=\"wp-block-file--media-45709e85-bf73-4f1a-b9cc-47a7c5902ab4\">Preuzimanje<\/a><\/div>\n\n\n\n<div class=\"wp-block-file\"><a id=\"wp-block-file--media-8f8db2f0-43fc-49e6-ad2b-67e3ad567fde\" href=\"https:\/\/aem.hr\/wp-content\/uploads\/2026\/04\/3.-OECD-upozorava-na-sve-probleme-palijativne-skrbi.pdf\">3. OECD upozorava na sve probleme palijativne skrbi<\/a><a href=\"https:\/\/aem.hr\/wp-content\/uploads\/2026\/04\/3.-OECD-upozorava-na-sve-probleme-palijativne-skrbi.pdf\" class=\"wp-block-file__button wp-element-button\" download aria-describedby=\"wp-block-file--media-8f8db2f0-43fc-49e6-ad2b-67e3ad567fde\">Preuzimanje<\/a><\/div>\n\n\n\n<div class=\"wp-block-file\"><a id=\"wp-block-file--media-d33608d8-e89b-4cf9-848c-f9d4c11cadaa\" href=\"https:\/\/aem.hr\/wp-content\/uploads\/2026\/04\/4.-Europski-atlas-palijativne-skrbi_-Kontinent-duboko-podijeljen.pdf\">4. Europski atlas palijativne skrbi_ Kontinent duboko podijeljen<\/a><a href=\"https:\/\/aem.hr\/wp-content\/uploads\/2026\/04\/4.-Europski-atlas-palijativne-skrbi_-Kontinent-duboko-podijeljen.pdf\" class=\"wp-block-file__button wp-element-button\" download aria-describedby=\"wp-block-file--media-d33608d8-e89b-4cf9-848c-f9d4c11cadaa\">Preuzimanje<\/a><\/div>\n\n\n\n<div class=\"wp-block-file\"><a id=\"wp-block-file--media-6f12104c-f799-4f1a-a08a-34f651fb9d0c\" href=\"https:\/\/aem.hr\/wp-content\/uploads\/2026\/04\/5.-Zivot-do-kraja_-Katolicki-pogled-na-palijativnu-skrb-i-eutanaziju.pdf\">5. \u017divot do kraja_ Katoli\u010dki pogled na palijativnu skrb i eutanaziju<\/a><a href=\"https:\/\/aem.hr\/wp-content\/uploads\/2026\/04\/5.-Zivot-do-kraja_-Katolicki-pogled-na-palijativnu-skrb-i-eutanaziju.pdf\" class=\"wp-block-file__button wp-element-button\" download aria-describedby=\"wp-block-file--media-6f12104c-f799-4f1a-a08a-34f651fb9d0c\">Preuzimanje<\/a><\/div>\n\n\n\n<div class=\"wp-block-file\"><a id=\"wp-block-file--media-56cd138d-ac13-4e00-9bce-f14b8f5d5816\" href=\"https:\/\/aem.hr\/wp-content\/uploads\/2026\/04\/6.-Blazenka-Eror-Matic_-Sustav-stagnira.pdf\">6. Bla\u017eenka Eror Mati\u0107_ &#8216;Sustav stagnira<\/a><a href=\"https:\/\/aem.hr\/wp-content\/uploads\/2026\/04\/6.-Blazenka-Eror-Matic_-Sustav-stagnira.pdf\" class=\"wp-block-file__button wp-element-button\" download aria-describedby=\"wp-block-file--media-56cd138d-ac13-4e00-9bce-f14b8f5d5816\">Preuzimanje<\/a><\/div>\n","protected":false},"excerpt":{"rendered":"","protected":false},"author":18,"featured_media":0,"parent":0,"menu_order":0,"comment_status":"closed","ping_status":"closed","template":"","meta":{"_acf_changed":false,"inline_featured_image":false,"advgb_blocks_editor_width":"","advgb_blocks_columns_visual_guide":"","_links_to":"","_links_to_type":0,"footnotes":""},"class_list":["post-25805","page","type-page","status-publish","hentry"],"acf":[],"yoast_head":"<!-- This site is optimized with the Yoast SEO plugin v25.7 - https:\/\/yoast.com\/wordpress\/plugins\/seo\/ -->\n<title>Vlatka Pol\u0161ak Palatinu\u0161 - \u017divot do kraja - Palijativna skrp i hospiciji u Hrvatskoj - Agencija za elektroni\u010dke medije<\/title>\n<meta name=\"robots\" content=\"index, follow, max-snippet:-1, max-image-preview:large, max-video-preview:-1\" \/>\n<link rel=\"canonical\" href=\"https:\/\/aem.hr\/vlatka-polsak-palatinus-zivot-do-kraja-palijativna-skrp-i-hospiciji-u-hrvatskoj\/\" \/>\n<meta property=\"og:locale\" content=\"en_US\" \/>\n<meta property=\"og:type\" content=\"article\" \/>\n<meta property=\"og:title\" content=\"Vlatka Pol\u0161ak Palatinu\u0161 - \u017divot do kraja - Palijativna skrp i hospiciji u Hrvatskoj - Agencija za elektroni\u010dke medije\" \/>\n<meta property=\"og:url\" content=\"https:\/\/aem.hr\/vlatka-polsak-palatinus-zivot-do-kraja-palijativna-skrp-i-hospiciji-u-hrvatskoj\/\" \/>\n<meta property=\"og:site_name\" content=\"Agencija za elektroni\u010dke medije\" \/>\n<meta property=\"article:modified_time\" content=\"2026-04-09T09:21:52+00:00\" \/>\n<meta name=\"twitter:card\" content=\"summary_large_image\" \/>\n<meta name=\"twitter:label1\" content=\"Est. reading time\" \/>\n\t<meta name=\"twitter:data1\" content=\"1 minute\" \/>\n<script type=\"application\/ld+json\" class=\"yoast-schema-graph\">{\"@context\":\"https:\/\/schema.org\",\"@graph\":[{\"@type\":\"WebPage\",\"@id\":\"https:\/\/aem.hr\/vlatka-polsak-palatinus-zivot-do-kraja-palijativna-skrp-i-hospiciji-u-hrvatskoj\/\",\"url\":\"https:\/\/aem.hr\/vlatka-polsak-palatinus-zivot-do-kraja-palijativna-skrp-i-hospiciji-u-hrvatskoj\/\",\"name\":\"Vlatka Pol\u0161ak Palatinu\u0161 - \u017divot do kraja - Palijativna skrp i hospiciji u Hrvatskoj - Agencija za elektroni\u010dke medije\",\"isPartOf\":{\"@id\":\"https:\/\/aem.hr\/#website\"},\"datePublished\":\"2026-04-09T09:21:51+00:00\",\"dateModified\":\"2026-04-09T09:21:52+00:00\",\"breadcrumb\":{\"@id\":\"https:\/\/aem.hr\/vlatka-polsak-palatinus-zivot-do-kraja-palijativna-skrp-i-hospiciji-u-hrvatskoj\/#breadcrumb\"},\"inLanguage\":\"en-US\",\"potentialAction\":[{\"@type\":\"ReadAction\",\"target\":[\"https:\/\/aem.hr\/vlatka-polsak-palatinus-zivot-do-kraja-palijativna-skrp-i-hospiciji-u-hrvatskoj\/\"]}]},{\"@type\":\"BreadcrumbList\",\"@id\":\"https:\/\/aem.hr\/vlatka-polsak-palatinus-zivot-do-kraja-palijativna-skrp-i-hospiciji-u-hrvatskoj\/#breadcrumb\",\"itemListElement\":[{\"@type\":\"ListItem\",\"position\":1,\"name\":\"Po\u010detna stranica\",\"item\":\"https:\/\/aem.hr\/\"},{\"@type\":\"ListItem\",\"position\":2,\"name\":\"Vlatka Pol\u0161ak Palatinu\u0161 &#8211; \u017divot do kraja &#8211; Palijativna skrp i hospiciji u Hrvatskoj\"}]},{\"@type\":\"WebSite\",\"@id\":\"https:\/\/aem.hr\/#website\",\"url\":\"https:\/\/aem.hr\/\",\"name\":\"Agencija za elektroni\u010dke medije\",\"description\":\"\",\"potentialAction\":[{\"@type\":\"SearchAction\",\"target\":{\"@type\":\"EntryPoint\",\"urlTemplate\":\"https:\/\/aem.hr\/?s={search_term_string}\"},\"query-input\":{\"@type\":\"PropertyValueSpecification\",\"valueRequired\":true,\"valueName\":\"search_term_string\"}}],\"inLanguage\":\"en-US\"}]}<\/script>\n<!-- \/ Yoast SEO plugin. -->","yoast_head_json":{"title":"Vlatka Pol\u0161ak Palatinu\u0161 - \u017divot do kraja - Palijativna skrp i hospiciji u Hrvatskoj - Agencija za elektroni\u010dke medije","robots":{"index":"index","follow":"follow","max-snippet":"max-snippet:-1","max-image-preview":"max-image-preview:large","max-video-preview":"max-video-preview:-1"},"canonical":"https:\/\/aem.hr\/vlatka-polsak-palatinus-zivot-do-kraja-palijativna-skrp-i-hospiciji-u-hrvatskoj\/","og_locale":"en_US","og_type":"article","og_title":"Vlatka Pol\u0161ak Palatinu\u0161 - \u017divot do kraja - Palijativna skrp i hospiciji u Hrvatskoj - Agencija za elektroni\u010dke medije","og_url":"https:\/\/aem.hr\/vlatka-polsak-palatinus-zivot-do-kraja-palijativna-skrp-i-hospiciji-u-hrvatskoj\/","og_site_name":"Agencija za elektroni\u010dke medije","article_modified_time":"2026-04-09T09:21:52+00:00","twitter_card":"summary_large_image","twitter_misc":{"Est. reading time":"1 minute"},"schema":{"@context":"https:\/\/schema.org","@graph":[{"@type":"WebPage","@id":"https:\/\/aem.hr\/vlatka-polsak-palatinus-zivot-do-kraja-palijativna-skrp-i-hospiciji-u-hrvatskoj\/","url":"https:\/\/aem.hr\/vlatka-polsak-palatinus-zivot-do-kraja-palijativna-skrp-i-hospiciji-u-hrvatskoj\/","name":"Vlatka Pol\u0161ak Palatinu\u0161 - \u017divot do kraja - Palijativna skrp i hospiciji u Hrvatskoj - Agencija za elektroni\u010dke medije","isPartOf":{"@id":"https:\/\/aem.hr\/#website"},"datePublished":"2026-04-09T09:21:51+00:00","dateModified":"2026-04-09T09:21:52+00:00","breadcrumb":{"@id":"https:\/\/aem.hr\/vlatka-polsak-palatinus-zivot-do-kraja-palijativna-skrp-i-hospiciji-u-hrvatskoj\/#breadcrumb"},"inLanguage":"en-US","potentialAction":[{"@type":"ReadAction","target":["https:\/\/aem.hr\/vlatka-polsak-palatinus-zivot-do-kraja-palijativna-skrp-i-hospiciji-u-hrvatskoj\/"]}]},{"@type":"BreadcrumbList","@id":"https:\/\/aem.hr\/vlatka-polsak-palatinus-zivot-do-kraja-palijativna-skrp-i-hospiciji-u-hrvatskoj\/#breadcrumb","itemListElement":[{"@type":"ListItem","position":1,"name":"Po\u010detna stranica","item":"https:\/\/aem.hr\/"},{"@type":"ListItem","position":2,"name":"Vlatka Pol\u0161ak Palatinu\u0161 &#8211; \u017divot do kraja &#8211; Palijativna skrp i hospiciji u Hrvatskoj"}]},{"@type":"WebSite","@id":"https:\/\/aem.hr\/#website","url":"https:\/\/aem.hr\/","name":"Agencija za elektroni\u010dke medije","description":"","potentialAction":[{"@type":"SearchAction","target":{"@type":"EntryPoint","urlTemplate":"https:\/\/aem.hr\/?s={search_term_string}"},"query-input":{"@type":"PropertyValueSpecification","valueRequired":true,"valueName":"search_term_string"}}],"inLanguage":"en-US"}]}},"coauthors":[],"author_meta":{"author_link":"https:\/\/aem.hr\/en\/blog\/author\/mkirac\/","display_name":"Matko Kirac"},"relative_dates":{"created":"Posted 1 week ago","modified":"Updated 1 week ago"},"absolute_dates":{"created":"Posted on 9. April 2026.","modified":"Updated on 9. April 2026."},"absolute_dates_time":{"created":"Posted on 9. April 2026. 11:21","modified":"Updated on 9. April 2026. 11:21"},"featured_img_caption":"","featured_img":false,"series_order":"","_links":{"self":[{"href":"https:\/\/aem.hr\/en\/wp-json\/wp\/v2\/pages\/25805","targetHints":{"allow":["GET"]}}],"collection":[{"href":"https:\/\/aem.hr\/en\/wp-json\/wp\/v2\/pages"}],"about":[{"href":"https:\/\/aem.hr\/en\/wp-json\/wp\/v2\/types\/page"}],"author":[{"embeddable":true,"href":"https:\/\/aem.hr\/en\/wp-json\/wp\/v2\/users\/18"}],"replies":[{"embeddable":true,"href":"https:\/\/aem.hr\/en\/wp-json\/wp\/v2\/comments?post=25805"}],"version-history":[{"count":1,"href":"https:\/\/aem.hr\/en\/wp-json\/wp\/v2\/pages\/25805\/revisions"}],"predecessor-version":[{"id":25819,"href":"https:\/\/aem.hr\/en\/wp-json\/wp\/v2\/pages\/25805\/revisions\/25819"}],"wp:attachment":[{"href":"https:\/\/aem.hr\/en\/wp-json\/wp\/v2\/media?parent=25805"}],"curies":[{"name":"wp","href":"https:\/\/api.w.org\/{rel}","templated":true}]}}