{"id":25820,"date":"2026-04-09T11:23:55","date_gmt":"2026-04-09T09:23:55","guid":{"rendered":"https:\/\/aem.hr\/?page_id=25820"},"modified":"2026-04-09T11:23:56","modified_gmt":"2026-04-09T09:23:56","slug":"koraljka-djetelic-na-rubu-europe-zivot-koji-se-ne-predaje","status":"publish","type":"page","link":"https:\/\/aem.hr\/en\/koraljka-djetelic-na-rubu-europe-zivot-koji-se-ne-predaje\/","title":{"rendered":"Koraljka Djeteli\u0107 &#8211; Na rubu Europe &#8211; \u017eivot koji se (ne) predaje"},"content":{"rendered":"\n<div class=\"wp-block-file\"><a id=\"wp-block-file--media-2b7d3cbb-ebaa-4c5c-92f6-cfab2ef816e1\" href=\"https:\/\/aem.hr\/wp-content\/uploads\/2026\/04\/1.-Zivot-na-granicnoj-crti.pdf\">1. \u017divot na grani\u010dnoj crti<\/a><a href=\"https:\/\/aem.hr\/wp-content\/uploads\/2026\/04\/1.-Zivot-na-granicnoj-crti.pdf\" class=\"wp-block-file__button wp-element-button\" download aria-describedby=\"wp-block-file--media-2b7d3cbb-ebaa-4c5c-92f6-cfab2ef816e1\">Preuzimanje<\/a><\/div>\n\n\n\n<div class=\"wp-block-file\"><a id=\"wp-block-file--media-ccb861f6-37c0-43e3-862b-64521964d82c\" href=\"https:\/\/aem.hr\/wp-content\/uploads\/2026\/04\/2.-S-one-strane-granice-Zasto-kupujemo.pdf\">2. S one strane granice &#8211; Za\u0161to kupujemo<\/a><a href=\"https:\/\/aem.hr\/wp-content\/uploads\/2026\/04\/2.-S-one-strane-granice-Zasto-kupujemo.pdf\" class=\"wp-block-file__button wp-element-button\" download aria-describedby=\"wp-block-file--media-ccb861f6-37c0-43e3-862b-64521964d82c\">Preuzimanje<\/a><\/div>\n\n\n\n<div class=\"wp-block-file\"><a id=\"wp-block-file--media-a4860b80-c3dd-4362-90d9-8386ca2d2237\" href=\"https:\/\/aem.hr\/wp-content\/uploads\/2026\/04\/3.-Demografski-izazovi-granicnih-podrucja.pdf\">3. Demografski izazovi grani\u010dnih podru\u010dja<\/a><a href=\"https:\/\/aem.hr\/wp-content\/uploads\/2026\/04\/3.-Demografski-izazovi-granicnih-podrucja.pdf\" class=\"wp-block-file__button wp-element-button\" download aria-describedby=\"wp-block-file--media-a4860b80-c3dd-4362-90d9-8386ca2d2237\">Preuzimanje<\/a><\/div>\n\n\n\n<div class=\"wp-block-file\"><a id=\"wp-block-file--media-a711756e-a435-4668-a3da-735c4e17fa63\" href=\"https:\/\/aem.hr\/wp-content\/uploads\/2026\/04\/4.-Obrazovanje-na-periferiji-ostati-ili-opstati.pdf\">4. Obrazovanje na periferiji &#8211; ostati ili opstati<\/a><a href=\"https:\/\/aem.hr\/wp-content\/uploads\/2026\/04\/4.-Obrazovanje-na-periferiji-ostati-ili-opstati.pdf\" class=\"wp-block-file__button wp-element-button\" download aria-describedby=\"wp-block-file--media-a711756e-a435-4668-a3da-735c4e17fa63\">Preuzimanje<\/a><\/div>\n\n\n\n<div class=\"wp-block-file\"><a id=\"wp-block-file--media-cc160a25-e609-46e5-8b00-145482c23c80\" href=\"https:\/\/aem.hr\/wp-content\/uploads\/2026\/04\/5.-Prometna-povezanost-pounjskih-mjesta.pdf\">5. Prometna povezanost pounjskih mjesta<\/a><a href=\"https:\/\/aem.hr\/wp-content\/uploads\/2026\/04\/5.-Prometna-povezanost-pounjskih-mjesta.pdf\" class=\"wp-block-file__button wp-element-button\" download aria-describedby=\"wp-block-file--media-cc160a25-e609-46e5-8b00-145482c23c80\">Preuzimanje<\/a><\/div>\n\n\n\n<div class=\"wp-block-file\"><a id=\"wp-block-file--media-24aa42f2-46a6-4f0c-8457-9aa154be9bf5\" href=\"https:\/\/aem.hr\/wp-content\/uploads\/2026\/04\/6.-Dostupnost-zdravstvene-zastite-na-granici.pdf\">6. Dostupnost zdravstvene za\u0161tite na granici<\/a><a href=\"https:\/\/aem.hr\/wp-content\/uploads\/2026\/04\/6.-Dostupnost-zdravstvene-zastite-na-granici.pdf\" class=\"wp-block-file__button wp-element-button\" download aria-describedby=\"wp-block-file--media-24aa42f2-46a6-4f0c-8457-9aa154be9bf5\">Preuzimanje<\/a><\/div>\n\n\n\n<div class=\"wp-block-file\"><a id=\"wp-block-file--media-c6a019c4-796a-4f13-a2ee-edf9f7a5526c\" href=\"https:\/\/aem.hr\/wp-content\/uploads\/2026\/04\/7.-NE-iskoristeni-potencijali-Pounja.pdf\">7. (NE) iskori\u0161teni potencijali Pounja<\/a><a href=\"https:\/\/aem.hr\/wp-content\/uploads\/2026\/04\/7.-NE-iskoristeni-potencijali-Pounja.pdf\" class=\"wp-block-file__button wp-element-button\" download aria-describedby=\"wp-block-file--media-c6a019c4-796a-4f13-a2ee-edf9f7a5526c\">Preuzimanje<\/a><\/div>\n\n\n\n<div class=\"wp-block-file\"><a id=\"wp-block-file--media-177111a4-2460-46b2-8e59-e4f827a454d4\" href=\"https:\/\/aem.hr\/wp-content\/uploads\/2026\/04\/8.-Moze-li-se-od-poljoprivrede-samo-prezivjeti.pdf\">8. Mo\u017ee li se od poljoprivrede samo pre\u017eivjeti<\/a><a href=\"https:\/\/aem.hr\/wp-content\/uploads\/2026\/04\/8.-Moze-li-se-od-poljoprivrede-samo-prezivjeti.pdf\" class=\"wp-block-file__button wp-element-button\" download aria-describedby=\"wp-block-file--media-177111a4-2460-46b2-8e59-e4f827a454d4\">Preuzimanje<\/a><\/div>\n\n\n\n<div class=\"wp-block-file\"><a id=\"wp-block-file--media-968a77b4-f5c1-4068-84cc-8fedb225e956\" href=\"https:\/\/aem.hr\/wp-content\/uploads\/2026\/04\/9.-Gabrijela-Lenac-Vjerujem-u-Hrvatsku-Kostajnicu.pdf\">9. Gabrijela Lenac  &#8211; Vjerujem u Hrvatsku Kostajnicu<\/a><a href=\"https:\/\/aem.hr\/wp-content\/uploads\/2026\/04\/9.-Gabrijela-Lenac-Vjerujem-u-Hrvatsku-Kostajnicu.pdf\" class=\"wp-block-file__button wp-element-button\" download aria-describedby=\"wp-block-file--media-968a77b4-f5c1-4068-84cc-8fedb225e956\">Preuzimanje<\/a><\/div>\n\n\n\n<div class=\"wp-block-file\"><a id=\"wp-block-file--media-91e7ce89-f939-48a0-8d6a-e63b0e7bf069\" href=\"https:\/\/aem.hr\/wp-content\/uploads\/2026\/04\/10.-Hrvatska-Kostajnica-srediste-pounjske-rivijere.pdf\">10. Hrvatska Kostajnica &#8211; sredi\u0161te pounjske rivijere<\/a><a href=\"https:\/\/aem.hr\/wp-content\/uploads\/2026\/04\/10.-Hrvatska-Kostajnica-srediste-pounjske-rivijere.pdf\" class=\"wp-block-file__button wp-element-button\" download aria-describedby=\"wp-block-file--media-91e7ce89-f939-48a0-8d6a-e63b0e7bf069\">Preuzimanje<\/a><\/div>\n\n\n\n<div class=\"wp-block-file\"><a id=\"wp-block-file--media-a6ce2dc8-9874-4ccf-bfb7-0337a91fc0c3\" href=\"https:\/\/aem.hr\/wp-content\/uploads\/2026\/04\/11.-Hrvatska-Dubica-MIMO-PRAVILA.pdf\">11. Hrvatska Dubica &#8211; MIMO PRAVILA<\/a><a href=\"https:\/\/aem.hr\/wp-content\/uploads\/2026\/04\/11.-Hrvatska-Dubica-MIMO-PRAVILA.pdf\" class=\"wp-block-file__button wp-element-button\" download aria-describedby=\"wp-block-file--media-a6ce2dc8-9874-4ccf-bfb7-0337a91fc0c3\">Preuzimanje<\/a><\/div>\n\n\n\n<div class=\"wp-block-file\"><a id=\"wp-block-file--media-81ffe784-d822-4d17-8a49-449ff09be7ab\" href=\"https:\/\/aem.hr\/wp-content\/uploads\/2026\/04\/12.-A-sto-kaze-politika-MIMO-PRAVILA.pdf\">12. A \u0161to ka\u017ee politika &#8211; MIMO PRAVILA<\/a><a href=\"https:\/\/aem.hr\/wp-content\/uploads\/2026\/04\/12.-A-sto-kaze-politika-MIMO-PRAVILA.pdf\" class=\"wp-block-file__button wp-element-button\" download aria-describedby=\"wp-block-file--media-81ffe784-d822-4d17-8a49-449ff09be7ab\">Preuzimanje<\/a><\/div>\n","protected":false},"excerpt":{"rendered":"","protected":false},"author":18,"featured_media":0,"parent":0,"menu_order":0,"comment_status":"closed","ping_status":"closed","template":"","meta":{"_acf_changed":false,"inline_featured_image":false,"advgb_blocks_editor_width":"","advgb_blocks_columns_visual_guide":"","_links_to":"","_links_to_type":0,"footnotes":""},"class_list":["post-25820","page","type-page","status-publish","hentry"],"acf":[],"yoast_head":"<!-- This site is optimized with the Yoast SEO plugin v25.7 - https:\/\/yoast.com\/wordpress\/plugins\/seo\/ -->\n<title>Koraljka Djeteli\u0107 - Na rubu Europe - \u017eivot koji se (ne) predaje - Agencija za elektroni\u010dke medije<\/title>\n<meta name=\"robots\" content=\"index, follow, max-snippet:-1, max-image-preview:large, max-video-preview:-1\" \/>\n<link rel=\"canonical\" href=\"https:\/\/aem.hr\/koraljka-djetelic-na-rubu-europe-zivot-koji-se-ne-predaje\/\" \/>\n<meta property=\"og:locale\" content=\"en_US\" \/>\n<meta property=\"og:type\" content=\"article\" \/>\n<meta property=\"og:title\" content=\"Koraljka Djeteli\u0107 - Na rubu Europe - \u017eivot koji se (ne) predaje - Agencija za elektroni\u010dke medije\" \/>\n<meta property=\"og:url\" content=\"https:\/\/aem.hr\/koraljka-djetelic-na-rubu-europe-zivot-koji-se-ne-predaje\/\" \/>\n<meta property=\"og:site_name\" content=\"Agencija za elektroni\u010dke medije\" \/>\n<meta property=\"article:modified_time\" content=\"2026-04-09T09:23:56+00:00\" \/>\n<meta name=\"twitter:card\" content=\"summary_large_image\" \/>\n<meta name=\"twitter:label1\" content=\"Est. reading time\" \/>\n\t<meta name=\"twitter:data1\" content=\"1 minute\" \/>\n<script type=\"application\/ld+json\" class=\"yoast-schema-graph\">{\"@context\":\"https:\/\/schema.org\",\"@graph\":[{\"@type\":\"WebPage\",\"@id\":\"https:\/\/aem.hr\/koraljka-djetelic-na-rubu-europe-zivot-koji-se-ne-predaje\/\",\"url\":\"https:\/\/aem.hr\/koraljka-djetelic-na-rubu-europe-zivot-koji-se-ne-predaje\/\",\"name\":\"Koraljka Djeteli\u0107 - Na rubu Europe - \u017eivot koji se (ne) predaje - Agencija za elektroni\u010dke medije\",\"isPartOf\":{\"@id\":\"https:\/\/aem.hr\/#website\"},\"datePublished\":\"2026-04-09T09:23:55+00:00\",\"dateModified\":\"2026-04-09T09:23:56+00:00\",\"breadcrumb\":{\"@id\":\"https:\/\/aem.hr\/koraljka-djetelic-na-rubu-europe-zivot-koji-se-ne-predaje\/#breadcrumb\"},\"inLanguage\":\"en-US\",\"potentialAction\":[{\"@type\":\"ReadAction\",\"target\":[\"https:\/\/aem.hr\/koraljka-djetelic-na-rubu-europe-zivot-koji-se-ne-predaje\/\"]}]},{\"@type\":\"BreadcrumbList\",\"@id\":\"https:\/\/aem.hr\/koraljka-djetelic-na-rubu-europe-zivot-koji-se-ne-predaje\/#breadcrumb\",\"itemListElement\":[{\"@type\":\"ListItem\",\"position\":1,\"name\":\"Po\u010detna stranica\",\"item\":\"https:\/\/aem.hr\/\"},{\"@type\":\"ListItem\",\"position\":2,\"name\":\"Koraljka Djeteli\u0107 &#8211; Na rubu Europe &#8211; \u017eivot koji se (ne) predaje\"}]},{\"@type\":\"WebSite\",\"@id\":\"https:\/\/aem.hr\/#website\",\"url\":\"https:\/\/aem.hr\/\",\"name\":\"Agencija za elektroni\u010dke medije\",\"description\":\"\",\"potentialAction\":[{\"@type\":\"SearchAction\",\"target\":{\"@type\":\"EntryPoint\",\"urlTemplate\":\"https:\/\/aem.hr\/?s={search_term_string}\"},\"query-input\":{\"@type\":\"PropertyValueSpecification\",\"valueRequired\":true,\"valueName\":\"search_term_string\"}}],\"inLanguage\":\"en-US\"}]}<\/script>\n<!-- \/ Yoast SEO plugin. -->","yoast_head_json":{"title":"Koraljka Djeteli\u0107 - Na rubu Europe - \u017eivot koji se (ne) predaje - Agencija za elektroni\u010dke medije","robots":{"index":"index","follow":"follow","max-snippet":"max-snippet:-1","max-image-preview":"max-image-preview:large","max-video-preview":"max-video-preview:-1"},"canonical":"https:\/\/aem.hr\/koraljka-djetelic-na-rubu-europe-zivot-koji-se-ne-predaje\/","og_locale":"en_US","og_type":"article","og_title":"Koraljka Djeteli\u0107 - Na rubu Europe - \u017eivot koji se (ne) predaje - Agencija za elektroni\u010dke medije","og_url":"https:\/\/aem.hr\/koraljka-djetelic-na-rubu-europe-zivot-koji-se-ne-predaje\/","og_site_name":"Agencija za elektroni\u010dke medije","article_modified_time":"2026-04-09T09:23:56+00:00","twitter_card":"summary_large_image","twitter_misc":{"Est. reading time":"1 minute"},"schema":{"@context":"https:\/\/schema.org","@graph":[{"@type":"WebPage","@id":"https:\/\/aem.hr\/koraljka-djetelic-na-rubu-europe-zivot-koji-se-ne-predaje\/","url":"https:\/\/aem.hr\/koraljka-djetelic-na-rubu-europe-zivot-koji-se-ne-predaje\/","name":"Koraljka Djeteli\u0107 - Na rubu Europe - \u017eivot koji se (ne) predaje - Agencija za elektroni\u010dke medije","isPartOf":{"@id":"https:\/\/aem.hr\/#website"},"datePublished":"2026-04-09T09:23:55+00:00","dateModified":"2026-04-09T09:23:56+00:00","breadcrumb":{"@id":"https:\/\/aem.hr\/koraljka-djetelic-na-rubu-europe-zivot-koji-se-ne-predaje\/#breadcrumb"},"inLanguage":"en-US","potentialAction":[{"@type":"ReadAction","target":["https:\/\/aem.hr\/koraljka-djetelic-na-rubu-europe-zivot-koji-se-ne-predaje\/"]}]},{"@type":"BreadcrumbList","@id":"https:\/\/aem.hr\/koraljka-djetelic-na-rubu-europe-zivot-koji-se-ne-predaje\/#breadcrumb","itemListElement":[{"@type":"ListItem","position":1,"name":"Po\u010detna stranica","item":"https:\/\/aem.hr\/"},{"@type":"ListItem","position":2,"name":"Koraljka Djeteli\u0107 &#8211; Na rubu Europe &#8211; \u017eivot koji se (ne) predaje"}]},{"@type":"WebSite","@id":"https:\/\/aem.hr\/#website","url":"https:\/\/aem.hr\/","name":"Agencija za elektroni\u010dke medije","description":"","potentialAction":[{"@type":"SearchAction","target":{"@type":"EntryPoint","urlTemplate":"https:\/\/aem.hr\/?s={search_term_string}"},"query-input":{"@type":"PropertyValueSpecification","valueRequired":true,"valueName":"search_term_string"}}],"inLanguage":"en-US"}]}},"coauthors":[],"author_meta":{"author_link":"https:\/\/aem.hr\/en\/blog\/author\/mkirac\/","display_name":"Matko Kirac"},"relative_dates":{"created":"Posted 1 week ago","modified":"Updated 1 week ago"},"absolute_dates":{"created":"Posted on 9. April 2026.","modified":"Updated on 9. April 2026."},"absolute_dates_time":{"created":"Posted on 9. April 2026. 11:23","modified":"Updated on 9. April 2026. 11:23"},"featured_img_caption":"","featured_img":false,"series_order":"","_links":{"self":[{"href":"https:\/\/aem.hr\/en\/wp-json\/wp\/v2\/pages\/25820","targetHints":{"allow":["GET"]}}],"collection":[{"href":"https:\/\/aem.hr\/en\/wp-json\/wp\/v2\/pages"}],"about":[{"href":"https:\/\/aem.hr\/en\/wp-json\/wp\/v2\/types\/page"}],"author":[{"embeddable":true,"href":"https:\/\/aem.hr\/en\/wp-json\/wp\/v2\/users\/18"}],"replies":[{"embeddable":true,"href":"https:\/\/aem.hr\/en\/wp-json\/wp\/v2\/comments?post=25820"}],"version-history":[{"count":1,"href":"https:\/\/aem.hr\/en\/wp-json\/wp\/v2\/pages\/25820\/revisions"}],"predecessor-version":[{"id":25845,"href":"https:\/\/aem.hr\/en\/wp-json\/wp\/v2\/pages\/25820\/revisions\/25845"}],"wp:attachment":[{"href":"https:\/\/aem.hr\/en\/wp-json\/wp\/v2\/media?parent=25820"}],"curies":[{"name":"wp","href":"https:\/\/api.w.org\/{rel}","templated":true}]}}