{"id":25847,"date":"2026-04-09T11:26:48","date_gmt":"2026-04-09T09:26:48","guid":{"rendered":"https:\/\/aem.hr\/?page_id=25847"},"modified":"2026-04-09T11:26:49","modified_gmt":"2026-04-09T09:26:49","slug":"marija-belosevic-skriveno-blago-hrvatskih-samostana","status":"publish","type":"page","link":"https:\/\/aem.hr\/en\/marija-belosevic-skriveno-blago-hrvatskih-samostana\/","title":{"rendered":"Marija Belo\u0161evi\u0107 &#8211; &#8216;Skriveno&#8217; blago hrvatskih samostana"},"content":{"rendered":"\n<div class=\"wp-block-file\"><a id=\"wp-block-file--media-76358da6-d091-4731-8af2-24432a1ef634\" href=\"https:\/\/aem.hr\/wp-content\/uploads\/2026\/04\/1.-Samostan-sv.-Frane-u-Sibeniku.pdf\">1. Samostan sv. Frane u \u0160ibeniku<\/a><a href=\"https:\/\/aem.hr\/wp-content\/uploads\/2026\/04\/1.-Samostan-sv.-Frane-u-Sibeniku.pdf\" class=\"wp-block-file__button wp-element-button\" download aria-describedby=\"wp-block-file--media-76358da6-d091-4731-8af2-24432a1ef634\">Preuzimanje<\/a><\/div>\n\n\n\n<div class=\"wp-block-file\"><a id=\"wp-block-file--media-6c47a2ab-f3ca-44ee-8da0-be1ad87060a2\" href=\"https:\/\/aem.hr\/wp-content\/uploads\/2026\/04\/2.-Biser-Blata.pdf\">2. Biser Blata<\/a><a href=\"https:\/\/aem.hr\/wp-content\/uploads\/2026\/04\/2.-Biser-Blata.pdf\" class=\"wp-block-file__button wp-element-button\" download aria-describedby=\"wp-block-file--media-6c47a2ab-f3ca-44ee-8da0-be1ad87060a2\">Preuzimanje<\/a><\/div>\n\n\n\n<div class=\"wp-block-file\"><a id=\"wp-block-file--media-1aa95185-0ae0-4857-ad2e-fd4ec7343399\" href=\"https:\/\/aem.hr\/wp-content\/uploads\/2026\/04\/3.-Virovitica-cuva-stoljeca-vjere-i-kulture.pdf\">3. Virovitica \u010duva stolje\u0107a vjere i kulture<\/a><a href=\"https:\/\/aem.hr\/wp-content\/uploads\/2026\/04\/3.-Virovitica-cuva-stoljeca-vjere-i-kulture.pdf\" class=\"wp-block-file__button wp-element-button\" download aria-describedby=\"wp-block-file--media-1aa95185-0ae0-4857-ad2e-fd4ec7343399\">Preuzimanje<\/a><\/div>\n\n\n\n<div class=\"wp-block-file\"><a id=\"wp-block-file--media-10a430bf-1984-495b-ba3b-c7e4927bb3b1\" href=\"https:\/\/aem.hr\/wp-content\/uploads\/2026\/04\/4.-Otocic-Kosljun-biser-sjevernog-Jadrana.pdf\">4. Oto\u010di\u0107 Ko\u0161ljun &#8211; biser sjevernog Jadrana<\/a><a href=\"https:\/\/aem.hr\/wp-content\/uploads\/2026\/04\/4.-Otocic-Kosljun-biser-sjevernog-Jadrana.pdf\" class=\"wp-block-file__button wp-element-button\" download aria-describedby=\"wp-block-file--media-10a430bf-1984-495b-ba3b-c7e4927bb3b1\">Preuzimanje<\/a><\/div>\n\n\n\n<div class=\"wp-block-file\"><a id=\"wp-block-file--media-944032c8-a0bc-4c5e-afb2-5296606a9b64\" href=\"https:\/\/aem.hr\/wp-content\/uploads\/2026\/04\/5.-Duhovna-oaza-u-dvorcu.pdf\">5. Duhovna oaza u dvorcu<\/a><a href=\"https:\/\/aem.hr\/wp-content\/uploads\/2026\/04\/5.-Duhovna-oaza-u-dvorcu.pdf\" class=\"wp-block-file__button wp-element-button\" download aria-describedby=\"wp-block-file--media-944032c8-a0bc-4c5e-afb2-5296606a9b64\">Preuzimanje<\/a><\/div>\n\n\n\n<div class=\"wp-block-file\"><a id=\"wp-block-file--media-cb37301b-976f-45cc-a27a-831b65506a9c\" href=\"https:\/\/aem.hr\/wp-content\/uploads\/2026\/04\/6.-Numizmaticka-i-filatelisticka-zbirka-fra-Zvonimira-Zlodija.pdf\">6. Numizmati\u010dka i filatelisti\u010dka zbirka fra Zvonimira Zlodija<\/a><a href=\"https:\/\/aem.hr\/wp-content\/uploads\/2026\/04\/6.-Numizmaticka-i-filatelisticka-zbirka-fra-Zvonimira-Zlodija.pdf\" class=\"wp-block-file__button wp-element-button\" download aria-describedby=\"wp-block-file--media-cb37301b-976f-45cc-a27a-831b65506a9c\">Preuzimanje<\/a><\/div>\n\n\n\n<div class=\"wp-block-file\"><a id=\"wp-block-file--media-6bbc547b-2a46-467d-8cc1-b0b412e0f095\" href=\"https:\/\/aem.hr\/wp-content\/uploads\/2026\/04\/7.-Samoborski-franjevacki-samostan-kroz-stoljeca.pdf\">7. Samoborski franjeva\u010dki samostan kroz stolje\u0107a<\/a><a href=\"https:\/\/aem.hr\/wp-content\/uploads\/2026\/04\/7.-Samoborski-franjevacki-samostan-kroz-stoljeca.pdf\" class=\"wp-block-file__button wp-element-button\" download aria-describedby=\"wp-block-file--media-6bbc547b-2a46-467d-8cc1-b0b412e0f095\">Preuzimanje<\/a><\/div>\n\n\n\n<div class=\"wp-block-file\"><a id=\"wp-block-file--media-c82f889a-5231-46e4-a5bd-db24bd74ab8b\" href=\"https:\/\/aem.hr\/wp-content\/uploads\/2026\/04\/8.-Mali-panteon-hrvatskog-naroda.pdf\">8. Mali panteon hrvatskog naroda<\/a><a href=\"https:\/\/aem.hr\/wp-content\/uploads\/2026\/04\/8.-Mali-panteon-hrvatskog-naroda.pdf\" class=\"wp-block-file__button wp-element-button\" download aria-describedby=\"wp-block-file--media-c82f889a-5231-46e4-a5bd-db24bd74ab8b\">Preuzimanje<\/a><\/div>\n\n\n\n<div class=\"wp-block-file\"><a id=\"wp-block-file--media-078c07cb-f12e-4b63-a26a-3f9465c93901\" href=\"https:\/\/aem.hr\/wp-content\/uploads\/2026\/04\/9.-Mjesto-svetosti-i-mira.pdf\">9. Mjesto svetosti i mira<\/a><a href=\"https:\/\/aem.hr\/wp-content\/uploads\/2026\/04\/9.-Mjesto-svetosti-i-mira.pdf\" class=\"wp-block-file__button wp-element-button\" download aria-describedby=\"wp-block-file--media-078c07cb-f12e-4b63-a26a-3f9465c93901\">Preuzimanje<\/a><\/div>\n\n\n\n<div class=\"wp-block-file\"><a id=\"wp-block-file--media-3508b03e-73ed-47f7-b64f-bfb0e43370e3\" href=\"https:\/\/aem.hr\/wp-content\/uploads\/2026\/04\/10.-Inkunabule-u-hrvatskim-samostanima.pdf\">10. Inkunabule u hrvatskim samostanima<\/a><a href=\"https:\/\/aem.hr\/wp-content\/uploads\/2026\/04\/10.-Inkunabule-u-hrvatskim-samostanima.pdf\" class=\"wp-block-file__button wp-element-button\" download aria-describedby=\"wp-block-file--media-3508b03e-73ed-47f7-b64f-bfb0e43370e3\">Preuzimanje<\/a><\/div>\n","protected":false},"excerpt":{"rendered":"","protected":false},"author":18,"featured_media":0,"parent":0,"menu_order":0,"comment_status":"closed","ping_status":"closed","template":"","meta":{"_acf_changed":false,"inline_featured_image":false,"advgb_blocks_editor_width":"","advgb_blocks_columns_visual_guide":"","_links_to":"","_links_to_type":0,"footnotes":""},"class_list":["post-25847","page","type-page","status-publish","hentry"],"acf":[],"yoast_head":"<!-- This site is optimized with the Yoast SEO plugin v25.7 - https:\/\/yoast.com\/wordpress\/plugins\/seo\/ -->\n<title>Marija Belo\u0161evi\u0107 - &#039;Skriveno&#039; blago hrvatskih samostana - Agencija za elektroni\u010dke medije<\/title>\n<meta name=\"robots\" content=\"index, follow, max-snippet:-1, max-image-preview:large, max-video-preview:-1\" \/>\n<link rel=\"canonical\" href=\"https:\/\/aem.hr\/marija-belosevic-skriveno-blago-hrvatskih-samostana\/\" \/>\n<meta property=\"og:locale\" content=\"en_US\" \/>\n<meta property=\"og:type\" content=\"article\" \/>\n<meta property=\"og:title\" content=\"Marija Belo\u0161evi\u0107 - &#039;Skriveno&#039; blago hrvatskih samostana - Agencija za elektroni\u010dke medije\" \/>\n<meta property=\"og:url\" content=\"https:\/\/aem.hr\/marija-belosevic-skriveno-blago-hrvatskih-samostana\/\" \/>\n<meta property=\"og:site_name\" content=\"Agencija za elektroni\u010dke medije\" \/>\n<meta property=\"article:modified_time\" content=\"2026-04-09T09:26:49+00:00\" \/>\n<meta name=\"twitter:card\" content=\"summary_large_image\" \/>\n<meta name=\"twitter:label1\" content=\"Est. reading time\" \/>\n\t<meta name=\"twitter:data1\" content=\"1 minute\" \/>\n<script type=\"application\/ld+json\" class=\"yoast-schema-graph\">{\"@context\":\"https:\/\/schema.org\",\"@graph\":[{\"@type\":\"WebPage\",\"@id\":\"https:\/\/aem.hr\/marija-belosevic-skriveno-blago-hrvatskih-samostana\/\",\"url\":\"https:\/\/aem.hr\/marija-belosevic-skriveno-blago-hrvatskih-samostana\/\",\"name\":\"Marija Belo\u0161evi\u0107 - 'Skriveno' blago hrvatskih samostana - Agencija za elektroni\u010dke medije\",\"isPartOf\":{\"@id\":\"https:\/\/aem.hr\/#website\"},\"datePublished\":\"2026-04-09T09:26:48+00:00\",\"dateModified\":\"2026-04-09T09:26:49+00:00\",\"breadcrumb\":{\"@id\":\"https:\/\/aem.hr\/marija-belosevic-skriveno-blago-hrvatskih-samostana\/#breadcrumb\"},\"inLanguage\":\"en-US\",\"potentialAction\":[{\"@type\":\"ReadAction\",\"target\":[\"https:\/\/aem.hr\/marija-belosevic-skriveno-blago-hrvatskih-samostana\/\"]}]},{\"@type\":\"BreadcrumbList\",\"@id\":\"https:\/\/aem.hr\/marija-belosevic-skriveno-blago-hrvatskih-samostana\/#breadcrumb\",\"itemListElement\":[{\"@type\":\"ListItem\",\"position\":1,\"name\":\"Po\u010detna stranica\",\"item\":\"https:\/\/aem.hr\/\"},{\"@type\":\"ListItem\",\"position\":2,\"name\":\"Marija Belo\u0161evi\u0107 &#8211; &#8216;Skriveno&#8217; blago hrvatskih samostana\"}]},{\"@type\":\"WebSite\",\"@id\":\"https:\/\/aem.hr\/#website\",\"url\":\"https:\/\/aem.hr\/\",\"name\":\"Agencija za elektroni\u010dke medije\",\"description\":\"\",\"potentialAction\":[{\"@type\":\"SearchAction\",\"target\":{\"@type\":\"EntryPoint\",\"urlTemplate\":\"https:\/\/aem.hr\/?s={search_term_string}\"},\"query-input\":{\"@type\":\"PropertyValueSpecification\",\"valueRequired\":true,\"valueName\":\"search_term_string\"}}],\"inLanguage\":\"en-US\"}]}<\/script>\n<!-- \/ Yoast SEO plugin. -->","yoast_head_json":{"title":"Marija Belo\u0161evi\u0107 - 'Skriveno' blago hrvatskih samostana - Agencija za elektroni\u010dke medije","robots":{"index":"index","follow":"follow","max-snippet":"max-snippet:-1","max-image-preview":"max-image-preview:large","max-video-preview":"max-video-preview:-1"},"canonical":"https:\/\/aem.hr\/marija-belosevic-skriveno-blago-hrvatskih-samostana\/","og_locale":"en_US","og_type":"article","og_title":"Marija Belo\u0161evi\u0107 - 'Skriveno' blago hrvatskih samostana - Agencija za elektroni\u010dke medije","og_url":"https:\/\/aem.hr\/marija-belosevic-skriveno-blago-hrvatskih-samostana\/","og_site_name":"Agencija za elektroni\u010dke medije","article_modified_time":"2026-04-09T09:26:49+00:00","twitter_card":"summary_large_image","twitter_misc":{"Est. reading time":"1 minute"},"schema":{"@context":"https:\/\/schema.org","@graph":[{"@type":"WebPage","@id":"https:\/\/aem.hr\/marija-belosevic-skriveno-blago-hrvatskih-samostana\/","url":"https:\/\/aem.hr\/marija-belosevic-skriveno-blago-hrvatskih-samostana\/","name":"Marija Belo\u0161evi\u0107 - 'Skriveno' blago hrvatskih samostana - Agencija za elektroni\u010dke medije","isPartOf":{"@id":"https:\/\/aem.hr\/#website"},"datePublished":"2026-04-09T09:26:48+00:00","dateModified":"2026-04-09T09:26:49+00:00","breadcrumb":{"@id":"https:\/\/aem.hr\/marija-belosevic-skriveno-blago-hrvatskih-samostana\/#breadcrumb"},"inLanguage":"en-US","potentialAction":[{"@type":"ReadAction","target":["https:\/\/aem.hr\/marija-belosevic-skriveno-blago-hrvatskih-samostana\/"]}]},{"@type":"BreadcrumbList","@id":"https:\/\/aem.hr\/marija-belosevic-skriveno-blago-hrvatskih-samostana\/#breadcrumb","itemListElement":[{"@type":"ListItem","position":1,"name":"Po\u010detna stranica","item":"https:\/\/aem.hr\/"},{"@type":"ListItem","position":2,"name":"Marija Belo\u0161evi\u0107 &#8211; &#8216;Skriveno&#8217; blago hrvatskih samostana"}]},{"@type":"WebSite","@id":"https:\/\/aem.hr\/#website","url":"https:\/\/aem.hr\/","name":"Agencija za elektroni\u010dke medije","description":"","potentialAction":[{"@type":"SearchAction","target":{"@type":"EntryPoint","urlTemplate":"https:\/\/aem.hr\/?s={search_term_string}"},"query-input":{"@type":"PropertyValueSpecification","valueRequired":true,"valueName":"search_term_string"}}],"inLanguage":"en-US"}]}},"coauthors":[],"author_meta":{"author_link":"https:\/\/aem.hr\/en\/blog\/author\/mkirac\/","display_name":"Matko Kirac"},"relative_dates":{"created":"Posted 1 week ago","modified":"Updated 1 week ago"},"absolute_dates":{"created":"Posted on 9. April 2026.","modified":"Updated on 9. April 2026."},"absolute_dates_time":{"created":"Posted on 9. April 2026. 11:26","modified":"Updated on 9. April 2026. 11:26"},"featured_img_caption":"","featured_img":false,"series_order":"","_links":{"self":[{"href":"https:\/\/aem.hr\/en\/wp-json\/wp\/v2\/pages\/25847","targetHints":{"allow":["GET"]}}],"collection":[{"href":"https:\/\/aem.hr\/en\/wp-json\/wp\/v2\/pages"}],"about":[{"href":"https:\/\/aem.hr\/en\/wp-json\/wp\/v2\/types\/page"}],"author":[{"embeddable":true,"href":"https:\/\/aem.hr\/en\/wp-json\/wp\/v2\/users\/18"}],"replies":[{"embeddable":true,"href":"https:\/\/aem.hr\/en\/wp-json\/wp\/v2\/comments?post=25847"}],"version-history":[{"count":1,"href":"https:\/\/aem.hr\/en\/wp-json\/wp\/v2\/pages\/25847\/revisions"}],"predecessor-version":[{"id":25869,"href":"https:\/\/aem.hr\/en\/wp-json\/wp\/v2\/pages\/25847\/revisions\/25869"}],"wp:attachment":[{"href":"https:\/\/aem.hr\/en\/wp-json\/wp\/v2\/media?parent=25847"}],"curies":[{"name":"wp","href":"https:\/\/api.w.org\/{rel}","templated":true}]}}