{"id":25870,"date":"2026-04-09T11:28:31","date_gmt":"2026-04-09T09:28:31","guid":{"rendered":"https:\/\/aem.hr\/?page_id=25870"},"modified":"2026-04-09T11:28:33","modified_gmt":"2026-04-09T09:28:33","slug":"jasmina-jovev-zasto-mladi-napustaju-sisacko-moslavacku-zupaniju-obrazovne-i-karijerne-perspektive-mladih-u-regiji","status":"publish","type":"page","link":"https:\/\/aem.hr\/en\/jasmina-jovev-zasto-mladi-napustaju-sisacko-moslavacku-zupaniju-obrazovne-i-karijerne-perspektive-mladih-u-regiji\/","title":{"rendered":"Jasmina Jovev &#8211; Za\u0161to mladi napu\u0161taju Sisa\u010dko-moslava\u010dku \u017eupaniju? &#8211; Obrazovne i karijerne perspektive mladih u regiji"},"content":{"rendered":"\n<div class=\"wp-block-file\"><a id=\"wp-block-file--media-4276095d-b612-4461-b639-4c324ed9c3e1\" href=\"https:\/\/aem.hr\/wp-content\/uploads\/2026\/04\/1.-Odlazak-bez-povratka-\u2013-iseljavanje-mladih.pdf\">1. Odlazak bez povratka \u2013 iseljavanje mladih<\/a><a href=\"https:\/\/aem.hr\/wp-content\/uploads\/2026\/04\/1.-Odlazak-bez-povratka-\u2013-iseljavanje-mladih.pdf\" class=\"wp-block-file__button wp-element-button\" download aria-describedby=\"wp-block-file--media-4276095d-b612-4461-b639-4c324ed9c3e1\">Preuzimanje<\/a><\/div>\n\n\n\n<div class=\"wp-block-file\"><a id=\"wp-block-file--media-9660f924-ca2d-4f82-903a-fd0d2f0b895b\" href=\"https:\/\/aem.hr\/wp-content\/uploads\/2026\/04\/2.-Mogucnosti-koje-nedostaju_-Obrazovna-infrastruktura.pdf\">2. Mogu\u0107nosti koje nedostaju_ Obrazovna infrastruktura<\/a><a href=\"https:\/\/aem.hr\/wp-content\/uploads\/2026\/04\/2.-Mogucnosti-koje-nedostaju_-Obrazovna-infrastruktura.pdf\" class=\"wp-block-file__button wp-element-button\" download aria-describedby=\"wp-block-file--media-9660f924-ca2d-4f82-903a-fd0d2f0b895b\">Preuzimanje<\/a><\/div>\n\n\n\n<div class=\"wp-block-file\"><a id=\"wp-block-file--media-f676aeed-037d-4120-913f-6413b0a9321e\" href=\"https:\/\/aem.hr\/wp-content\/uploads\/2026\/04\/3.-Posao-ili-pakiranje-kofera_-Pregled-trzista-rada-i-zaposljavanja.pdf\">3. Posao ili pakiranje kofera_ Pregled tr\u017ei\u0161ta rada i zapo\u0161ljavanja<\/a><a href=\"https:\/\/aem.hr\/wp-content\/uploads\/2026\/04\/3.-Posao-ili-pakiranje-kofera_-Pregled-trzista-rada-i-zaposljavanja.pdf\" class=\"wp-block-file__button wp-element-button\" download aria-describedby=\"wp-block-file--media-f676aeed-037d-4120-913f-6413b0a9321e\">Preuzimanje<\/a><\/div>\n\n\n\n<div class=\"wp-block-file\"><a id=\"wp-block-file--media-dd10b395-5dfd-453a-8526-f2c46dc71c6f\" href=\"https:\/\/aem.hr\/wp-content\/uploads\/2026\/04\/4.-Mladi-poduzetnici-pod-povecalom_-Price-onih-koji-su-odlucili-ostati-i-graditi-vlastitu-buducnost-u-Sisacko-moslavackoj-zupani.pdf\">4. Mladi poduzetnici pod pove\u0107alom<\/a><a href=\"https:\/\/aem.hr\/wp-content\/uploads\/2026\/04\/4.-Mladi-poduzetnici-pod-povecalom_-Price-onih-koji-su-odlucili-ostati-i-graditi-vlastitu-buducnost-u-Sisacko-moslavackoj-zupani.pdf\" class=\"wp-block-file__button wp-element-button\" download aria-describedby=\"wp-block-file--media-dd10b395-5dfd-453a-8526-f2c46dc71c6f\">Preuzimanje<\/a><\/div>\n\n\n\n<div class=\"wp-block-file\"><a id=\"wp-block-file--media-059fa582-e34e-4299-93f1-cb8d9e8134c9\" href=\"https:\/\/aem.hr\/wp-content\/uploads\/2026\/04\/5.-Glas-mladih-\u2013-sto-zele-i-trebaju.pdf\">5. Glas mladih \u2013 \u0161to \u017eele i trebaju<\/a><a href=\"https:\/\/aem.hr\/wp-content\/uploads\/2026\/04\/5.-Glas-mladih-\u2013-sto-zele-i-trebaju.pdf\" class=\"wp-block-file__button wp-element-button\" download aria-describedby=\"wp-block-file--media-059fa582-e34e-4299-93f1-cb8d9e8134c9\">Preuzimanje<\/a><\/div>\n\n\n\n<div class=\"wp-block-file\"><a id=\"wp-block-file--media-b78a81f6-d59f-47ad-8572-3d96a4b15ada\" href=\"https:\/\/aem.hr\/wp-content\/uploads\/2026\/04\/6.-Sto-radi-lokalna-vlast-za-mlade.pdf\">6. \u0160to radi lokalna vlast za mlade<\/a><a href=\"https:\/\/aem.hr\/wp-content\/uploads\/2026\/04\/6.-Sto-radi-lokalna-vlast-za-mlade.pdf\" class=\"wp-block-file__button wp-element-button\" download aria-describedby=\"wp-block-file--media-b78a81f6-d59f-47ad-8572-3d96a4b15ada\">Preuzimanje<\/a><\/div>\n\n\n\n<div class=\"wp-block-file\"><a id=\"wp-block-file--media-7bf32aee-fa7a-40eb-8b32-d11f698aadad\" href=\"https:\/\/aem.hr\/wp-content\/uploads\/2026\/04\/7.-Pozitivni-primjeri-i-mogucnosti-EU-fondova.pdf\">7. Pozitivni primjeri i mogu\u0107nosti EU fondova<\/a><a href=\"https:\/\/aem.hr\/wp-content\/uploads\/2026\/04\/7.-Pozitivni-primjeri-i-mogucnosti-EU-fondova.pdf\" class=\"wp-block-file__button wp-element-button\" download aria-describedby=\"wp-block-file--media-7bf32aee-fa7a-40eb-8b32-d11f698aadad\">Preuzimanje<\/a><\/div>\n","protected":false},"excerpt":{"rendered":"","protected":false},"author":18,"featured_media":0,"parent":0,"menu_order":0,"comment_status":"closed","ping_status":"closed","template":"","meta":{"_acf_changed":false,"inline_featured_image":false,"advgb_blocks_editor_width":"","advgb_blocks_columns_visual_guide":"","_links_to":"","_links_to_type":0,"footnotes":""},"class_list":["post-25870","page","type-page","status-publish","hentry"],"acf":[],"yoast_head":"<!-- This site is optimized with the Yoast SEO plugin v25.7 - https:\/\/yoast.com\/wordpress\/plugins\/seo\/ -->\n<title>Jasmina Jovev - Za\u0161to mladi napu\u0161taju Sisa\u010dko-moslava\u010dku \u017eupaniju? - Obrazovne i karijerne perspektive mladih u regiji - Agencija za elektroni\u010dke medije<\/title>\n<meta name=\"robots\" content=\"index, follow, max-snippet:-1, max-image-preview:large, max-video-preview:-1\" \/>\n<link rel=\"canonical\" href=\"https:\/\/aem.hr\/jasmina-jovev-zasto-mladi-napustaju-sisacko-moslavacku-zupaniju-obrazovne-i-karijerne-perspektive-mladih-u-regiji\/\" \/>\n<meta property=\"og:locale\" content=\"en_US\" \/>\n<meta property=\"og:type\" content=\"article\" \/>\n<meta property=\"og:title\" content=\"Jasmina Jovev - Za\u0161to mladi napu\u0161taju Sisa\u010dko-moslava\u010dku \u017eupaniju? - Obrazovne i karijerne perspektive mladih u regiji - Agencija za elektroni\u010dke medije\" \/>\n<meta property=\"og:url\" content=\"https:\/\/aem.hr\/jasmina-jovev-zasto-mladi-napustaju-sisacko-moslavacku-zupaniju-obrazovne-i-karijerne-perspektive-mladih-u-regiji\/\" \/>\n<meta property=\"og:site_name\" content=\"Agencija za elektroni\u010dke medije\" \/>\n<meta property=\"article:modified_time\" content=\"2026-04-09T09:28:33+00:00\" \/>\n<meta name=\"twitter:card\" content=\"summary_large_image\" \/>\n<meta name=\"twitter:label1\" content=\"Est. reading time\" \/>\n\t<meta name=\"twitter:data1\" content=\"1 minute\" \/>\n<script type=\"application\/ld+json\" class=\"yoast-schema-graph\">{\"@context\":\"https:\/\/schema.org\",\"@graph\":[{\"@type\":\"WebPage\",\"@id\":\"https:\/\/aem.hr\/jasmina-jovev-zasto-mladi-napustaju-sisacko-moslavacku-zupaniju-obrazovne-i-karijerne-perspektive-mladih-u-regiji\/\",\"url\":\"https:\/\/aem.hr\/jasmina-jovev-zasto-mladi-napustaju-sisacko-moslavacku-zupaniju-obrazovne-i-karijerne-perspektive-mladih-u-regiji\/\",\"name\":\"Jasmina Jovev - Za\u0161to mladi napu\u0161taju Sisa\u010dko-moslava\u010dku \u017eupaniju? - Obrazovne i karijerne perspektive mladih u regiji - Agencija za elektroni\u010dke medije\",\"isPartOf\":{\"@id\":\"https:\/\/aem.hr\/#website\"},\"datePublished\":\"2026-04-09T09:28:31+00:00\",\"dateModified\":\"2026-04-09T09:28:33+00:00\",\"breadcrumb\":{\"@id\":\"https:\/\/aem.hr\/jasmina-jovev-zasto-mladi-napustaju-sisacko-moslavacku-zupaniju-obrazovne-i-karijerne-perspektive-mladih-u-regiji\/#breadcrumb\"},\"inLanguage\":\"en-US\",\"potentialAction\":[{\"@type\":\"ReadAction\",\"target\":[\"https:\/\/aem.hr\/jasmina-jovev-zasto-mladi-napustaju-sisacko-moslavacku-zupaniju-obrazovne-i-karijerne-perspektive-mladih-u-regiji\/\"]}]},{\"@type\":\"BreadcrumbList\",\"@id\":\"https:\/\/aem.hr\/jasmina-jovev-zasto-mladi-napustaju-sisacko-moslavacku-zupaniju-obrazovne-i-karijerne-perspektive-mladih-u-regiji\/#breadcrumb\",\"itemListElement\":[{\"@type\":\"ListItem\",\"position\":1,\"name\":\"Po\u010detna stranica\",\"item\":\"https:\/\/aem.hr\/\"},{\"@type\":\"ListItem\",\"position\":2,\"name\":\"Jasmina Jovev &#8211; Za\u0161to mladi napu\u0161taju Sisa\u010dko-moslava\u010dku \u017eupaniju? &#8211; Obrazovne i karijerne perspektive mladih u regiji\"}]},{\"@type\":\"WebSite\",\"@id\":\"https:\/\/aem.hr\/#website\",\"url\":\"https:\/\/aem.hr\/\",\"name\":\"Agencija za elektroni\u010dke medije\",\"description\":\"\",\"potentialAction\":[{\"@type\":\"SearchAction\",\"target\":{\"@type\":\"EntryPoint\",\"urlTemplate\":\"https:\/\/aem.hr\/?s={search_term_string}\"},\"query-input\":{\"@type\":\"PropertyValueSpecification\",\"valueRequired\":true,\"valueName\":\"search_term_string\"}}],\"inLanguage\":\"en-US\"}]}<\/script>\n<!-- \/ Yoast SEO plugin. -->","yoast_head_json":{"title":"Jasmina Jovev - Za\u0161to mladi napu\u0161taju Sisa\u010dko-moslava\u010dku \u017eupaniju? - Obrazovne i karijerne perspektive mladih u regiji - Agencija za elektroni\u010dke medije","robots":{"index":"index","follow":"follow","max-snippet":"max-snippet:-1","max-image-preview":"max-image-preview:large","max-video-preview":"max-video-preview:-1"},"canonical":"https:\/\/aem.hr\/jasmina-jovev-zasto-mladi-napustaju-sisacko-moslavacku-zupaniju-obrazovne-i-karijerne-perspektive-mladih-u-regiji\/","og_locale":"en_US","og_type":"article","og_title":"Jasmina Jovev - Za\u0161to mladi napu\u0161taju Sisa\u010dko-moslava\u010dku \u017eupaniju? - Obrazovne i karijerne perspektive mladih u regiji - Agencija za elektroni\u010dke medije","og_url":"https:\/\/aem.hr\/jasmina-jovev-zasto-mladi-napustaju-sisacko-moslavacku-zupaniju-obrazovne-i-karijerne-perspektive-mladih-u-regiji\/","og_site_name":"Agencija za elektroni\u010dke medije","article_modified_time":"2026-04-09T09:28:33+00:00","twitter_card":"summary_large_image","twitter_misc":{"Est. reading time":"1 minute"},"schema":{"@context":"https:\/\/schema.org","@graph":[{"@type":"WebPage","@id":"https:\/\/aem.hr\/jasmina-jovev-zasto-mladi-napustaju-sisacko-moslavacku-zupaniju-obrazovne-i-karijerne-perspektive-mladih-u-regiji\/","url":"https:\/\/aem.hr\/jasmina-jovev-zasto-mladi-napustaju-sisacko-moslavacku-zupaniju-obrazovne-i-karijerne-perspektive-mladih-u-regiji\/","name":"Jasmina Jovev - Za\u0161to mladi napu\u0161taju Sisa\u010dko-moslava\u010dku \u017eupaniju? - Obrazovne i karijerne perspektive mladih u regiji - Agencija za elektroni\u010dke medije","isPartOf":{"@id":"https:\/\/aem.hr\/#website"},"datePublished":"2026-04-09T09:28:31+00:00","dateModified":"2026-04-09T09:28:33+00:00","breadcrumb":{"@id":"https:\/\/aem.hr\/jasmina-jovev-zasto-mladi-napustaju-sisacko-moslavacku-zupaniju-obrazovne-i-karijerne-perspektive-mladih-u-regiji\/#breadcrumb"},"inLanguage":"en-US","potentialAction":[{"@type":"ReadAction","target":["https:\/\/aem.hr\/jasmina-jovev-zasto-mladi-napustaju-sisacko-moslavacku-zupaniju-obrazovne-i-karijerne-perspektive-mladih-u-regiji\/"]}]},{"@type":"BreadcrumbList","@id":"https:\/\/aem.hr\/jasmina-jovev-zasto-mladi-napustaju-sisacko-moslavacku-zupaniju-obrazovne-i-karijerne-perspektive-mladih-u-regiji\/#breadcrumb","itemListElement":[{"@type":"ListItem","position":1,"name":"Po\u010detna stranica","item":"https:\/\/aem.hr\/"},{"@type":"ListItem","position":2,"name":"Jasmina Jovev &#8211; Za\u0161to mladi napu\u0161taju Sisa\u010dko-moslava\u010dku \u017eupaniju? &#8211; Obrazovne i karijerne perspektive mladih u regiji"}]},{"@type":"WebSite","@id":"https:\/\/aem.hr\/#website","url":"https:\/\/aem.hr\/","name":"Agencija za elektroni\u010dke medije","description":"","potentialAction":[{"@type":"SearchAction","target":{"@type":"EntryPoint","urlTemplate":"https:\/\/aem.hr\/?s={search_term_string}"},"query-input":{"@type":"PropertyValueSpecification","valueRequired":true,"valueName":"search_term_string"}}],"inLanguage":"en-US"}]}},"coauthors":[],"author_meta":{"author_link":"https:\/\/aem.hr\/en\/blog\/author\/mkirac\/","display_name":"Matko Kirac"},"relative_dates":{"created":"Posted 1 week ago","modified":"Updated 1 week ago"},"absolute_dates":{"created":"Posted on 9. April 2026.","modified":"Updated on 9. April 2026."},"absolute_dates_time":{"created":"Posted on 9. April 2026. 11:28","modified":"Updated on 9. April 2026. 11:28"},"featured_img_caption":"","featured_img":false,"series_order":"","_links":{"self":[{"href":"https:\/\/aem.hr\/en\/wp-json\/wp\/v2\/pages\/25870","targetHints":{"allow":["GET"]}}],"collection":[{"href":"https:\/\/aem.hr\/en\/wp-json\/wp\/v2\/pages"}],"about":[{"href":"https:\/\/aem.hr\/en\/wp-json\/wp\/v2\/types\/page"}],"author":[{"embeddable":true,"href":"https:\/\/aem.hr\/en\/wp-json\/wp\/v2\/users\/18"}],"replies":[{"embeddable":true,"href":"https:\/\/aem.hr\/en\/wp-json\/wp\/v2\/comments?post=25870"}],"version-history":[{"count":1,"href":"https:\/\/aem.hr\/en\/wp-json\/wp\/v2\/pages\/25870\/revisions"}],"predecessor-version":[{"id":25885,"href":"https:\/\/aem.hr\/en\/wp-json\/wp\/v2\/pages\/25870\/revisions\/25885"}],"wp:attachment":[{"href":"https:\/\/aem.hr\/en\/wp-json\/wp\/v2\/media?parent=25870"}],"curies":[{"name":"wp","href":"https:\/\/api.w.org\/{rel}","templated":true}]}}