{"id":25886,"date":"2026-04-09T11:34:28","date_gmt":"2026-04-09T09:34:28","guid":{"rendered":"https:\/\/aem.hr\/?page_id=25886"},"modified":"2026-04-09T11:34:30","modified_gmt":"2026-04-09T09:34:30","slug":"davor-dijanovic-kako-zive-nasi-stari","status":"publish","type":"page","link":"https:\/\/aem.hr\/en\/davor-dijanovic-kako-zive-nasi-stari\/","title":{"rendered":"Davor Dijanovi\u0107 &#8211; Kako \u017eive na\u0161i stari?"},"content":{"rendered":"\n<div class=\"wp-block-file\"><a id=\"wp-block-file--media-975b15ff-31f8-486f-be8d-29df83ad3300\" href=\"https:\/\/aem.hr\/wp-content\/uploads\/2026\/04\/1.-Razgovor-s-N.-Nekic.pdf\">1. Razgovor s N. Nekic<\/a><a href=\"https:\/\/aem.hr\/wp-content\/uploads\/2026\/04\/1.-Razgovor-s-N.-Nekic.pdf\" class=\"wp-block-file__button wp-element-button\" download aria-describedby=\"wp-block-file--media-975b15ff-31f8-486f-be8d-29df83ad3300\">Preuzimanje<\/a><\/div>\n\n\n\n<div class=\"wp-block-file\"><a id=\"wp-block-file--media-5979af9f-d7fb-4532-ad62-403dd3f8b1d5\" href=\"https:\/\/aem.hr\/wp-content\/uploads\/2026\/04\/2.-Razgovor-s-prof.-emer.-Ljubom-Jurcicem.pdf\">2. Razgovor s prof. emer. Ljubom Jurcicem<\/a><a href=\"https:\/\/aem.hr\/wp-content\/uploads\/2026\/04\/2.-Razgovor-s-prof.-emer.-Ljubom-Jurcicem.pdf\" class=\"wp-block-file__button wp-element-button\" download aria-describedby=\"wp-block-file--media-5979af9f-d7fb-4532-ad62-403dd3f8b1d5\">Preuzimanje<\/a><\/div>\n\n\n\n<div class=\"wp-block-file\"><a id=\"wp-block-file--media-bfd166db-f8f1-4143-bd3b-3682310ab6e2\" href=\"https:\/\/aem.hr\/wp-content\/uploads\/2026\/04\/3.-Razgovor-s-D.-Vidmarovicem.pdf\">3. Razgovor s D. Vidmarovicem<\/a><a href=\"https:\/\/aem.hr\/wp-content\/uploads\/2026\/04\/3.-Razgovor-s-D.-Vidmarovicem.pdf\" class=\"wp-block-file__button wp-element-button\" download aria-describedby=\"wp-block-file--media-bfd166db-f8f1-4143-bd3b-3682310ab6e2\">Preuzimanje<\/a><\/div>\n\n\n\n<div class=\"wp-block-file\"><a id=\"wp-block-file--media-5366f8ed-eeca-4f1d-aba0-95535c692813\" href=\"https:\/\/aem.hr\/wp-content\/uploads\/2026\/04\/4.-Razgovor-s-I.-Bekavcem.pdf\">4. Razgovor s I. Bekavcem<\/a><a href=\"https:\/\/aem.hr\/wp-content\/uploads\/2026\/04\/4.-Razgovor-s-I.-Bekavcem.pdf\" class=\"wp-block-file__button wp-element-button\" download aria-describedby=\"wp-block-file--media-5366f8ed-eeca-4f1d-aba0-95535c692813\">Preuzimanje<\/a><\/div>\n\n\n\n<div class=\"wp-block-file\"><a id=\"wp-block-file--media-0bf134f2-f682-4824-b72c-d42092aabff6\" href=\"https:\/\/aem.hr\/wp-content\/uploads\/2026\/04\/5.-Fortuna_Stariji-jos-uvijek.pdf\">5. Fortuna_Stariji jos uvijek<\/a><a href=\"https:\/\/aem.hr\/wp-content\/uploads\/2026\/04\/5.-Fortuna_Stariji-jos-uvijek.pdf\" class=\"wp-block-file__button wp-element-button\" download aria-describedby=\"wp-block-file--media-0bf134f2-f682-4824-b72c-d42092aabff6\">Preuzimanje<\/a><\/div>\n\n\n\n<div class=\"wp-block-file\"><a id=\"wp-block-file--media-163458b4-76aa-47db-aaad-e0c5b0dfd59f\" href=\"https:\/\/aem.hr\/wp-content\/uploads\/2026\/04\/6.-Ne-smijes-se-predati.pdf\">6. Ne smijes se predati<\/a><a href=\"https:\/\/aem.hr\/wp-content\/uploads\/2026\/04\/6.-Ne-smijes-se-predati.pdf\" class=\"wp-block-file__button wp-element-button\" download aria-describedby=\"wp-block-file--media-163458b4-76aa-47db-aaad-e0c5b0dfd59f\">Preuzimanje<\/a><\/div>\n\n\n\n<div class=\"wp-block-file\"><a id=\"wp-block-file--media-a00137f9-1f88-41e0-9193-388787d5c2b8\" href=\"https:\/\/aem.hr\/wp-content\/uploads\/2026\/04\/7.-Razgovor-sa-Z.-Vlaicem.pdf\">7. Razgovor sa Z. Vlaicem<\/a><a href=\"https:\/\/aem.hr\/wp-content\/uploads\/2026\/04\/7.-Razgovor-sa-Z.-Vlaicem.pdf\" class=\"wp-block-file__button wp-element-button\" download aria-describedby=\"wp-block-file--media-a00137f9-1f88-41e0-9193-388787d5c2b8\">Preuzimanje<\/a><\/div>\n\n\n\n<div class=\"wp-block-file\"><a id=\"wp-block-file--media-5a464529-fa72-4e55-b7da-fe8a02830bfa\" href=\"https:\/\/aem.hr\/wp-content\/uploads\/2026\/04\/8.-Razgovor-s-D.-Dalbellom.pdf\">8. Razgovor s D. Dalbellom<\/a><a href=\"https:\/\/aem.hr\/wp-content\/uploads\/2026\/04\/8.-Razgovor-s-D.-Dalbellom.pdf\" class=\"wp-block-file__button wp-element-button\" download aria-describedby=\"wp-block-file--media-5a464529-fa72-4e55-b7da-fe8a02830bfa\">Preuzimanje<\/a><\/div>\n\n\n\n<div class=\"wp-block-file\"><a id=\"wp-block-file--media-ebbcd823-cc6f-4a92-998b-a4a26d10e2f0\" href=\"https:\/\/aem.hr\/wp-content\/uploads\/2026\/04\/9.-Razgovor-s-A.-Lucicem.pdf\">9. Razgovor s A. Lucicem<\/a><a href=\"https:\/\/aem.hr\/wp-content\/uploads\/2026\/04\/9.-Razgovor-s-A.-Lucicem.pdf\" class=\"wp-block-file__button wp-element-button\" download aria-describedby=\"wp-block-file--media-ebbcd823-cc6f-4a92-998b-a4a26d10e2f0\">Preuzimanje<\/a><\/div>\n\n\n\n<div class=\"wp-block-file\"><a id=\"wp-block-file--media-50773ddc-5c70-4521-ba97-937516dde796\" href=\"https:\/\/aem.hr\/wp-content\/uploads\/2026\/04\/10.-Rekapitulacija-projekta.pdf\">10. Rekapitulacija projekta<\/a><a href=\"https:\/\/aem.hr\/wp-content\/uploads\/2026\/04\/10.-Rekapitulacija-projekta.pdf\" class=\"wp-block-file__button wp-element-button\" download aria-describedby=\"wp-block-file--media-50773ddc-5c70-4521-ba97-937516dde796\">Preuzimanje<\/a><\/div>\n","protected":false},"excerpt":{"rendered":"","protected":false},"author":18,"featured_media":0,"parent":0,"menu_order":0,"comment_status":"closed","ping_status":"closed","template":"","meta":{"_acf_changed":false,"inline_featured_image":false,"advgb_blocks_editor_width":"","advgb_blocks_columns_visual_guide":"","_links_to":"","_links_to_type":0,"footnotes":""},"class_list":["post-25886","page","type-page","status-publish","hentry"],"acf":[],"yoast_head":"<!-- This site is optimized with the Yoast SEO plugin v25.7 - https:\/\/yoast.com\/wordpress\/plugins\/seo\/ -->\n<title>Davor Dijanovi\u0107 - Kako \u017eive na\u0161i stari? - Agencija za elektroni\u010dke medije<\/title>\n<meta name=\"robots\" content=\"index, follow, max-snippet:-1, max-image-preview:large, max-video-preview:-1\" \/>\n<link rel=\"canonical\" href=\"https:\/\/aem.hr\/davor-dijanovic-kako-zive-nasi-stari\/\" \/>\n<meta property=\"og:locale\" content=\"en_US\" \/>\n<meta property=\"og:type\" content=\"article\" \/>\n<meta property=\"og:title\" content=\"Davor Dijanovi\u0107 - Kako \u017eive na\u0161i stari? - Agencija za elektroni\u010dke medije\" \/>\n<meta property=\"og:url\" content=\"https:\/\/aem.hr\/davor-dijanovic-kako-zive-nasi-stari\/\" \/>\n<meta property=\"og:site_name\" content=\"Agencija za elektroni\u010dke medije\" \/>\n<meta property=\"article:modified_time\" content=\"2026-04-09T09:34:30+00:00\" \/>\n<meta name=\"twitter:card\" content=\"summary_large_image\" \/>\n<meta name=\"twitter:label1\" content=\"Est. reading time\" \/>\n\t<meta name=\"twitter:data1\" content=\"1 minute\" \/>\n<script type=\"application\/ld+json\" class=\"yoast-schema-graph\">{\"@context\":\"https:\/\/schema.org\",\"@graph\":[{\"@type\":\"WebPage\",\"@id\":\"https:\/\/aem.hr\/davor-dijanovic-kako-zive-nasi-stari\/\",\"url\":\"https:\/\/aem.hr\/davor-dijanovic-kako-zive-nasi-stari\/\",\"name\":\"Davor Dijanovi\u0107 - Kako \u017eive na\u0161i stari? - Agencija za elektroni\u010dke medije\",\"isPartOf\":{\"@id\":\"https:\/\/aem.hr\/#website\"},\"datePublished\":\"2026-04-09T09:34:28+00:00\",\"dateModified\":\"2026-04-09T09:34:30+00:00\",\"breadcrumb\":{\"@id\":\"https:\/\/aem.hr\/davor-dijanovic-kako-zive-nasi-stari\/#breadcrumb\"},\"inLanguage\":\"en-US\",\"potentialAction\":[{\"@type\":\"ReadAction\",\"target\":[\"https:\/\/aem.hr\/davor-dijanovic-kako-zive-nasi-stari\/\"]}]},{\"@type\":\"BreadcrumbList\",\"@id\":\"https:\/\/aem.hr\/davor-dijanovic-kako-zive-nasi-stari\/#breadcrumb\",\"itemListElement\":[{\"@type\":\"ListItem\",\"position\":1,\"name\":\"Po\u010detna stranica\",\"item\":\"https:\/\/aem.hr\/\"},{\"@type\":\"ListItem\",\"position\":2,\"name\":\"Davor Dijanovi\u0107 &#8211; Kako \u017eive na\u0161i stari?\"}]},{\"@type\":\"WebSite\",\"@id\":\"https:\/\/aem.hr\/#website\",\"url\":\"https:\/\/aem.hr\/\",\"name\":\"Agencija za elektroni\u010dke medije\",\"description\":\"\",\"potentialAction\":[{\"@type\":\"SearchAction\",\"target\":{\"@type\":\"EntryPoint\",\"urlTemplate\":\"https:\/\/aem.hr\/?s={search_term_string}\"},\"query-input\":{\"@type\":\"PropertyValueSpecification\",\"valueRequired\":true,\"valueName\":\"search_term_string\"}}],\"inLanguage\":\"en-US\"}]}<\/script>\n<!-- \/ Yoast SEO plugin. -->","yoast_head_json":{"title":"Davor Dijanovi\u0107 - Kako \u017eive na\u0161i stari? - Agencija za elektroni\u010dke medije","robots":{"index":"index","follow":"follow","max-snippet":"max-snippet:-1","max-image-preview":"max-image-preview:large","max-video-preview":"max-video-preview:-1"},"canonical":"https:\/\/aem.hr\/davor-dijanovic-kako-zive-nasi-stari\/","og_locale":"en_US","og_type":"article","og_title":"Davor Dijanovi\u0107 - Kako \u017eive na\u0161i stari? - Agencija za elektroni\u010dke medije","og_url":"https:\/\/aem.hr\/davor-dijanovic-kako-zive-nasi-stari\/","og_site_name":"Agencija za elektroni\u010dke medije","article_modified_time":"2026-04-09T09:34:30+00:00","twitter_card":"summary_large_image","twitter_misc":{"Est. reading time":"1 minute"},"schema":{"@context":"https:\/\/schema.org","@graph":[{"@type":"WebPage","@id":"https:\/\/aem.hr\/davor-dijanovic-kako-zive-nasi-stari\/","url":"https:\/\/aem.hr\/davor-dijanovic-kako-zive-nasi-stari\/","name":"Davor Dijanovi\u0107 - Kako \u017eive na\u0161i stari? - Agencija za elektroni\u010dke medije","isPartOf":{"@id":"https:\/\/aem.hr\/#website"},"datePublished":"2026-04-09T09:34:28+00:00","dateModified":"2026-04-09T09:34:30+00:00","breadcrumb":{"@id":"https:\/\/aem.hr\/davor-dijanovic-kako-zive-nasi-stari\/#breadcrumb"},"inLanguage":"en-US","potentialAction":[{"@type":"ReadAction","target":["https:\/\/aem.hr\/davor-dijanovic-kako-zive-nasi-stari\/"]}]},{"@type":"BreadcrumbList","@id":"https:\/\/aem.hr\/davor-dijanovic-kako-zive-nasi-stari\/#breadcrumb","itemListElement":[{"@type":"ListItem","position":1,"name":"Po\u010detna stranica","item":"https:\/\/aem.hr\/"},{"@type":"ListItem","position":2,"name":"Davor Dijanovi\u0107 &#8211; Kako \u017eive na\u0161i stari?"}]},{"@type":"WebSite","@id":"https:\/\/aem.hr\/#website","url":"https:\/\/aem.hr\/","name":"Agencija za elektroni\u010dke medije","description":"","potentialAction":[{"@type":"SearchAction","target":{"@type":"EntryPoint","urlTemplate":"https:\/\/aem.hr\/?s={search_term_string}"},"query-input":{"@type":"PropertyValueSpecification","valueRequired":true,"valueName":"search_term_string"}}],"inLanguage":"en-US"}]}},"coauthors":[],"author_meta":{"author_link":"https:\/\/aem.hr\/en\/blog\/author\/mkirac\/","display_name":"Matko Kirac"},"relative_dates":{"created":"Posted 1 week ago","modified":"Updated 1 week ago"},"absolute_dates":{"created":"Posted on 9. April 2026.","modified":"Updated on 9. April 2026."},"absolute_dates_time":{"created":"Posted on 9. April 2026. 11:34","modified":"Updated on 9. April 2026. 11:34"},"featured_img_caption":"","featured_img":false,"series_order":"","_links":{"self":[{"href":"https:\/\/aem.hr\/en\/wp-json\/wp\/v2\/pages\/25886","targetHints":{"allow":["GET"]}}],"collection":[{"href":"https:\/\/aem.hr\/en\/wp-json\/wp\/v2\/pages"}],"about":[{"href":"https:\/\/aem.hr\/en\/wp-json\/wp\/v2\/types\/page"}],"author":[{"embeddable":true,"href":"https:\/\/aem.hr\/en\/wp-json\/wp\/v2\/users\/18"}],"replies":[{"embeddable":true,"href":"https:\/\/aem.hr\/en\/wp-json\/wp\/v2\/comments?post=25886"}],"version-history":[{"count":1,"href":"https:\/\/aem.hr\/en\/wp-json\/wp\/v2\/pages\/25886\/revisions"}],"predecessor-version":[{"id":25906,"href":"https:\/\/aem.hr\/en\/wp-json\/wp\/v2\/pages\/25886\/revisions\/25906"}],"wp:attachment":[{"href":"https:\/\/aem.hr\/en\/wp-json\/wp\/v2\/media?parent=25886"}],"curies":[{"name":"wp","href":"https:\/\/api.w.org\/{rel}","templated":true}]}}