{"id":25907,"date":"2026-04-09T11:36:23","date_gmt":"2026-04-09T09:36:23","guid":{"rendered":"https:\/\/aem.hr\/?page_id=25907"},"modified":"2026-04-09T11:36:24","modified_gmt":"2026-04-09T09:36:24","slug":"natasa-rozic-mikolasevic-projektiranje-dostojanstva-korak-prema-inkluzivno-izgradenom-okolisu-jednakih-mogucnosti","status":"publish","type":"page","link":"https:\/\/aem.hr\/en\/natasa-rozic-mikolasevic-projektiranje-dostojanstva-korak-prema-inkluzivno-izgradenom-okolisu-jednakih-mogucnosti\/","title":{"rendered":"Nata\u0161a Ro\u017ei\u0107 Mikola\u0161evi\u0107 &#8211; Projektiranje dostojanstva: korak prema inkluzivno izgra\u0111enom okoli\u0161u jednakih mogu\u0107nosti"},"content":{"rendered":"\n<div class=\"wp-block-file\"><a id=\"wp-block-file--media-7d367cc8-ab2f-443b-9572-94feeb9e81fb\" href=\"https:\/\/aem.hr\/wp-content\/uploads\/2026\/04\/1.-projektirajmo-odgovorno.pdf\">1. projektirajmo odgovorno<\/a><a href=\"https:\/\/aem.hr\/wp-content\/uploads\/2026\/04\/1.-projektirajmo-odgovorno.pdf\" class=\"wp-block-file__button wp-element-button\" download aria-describedby=\"wp-block-file--media-7d367cc8-ab2f-443b-9572-94feeb9e81fb\">Preuzimanje<\/a><\/div>\n\n\n\n<div class=\"wp-block-file\"><a id=\"wp-block-file--media-ea62bb5b-a364-4224-b457-5cda3bedec79\" href=\"https:\/\/aem.hr\/wp-content\/uploads\/2026\/04\/2.-planirajte-s-empatijom-compressed.pdf\">2. planirajte s empatijom-compressed<\/a><a href=\"https:\/\/aem.hr\/wp-content\/uploads\/2026\/04\/2.-planirajte-s-empatijom-compressed.pdf\" class=\"wp-block-file__button wp-element-button\" download aria-describedby=\"wp-block-file--media-ea62bb5b-a364-4224-b457-5cda3bedec79\">Preuzimanje<\/a><\/div>\n\n\n\n<div class=\"wp-block-file\"><a id=\"wp-block-file--media-0c5bacde-33a3-446e-8c41-10037637aa7e\" href=\"https:\/\/aem.hr\/wp-content\/uploads\/2026\/04\/3.-kako-projektirati-dostojanstvo.pdf\">3. kako projektirati dostojanstvo<\/a><a href=\"https:\/\/aem.hr\/wp-content\/uploads\/2026\/04\/3.-kako-projektirati-dostojanstvo.pdf\" class=\"wp-block-file__button wp-element-button\" download aria-describedby=\"wp-block-file--media-0c5bacde-33a3-446e-8c41-10037637aa7e\">Preuzimanje<\/a><\/div>\n\n\n\n<div class=\"wp-block-file\"><a id=\"wp-block-file--media-b8de9cfe-f6a3-4bf3-ab50-4f9b10688d71\" href=\"https:\/\/aem.hr\/wp-content\/uploads\/2026\/04\/4.-inkluzivni-dizajn-compressed.pdf\">4. inkluzivni dizajn-compressed<\/a><a href=\"https:\/\/aem.hr\/wp-content\/uploads\/2026\/04\/4.-inkluzivni-dizajn-compressed.pdf\" class=\"wp-block-file__button wp-element-button\" download aria-describedby=\"wp-block-file--media-b8de9cfe-f6a3-4bf3-ab50-4f9b10688d71\">Preuzimanje<\/a><\/div>\n\n\n\n<div class=\"wp-block-file\"><a id=\"wp-block-file--media-9be8e043-137a-42cf-8335-c66451ef08b0\" href=\"https:\/\/aem.hr\/wp-content\/uploads\/2026\/04\/5.-riznica-medimurja-compressed.pdf\">5. riznica medimurja-compressed<\/a><a href=\"https:\/\/aem.hr\/wp-content\/uploads\/2026\/04\/5.-riznica-medimurja-compressed.pdf\" class=\"wp-block-file__button wp-element-button\" download aria-describedby=\"wp-block-file--media-9be8e043-137a-42cf-8335-c66451ef08b0\">Preuzimanje<\/a><\/div>\n\n\n\n<div class=\"wp-block-file\"><a id=\"wp-block-file--media-8167b1db-67e4-4678-a513-2f150b92cd6f\" href=\"https:\/\/aem.hr\/wp-content\/uploads\/2026\/04\/6.-pristupacnost-u-zadru-compressed.pdf\">6. pristupacnost u zadru-compressed<\/a><a href=\"https:\/\/aem.hr\/wp-content\/uploads\/2026\/04\/6.-pristupacnost-u-zadru-compressed.pdf\" class=\"wp-block-file__button wp-element-button\" download aria-describedby=\"wp-block-file--media-8167b1db-67e4-4678-a513-2f150b92cd6f\">Preuzimanje<\/a><\/div>\n\n\n\n<div class=\"wp-block-file\"><a id=\"wp-block-file--media-77dc3660-9ef8-4ccc-8783-90df498b09e1\" href=\"https:\/\/aem.hr\/wp-content\/uploads\/2026\/04\/7.-svaka-novogradnja-i-obnova-compressed.pdf\">7. svaka novogradnja i obnova-compressed<\/a><a href=\"https:\/\/aem.hr\/wp-content\/uploads\/2026\/04\/7.-svaka-novogradnja-i-obnova-compressed.pdf\" class=\"wp-block-file__button wp-element-button\" download aria-describedby=\"wp-block-file--media-77dc3660-9ef8-4ccc-8783-90df498b09e1\">Preuzimanje<\/a><\/div>\n\n\n\n<div class=\"wp-block-file\"><a id=\"wp-block-file--media-2da876e8-e1e1-4d2f-970f-5653e8b794a1\" href=\"https:\/\/aem.hr\/wp-content\/uploads\/2026\/04\/8.-projektiranje-dostojanstva-compressed.pdf\">8. projektiranje dostojanstva-compressed<\/a><a href=\"https:\/\/aem.hr\/wp-content\/uploads\/2026\/04\/8.-projektiranje-dostojanstva-compressed.pdf\" class=\"wp-block-file__button wp-element-button\" download aria-describedby=\"wp-block-file--media-2da876e8-e1e1-4d2f-970f-5653e8b794a1\">Preuzimanje<\/a><\/div>\n","protected":false},"excerpt":{"rendered":"","protected":false},"author":18,"featured_media":0,"parent":0,"menu_order":0,"comment_status":"closed","ping_status":"closed","template":"","meta":{"_acf_changed":false,"inline_featured_image":false,"advgb_blocks_editor_width":"","advgb_blocks_columns_visual_guide":"","_links_to":"","_links_to_type":0,"footnotes":""},"class_list":["post-25907","page","type-page","status-publish","hentry"],"acf":[],"yoast_head":"<!-- This site is optimized with the Yoast SEO plugin v25.7 - https:\/\/yoast.com\/wordpress\/plugins\/seo\/ -->\n<title>Nata\u0161a Ro\u017ei\u0107 Mikola\u0161evi\u0107 - Projektiranje dostojanstva: korak prema inkluzivno izgra\u0111enom okoli\u0161u jednakih mogu\u0107nosti - Agencija za elektroni\u010dke medije<\/title>\n<meta name=\"robots\" content=\"index, follow, max-snippet:-1, max-image-preview:large, max-video-preview:-1\" \/>\n<link rel=\"canonical\" href=\"https:\/\/aem.hr\/natasa-rozic-mikolasevic-projektiranje-dostojanstva-korak-prema-inkluzivno-izgradenom-okolisu-jednakih-mogucnosti\/\" \/>\n<meta property=\"og:locale\" content=\"en_US\" \/>\n<meta property=\"og:type\" content=\"article\" \/>\n<meta property=\"og:title\" content=\"Nata\u0161a Ro\u017ei\u0107 Mikola\u0161evi\u0107 - Projektiranje dostojanstva: korak prema inkluzivno izgra\u0111enom okoli\u0161u jednakih mogu\u0107nosti - Agencija za elektroni\u010dke medije\" \/>\n<meta property=\"og:url\" content=\"https:\/\/aem.hr\/natasa-rozic-mikolasevic-projektiranje-dostojanstva-korak-prema-inkluzivno-izgradenom-okolisu-jednakih-mogucnosti\/\" \/>\n<meta property=\"og:site_name\" content=\"Agencija za elektroni\u010dke medije\" \/>\n<meta property=\"article:modified_time\" content=\"2026-04-09T09:36:24+00:00\" \/>\n<meta name=\"twitter:card\" content=\"summary_large_image\" \/>\n<meta name=\"twitter:label1\" content=\"Est. reading time\" \/>\n\t<meta name=\"twitter:data1\" content=\"1 minute\" \/>\n<script type=\"application\/ld+json\" class=\"yoast-schema-graph\">{\"@context\":\"https:\/\/schema.org\",\"@graph\":[{\"@type\":\"WebPage\",\"@id\":\"https:\/\/aem.hr\/natasa-rozic-mikolasevic-projektiranje-dostojanstva-korak-prema-inkluzivno-izgradenom-okolisu-jednakih-mogucnosti\/\",\"url\":\"https:\/\/aem.hr\/natasa-rozic-mikolasevic-projektiranje-dostojanstva-korak-prema-inkluzivno-izgradenom-okolisu-jednakih-mogucnosti\/\",\"name\":\"Nata\u0161a Ro\u017ei\u0107 Mikola\u0161evi\u0107 - Projektiranje dostojanstva: korak prema inkluzivno izgra\u0111enom okoli\u0161u jednakih mogu\u0107nosti - Agencija za elektroni\u010dke medije\",\"isPartOf\":{\"@id\":\"https:\/\/aem.hr\/#website\"},\"datePublished\":\"2026-04-09T09:36:23+00:00\",\"dateModified\":\"2026-04-09T09:36:24+00:00\",\"breadcrumb\":{\"@id\":\"https:\/\/aem.hr\/natasa-rozic-mikolasevic-projektiranje-dostojanstva-korak-prema-inkluzivno-izgradenom-okolisu-jednakih-mogucnosti\/#breadcrumb\"},\"inLanguage\":\"en-US\",\"potentialAction\":[{\"@type\":\"ReadAction\",\"target\":[\"https:\/\/aem.hr\/natasa-rozic-mikolasevic-projektiranje-dostojanstva-korak-prema-inkluzivno-izgradenom-okolisu-jednakih-mogucnosti\/\"]}]},{\"@type\":\"BreadcrumbList\",\"@id\":\"https:\/\/aem.hr\/natasa-rozic-mikolasevic-projektiranje-dostojanstva-korak-prema-inkluzivno-izgradenom-okolisu-jednakih-mogucnosti\/#breadcrumb\",\"itemListElement\":[{\"@type\":\"ListItem\",\"position\":1,\"name\":\"Po\u010detna stranica\",\"item\":\"https:\/\/aem.hr\/\"},{\"@type\":\"ListItem\",\"position\":2,\"name\":\"Nata\u0161a Ro\u017ei\u0107 Mikola\u0161evi\u0107 &#8211; Projektiranje dostojanstva: korak prema inkluzivno izgra\u0111enom okoli\u0161u jednakih mogu\u0107nosti\"}]},{\"@type\":\"WebSite\",\"@id\":\"https:\/\/aem.hr\/#website\",\"url\":\"https:\/\/aem.hr\/\",\"name\":\"Agencija za elektroni\u010dke medije\",\"description\":\"\",\"potentialAction\":[{\"@type\":\"SearchAction\",\"target\":{\"@type\":\"EntryPoint\",\"urlTemplate\":\"https:\/\/aem.hr\/?s={search_term_string}\"},\"query-input\":{\"@type\":\"PropertyValueSpecification\",\"valueRequired\":true,\"valueName\":\"search_term_string\"}}],\"inLanguage\":\"en-US\"}]}<\/script>\n<!-- \/ Yoast SEO plugin. -->","yoast_head_json":{"title":"Nata\u0161a Ro\u017ei\u0107 Mikola\u0161evi\u0107 - Projektiranje dostojanstva: korak prema inkluzivno izgra\u0111enom okoli\u0161u jednakih mogu\u0107nosti - Agencija za elektroni\u010dke medije","robots":{"index":"index","follow":"follow","max-snippet":"max-snippet:-1","max-image-preview":"max-image-preview:large","max-video-preview":"max-video-preview:-1"},"canonical":"https:\/\/aem.hr\/natasa-rozic-mikolasevic-projektiranje-dostojanstva-korak-prema-inkluzivno-izgradenom-okolisu-jednakih-mogucnosti\/","og_locale":"en_US","og_type":"article","og_title":"Nata\u0161a Ro\u017ei\u0107 Mikola\u0161evi\u0107 - Projektiranje dostojanstva: korak prema inkluzivno izgra\u0111enom okoli\u0161u jednakih mogu\u0107nosti - Agencija za elektroni\u010dke medije","og_url":"https:\/\/aem.hr\/natasa-rozic-mikolasevic-projektiranje-dostojanstva-korak-prema-inkluzivno-izgradenom-okolisu-jednakih-mogucnosti\/","og_site_name":"Agencija za elektroni\u010dke medije","article_modified_time":"2026-04-09T09:36:24+00:00","twitter_card":"summary_large_image","twitter_misc":{"Est. reading time":"1 minute"},"schema":{"@context":"https:\/\/schema.org","@graph":[{"@type":"WebPage","@id":"https:\/\/aem.hr\/natasa-rozic-mikolasevic-projektiranje-dostojanstva-korak-prema-inkluzivno-izgradenom-okolisu-jednakih-mogucnosti\/","url":"https:\/\/aem.hr\/natasa-rozic-mikolasevic-projektiranje-dostojanstva-korak-prema-inkluzivno-izgradenom-okolisu-jednakih-mogucnosti\/","name":"Nata\u0161a Ro\u017ei\u0107 Mikola\u0161evi\u0107 - Projektiranje dostojanstva: korak prema inkluzivno izgra\u0111enom okoli\u0161u jednakih mogu\u0107nosti - Agencija za elektroni\u010dke medije","isPartOf":{"@id":"https:\/\/aem.hr\/#website"},"datePublished":"2026-04-09T09:36:23+00:00","dateModified":"2026-04-09T09:36:24+00:00","breadcrumb":{"@id":"https:\/\/aem.hr\/natasa-rozic-mikolasevic-projektiranje-dostojanstva-korak-prema-inkluzivno-izgradenom-okolisu-jednakih-mogucnosti\/#breadcrumb"},"inLanguage":"en-US","potentialAction":[{"@type":"ReadAction","target":["https:\/\/aem.hr\/natasa-rozic-mikolasevic-projektiranje-dostojanstva-korak-prema-inkluzivno-izgradenom-okolisu-jednakih-mogucnosti\/"]}]},{"@type":"BreadcrumbList","@id":"https:\/\/aem.hr\/natasa-rozic-mikolasevic-projektiranje-dostojanstva-korak-prema-inkluzivno-izgradenom-okolisu-jednakih-mogucnosti\/#breadcrumb","itemListElement":[{"@type":"ListItem","position":1,"name":"Po\u010detna stranica","item":"https:\/\/aem.hr\/"},{"@type":"ListItem","position":2,"name":"Nata\u0161a Ro\u017ei\u0107 Mikola\u0161evi\u0107 &#8211; Projektiranje dostojanstva: korak prema inkluzivno izgra\u0111enom okoli\u0161u jednakih mogu\u0107nosti"}]},{"@type":"WebSite","@id":"https:\/\/aem.hr\/#website","url":"https:\/\/aem.hr\/","name":"Agencija za elektroni\u010dke medije","description":"","potentialAction":[{"@type":"SearchAction","target":{"@type":"EntryPoint","urlTemplate":"https:\/\/aem.hr\/?s={search_term_string}"},"query-input":{"@type":"PropertyValueSpecification","valueRequired":true,"valueName":"search_term_string"}}],"inLanguage":"en-US"}]}},"coauthors":[],"author_meta":{"author_link":"https:\/\/aem.hr\/en\/blog\/author\/mkirac\/","display_name":"Matko Kirac"},"relative_dates":{"created":"Posted 1 week ago","modified":"Updated 1 week ago"},"absolute_dates":{"created":"Posted on 9. April 2026.","modified":"Updated on 9. April 2026."},"absolute_dates_time":{"created":"Posted on 9. April 2026. 11:36","modified":"Updated on 9. April 2026. 11:36"},"featured_img_caption":"","featured_img":false,"series_order":"","_links":{"self":[{"href":"https:\/\/aem.hr\/en\/wp-json\/wp\/v2\/pages\/25907","targetHints":{"allow":["GET"]}}],"collection":[{"href":"https:\/\/aem.hr\/en\/wp-json\/wp\/v2\/pages"}],"about":[{"href":"https:\/\/aem.hr\/en\/wp-json\/wp\/v2\/types\/page"}],"author":[{"embeddable":true,"href":"https:\/\/aem.hr\/en\/wp-json\/wp\/v2\/users\/18"}],"replies":[{"embeddable":true,"href":"https:\/\/aem.hr\/en\/wp-json\/wp\/v2\/comments?post=25907"}],"version-history":[{"count":1,"href":"https:\/\/aem.hr\/en\/wp-json\/wp\/v2\/pages\/25907\/revisions"}],"predecessor-version":[{"id":25924,"href":"https:\/\/aem.hr\/en\/wp-json\/wp\/v2\/pages\/25907\/revisions\/25924"}],"wp:attachment":[{"href":"https:\/\/aem.hr\/en\/wp-json\/wp\/v2\/media?parent=25907"}],"curies":[{"name":"wp","href":"https:\/\/api.w.org\/{rel}","templated":true}]}}