{"id":25925,"date":"2026-04-09T11:37:27","date_gmt":"2026-04-09T09:37:27","guid":{"rendered":"https:\/\/aem.hr\/?page_id=25925"},"modified":"2026-04-09T11:37:28","modified_gmt":"2026-04-09T09:37:28","slug":"silvana-perica-skolovanje-roma-izmedu-knjiga-i-starog-zeljeza","status":"publish","type":"page","link":"https:\/\/aem.hr\/en\/silvana-perica-skolovanje-roma-izmedu-knjiga-i-starog-zeljeza\/","title":{"rendered":"Silvana Perica &#8211; \u0160kolovanje Roma: Izme\u0111u knjiga i starog \u017eeljeza"},"content":{"rendered":"\n<div class=\"wp-block-file\"><a id=\"wp-block-file--media-ccaede62-0cef-44c3-9dd6-a50e1ef5c54c\" href=\"https:\/\/aem.hr\/wp-content\/uploads\/2026\/04\/1.-Povijest-i-nevolje-sa-skolovanjem-Roma.pdf\">1. Povijest i nevolje sa \u0161kolovanjem Roma<\/a><a href=\"https:\/\/aem.hr\/wp-content\/uploads\/2026\/04\/1.-Povijest-i-nevolje-sa-skolovanjem-Roma.pdf\" class=\"wp-block-file__button wp-element-button\" download aria-describedby=\"wp-block-file--media-ccaede62-0cef-44c3-9dd6-a50e1ef5c54c\">Preuzimanje<\/a><\/div>\n\n\n\n<div class=\"wp-block-file\"><a id=\"wp-block-file--media-c1f2481f-4460-4c98-89cc-286b34160728\" href=\"https:\/\/aem.hr\/wp-content\/uploads\/2026\/04\/2.-Aktivist-romskog-civilnog-drustva-Sinisa.pdf\">2. Aktivist romskog civilnog dru\u0161tva Sini\u0161a<\/a><a href=\"https:\/\/aem.hr\/wp-content\/uploads\/2026\/04\/2.-Aktivist-romskog-civilnog-drustva-Sinisa.pdf\" class=\"wp-block-file__button wp-element-button\" download aria-describedby=\"wp-block-file--media-c1f2481f-4460-4c98-89cc-286b34160728\">Preuzimanje<\/a><\/div>\n\n\n\n<div class=\"wp-block-file\"><a id=\"wp-block-file--media-8e2931ca-2b52-48a6-b0f4-5275cebb59ca\" href=\"https:\/\/aem.hr\/wp-content\/uploads\/2026\/04\/3.-\u201eMoji-mali-Romi-smiju-se-kad-im-pustim.pdf\">3. \u201eMoji mali Romi smiju se kad im pustim<\/a><a href=\"https:\/\/aem.hr\/wp-content\/uploads\/2026\/04\/3.-\u201eMoji-mali-Romi-smiju-se-kad-im-pustim.pdf\" class=\"wp-block-file__button wp-element-button\" download aria-describedby=\"wp-block-file--media-8e2931ca-2b52-48a6-b0f4-5275cebb59ca\">Preuzimanje<\/a><\/div>\n\n\n\n<div class=\"wp-block-file\"><a id=\"wp-block-file--media-defbae15-f599-48bf-8de8-ca6d24bb80c2\" href=\"https:\/\/aem.hr\/wp-content\/uploads\/2026\/04\/4.-Kristian-Novak_-Romi-moraju-napustiti.pdf\">4. Kristian Novak_ Romi moraju napustiti<\/a><a href=\"https:\/\/aem.hr\/wp-content\/uploads\/2026\/04\/4.-Kristian-Novak_-Romi-moraju-napustiti.pdf\" class=\"wp-block-file__button wp-element-button\" download aria-describedby=\"wp-block-file--media-defbae15-f599-48bf-8de8-ca6d24bb80c2\">Preuzimanje<\/a><\/div>\n\n\n\n<div class=\"wp-block-file\"><a id=\"wp-block-file--media-f2a4c66b-0d8f-4bc1-8f00-405a501ec475\" href=\"https:\/\/aem.hr\/wp-content\/uploads\/2026\/04\/5.-Prosle-godine-u-osnovnim-skolama.pdf\">5. Pro\u0161le godine u osnovnim \u0161kolama<\/a><a href=\"https:\/\/aem.hr\/wp-content\/uploads\/2026\/04\/5.-Prosle-godine-u-osnovnim-skolama.pdf\" class=\"wp-block-file__button wp-element-button\" download aria-describedby=\"wp-block-file--media-f2a4c66b-0d8f-4bc1-8f00-405a501ec475\">Preuzimanje<\/a><\/div>\n","protected":false},"excerpt":{"rendered":"","protected":false},"author":18,"featured_media":0,"parent":0,"menu_order":0,"comment_status":"closed","ping_status":"closed","template":"","meta":{"_acf_changed":false,"inline_featured_image":false,"advgb_blocks_editor_width":"","advgb_blocks_columns_visual_guide":"","_links_to":"","_links_to_type":0,"footnotes":""},"class_list":["post-25925","page","type-page","status-publish","hentry"],"acf":[],"yoast_head":"<!-- This site is optimized with the Yoast SEO plugin v25.7 - https:\/\/yoast.com\/wordpress\/plugins\/seo\/ -->\n<title>Silvana Perica - \u0160kolovanje Roma: Izme\u0111u knjiga i starog \u017eeljeza - Agencija za elektroni\u010dke medije<\/title>\n<meta name=\"robots\" content=\"index, follow, max-snippet:-1, max-image-preview:large, max-video-preview:-1\" \/>\n<link rel=\"canonical\" href=\"https:\/\/aem.hr\/silvana-perica-skolovanje-roma-izmedu-knjiga-i-starog-zeljeza\/\" \/>\n<meta property=\"og:locale\" content=\"en_US\" \/>\n<meta property=\"og:type\" content=\"article\" \/>\n<meta property=\"og:title\" content=\"Silvana Perica - \u0160kolovanje Roma: Izme\u0111u knjiga i starog \u017eeljeza - Agencija za elektroni\u010dke medije\" \/>\n<meta property=\"og:url\" content=\"https:\/\/aem.hr\/silvana-perica-skolovanje-roma-izmedu-knjiga-i-starog-zeljeza\/\" \/>\n<meta property=\"og:site_name\" content=\"Agencija za elektroni\u010dke medije\" \/>\n<meta property=\"article:modified_time\" content=\"2026-04-09T09:37:28+00:00\" \/>\n<meta name=\"twitter:card\" content=\"summary_large_image\" \/>\n<meta name=\"twitter:label1\" content=\"Est. reading time\" \/>\n\t<meta name=\"twitter:data1\" content=\"1 minute\" \/>\n<script type=\"application\/ld+json\" class=\"yoast-schema-graph\">{\"@context\":\"https:\/\/schema.org\",\"@graph\":[{\"@type\":\"WebPage\",\"@id\":\"https:\/\/aem.hr\/silvana-perica-skolovanje-roma-izmedu-knjiga-i-starog-zeljeza\/\",\"url\":\"https:\/\/aem.hr\/silvana-perica-skolovanje-roma-izmedu-knjiga-i-starog-zeljeza\/\",\"name\":\"Silvana Perica - \u0160kolovanje Roma: Izme\u0111u knjiga i starog \u017eeljeza - Agencija za elektroni\u010dke medije\",\"isPartOf\":{\"@id\":\"https:\/\/aem.hr\/#website\"},\"datePublished\":\"2026-04-09T09:37:27+00:00\",\"dateModified\":\"2026-04-09T09:37:28+00:00\",\"breadcrumb\":{\"@id\":\"https:\/\/aem.hr\/silvana-perica-skolovanje-roma-izmedu-knjiga-i-starog-zeljeza\/#breadcrumb\"},\"inLanguage\":\"en-US\",\"potentialAction\":[{\"@type\":\"ReadAction\",\"target\":[\"https:\/\/aem.hr\/silvana-perica-skolovanje-roma-izmedu-knjiga-i-starog-zeljeza\/\"]}]},{\"@type\":\"BreadcrumbList\",\"@id\":\"https:\/\/aem.hr\/silvana-perica-skolovanje-roma-izmedu-knjiga-i-starog-zeljeza\/#breadcrumb\",\"itemListElement\":[{\"@type\":\"ListItem\",\"position\":1,\"name\":\"Po\u010detna stranica\",\"item\":\"https:\/\/aem.hr\/\"},{\"@type\":\"ListItem\",\"position\":2,\"name\":\"Silvana Perica &#8211; \u0160kolovanje Roma: Izme\u0111u knjiga i starog \u017eeljeza\"}]},{\"@type\":\"WebSite\",\"@id\":\"https:\/\/aem.hr\/#website\",\"url\":\"https:\/\/aem.hr\/\",\"name\":\"Agencija za elektroni\u010dke medije\",\"description\":\"\",\"potentialAction\":[{\"@type\":\"SearchAction\",\"target\":{\"@type\":\"EntryPoint\",\"urlTemplate\":\"https:\/\/aem.hr\/?s={search_term_string}\"},\"query-input\":{\"@type\":\"PropertyValueSpecification\",\"valueRequired\":true,\"valueName\":\"search_term_string\"}}],\"inLanguage\":\"en-US\"}]}<\/script>\n<!-- \/ Yoast SEO plugin. -->","yoast_head_json":{"title":"Silvana Perica - \u0160kolovanje Roma: Izme\u0111u knjiga i starog \u017eeljeza - Agencija za elektroni\u010dke medije","robots":{"index":"index","follow":"follow","max-snippet":"max-snippet:-1","max-image-preview":"max-image-preview:large","max-video-preview":"max-video-preview:-1"},"canonical":"https:\/\/aem.hr\/silvana-perica-skolovanje-roma-izmedu-knjiga-i-starog-zeljeza\/","og_locale":"en_US","og_type":"article","og_title":"Silvana Perica - \u0160kolovanje Roma: Izme\u0111u knjiga i starog \u017eeljeza - Agencija za elektroni\u010dke medije","og_url":"https:\/\/aem.hr\/silvana-perica-skolovanje-roma-izmedu-knjiga-i-starog-zeljeza\/","og_site_name":"Agencija za elektroni\u010dke medije","article_modified_time":"2026-04-09T09:37:28+00:00","twitter_card":"summary_large_image","twitter_misc":{"Est. reading time":"1 minute"},"schema":{"@context":"https:\/\/schema.org","@graph":[{"@type":"WebPage","@id":"https:\/\/aem.hr\/silvana-perica-skolovanje-roma-izmedu-knjiga-i-starog-zeljeza\/","url":"https:\/\/aem.hr\/silvana-perica-skolovanje-roma-izmedu-knjiga-i-starog-zeljeza\/","name":"Silvana Perica - \u0160kolovanje Roma: Izme\u0111u knjiga i starog \u017eeljeza - Agencija za elektroni\u010dke medije","isPartOf":{"@id":"https:\/\/aem.hr\/#website"},"datePublished":"2026-04-09T09:37:27+00:00","dateModified":"2026-04-09T09:37:28+00:00","breadcrumb":{"@id":"https:\/\/aem.hr\/silvana-perica-skolovanje-roma-izmedu-knjiga-i-starog-zeljeza\/#breadcrumb"},"inLanguage":"en-US","potentialAction":[{"@type":"ReadAction","target":["https:\/\/aem.hr\/silvana-perica-skolovanje-roma-izmedu-knjiga-i-starog-zeljeza\/"]}]},{"@type":"BreadcrumbList","@id":"https:\/\/aem.hr\/silvana-perica-skolovanje-roma-izmedu-knjiga-i-starog-zeljeza\/#breadcrumb","itemListElement":[{"@type":"ListItem","position":1,"name":"Po\u010detna stranica","item":"https:\/\/aem.hr\/"},{"@type":"ListItem","position":2,"name":"Silvana Perica &#8211; \u0160kolovanje Roma: Izme\u0111u knjiga i starog \u017eeljeza"}]},{"@type":"WebSite","@id":"https:\/\/aem.hr\/#website","url":"https:\/\/aem.hr\/","name":"Agencija za elektroni\u010dke medije","description":"","potentialAction":[{"@type":"SearchAction","target":{"@type":"EntryPoint","urlTemplate":"https:\/\/aem.hr\/?s={search_term_string}"},"query-input":{"@type":"PropertyValueSpecification","valueRequired":true,"valueName":"search_term_string"}}],"inLanguage":"en-US"}]}},"coauthors":[],"author_meta":{"author_link":"https:\/\/aem.hr\/en\/blog\/author\/mkirac\/","display_name":"Matko Kirac"},"relative_dates":{"created":"Posted 1 week ago","modified":"Updated 1 week ago"},"absolute_dates":{"created":"Posted on 9. April 2026.","modified":"Updated on 9. April 2026."},"absolute_dates_time":{"created":"Posted on 9. April 2026. 11:37","modified":"Updated on 9. April 2026. 11:37"},"featured_img_caption":"","featured_img":false,"series_order":"","_links":{"self":[{"href":"https:\/\/aem.hr\/en\/wp-json\/wp\/v2\/pages\/25925","targetHints":{"allow":["GET"]}}],"collection":[{"href":"https:\/\/aem.hr\/en\/wp-json\/wp\/v2\/pages"}],"about":[{"href":"https:\/\/aem.hr\/en\/wp-json\/wp\/v2\/types\/page"}],"author":[{"embeddable":true,"href":"https:\/\/aem.hr\/en\/wp-json\/wp\/v2\/users\/18"}],"replies":[{"embeddable":true,"href":"https:\/\/aem.hr\/en\/wp-json\/wp\/v2\/comments?post=25925"}],"version-history":[{"count":1,"href":"https:\/\/aem.hr\/en\/wp-json\/wp\/v2\/pages\/25925\/revisions"}],"predecessor-version":[{"id":25936,"href":"https:\/\/aem.hr\/en\/wp-json\/wp\/v2\/pages\/25925\/revisions\/25936"}],"wp:attachment":[{"href":"https:\/\/aem.hr\/en\/wp-json\/wp\/v2\/media?parent=25925"}],"curies":[{"name":"wp","href":"https:\/\/api.w.org\/{rel}","templated":true}]}}