{"id":26107,"date":"2026-04-21T13:29:09","date_gmt":"2026-04-21T11:29:09","guid":{"rendered":"https:\/\/aem.hr\/?page_id=26107"},"modified":"2026-04-21T13:29:30","modified_gmt":"2026-04-21T11:29:30","slug":"ivana-perkovic-rosan-umjetnici-s-invaliditetom-i-terapijska-snaga-umjetnosti","status":"publish","type":"page","link":"https:\/\/aem.hr\/en\/ivana-perkovic-rosan-umjetnici-s-invaliditetom-i-terapijska-snaga-umjetnosti\/","title":{"rendered":"Ivana Perkovi\u0107 Rosan &#8211; Umjetnici s invaliditetom i terapijska snaga umjetnosti"},"content":{"rendered":"\n<div class=\"wp-block-file\"><a id=\"wp-block-file--media-e1ec112e-d689-4a0b-8744-d4f82ed1cd3b\" href=\"https:\/\/aem.hr\/wp-content\/uploads\/2026\/04\/1.-MARIJANA-IBRIKS-Glazba-mi-je-lijek.pdf\">1. MARIJANA IBRIKS Glazba mi je lijek<\/a><a href=\"https:\/\/aem.hr\/wp-content\/uploads\/2026\/04\/1.-MARIJANA-IBRIKS-Glazba-mi-je-lijek.pdf\" class=\"wp-block-file__button wp-element-button\" download aria-describedby=\"wp-block-file--media-e1ec112e-d689-4a0b-8744-d4f82ed1cd3b\">Preuzimanje<\/a><\/div>\n\n\n\n<div class=\"wp-block-file\"><a id=\"wp-block-file--media-6cad2780-c539-4fcd-bb70-d03fcccc9017\" href=\"https:\/\/aem.hr\/wp-content\/uploads\/2026\/04\/2.-TAMARA-BRACUN-Ples-pokazuje-da-razlicitost.pdf\">2. TAMARA BRA\u010cUN\u00a0Ples pokazuje da razli\u010ditost<\/a><a href=\"https:\/\/aem.hr\/wp-content\/uploads\/2026\/04\/2.-TAMARA-BRACUN-Ples-pokazuje-da-razlicitost.pdf\" class=\"wp-block-file__button wp-element-button\" download aria-describedby=\"wp-block-file--media-6cad2780-c539-4fcd-bb70-d03fcccc9017\">Preuzimanje<\/a><\/div>\n\n\n\n<div class=\"wp-block-file\"><a id=\"wp-block-file--media-afa345c0-81aa-485b-ade1-9532c0d47c66\" href=\"https:\/\/aem.hr\/wp-content\/uploads\/2026\/04\/3.-KRESIMIR-BUTKOVIC-Pisanje-mi-je-sve.pdf\">3. KRE\u0160IMIR BUTKOVI\u0106 Pisanje mi je sve<\/a><a href=\"https:\/\/aem.hr\/wp-content\/uploads\/2026\/04\/3.-KRESIMIR-BUTKOVIC-Pisanje-mi-je-sve.pdf\" class=\"wp-block-file__button wp-element-button\" download aria-describedby=\"wp-block-file--media-afa345c0-81aa-485b-ade1-9532c0d47c66\">Preuzimanje<\/a><\/div>\n\n\n\n<div class=\"wp-block-file\"><a id=\"wp-block-file--media-5922afaf-b952-4989-be86-37847f6ba6c5\" href=\"https:\/\/aem.hr\/wp-content\/uploads\/2026\/04\/4.-SANJA-FALISEVAC-Uzimaju-mi-atelje.pdf\">4. SANJA FALI\u0160EVAC Uzimaju mi atelje<\/a><a href=\"https:\/\/aem.hr\/wp-content\/uploads\/2026\/04\/4.-SANJA-FALISEVAC-Uzimaju-mi-atelje.pdf\" class=\"wp-block-file__button wp-element-button\" download aria-describedby=\"wp-block-file--media-5922afaf-b952-4989-be86-37847f6ba6c5\">Preuzimanje<\/a><\/div>\n\n\n\n<div class=\"wp-block-file\"><a id=\"wp-block-file--media-824e7d0d-a55a-4f17-ad92-fc2253d4fe82\" href=\"https:\/\/aem.hr\/wp-content\/uploads\/2026\/04\/5.-IVANA-JEZIC-Priblizit-cu-likovnoterapijski-pristup-djeci.pdf\">5. IVANA JE\u017dI\u0106 Pribli\u017eit \u0107u likovnoterapijski pristup djeci<\/a><a href=\"https:\/\/aem.hr\/wp-content\/uploads\/2026\/04\/5.-IVANA-JEZIC-Priblizit-cu-likovnoterapijski-pristup-djeci.pdf\" class=\"wp-block-file__button wp-element-button\" download aria-describedby=\"wp-block-file--media-824e7d0d-a55a-4f17-ad92-fc2253d4fe82\">Preuzimanje<\/a><\/div>\n\n\n\n<div class=\"wp-block-file\"><a id=\"wp-block-file--media-7452459d-2223-48e5-9e1f-961e6aebb1cb\" href=\"https:\/\/aem.hr\/wp-content\/uploads\/2026\/04\/6.-ANITA-MATKOVIC-Prisutnost-na-kazalisnim-daskama.pdf\">6. ANITA MATKOVI\u0106 Prisutnost na kazali\u0161nim daskama<\/a><a href=\"https:\/\/aem.hr\/wp-content\/uploads\/2026\/04\/6.-ANITA-MATKOVIC-Prisutnost-na-kazalisnim-daskama.pdf\" class=\"wp-block-file__button wp-element-button\" download aria-describedby=\"wp-block-file--media-7452459d-2223-48e5-9e1f-961e6aebb1cb\">Preuzimanje<\/a><\/div>\n\n\n\n<div class=\"wp-block-file\"><a id=\"wp-block-file--media-e28b5f0c-73dc-4fe0-8a77-62a6d585fbe7\" href=\"https:\/\/aem.hr\/wp-content\/uploads\/2026\/04\/7.-Zar-ptica-na-putu-da-postane.pdf\">7. &#8216;\u017dar ptica&#8217; na putu da postane<\/a><a href=\"https:\/\/aem.hr\/wp-content\/uploads\/2026\/04\/7.-Zar-ptica-na-putu-da-postane.pdf\" class=\"wp-block-file__button wp-element-button\" download aria-describedby=\"wp-block-file--media-e28b5f0c-73dc-4fe0-8a77-62a6d585fbe7\">Preuzimanje<\/a><\/div>\n\n\n\n<p><\/p>\n","protected":false},"excerpt":{"rendered":"","protected":false},"author":18,"featured_media":0,"parent":0,"menu_order":0,"comment_status":"closed","ping_status":"closed","template":"","meta":{"_acf_changed":false,"inline_featured_image":false,"advgb_blocks_editor_width":"","advgb_blocks_columns_visual_guide":"","_links_to":"","_links_to_type":0,"footnotes":""},"class_list":["post-26107","page","type-page","status-publish","hentry"],"acf":[],"yoast_head":"<!-- This site is optimized with the Yoast SEO plugin v25.7 - https:\/\/yoast.com\/wordpress\/plugins\/seo\/ -->\n<title>Ivana Perkovi\u0107 Rosan - Umjetnici s invaliditetom i terapijska snaga umjetnosti - Agencija za elektroni\u010dke medije<\/title>\n<meta name=\"robots\" content=\"index, follow, max-snippet:-1, max-image-preview:large, max-video-preview:-1\" \/>\n<link rel=\"canonical\" href=\"https:\/\/aem.hr\/ivana-perkovic-rosan-umjetnici-s-invaliditetom-i-terapijska-snaga-umjetnosti\/\" \/>\n<meta property=\"og:locale\" content=\"en_US\" \/>\n<meta property=\"og:type\" content=\"article\" \/>\n<meta property=\"og:title\" content=\"Ivana Perkovi\u0107 Rosan - Umjetnici s invaliditetom i terapijska snaga umjetnosti - Agencija za elektroni\u010dke medije\" \/>\n<meta property=\"og:url\" content=\"https:\/\/aem.hr\/ivana-perkovic-rosan-umjetnici-s-invaliditetom-i-terapijska-snaga-umjetnosti\/\" \/>\n<meta property=\"og:site_name\" content=\"Agencija za elektroni\u010dke medije\" \/>\n<meta property=\"article:modified_time\" content=\"2026-04-21T11:29:30+00:00\" \/>\n<meta name=\"twitter:card\" content=\"summary_large_image\" \/>\n<meta name=\"twitter:label1\" content=\"Est. reading time\" \/>\n\t<meta name=\"twitter:data1\" content=\"1 minute\" \/>\n<script type=\"application\/ld+json\" class=\"yoast-schema-graph\">{\"@context\":\"https:\/\/schema.org\",\"@graph\":[{\"@type\":\"WebPage\",\"@id\":\"https:\/\/aem.hr\/ivana-perkovic-rosan-umjetnici-s-invaliditetom-i-terapijska-snaga-umjetnosti\/\",\"url\":\"https:\/\/aem.hr\/ivana-perkovic-rosan-umjetnici-s-invaliditetom-i-terapijska-snaga-umjetnosti\/\",\"name\":\"Ivana Perkovi\u0107 Rosan - Umjetnici s invaliditetom i terapijska snaga umjetnosti - Agencija za elektroni\u010dke medije\",\"isPartOf\":{\"@id\":\"https:\/\/aem.hr\/#website\"},\"datePublished\":\"2026-04-21T11:29:09+00:00\",\"dateModified\":\"2026-04-21T11:29:30+00:00\",\"breadcrumb\":{\"@id\":\"https:\/\/aem.hr\/ivana-perkovic-rosan-umjetnici-s-invaliditetom-i-terapijska-snaga-umjetnosti\/#breadcrumb\"},\"inLanguage\":\"en-US\",\"potentialAction\":[{\"@type\":\"ReadAction\",\"target\":[\"https:\/\/aem.hr\/ivana-perkovic-rosan-umjetnici-s-invaliditetom-i-terapijska-snaga-umjetnosti\/\"]}]},{\"@type\":\"BreadcrumbList\",\"@id\":\"https:\/\/aem.hr\/ivana-perkovic-rosan-umjetnici-s-invaliditetom-i-terapijska-snaga-umjetnosti\/#breadcrumb\",\"itemListElement\":[{\"@type\":\"ListItem\",\"position\":1,\"name\":\"Po\u010detna stranica\",\"item\":\"https:\/\/aem.hr\/\"},{\"@type\":\"ListItem\",\"position\":2,\"name\":\"Ivana Perkovi\u0107 Rosan &#8211; Umjetnici s invaliditetom i terapijska snaga umjetnosti\"}]},{\"@type\":\"WebSite\",\"@id\":\"https:\/\/aem.hr\/#website\",\"url\":\"https:\/\/aem.hr\/\",\"name\":\"Agencija za elektroni\u010dke medije\",\"description\":\"\",\"potentialAction\":[{\"@type\":\"SearchAction\",\"target\":{\"@type\":\"EntryPoint\",\"urlTemplate\":\"https:\/\/aem.hr\/?s={search_term_string}\"},\"query-input\":{\"@type\":\"PropertyValueSpecification\",\"valueRequired\":true,\"valueName\":\"search_term_string\"}}],\"inLanguage\":\"en-US\"}]}<\/script>\n<!-- \/ Yoast SEO plugin. -->","yoast_head_json":{"title":"Ivana Perkovi\u0107 Rosan - Umjetnici s invaliditetom i terapijska snaga umjetnosti - Agencija za elektroni\u010dke medije","robots":{"index":"index","follow":"follow","max-snippet":"max-snippet:-1","max-image-preview":"max-image-preview:large","max-video-preview":"max-video-preview:-1"},"canonical":"https:\/\/aem.hr\/ivana-perkovic-rosan-umjetnici-s-invaliditetom-i-terapijska-snaga-umjetnosti\/","og_locale":"en_US","og_type":"article","og_title":"Ivana Perkovi\u0107 Rosan - Umjetnici s invaliditetom i terapijska snaga umjetnosti - Agencija za elektroni\u010dke medije","og_url":"https:\/\/aem.hr\/ivana-perkovic-rosan-umjetnici-s-invaliditetom-i-terapijska-snaga-umjetnosti\/","og_site_name":"Agencija za elektroni\u010dke medije","article_modified_time":"2026-04-21T11:29:30+00:00","twitter_card":"summary_large_image","twitter_misc":{"Est. reading time":"1 minute"},"schema":{"@context":"https:\/\/schema.org","@graph":[{"@type":"WebPage","@id":"https:\/\/aem.hr\/ivana-perkovic-rosan-umjetnici-s-invaliditetom-i-terapijska-snaga-umjetnosti\/","url":"https:\/\/aem.hr\/ivana-perkovic-rosan-umjetnici-s-invaliditetom-i-terapijska-snaga-umjetnosti\/","name":"Ivana Perkovi\u0107 Rosan - Umjetnici s invaliditetom i terapijska snaga umjetnosti - Agencija za elektroni\u010dke medije","isPartOf":{"@id":"https:\/\/aem.hr\/#website"},"datePublished":"2026-04-21T11:29:09+00:00","dateModified":"2026-04-21T11:29:30+00:00","breadcrumb":{"@id":"https:\/\/aem.hr\/ivana-perkovic-rosan-umjetnici-s-invaliditetom-i-terapijska-snaga-umjetnosti\/#breadcrumb"},"inLanguage":"en-US","potentialAction":[{"@type":"ReadAction","target":["https:\/\/aem.hr\/ivana-perkovic-rosan-umjetnici-s-invaliditetom-i-terapijska-snaga-umjetnosti\/"]}]},{"@type":"BreadcrumbList","@id":"https:\/\/aem.hr\/ivana-perkovic-rosan-umjetnici-s-invaliditetom-i-terapijska-snaga-umjetnosti\/#breadcrumb","itemListElement":[{"@type":"ListItem","position":1,"name":"Po\u010detna stranica","item":"https:\/\/aem.hr\/"},{"@type":"ListItem","position":2,"name":"Ivana Perkovi\u0107 Rosan &#8211; Umjetnici s invaliditetom i terapijska snaga umjetnosti"}]},{"@type":"WebSite","@id":"https:\/\/aem.hr\/#website","url":"https:\/\/aem.hr\/","name":"Agencija za elektroni\u010dke medije","description":"","potentialAction":[{"@type":"SearchAction","target":{"@type":"EntryPoint","urlTemplate":"https:\/\/aem.hr\/?s={search_term_string}"},"query-input":{"@type":"PropertyValueSpecification","valueRequired":true,"valueName":"search_term_string"}}],"inLanguage":"en-US"}]}},"coauthors":[],"author_meta":{"author_link":"https:\/\/aem.hr\/en\/blog\/author\/mkirac\/","display_name":"Matko Kirac"},"relative_dates":{"created":"Posted 3 weeks ago","modified":"Updated 3 weeks ago"},"absolute_dates":{"created":"Posted on 21. April 2026.","modified":"Updated on 21. April 2026."},"absolute_dates_time":{"created":"Posted on 21. April 2026. 13:29","modified":"Updated on 21. April 2026. 13:29"},"featured_img_caption":"","featured_img":false,"series_order":"","_links":{"self":[{"href":"https:\/\/aem.hr\/en\/wp-json\/wp\/v2\/pages\/26107","targetHints":{"allow":["GET"]}}],"collection":[{"href":"https:\/\/aem.hr\/en\/wp-json\/wp\/v2\/pages"}],"about":[{"href":"https:\/\/aem.hr\/en\/wp-json\/wp\/v2\/types\/page"}],"author":[{"embeddable":true,"href":"https:\/\/aem.hr\/en\/wp-json\/wp\/v2\/users\/18"}],"replies":[{"embeddable":true,"href":"https:\/\/aem.hr\/en\/wp-json\/wp\/v2\/comments?post=26107"}],"version-history":[{"count":2,"href":"https:\/\/aem.hr\/en\/wp-json\/wp\/v2\/pages\/26107\/revisions"}],"predecessor-version":[{"id":26125,"href":"https:\/\/aem.hr\/en\/wp-json\/wp\/v2\/pages\/26107\/revisions\/26125"}],"wp:attachment":[{"href":"https:\/\/aem.hr\/en\/wp-json\/wp\/v2\/media?parent=26107"}],"curies":[{"name":"wp","href":"https:\/\/api.w.org\/{rel}","templated":true}]}}