{"id":26153,"date":"2026-04-21T13:40:05","date_gmt":"2026-04-21T11:40:05","guid":{"rendered":"https:\/\/aem.hr\/?page_id=26153"},"modified":"2026-04-21T13:40:06","modified_gmt":"2026-04-21T11:40:06","slug":"ivan-majstoric-kako-su-mladi-ostali-na-selu-primjeri-drustvenog-angazmana-mladih-u-brodsko-posavskoj-zupaniji","status":"publish","type":"page","link":"https:\/\/aem.hr\/en\/ivan-majstoric-kako-su-mladi-ostali-na-selu-primjeri-drustvenog-angazmana-mladih-u-brodsko-posavskoj-zupaniji\/","title":{"rendered":"Ivan Majstori\u0107 &#8211; Kako su mladi ostali na selu &#8211; Primjeri dru\u0161tvenog anga\u017emana mladih u Brodsko-posavskoj \u017eupaniji"},"content":{"rendered":"\n<div class=\"wp-block-file\"><a id=\"wp-block-file--media-61f10fb8-d57d-41a5-be09-e0c850ba52cf\" href=\"https:\/\/aem.hr\/wp-content\/uploads\/2026\/04\/1.-Gradovi-i-opcine-mjerama.pdf\">1. Gradovi i op\u0107ine mjerama<\/a><a href=\"https:\/\/aem.hr\/wp-content\/uploads\/2026\/04\/1.-Gradovi-i-opcine-mjerama.pdf\" class=\"wp-block-file__button wp-element-button\" download aria-describedby=\"wp-block-file--media-61f10fb8-d57d-41a5-be09-e0c850ba52cf\">Preuzimanje<\/a><\/div>\n\n\n\n<div class=\"wp-block-file\"><a id=\"wp-block-file--media-db690868-66ae-48e4-a621-0e41ccecda43\" href=\"https:\/\/aem.hr\/wp-content\/uploads\/2026\/04\/2.-Politika-ne-mora-biti-prljav-posao.pdf\">2. Politika ne mora biti prljav posao<\/a><a href=\"https:\/\/aem.hr\/wp-content\/uploads\/2026\/04\/2.-Politika-ne-mora-biti-prljav-posao.pdf\" class=\"wp-block-file__button wp-element-button\" download aria-describedby=\"wp-block-file--media-db690868-66ae-48e4-a621-0e41ccecda43\">Preuzimanje<\/a><\/div>\n\n\n\n<div class=\"wp-block-file\"><a id=\"wp-block-file--media-884a9a2c-e5bc-4d66-b522-62cc901d464a\" href=\"https:\/\/aem.hr\/wp-content\/uploads\/2026\/04\/3.-Osnovali-seoski-portal.pdf\">3. Osnovali seoski portal<\/a><a href=\"https:\/\/aem.hr\/wp-content\/uploads\/2026\/04\/3.-Osnovali-seoski-portal.pdf\" class=\"wp-block-file__button wp-element-button\" download aria-describedby=\"wp-block-file--media-884a9a2c-e5bc-4d66-b522-62cc901d464a\">Preuzimanje<\/a><\/div>\n\n\n\n<div class=\"wp-block-file\"><a id=\"wp-block-file--media-fb01e103-bf6c-4eb7-8c3c-3effb69d58d8\" href=\"https:\/\/aem.hr\/wp-content\/uploads\/2026\/04\/4.-Nadam-se-da-ce-iz-Andrijevaca-krenuti.pdf\">4. Nadam se da \u0107e iz Andrijevaca krenuti<\/a><a href=\"https:\/\/aem.hr\/wp-content\/uploads\/2026\/04\/4.-Nadam-se-da-ce-iz-Andrijevaca-krenuti.pdf\" class=\"wp-block-file__button wp-element-button\" download aria-describedby=\"wp-block-file--media-fb01e103-bf6c-4eb7-8c3c-3effb69d58d8\">Preuzimanje<\/a><\/div>\n\n\n\n<div class=\"wp-block-file\"><a id=\"wp-block-file--media-327dbf79-79ff-41ec-a233-0f5a7740a6c0\" href=\"https:\/\/aem.hr\/wp-content\/uploads\/2026\/04\/5.-Kako-svoju-lokalnu-zajednicu.pdf\">5. Kako svoju lokalnu zajednicu<\/a><a href=\"https:\/\/aem.hr\/wp-content\/uploads\/2026\/04\/5.-Kako-svoju-lokalnu-zajednicu.pdf\" class=\"wp-block-file__button wp-element-button\" download aria-describedby=\"wp-block-file--media-327dbf79-79ff-41ec-a233-0f5a7740a6c0\">Preuzimanje<\/a><\/div>\n\n\n\n<div class=\"wp-block-file\"><a id=\"wp-block-file--media-99249df8-2405-4926-a835-c6cab32ed25c\" href=\"https:\/\/aem.hr\/wp-content\/uploads\/2026\/04\/6.-Kada-bi-i-kako-mladima.pdf\">6. Kada bi i kako mladima<\/a><a href=\"https:\/\/aem.hr\/wp-content\/uploads\/2026\/04\/6.-Kada-bi-i-kako-mladima.pdf\" class=\"wp-block-file__button wp-element-button\" download aria-describedby=\"wp-block-file--media-99249df8-2405-4926-a835-c6cab32ed25c\">Preuzimanje<\/a><\/div>\n\n\n\n<div class=\"wp-block-file\"><a id=\"wp-block-file--media-ca6e146e-338a-4c16-a2d5-0d7737a6af78\" href=\"https:\/\/aem.hr\/wp-content\/uploads\/2026\/04\/7.-Kako-zene-oblikuju-buducnost.pdf\">7. Kako \u017eene oblikuju budu\u0107nost<\/a><a href=\"https:\/\/aem.hr\/wp-content\/uploads\/2026\/04\/7.-Kako-zene-oblikuju-buducnost.pdf\" class=\"wp-block-file__button wp-element-button\" download aria-describedby=\"wp-block-file--media-ca6e146e-338a-4c16-a2d5-0d7737a6af78\">Preuzimanje<\/a><\/div>\n\n\n\n<div class=\"wp-block-file\"><a id=\"wp-block-file--media-c0f6eb85-c9fc-4f5c-b33e-4acbbd338f35\" href=\"https:\/\/aem.hr\/wp-content\/uploads\/2026\/04\/8.-Sociolog-otkrio.pdf\">8. Sociolog otkrio<\/a><a href=\"https:\/\/aem.hr\/wp-content\/uploads\/2026\/04\/8.-Sociolog-otkrio.pdf\" class=\"wp-block-file__button wp-element-button\" download aria-describedby=\"wp-block-file--media-c0f6eb85-c9fc-4f5c-b33e-4acbbd338f35\">Preuzimanje<\/a><\/div>\n\n\n\n<div class=\"wp-block-file\"><a id=\"wp-block-file--media-ef63a459-0f7a-4600-90ce-c9ec91b9694f\" href=\"https:\/\/aem.hr\/wp-content\/uploads\/2026\/04\/9.-U-Bodovaljcima-malom-selu-Opcine-Vrbje.pdf\">9. U Bodovaljcima, malom selu Op\u0107ine Vrbje<\/a><a href=\"https:\/\/aem.hr\/wp-content\/uploads\/2026\/04\/9.-U-Bodovaljcima-malom-selu-Opcine-Vrbje.pdf\" class=\"wp-block-file__button wp-element-button\" download aria-describedby=\"wp-block-file--media-ef63a459-0f7a-4600-90ce-c9ec91b9694f\">Preuzimanje<\/a><\/div>\n\n\n\n<div class=\"wp-block-file\"><a id=\"wp-block-file--media-b27bb9c1-b693-4750-ae5a-9f51de005727\" href=\"https:\/\/aem.hr\/wp-content\/uploads\/2026\/04\/10.-Kriticna-masa-mladih-kljucna.pdf\">10. Kriti\u010dna masa mladih klju\u010dna<\/a><a href=\"https:\/\/aem.hr\/wp-content\/uploads\/2026\/04\/10.-Kriticna-masa-mladih-kljucna.pdf\" class=\"wp-block-file__button wp-element-button\" download aria-describedby=\"wp-block-file--media-b27bb9c1-b693-4750-ae5a-9f51de005727\">Preuzimanje<\/a><\/div>\n\n\n\n<div class=\"wp-block-file\"><a id=\"wp-block-file--media-9330f464-e310-442a-98dd-afcface42ef0\" href=\"https:\/\/aem.hr\/wp-content\/uploads\/2026\/04\/11.-Donosimo-rezultate-ankete.pdf\">11. Donosimo rezultate ankete<\/a><a href=\"https:\/\/aem.hr\/wp-content\/uploads\/2026\/04\/11.-Donosimo-rezultate-ankete.pdf\" class=\"wp-block-file__button wp-element-button\" download aria-describedby=\"wp-block-file--media-9330f464-e310-442a-98dd-afcface42ef0\">Preuzimanje<\/a><\/div>\n","protected":false},"excerpt":{"rendered":"","protected":false},"author":18,"featured_media":0,"parent":0,"menu_order":0,"comment_status":"closed","ping_status":"closed","template":"","meta":{"_acf_changed":false,"inline_featured_image":false,"advgb_blocks_editor_width":"","advgb_blocks_columns_visual_guide":"","_links_to":"","_links_to_type":0,"footnotes":""},"class_list":["post-26153","page","type-page","status-publish","hentry"],"acf":[],"yoast_head":"<!-- This site is optimized with the Yoast SEO plugin v25.7 - https:\/\/yoast.com\/wordpress\/plugins\/seo\/ -->\n<title>Ivan Majstori\u0107 - Kako su mladi ostali na selu - Primjeri dru\u0161tvenog anga\u017emana mladih u Brodsko-posavskoj \u017eupaniji - Agencija za elektroni\u010dke medije<\/title>\n<meta name=\"robots\" content=\"index, follow, max-snippet:-1, max-image-preview:large, max-video-preview:-1\" \/>\n<link rel=\"canonical\" href=\"https:\/\/aem.hr\/ivan-majstoric-kako-su-mladi-ostali-na-selu-primjeri-drustvenog-angazmana-mladih-u-brodsko-posavskoj-zupaniji\/\" \/>\n<meta property=\"og:locale\" content=\"en_US\" \/>\n<meta property=\"og:type\" content=\"article\" \/>\n<meta property=\"og:title\" content=\"Ivan Majstori\u0107 - Kako su mladi ostali na selu - Primjeri dru\u0161tvenog anga\u017emana mladih u Brodsko-posavskoj \u017eupaniji - Agencija za elektroni\u010dke medije\" \/>\n<meta property=\"og:url\" content=\"https:\/\/aem.hr\/ivan-majstoric-kako-su-mladi-ostali-na-selu-primjeri-drustvenog-angazmana-mladih-u-brodsko-posavskoj-zupaniji\/\" \/>\n<meta property=\"og:site_name\" content=\"Agencija za elektroni\u010dke medije\" \/>\n<meta property=\"article:modified_time\" content=\"2026-04-21T11:40:06+00:00\" \/>\n<meta name=\"twitter:card\" content=\"summary_large_image\" \/>\n<meta name=\"twitter:label1\" content=\"Est. reading time\" \/>\n\t<meta name=\"twitter:data1\" content=\"1 minute\" \/>\n<script type=\"application\/ld+json\" class=\"yoast-schema-graph\">{\"@context\":\"https:\/\/schema.org\",\"@graph\":[{\"@type\":\"WebPage\",\"@id\":\"https:\/\/aem.hr\/ivan-majstoric-kako-su-mladi-ostali-na-selu-primjeri-drustvenog-angazmana-mladih-u-brodsko-posavskoj-zupaniji\/\",\"url\":\"https:\/\/aem.hr\/ivan-majstoric-kako-su-mladi-ostali-na-selu-primjeri-drustvenog-angazmana-mladih-u-brodsko-posavskoj-zupaniji\/\",\"name\":\"Ivan Majstori\u0107 - Kako su mladi ostali na selu - Primjeri dru\u0161tvenog anga\u017emana mladih u Brodsko-posavskoj \u017eupaniji - Agencija za elektroni\u010dke medije\",\"isPartOf\":{\"@id\":\"https:\/\/aem.hr\/#website\"},\"datePublished\":\"2026-04-21T11:40:05+00:00\",\"dateModified\":\"2026-04-21T11:40:06+00:00\",\"breadcrumb\":{\"@id\":\"https:\/\/aem.hr\/ivan-majstoric-kako-su-mladi-ostali-na-selu-primjeri-drustvenog-angazmana-mladih-u-brodsko-posavskoj-zupaniji\/#breadcrumb\"},\"inLanguage\":\"en-US\",\"potentialAction\":[{\"@type\":\"ReadAction\",\"target\":[\"https:\/\/aem.hr\/ivan-majstoric-kako-su-mladi-ostali-na-selu-primjeri-drustvenog-angazmana-mladih-u-brodsko-posavskoj-zupaniji\/\"]}]},{\"@type\":\"BreadcrumbList\",\"@id\":\"https:\/\/aem.hr\/ivan-majstoric-kako-su-mladi-ostali-na-selu-primjeri-drustvenog-angazmana-mladih-u-brodsko-posavskoj-zupaniji\/#breadcrumb\",\"itemListElement\":[{\"@type\":\"ListItem\",\"position\":1,\"name\":\"Po\u010detna stranica\",\"item\":\"https:\/\/aem.hr\/\"},{\"@type\":\"ListItem\",\"position\":2,\"name\":\"Ivan Majstori\u0107 &#8211; Kako su mladi ostali na selu &#8211; Primjeri dru\u0161tvenog anga\u017emana mladih u Brodsko-posavskoj \u017eupaniji\"}]},{\"@type\":\"WebSite\",\"@id\":\"https:\/\/aem.hr\/#website\",\"url\":\"https:\/\/aem.hr\/\",\"name\":\"Agencija za elektroni\u010dke medije\",\"description\":\"\",\"potentialAction\":[{\"@type\":\"SearchAction\",\"target\":{\"@type\":\"EntryPoint\",\"urlTemplate\":\"https:\/\/aem.hr\/?s={search_term_string}\"},\"query-input\":{\"@type\":\"PropertyValueSpecification\",\"valueRequired\":true,\"valueName\":\"search_term_string\"}}],\"inLanguage\":\"en-US\"}]}<\/script>\n<!-- \/ Yoast SEO plugin. -->","yoast_head_json":{"title":"Ivan Majstori\u0107 - Kako su mladi ostali na selu - Primjeri dru\u0161tvenog anga\u017emana mladih u Brodsko-posavskoj \u017eupaniji - Agencija za elektroni\u010dke medije","robots":{"index":"index","follow":"follow","max-snippet":"max-snippet:-1","max-image-preview":"max-image-preview:large","max-video-preview":"max-video-preview:-1"},"canonical":"https:\/\/aem.hr\/ivan-majstoric-kako-su-mladi-ostali-na-selu-primjeri-drustvenog-angazmana-mladih-u-brodsko-posavskoj-zupaniji\/","og_locale":"en_US","og_type":"article","og_title":"Ivan Majstori\u0107 - Kako su mladi ostali na selu - Primjeri dru\u0161tvenog anga\u017emana mladih u Brodsko-posavskoj \u017eupaniji - Agencija za elektroni\u010dke medije","og_url":"https:\/\/aem.hr\/ivan-majstoric-kako-su-mladi-ostali-na-selu-primjeri-drustvenog-angazmana-mladih-u-brodsko-posavskoj-zupaniji\/","og_site_name":"Agencija za elektroni\u010dke medije","article_modified_time":"2026-04-21T11:40:06+00:00","twitter_card":"summary_large_image","twitter_misc":{"Est. reading time":"1 minute"},"schema":{"@context":"https:\/\/schema.org","@graph":[{"@type":"WebPage","@id":"https:\/\/aem.hr\/ivan-majstoric-kako-su-mladi-ostali-na-selu-primjeri-drustvenog-angazmana-mladih-u-brodsko-posavskoj-zupaniji\/","url":"https:\/\/aem.hr\/ivan-majstoric-kako-su-mladi-ostali-na-selu-primjeri-drustvenog-angazmana-mladih-u-brodsko-posavskoj-zupaniji\/","name":"Ivan Majstori\u0107 - Kako su mladi ostali na selu - Primjeri dru\u0161tvenog anga\u017emana mladih u Brodsko-posavskoj \u017eupaniji - Agencija za elektroni\u010dke medije","isPartOf":{"@id":"https:\/\/aem.hr\/#website"},"datePublished":"2026-04-21T11:40:05+00:00","dateModified":"2026-04-21T11:40:06+00:00","breadcrumb":{"@id":"https:\/\/aem.hr\/ivan-majstoric-kako-su-mladi-ostali-na-selu-primjeri-drustvenog-angazmana-mladih-u-brodsko-posavskoj-zupaniji\/#breadcrumb"},"inLanguage":"en-US","potentialAction":[{"@type":"ReadAction","target":["https:\/\/aem.hr\/ivan-majstoric-kako-su-mladi-ostali-na-selu-primjeri-drustvenog-angazmana-mladih-u-brodsko-posavskoj-zupaniji\/"]}]},{"@type":"BreadcrumbList","@id":"https:\/\/aem.hr\/ivan-majstoric-kako-su-mladi-ostali-na-selu-primjeri-drustvenog-angazmana-mladih-u-brodsko-posavskoj-zupaniji\/#breadcrumb","itemListElement":[{"@type":"ListItem","position":1,"name":"Po\u010detna stranica","item":"https:\/\/aem.hr\/"},{"@type":"ListItem","position":2,"name":"Ivan Majstori\u0107 &#8211; Kako su mladi ostali na selu &#8211; Primjeri dru\u0161tvenog anga\u017emana mladih u Brodsko-posavskoj \u017eupaniji"}]},{"@type":"WebSite","@id":"https:\/\/aem.hr\/#website","url":"https:\/\/aem.hr\/","name":"Agencija za elektroni\u010dke medije","description":"","potentialAction":[{"@type":"SearchAction","target":{"@type":"EntryPoint","urlTemplate":"https:\/\/aem.hr\/?s={search_term_string}"},"query-input":{"@type":"PropertyValueSpecification","valueRequired":true,"valueName":"search_term_string"}}],"inLanguage":"en-US"}]}},"coauthors":[],"author_meta":{"author_link":"https:\/\/aem.hr\/en\/blog\/author\/mkirac\/","display_name":"Matko Kirac"},"relative_dates":{"created":"Posted 3 weeks ago","modified":"Updated 3 weeks ago"},"absolute_dates":{"created":"Posted on 21. April 2026.","modified":"Updated on 21. April 2026."},"absolute_dates_time":{"created":"Posted on 21. April 2026. 13:40","modified":"Updated on 21. April 2026. 13:40"},"featured_img_caption":"","featured_img":false,"series_order":"","_links":{"self":[{"href":"https:\/\/aem.hr\/en\/wp-json\/wp\/v2\/pages\/26153","targetHints":{"allow":["GET"]}}],"collection":[{"href":"https:\/\/aem.hr\/en\/wp-json\/wp\/v2\/pages"}],"about":[{"href":"https:\/\/aem.hr\/en\/wp-json\/wp\/v2\/types\/page"}],"author":[{"embeddable":true,"href":"https:\/\/aem.hr\/en\/wp-json\/wp\/v2\/users\/18"}],"replies":[{"embeddable":true,"href":"https:\/\/aem.hr\/en\/wp-json\/wp\/v2\/comments?post=26153"}],"version-history":[{"count":1,"href":"https:\/\/aem.hr\/en\/wp-json\/wp\/v2\/pages\/26153\/revisions"}],"predecessor-version":[{"id":26177,"href":"https:\/\/aem.hr\/en\/wp-json\/wp\/v2\/pages\/26153\/revisions\/26177"}],"wp:attachment":[{"href":"https:\/\/aem.hr\/en\/wp-json\/wp\/v2\/media?parent=26153"}],"curies":[{"name":"wp","href":"https:\/\/api.w.org\/{rel}","templated":true}]}}