{"id":26178,"date":"2026-04-21T13:41:39","date_gmt":"2026-04-21T11:41:39","guid":{"rendered":"https:\/\/aem.hr\/?page_id=26178"},"modified":"2026-04-21T13:41:40","modified_gmt":"2026-04-21T11:41:40","slug":"goran-stimec-kamenolom-i-spalionica-na-zagorskim-bregima","status":"publish","type":"page","link":"https:\/\/aem.hr\/en\/goran-stimec-kamenolom-i-spalionica-na-zagorskim-bregima\/","title":{"rendered":"Goran \u0160timec &#8211; KAMENOLOM I SPALIONICA NA ZAGORSKIM BREGIMA"},"content":{"rendered":"\n<div class=\"wp-block-file\"><a id=\"wp-block-file--media-d9e9f9f5-587f-443b-875b-a81e60eb84d8\" href=\"https:\/\/aem.hr\/wp-content\/uploads\/2026\/04\/1.-Tri-godine-otpora-U-Podrutama-ne-odustaju.pdf\">1. Tri godine otpora U Podrutama ne odustaju<\/a><a href=\"https:\/\/aem.hr\/wp-content\/uploads\/2026\/04\/1.-Tri-godine-otpora-U-Podrutama-ne-odustaju.pdf\" class=\"wp-block-file__button wp-element-button\" download aria-describedby=\"wp-block-file--media-d9e9f9f5-587f-443b-875b-a81e60eb84d8\">Preuzimanje<\/a><\/div>\n\n\n\n<div class=\"wp-block-file\"><a id=\"wp-block-file--media-6f8e5e28-3881-4f4f-8c9f-416f80f7d710\" href=\"https:\/\/aem.hr\/wp-content\/uploads\/2026\/04\/2.-Hoce-li-proglasenje-parka-prirode-presuditi-Siljevcu.pdf\">2. Ho\u0107e li progla\u0161enje parka prirode presuditi Siljevcu<\/a><a href=\"https:\/\/aem.hr\/wp-content\/uploads\/2026\/04\/2.-Hoce-li-proglasenje-parka-prirode-presuditi-Siljevcu.pdf\" class=\"wp-block-file__button wp-element-button\" download aria-describedby=\"wp-block-file--media-6f8e5e28-3881-4f4f-8c9f-416f80f7d710\">Preuzimanje<\/a><\/div>\n\n\n\n<div class=\"wp-block-file\"><a id=\"wp-block-file--media-c7844408-974c-4b51-9bb8-15f1b9f01ca6\" href=\"https:\/\/aem.hr\/wp-content\/uploads\/2026\/04\/3.-Geomin-Park-prirode-ne-iskljucuje-otvaranje-kamenoloma.pdf\">3. Geomin Park prirode ne isklju\u010duje otvaranje kamenoloma<\/a><a href=\"https:\/\/aem.hr\/wp-content\/uploads\/2026\/04\/3.-Geomin-Park-prirode-ne-iskljucuje-otvaranje-kamenoloma.pdf\" class=\"wp-block-file__button wp-element-button\" download aria-describedby=\"wp-block-file--media-c7844408-974c-4b51-9bb8-15f1b9f01ca6\">Preuzimanje<\/a><\/div>\n\n\n\n<div class=\"wp-block-file\"><a id=\"wp-block-file--media-4be13347-22f5-45e6-af01-7d4b96cd61f3\" href=\"https:\/\/aem.hr\/wp-content\/uploads\/2026\/04\/4.-Postrojenje-za-termicku-obradu-otpada-spremno-je-za-rad.pdf\">4. Postrojenje za termi\u010dku obradu otpada spremno je za rad<\/a><a href=\"https:\/\/aem.hr\/wp-content\/uploads\/2026\/04\/4.-Postrojenje-za-termicku-obradu-otpada-spremno-je-za-rad.pdf\" class=\"wp-block-file__button wp-element-button\" download aria-describedby=\"wp-block-file--media-4be13347-22f5-45e6-af01-7d4b96cd61f3\">Preuzimanje<\/a><\/div>\n\n\n\n<div class=\"wp-block-file\"><a id=\"wp-block-file--media-c8809c82-4dae-4628-be93-79a415d9eaa3\" href=\"https:\/\/aem.hr\/wp-content\/uploads\/2026\/04\/5.-Odluceno-je-Budinscina-brise-kamenolome-Obroscicu-i-Siljevec.pdf\">5. Odlu\u010deno je Budin\u0161\u010dina bri\u0161e kamenolome Obro\u0161\u010dicu i Siljevec<\/a><a href=\"https:\/\/aem.hr\/wp-content\/uploads\/2026\/04\/5.-Odluceno-je-Budinscina-brise-kamenolome-Obroscicu-i-Siljevec.pdf\" class=\"wp-block-file__button wp-element-button\" download aria-describedby=\"wp-block-file--media-c8809c82-4dae-4628-be93-79a415d9eaa3\">Preuzimanje<\/a><\/div>\n\n\n\n<div class=\"wp-block-file\"><a id=\"wp-block-file--media-a1920752-277c-4650-a9ae-6da3258120e9\" href=\"https:\/\/aem.hr\/wp-content\/uploads\/2026\/04\/6.-Nije-to-neka-sirotinja-Tko-zapravo-stoji-iza-postrojenja.pdf\">6. Nije to neka sirotinja Tko zapravo stoji iza postrojenja<\/a><a href=\"https:\/\/aem.hr\/wp-content\/uploads\/2026\/04\/6.-Nije-to-neka-sirotinja-Tko-zapravo-stoji-iza-postrojenja.pdf\" class=\"wp-block-file__button wp-element-button\" download aria-describedby=\"wp-block-file--media-a1920752-277c-4650-a9ae-6da3258120e9\">Preuzimanje<\/a><\/div>\n\n\n\n<div class=\"wp-block-file\"><a id=\"wp-block-file--media-d201500c-399b-4332-ac3b-920583264759\" href=\"https:\/\/aem.hr\/wp-content\/uploads\/2026\/04\/7.-Jenkac-kaze-da-Novi-Marof-nije-nadlezan-za-pogon-u-Podrutam.pdf\">7. Jenka\u010d ka\u017ee da Novi Marof nije nadle\u017ean za pogon u Podrutam<\/a><a href=\"https:\/\/aem.hr\/wp-content\/uploads\/2026\/04\/7.-Jenkac-kaze-da-Novi-Marof-nije-nadlezan-za-pogon-u-Podrutam.pdf\" class=\"wp-block-file__button wp-element-button\" download aria-describedby=\"wp-block-file--media-d201500c-399b-4332-ac3b-920583264759\">Preuzimanje<\/a><\/div>\n\n\n\n<div class=\"wp-block-file\"><a id=\"wp-block-file--media-41071368-a97d-47ae-9350-60a792c0fa98\" href=\"https:\/\/aem.hr\/wp-content\/uploads\/2026\/04\/8.-Uhiceni-Dragan-Krasic-bio-je-povezan-i-sa-spornim-kamenolomom.pdf\">8. Uhi\u0107eni Dragan Krasi\u0107 bio je povezan i sa spornim kamenolomom<\/a><a href=\"https:\/\/aem.hr\/wp-content\/uploads\/2026\/04\/8.-Uhiceni-Dragan-Krasic-bio-je-povezan-i-sa-spornim-kamenolomom.pdf\" class=\"wp-block-file__button wp-element-button\" download aria-describedby=\"wp-block-file--media-41071368-a97d-47ae-9350-60a792c0fa98\">Preuzimanje<\/a><\/div>\n","protected":false},"excerpt":{"rendered":"","protected":false},"author":18,"featured_media":0,"parent":0,"menu_order":0,"comment_status":"closed","ping_status":"closed","template":"","meta":{"_acf_changed":false,"inline_featured_image":false,"advgb_blocks_editor_width":"","advgb_blocks_columns_visual_guide":"","_links_to":"","_links_to_type":0,"footnotes":""},"class_list":["post-26178","page","type-page","status-publish","hentry"],"acf":[],"yoast_head":"<!-- This site is optimized with the Yoast SEO plugin v25.7 - https:\/\/yoast.com\/wordpress\/plugins\/seo\/ -->\n<title>Goran \u0160timec - KAMENOLOM I SPALIONICA NA ZAGORSKIM BREGIMA - Agencija za elektroni\u010dke medije<\/title>\n<meta name=\"robots\" content=\"index, follow, max-snippet:-1, max-image-preview:large, max-video-preview:-1\" \/>\n<link rel=\"canonical\" href=\"https:\/\/aem.hr\/goran-stimec-kamenolom-i-spalionica-na-zagorskim-bregima\/\" \/>\n<meta property=\"og:locale\" content=\"en_US\" \/>\n<meta property=\"og:type\" content=\"article\" \/>\n<meta property=\"og:title\" content=\"Goran \u0160timec - KAMENOLOM I SPALIONICA NA ZAGORSKIM BREGIMA - Agencija za elektroni\u010dke medije\" \/>\n<meta property=\"og:url\" content=\"https:\/\/aem.hr\/goran-stimec-kamenolom-i-spalionica-na-zagorskim-bregima\/\" \/>\n<meta property=\"og:site_name\" content=\"Agencija za elektroni\u010dke medije\" \/>\n<meta property=\"article:modified_time\" content=\"2026-04-21T11:41:40+00:00\" \/>\n<meta name=\"twitter:card\" content=\"summary_large_image\" \/>\n<meta name=\"twitter:label1\" content=\"Est. reading time\" \/>\n\t<meta name=\"twitter:data1\" content=\"1 minute\" \/>\n<script type=\"application\/ld+json\" class=\"yoast-schema-graph\">{\"@context\":\"https:\/\/schema.org\",\"@graph\":[{\"@type\":\"WebPage\",\"@id\":\"https:\/\/aem.hr\/goran-stimec-kamenolom-i-spalionica-na-zagorskim-bregima\/\",\"url\":\"https:\/\/aem.hr\/goran-stimec-kamenolom-i-spalionica-na-zagorskim-bregima\/\",\"name\":\"Goran \u0160timec - KAMENOLOM I SPALIONICA NA ZAGORSKIM BREGIMA - Agencija za elektroni\u010dke medije\",\"isPartOf\":{\"@id\":\"https:\/\/aem.hr\/#website\"},\"datePublished\":\"2026-04-21T11:41:39+00:00\",\"dateModified\":\"2026-04-21T11:41:40+00:00\",\"breadcrumb\":{\"@id\":\"https:\/\/aem.hr\/goran-stimec-kamenolom-i-spalionica-na-zagorskim-bregima\/#breadcrumb\"},\"inLanguage\":\"en-US\",\"potentialAction\":[{\"@type\":\"ReadAction\",\"target\":[\"https:\/\/aem.hr\/goran-stimec-kamenolom-i-spalionica-na-zagorskim-bregima\/\"]}]},{\"@type\":\"BreadcrumbList\",\"@id\":\"https:\/\/aem.hr\/goran-stimec-kamenolom-i-spalionica-na-zagorskim-bregima\/#breadcrumb\",\"itemListElement\":[{\"@type\":\"ListItem\",\"position\":1,\"name\":\"Po\u010detna stranica\",\"item\":\"https:\/\/aem.hr\/\"},{\"@type\":\"ListItem\",\"position\":2,\"name\":\"Goran \u0160timec &#8211; KAMENOLOM I SPALIONICA NA ZAGORSKIM BREGIMA\"}]},{\"@type\":\"WebSite\",\"@id\":\"https:\/\/aem.hr\/#website\",\"url\":\"https:\/\/aem.hr\/\",\"name\":\"Agencija za elektroni\u010dke medije\",\"description\":\"\",\"potentialAction\":[{\"@type\":\"SearchAction\",\"target\":{\"@type\":\"EntryPoint\",\"urlTemplate\":\"https:\/\/aem.hr\/?s={search_term_string}\"},\"query-input\":{\"@type\":\"PropertyValueSpecification\",\"valueRequired\":true,\"valueName\":\"search_term_string\"}}],\"inLanguage\":\"en-US\"}]}<\/script>\n<!-- \/ Yoast SEO plugin. -->","yoast_head_json":{"title":"Goran \u0160timec - KAMENOLOM I SPALIONICA NA ZAGORSKIM BREGIMA - Agencija za elektroni\u010dke medije","robots":{"index":"index","follow":"follow","max-snippet":"max-snippet:-1","max-image-preview":"max-image-preview:large","max-video-preview":"max-video-preview:-1"},"canonical":"https:\/\/aem.hr\/goran-stimec-kamenolom-i-spalionica-na-zagorskim-bregima\/","og_locale":"en_US","og_type":"article","og_title":"Goran \u0160timec - KAMENOLOM I SPALIONICA NA ZAGORSKIM BREGIMA - Agencija za elektroni\u010dke medije","og_url":"https:\/\/aem.hr\/goran-stimec-kamenolom-i-spalionica-na-zagorskim-bregima\/","og_site_name":"Agencija za elektroni\u010dke medije","article_modified_time":"2026-04-21T11:41:40+00:00","twitter_card":"summary_large_image","twitter_misc":{"Est. reading time":"1 minute"},"schema":{"@context":"https:\/\/schema.org","@graph":[{"@type":"WebPage","@id":"https:\/\/aem.hr\/goran-stimec-kamenolom-i-spalionica-na-zagorskim-bregima\/","url":"https:\/\/aem.hr\/goran-stimec-kamenolom-i-spalionica-na-zagorskim-bregima\/","name":"Goran \u0160timec - KAMENOLOM I SPALIONICA NA ZAGORSKIM BREGIMA - Agencija za elektroni\u010dke medije","isPartOf":{"@id":"https:\/\/aem.hr\/#website"},"datePublished":"2026-04-21T11:41:39+00:00","dateModified":"2026-04-21T11:41:40+00:00","breadcrumb":{"@id":"https:\/\/aem.hr\/goran-stimec-kamenolom-i-spalionica-na-zagorskim-bregima\/#breadcrumb"},"inLanguage":"en-US","potentialAction":[{"@type":"ReadAction","target":["https:\/\/aem.hr\/goran-stimec-kamenolom-i-spalionica-na-zagorskim-bregima\/"]}]},{"@type":"BreadcrumbList","@id":"https:\/\/aem.hr\/goran-stimec-kamenolom-i-spalionica-na-zagorskim-bregima\/#breadcrumb","itemListElement":[{"@type":"ListItem","position":1,"name":"Po\u010detna stranica","item":"https:\/\/aem.hr\/"},{"@type":"ListItem","position":2,"name":"Goran \u0160timec &#8211; KAMENOLOM I SPALIONICA NA ZAGORSKIM BREGIMA"}]},{"@type":"WebSite","@id":"https:\/\/aem.hr\/#website","url":"https:\/\/aem.hr\/","name":"Agencija za elektroni\u010dke medije","description":"","potentialAction":[{"@type":"SearchAction","target":{"@type":"EntryPoint","urlTemplate":"https:\/\/aem.hr\/?s={search_term_string}"},"query-input":{"@type":"PropertyValueSpecification","valueRequired":true,"valueName":"search_term_string"}}],"inLanguage":"en-US"}]}},"coauthors":[],"author_meta":{"author_link":"https:\/\/aem.hr\/en\/blog\/author\/mkirac\/","display_name":"Matko Kirac"},"relative_dates":{"created":"Posted 3 weeks ago","modified":"Updated 3 weeks ago"},"absolute_dates":{"created":"Posted on 21. April 2026.","modified":"Updated on 21. April 2026."},"absolute_dates_time":{"created":"Posted on 21. April 2026. 13:41","modified":"Updated on 21. April 2026. 13:41"},"featured_img_caption":"","featured_img":false,"series_order":"","_links":{"self":[{"href":"https:\/\/aem.hr\/en\/wp-json\/wp\/v2\/pages\/26178","targetHints":{"allow":["GET"]}}],"collection":[{"href":"https:\/\/aem.hr\/en\/wp-json\/wp\/v2\/pages"}],"about":[{"href":"https:\/\/aem.hr\/en\/wp-json\/wp\/v2\/types\/page"}],"author":[{"embeddable":true,"href":"https:\/\/aem.hr\/en\/wp-json\/wp\/v2\/users\/18"}],"replies":[{"embeddable":true,"href":"https:\/\/aem.hr\/en\/wp-json\/wp\/v2\/comments?post=26178"}],"version-history":[{"count":1,"href":"https:\/\/aem.hr\/en\/wp-json\/wp\/v2\/pages\/26178\/revisions"}],"predecessor-version":[{"id":26194,"href":"https:\/\/aem.hr\/en\/wp-json\/wp\/v2\/pages\/26178\/revisions\/26194"}],"wp:attachment":[{"href":"https:\/\/aem.hr\/en\/wp-json\/wp\/v2\/media?parent=26178"}],"curies":[{"name":"wp","href":"https:\/\/api.w.org\/{rel}","templated":true}]}}