{"id":26219,"date":"2026-04-21T13:44:44","date_gmt":"2026-04-21T11:44:44","guid":{"rendered":"https:\/\/aem.hr\/?page_id=26219"},"modified":"2026-04-21T13:44:45","modified_gmt":"2026-04-21T11:44:45","slug":"ivana-kalogjera-brkic-nevidljive-rane-seksualnost-i-fertilitet-zena-s-rakom","status":"publish","type":"page","link":"https:\/\/aem.hr\/en\/ivana-kalogjera-brkic-nevidljive-rane-seksualnost-i-fertilitet-zena-s-rakom\/","title":{"rendered":"Ivana Kalogjera Brki\u0107 &#8211; Nevidljive rane: Seksualnost i fertilitet \u017eena s rakom"},"content":{"rendered":"\n<div class=\"wp-block-file\"><a id=\"wp-block-file--media-b743bd5c-24cf-498c-8fd8-e586442d500a\" href=\"https:\/\/aem.hr\/wp-content\/uploads\/2026\/04\/1.Nina-Bas\u030cic\u0301-Markovic\u0301_-\u201eU-zemljama-poput-Nizozemske.pdf\">1.Nina Bas\u030cic\u0301 Markovic\u0301_ \u201eU zemljama poput Nizozemske<\/a><a href=\"https:\/\/aem.hr\/wp-content\/uploads\/2026\/04\/1.Nina-Bas\u030cic\u0301-Markovic\u0301_-\u201eU-zemljama-poput-Nizozemske.pdf\" class=\"wp-block-file__button wp-element-button\" download aria-describedby=\"wp-block-file--media-b743bd5c-24cf-498c-8fd8-e586442d500a\">Preuzimanje<\/a><\/div>\n\n\n\n<div class=\"wp-block-file\"><a id=\"wp-block-file--media-bb5cd947-06cd-43e3-a2cb-d3936ccc4d76\" href=\"https:\/\/aem.hr\/wp-content\/uploads\/2026\/04\/2.-Ne-z\u030celimo-samo-prez\u030civjeti.pdf\">2. Ne z\u030celimo samo prez\u030civjeti<\/a><a href=\"https:\/\/aem.hr\/wp-content\/uploads\/2026\/04\/2.-Ne-z\u030celimo-samo-prez\u030civjeti.pdf\" class=\"wp-block-file__button wp-element-button\" download aria-describedby=\"wp-block-file--media-bb5cd947-06cd-43e3-a2cb-d3936ccc4d76\">Preuzimanje<\/a><\/div>\n\n\n\n<div class=\"wp-block-file\"><a id=\"wp-block-file--media-e48a1fbb-9d81-4b8a-8c52-5db2a06e2f88\" href=\"https:\/\/aem.hr\/wp-content\/uploads\/2026\/04\/3.-Majc\u030cinstvo-nakon-raka_-izmedu-nade-i-straha.pdf\">3. Majc\u030cinstvo nakon raka_ izme\u0111u nade i straha<\/a><a href=\"https:\/\/aem.hr\/wp-content\/uploads\/2026\/04\/3.-Majc\u030cinstvo-nakon-raka_-izmedu-nade-i-straha.pdf\" class=\"wp-block-file__button wp-element-button\" download aria-describedby=\"wp-block-file--media-e48a1fbb-9d81-4b8a-8c52-5db2a06e2f88\">Preuzimanje<\/a><\/div>\n\n\n\n<div class=\"wp-block-file\"><a id=\"wp-block-file--media-503bac5c-f7f4-4c70-835d-62d230cda5cd\" href=\"https:\/\/aem.hr\/wp-content\/uploads\/2026\/04\/4.-Suhoc\u0301a-nije-banalna_-Zas\u030cto-onkolos\u030cke-pacijentice.pdf\">4. Suhoc\u0301a nije banalna_ Zas\u030cto onkolos\u030cke pacijentice<\/a><a href=\"https:\/\/aem.hr\/wp-content\/uploads\/2026\/04\/4.-Suhoc\u0301a-nije-banalna_-Zas\u030cto-onkolos\u030cke-pacijentice.pdf\" class=\"wp-block-file__button wp-element-button\" download aria-describedby=\"wp-block-file--media-503bac5c-f7f4-4c70-835d-62d230cda5cd\">Preuzimanje<\/a><\/div>\n\n\n\n<div class=\"wp-block-file\"><a id=\"wp-block-file--media-695c4f04-bf18-4812-990b-30c1f590ae7c\" href=\"https:\/\/aem.hr\/wp-content\/uploads\/2026\/04\/5.-Ima-li-nade-za-intimnost-nakon-raka.pdf\">5. Ima li nade za intimnost nakon raka<\/a><a href=\"https:\/\/aem.hr\/wp-content\/uploads\/2026\/04\/5.-Ima-li-nade-za-intimnost-nakon-raka.pdf\" class=\"wp-block-file__button wp-element-button\" download aria-describedby=\"wp-block-file--media-695c4f04-bf18-4812-990b-30c1f590ae7c\">Preuzimanje<\/a><\/div>\n","protected":false},"excerpt":{"rendered":"","protected":false},"author":18,"featured_media":0,"parent":0,"menu_order":0,"comment_status":"closed","ping_status":"closed","template":"","meta":{"_acf_changed":false,"inline_featured_image":false,"advgb_blocks_editor_width":"","advgb_blocks_columns_visual_guide":"","_links_to":"","_links_to_type":0,"footnotes":""},"class_list":["post-26219","page","type-page","status-publish","hentry"],"acf":[],"yoast_head":"<!-- This site is optimized with the Yoast SEO plugin v25.7 - https:\/\/yoast.com\/wordpress\/plugins\/seo\/ -->\n<title>Ivana Kalogjera Brki\u0107 - Nevidljive rane: Seksualnost i fertilitet \u017eena s rakom - Agencija za elektroni\u010dke medije<\/title>\n<meta name=\"robots\" content=\"index, follow, max-snippet:-1, max-image-preview:large, max-video-preview:-1\" \/>\n<link rel=\"canonical\" href=\"https:\/\/aem.hr\/ivana-kalogjera-brkic-nevidljive-rane-seksualnost-i-fertilitet-zena-s-rakom\/\" \/>\n<meta property=\"og:locale\" content=\"en_US\" \/>\n<meta property=\"og:type\" content=\"article\" \/>\n<meta property=\"og:title\" content=\"Ivana Kalogjera Brki\u0107 - Nevidljive rane: Seksualnost i fertilitet \u017eena s rakom - Agencija za elektroni\u010dke medije\" \/>\n<meta property=\"og:url\" content=\"https:\/\/aem.hr\/ivana-kalogjera-brkic-nevidljive-rane-seksualnost-i-fertilitet-zena-s-rakom\/\" \/>\n<meta property=\"og:site_name\" content=\"Agencija za elektroni\u010dke medije\" \/>\n<meta property=\"article:modified_time\" content=\"2026-04-21T11:44:45+00:00\" \/>\n<meta name=\"twitter:card\" content=\"summary_large_image\" \/>\n<meta name=\"twitter:label1\" content=\"Est. reading time\" \/>\n\t<meta name=\"twitter:data1\" content=\"1 minute\" \/>\n<script type=\"application\/ld+json\" class=\"yoast-schema-graph\">{\"@context\":\"https:\/\/schema.org\",\"@graph\":[{\"@type\":\"WebPage\",\"@id\":\"https:\/\/aem.hr\/ivana-kalogjera-brkic-nevidljive-rane-seksualnost-i-fertilitet-zena-s-rakom\/\",\"url\":\"https:\/\/aem.hr\/ivana-kalogjera-brkic-nevidljive-rane-seksualnost-i-fertilitet-zena-s-rakom\/\",\"name\":\"Ivana Kalogjera Brki\u0107 - Nevidljive rane: Seksualnost i fertilitet \u017eena s rakom - Agencija za elektroni\u010dke medije\",\"isPartOf\":{\"@id\":\"https:\/\/aem.hr\/#website\"},\"datePublished\":\"2026-04-21T11:44:44+00:00\",\"dateModified\":\"2026-04-21T11:44:45+00:00\",\"breadcrumb\":{\"@id\":\"https:\/\/aem.hr\/ivana-kalogjera-brkic-nevidljive-rane-seksualnost-i-fertilitet-zena-s-rakom\/#breadcrumb\"},\"inLanguage\":\"en-US\",\"potentialAction\":[{\"@type\":\"ReadAction\",\"target\":[\"https:\/\/aem.hr\/ivana-kalogjera-brkic-nevidljive-rane-seksualnost-i-fertilitet-zena-s-rakom\/\"]}]},{\"@type\":\"BreadcrumbList\",\"@id\":\"https:\/\/aem.hr\/ivana-kalogjera-brkic-nevidljive-rane-seksualnost-i-fertilitet-zena-s-rakom\/#breadcrumb\",\"itemListElement\":[{\"@type\":\"ListItem\",\"position\":1,\"name\":\"Po\u010detna stranica\",\"item\":\"https:\/\/aem.hr\/\"},{\"@type\":\"ListItem\",\"position\":2,\"name\":\"Ivana Kalogjera Brki\u0107 &#8211; Nevidljive rane: Seksualnost i fertilitet \u017eena s rakom\"}]},{\"@type\":\"WebSite\",\"@id\":\"https:\/\/aem.hr\/#website\",\"url\":\"https:\/\/aem.hr\/\",\"name\":\"Agencija za elektroni\u010dke medije\",\"description\":\"\",\"potentialAction\":[{\"@type\":\"SearchAction\",\"target\":{\"@type\":\"EntryPoint\",\"urlTemplate\":\"https:\/\/aem.hr\/?s={search_term_string}\"},\"query-input\":{\"@type\":\"PropertyValueSpecification\",\"valueRequired\":true,\"valueName\":\"search_term_string\"}}],\"inLanguage\":\"en-US\"}]}<\/script>\n<!-- \/ Yoast SEO plugin. -->","yoast_head_json":{"title":"Ivana Kalogjera Brki\u0107 - Nevidljive rane: Seksualnost i fertilitet \u017eena s rakom - Agencija za elektroni\u010dke medije","robots":{"index":"index","follow":"follow","max-snippet":"max-snippet:-1","max-image-preview":"max-image-preview:large","max-video-preview":"max-video-preview:-1"},"canonical":"https:\/\/aem.hr\/ivana-kalogjera-brkic-nevidljive-rane-seksualnost-i-fertilitet-zena-s-rakom\/","og_locale":"en_US","og_type":"article","og_title":"Ivana Kalogjera Brki\u0107 - Nevidljive rane: Seksualnost i fertilitet \u017eena s rakom - Agencija za elektroni\u010dke medije","og_url":"https:\/\/aem.hr\/ivana-kalogjera-brkic-nevidljive-rane-seksualnost-i-fertilitet-zena-s-rakom\/","og_site_name":"Agencija za elektroni\u010dke medije","article_modified_time":"2026-04-21T11:44:45+00:00","twitter_card":"summary_large_image","twitter_misc":{"Est. reading time":"1 minute"},"schema":{"@context":"https:\/\/schema.org","@graph":[{"@type":"WebPage","@id":"https:\/\/aem.hr\/ivana-kalogjera-brkic-nevidljive-rane-seksualnost-i-fertilitet-zena-s-rakom\/","url":"https:\/\/aem.hr\/ivana-kalogjera-brkic-nevidljive-rane-seksualnost-i-fertilitet-zena-s-rakom\/","name":"Ivana Kalogjera Brki\u0107 - Nevidljive rane: Seksualnost i fertilitet \u017eena s rakom - Agencija za elektroni\u010dke medije","isPartOf":{"@id":"https:\/\/aem.hr\/#website"},"datePublished":"2026-04-21T11:44:44+00:00","dateModified":"2026-04-21T11:44:45+00:00","breadcrumb":{"@id":"https:\/\/aem.hr\/ivana-kalogjera-brkic-nevidljive-rane-seksualnost-i-fertilitet-zena-s-rakom\/#breadcrumb"},"inLanguage":"en-US","potentialAction":[{"@type":"ReadAction","target":["https:\/\/aem.hr\/ivana-kalogjera-brkic-nevidljive-rane-seksualnost-i-fertilitet-zena-s-rakom\/"]}]},{"@type":"BreadcrumbList","@id":"https:\/\/aem.hr\/ivana-kalogjera-brkic-nevidljive-rane-seksualnost-i-fertilitet-zena-s-rakom\/#breadcrumb","itemListElement":[{"@type":"ListItem","position":1,"name":"Po\u010detna stranica","item":"https:\/\/aem.hr\/"},{"@type":"ListItem","position":2,"name":"Ivana Kalogjera Brki\u0107 &#8211; Nevidljive rane: Seksualnost i fertilitet \u017eena s rakom"}]},{"@type":"WebSite","@id":"https:\/\/aem.hr\/#website","url":"https:\/\/aem.hr\/","name":"Agencija za elektroni\u010dke medije","description":"","potentialAction":[{"@type":"SearchAction","target":{"@type":"EntryPoint","urlTemplate":"https:\/\/aem.hr\/?s={search_term_string}"},"query-input":{"@type":"PropertyValueSpecification","valueRequired":true,"valueName":"search_term_string"}}],"inLanguage":"en-US"}]}},"coauthors":[],"author_meta":{"author_link":"https:\/\/aem.hr\/en\/blog\/author\/mkirac\/","display_name":"Matko Kirac"},"relative_dates":{"created":"Posted 3 weeks ago","modified":"Updated 3 weeks ago"},"absolute_dates":{"created":"Posted on 21. April 2026.","modified":"Updated on 21. April 2026."},"absolute_dates_time":{"created":"Posted on 21. April 2026. 13:44","modified":"Updated on 21. April 2026. 13:44"},"featured_img_caption":"","featured_img":false,"series_order":"","_links":{"self":[{"href":"https:\/\/aem.hr\/en\/wp-json\/wp\/v2\/pages\/26219","targetHints":{"allow":["GET"]}}],"collection":[{"href":"https:\/\/aem.hr\/en\/wp-json\/wp\/v2\/pages"}],"about":[{"href":"https:\/\/aem.hr\/en\/wp-json\/wp\/v2\/types\/page"}],"author":[{"embeddable":true,"href":"https:\/\/aem.hr\/en\/wp-json\/wp\/v2\/users\/18"}],"replies":[{"embeddable":true,"href":"https:\/\/aem.hr\/en\/wp-json\/wp\/v2\/comments?post=26219"}],"version-history":[{"count":1,"href":"https:\/\/aem.hr\/en\/wp-json\/wp\/v2\/pages\/26219\/revisions"}],"predecessor-version":[{"id":26230,"href":"https:\/\/aem.hr\/en\/wp-json\/wp\/v2\/pages\/26219\/revisions\/26230"}],"wp:attachment":[{"href":"https:\/\/aem.hr\/en\/wp-json\/wp\/v2\/media?parent=26219"}],"curies":[{"name":"wp","href":"https:\/\/api.w.org\/{rel}","templated":true}]}}