{"id":26243,"date":"2026-04-21T13:49:51","date_gmt":"2026-04-21T11:49:51","guid":{"rendered":"https:\/\/aem.hr\/?page_id=26243"},"modified":"2026-04-21T13:49:52","modified_gmt":"2026-04-21T11:49:52","slug":"drazen-zetic-etnoidentitet-hrvata-bosanske-posavine-kroz-prijeratne-i-poslijeratne-migracije","status":"publish","type":"page","link":"https:\/\/aem.hr\/en\/drazen-zetic-etnoidentitet-hrvata-bosanske-posavine-kroz-prijeratne-i-poslijeratne-migracije\/","title":{"rendered":"Dra\u017een Zeti\u0107 &#8211; Etnoidentitet Hrvata Bosanske Posavine kroz prijeratne i poslijeratne migracije"},"content":{"rendered":"\n<div class=\"wp-block-file\"><a id=\"wp-block-file--media-1cebe62e-f878-414a-8271-cf10426bb212\" href=\"https:\/\/aem.hr\/wp-content\/uploads\/2026\/04\/1.-Znacaj-etnonima-u-ruralnim-krajevima.pdf\">1. Zna\u010daj etnonima u ruralnim krajevima<\/a><a href=\"https:\/\/aem.hr\/wp-content\/uploads\/2026\/04\/1.-Znacaj-etnonima-u-ruralnim-krajevima.pdf\" class=\"wp-block-file__button wp-element-button\" download aria-describedby=\"wp-block-file--media-1cebe62e-f878-414a-8271-cf10426bb212\">Preuzimanje<\/a><\/div>\n\n\n\n<div class=\"wp-block-file\"><a id=\"wp-block-file--media-3968d009-8fcb-4317-810c-39c45d19efe2\" href=\"https:\/\/aem.hr\/wp-content\/uploads\/2026\/04\/2.-Prijeratni-procesi-migracije-seoskog-stanovnistva.pdf\">2. Prijeratni procesi (migracije) seoskog stanovni\u0161tva<\/a><a href=\"https:\/\/aem.hr\/wp-content\/uploads\/2026\/04\/2.-Prijeratni-procesi-migracije-seoskog-stanovnistva.pdf\" class=\"wp-block-file__button wp-element-button\" download aria-describedby=\"wp-block-file--media-3968d009-8fcb-4317-810c-39c45d19efe2\">Preuzimanje<\/a><\/div>\n\n\n\n<div class=\"wp-block-file\"><a id=\"wp-block-file--media-97b0d7c6-148d-4e25-a2e8-1ec74401e147\" href=\"https:\/\/aem.hr\/wp-content\/uploads\/2026\/04\/3.-Poslijeratni-procesi-migracije-ruralnog-pucanstva.pdf\">3. Poslijeratni procesi migracije ruralnog pu\u010danstva<\/a><a href=\"https:\/\/aem.hr\/wp-content\/uploads\/2026\/04\/3.-Poslijeratni-procesi-migracije-ruralnog-pucanstva.pdf\" class=\"wp-block-file__button wp-element-button\" download aria-describedby=\"wp-block-file--media-97b0d7c6-148d-4e25-a2e8-1ec74401e147\">Preuzimanje<\/a><\/div>\n\n\n\n<div class=\"wp-block-file\"><a id=\"wp-block-file--media-e8b5d9ed-1e91-4d64-a35c-fd2a8081e687\" href=\"https:\/\/aem.hr\/wp-content\/uploads\/2026\/04\/4.-Osobitosti-nekih-temeljnih-obiljezja-ruralnih-sredina.pdf\">4. Osobitosti nekih temeljnih obilje\u017eja ruralnih sredina<\/a><a href=\"https:\/\/aem.hr\/wp-content\/uploads\/2026\/04\/4.-Osobitosti-nekih-temeljnih-obiljezja-ruralnih-sredina.pdf\" class=\"wp-block-file__button wp-element-button\" download aria-describedby=\"wp-block-file--media-e8b5d9ed-1e91-4d64-a35c-fd2a8081e687\">Preuzimanje<\/a><\/div>\n\n\n\n<div class=\"wp-block-file\"><a id=\"wp-block-file--media-5d613c36-4d10-4d74-b4cc-6be02f6c4698\" href=\"https:\/\/aem.hr\/wp-content\/uploads\/2026\/04\/5.-Povezanost-tradicije-vjere-i-jezika-Posavljaka.pdf\">5. Povezanost tradicije, vjere i jezika Posavljaka<\/a><a href=\"https:\/\/aem.hr\/wp-content\/uploads\/2026\/04\/5.-Povezanost-tradicije-vjere-i-jezika-Posavljaka.pdf\" class=\"wp-block-file__button wp-element-button\" download aria-describedby=\"wp-block-file--media-5d613c36-4d10-4d74-b4cc-6be02f6c4698\">Preuzimanje<\/a><\/div>\n\n\n\n<div class=\"wp-block-file\"><a id=\"wp-block-file--media-e43d55c3-229e-416d-8fb9-71941dbfe542\" href=\"https:\/\/aem.hr\/wp-content\/uploads\/2026\/04\/6.-Identitet-seljaka-iz-sela-Bosanske-Posavine.pdf\">6. Identitet seljaka iz sela Bosanske Posavine<\/a><a href=\"https:\/\/aem.hr\/wp-content\/uploads\/2026\/04\/6.-Identitet-seljaka-iz-sela-Bosanske-Posavine.pdf\" class=\"wp-block-file__button wp-element-button\" download aria-describedby=\"wp-block-file--media-e43d55c3-229e-416d-8fb9-71941dbfe542\">Preuzimanje<\/a><\/div>\n\n\n\n<div class=\"wp-block-file\"><a id=\"wp-block-file--media-2fb3ac45-3c31-455d-af99-7e52402e3afb\" href=\"https:\/\/aem.hr\/wp-content\/uploads\/2026\/04\/7.-Etnoglazba-gastronomija-i-obicaji-ruralnih-mjesta.pdf\">7. Etnoglazba, gastronomija i obi\u010daji ruralnih mjesta<\/a><a href=\"https:\/\/aem.hr\/wp-content\/uploads\/2026\/04\/7.-Etnoglazba-gastronomija-i-obicaji-ruralnih-mjesta.pdf\" class=\"wp-block-file__button wp-element-button\" download aria-describedby=\"wp-block-file--media-2fb3ac45-3c31-455d-af99-7e52402e3afb\">Preuzimanje<\/a><\/div>\n\n\n\n<div class=\"wp-block-file\"><a id=\"wp-block-file--media-e41de965-a23d-41ee-a7f3-f66b9b894051\" href=\"https:\/\/aem.hr\/wp-content\/uploads\/2026\/04\/8.-Specificnosti-stovanja-svetaca-u-puckim-sredinama.pdf\">8. Specifi\u010dnosti \u0161tovanja svetaca u pu\u010dkim sredinama<\/a><a href=\"https:\/\/aem.hr\/wp-content\/uploads\/2026\/04\/8.-Specificnosti-stovanja-svetaca-u-puckim-sredinama.pdf\" class=\"wp-block-file__button wp-element-button\" download aria-describedby=\"wp-block-file--media-e41de965-a23d-41ee-a7f3-f66b9b894051\">Preuzimanje<\/a><\/div>\n\n\n\n<div class=\"wp-block-file\"><a id=\"wp-block-file--media-4271c60f-3f15-43e0-aba0-8592116f685a\" href=\"https:\/\/aem.hr\/wp-content\/uploads\/2026\/04\/9.-Stradanja-seoskog-stanovnistva-tijekom-ratova.pdf\">9. Stradanja seoskog stanovni\u0161tva tijekom ratova<\/a><a href=\"https:\/\/aem.hr\/wp-content\/uploads\/2026\/04\/9.-Stradanja-seoskog-stanovnistva-tijekom-ratova.pdf\" class=\"wp-block-file__button wp-element-button\" download aria-describedby=\"wp-block-file--media-4271c60f-3f15-43e0-aba0-8592116f685a\">Preuzimanje<\/a><\/div>\n\n\n\n<div class=\"wp-block-file\"><a id=\"wp-block-file--media-a2be583b-616d-453f-af30-6ea9c66b6982\" href=\"https:\/\/aem.hr\/wp-content\/uploads\/2026\/04\/10.-Dokumentarni-memorijal-zrtvama-kao-posljedica.pdf\">10. Dokumentarni memorijal \u017ertvama kao posljedica<\/a><a href=\"https:\/\/aem.hr\/wp-content\/uploads\/2026\/04\/10.-Dokumentarni-memorijal-zrtvama-kao-posljedica.pdf\" class=\"wp-block-file__button wp-element-button\" download aria-describedby=\"wp-block-file--media-a2be583b-616d-453f-af30-6ea9c66b6982\">Preuzimanje<\/a><\/div>\n","protected":false},"excerpt":{"rendered":"","protected":false},"author":18,"featured_media":0,"parent":0,"menu_order":0,"comment_status":"closed","ping_status":"closed","template":"","meta":{"_acf_changed":false,"inline_featured_image":false,"advgb_blocks_editor_width":"","advgb_blocks_columns_visual_guide":"","_links_to":"","_links_to_type":0,"footnotes":""},"class_list":["post-26243","page","type-page","status-publish","hentry"],"acf":[],"yoast_head":"<!-- This site is optimized with the Yoast SEO plugin v25.7 - https:\/\/yoast.com\/wordpress\/plugins\/seo\/ -->\n<title>Dra\u017een Zeti\u0107 - Etnoidentitet Hrvata Bosanske Posavine kroz prijeratne i poslijeratne migracije - Agencija za elektroni\u010dke medije<\/title>\n<meta name=\"robots\" content=\"index, follow, max-snippet:-1, max-image-preview:large, max-video-preview:-1\" \/>\n<link rel=\"canonical\" href=\"https:\/\/aem.hr\/drazen-zetic-etnoidentitet-hrvata-bosanske-posavine-kroz-prijeratne-i-poslijeratne-migracije\/\" \/>\n<meta property=\"og:locale\" content=\"en_US\" \/>\n<meta property=\"og:type\" content=\"article\" \/>\n<meta property=\"og:title\" content=\"Dra\u017een Zeti\u0107 - Etnoidentitet Hrvata Bosanske Posavine kroz prijeratne i poslijeratne migracije - Agencija za elektroni\u010dke medije\" \/>\n<meta property=\"og:url\" content=\"https:\/\/aem.hr\/drazen-zetic-etnoidentitet-hrvata-bosanske-posavine-kroz-prijeratne-i-poslijeratne-migracije\/\" \/>\n<meta property=\"og:site_name\" content=\"Agencija za elektroni\u010dke medije\" \/>\n<meta property=\"article:modified_time\" content=\"2026-04-21T11:49:52+00:00\" \/>\n<meta name=\"twitter:card\" content=\"summary_large_image\" \/>\n<meta name=\"twitter:label1\" content=\"Est. reading time\" \/>\n\t<meta name=\"twitter:data1\" content=\"1 minute\" \/>\n<script type=\"application\/ld+json\" class=\"yoast-schema-graph\">{\"@context\":\"https:\/\/schema.org\",\"@graph\":[{\"@type\":\"WebPage\",\"@id\":\"https:\/\/aem.hr\/drazen-zetic-etnoidentitet-hrvata-bosanske-posavine-kroz-prijeratne-i-poslijeratne-migracije\/\",\"url\":\"https:\/\/aem.hr\/drazen-zetic-etnoidentitet-hrvata-bosanske-posavine-kroz-prijeratne-i-poslijeratne-migracije\/\",\"name\":\"Dra\u017een Zeti\u0107 - Etnoidentitet Hrvata Bosanske Posavine kroz prijeratne i poslijeratne migracije - Agencija za elektroni\u010dke medije\",\"isPartOf\":{\"@id\":\"https:\/\/aem.hr\/#website\"},\"datePublished\":\"2026-04-21T11:49:51+00:00\",\"dateModified\":\"2026-04-21T11:49:52+00:00\",\"breadcrumb\":{\"@id\":\"https:\/\/aem.hr\/drazen-zetic-etnoidentitet-hrvata-bosanske-posavine-kroz-prijeratne-i-poslijeratne-migracije\/#breadcrumb\"},\"inLanguage\":\"en-US\",\"potentialAction\":[{\"@type\":\"ReadAction\",\"target\":[\"https:\/\/aem.hr\/drazen-zetic-etnoidentitet-hrvata-bosanske-posavine-kroz-prijeratne-i-poslijeratne-migracije\/\"]}]},{\"@type\":\"BreadcrumbList\",\"@id\":\"https:\/\/aem.hr\/drazen-zetic-etnoidentitet-hrvata-bosanske-posavine-kroz-prijeratne-i-poslijeratne-migracije\/#breadcrumb\",\"itemListElement\":[{\"@type\":\"ListItem\",\"position\":1,\"name\":\"Po\u010detna stranica\",\"item\":\"https:\/\/aem.hr\/\"},{\"@type\":\"ListItem\",\"position\":2,\"name\":\"Dra\u017een Zeti\u0107 &#8211; Etnoidentitet Hrvata Bosanske Posavine kroz prijeratne i poslijeratne migracije\"}]},{\"@type\":\"WebSite\",\"@id\":\"https:\/\/aem.hr\/#website\",\"url\":\"https:\/\/aem.hr\/\",\"name\":\"Agencija za elektroni\u010dke medije\",\"description\":\"\",\"potentialAction\":[{\"@type\":\"SearchAction\",\"target\":{\"@type\":\"EntryPoint\",\"urlTemplate\":\"https:\/\/aem.hr\/?s={search_term_string}\"},\"query-input\":{\"@type\":\"PropertyValueSpecification\",\"valueRequired\":true,\"valueName\":\"search_term_string\"}}],\"inLanguage\":\"en-US\"}]}<\/script>\n<!-- \/ Yoast SEO plugin. -->","yoast_head_json":{"title":"Dra\u017een Zeti\u0107 - Etnoidentitet Hrvata Bosanske Posavine kroz prijeratne i poslijeratne migracije - Agencija za elektroni\u010dke medije","robots":{"index":"index","follow":"follow","max-snippet":"max-snippet:-1","max-image-preview":"max-image-preview:large","max-video-preview":"max-video-preview:-1"},"canonical":"https:\/\/aem.hr\/drazen-zetic-etnoidentitet-hrvata-bosanske-posavine-kroz-prijeratne-i-poslijeratne-migracije\/","og_locale":"en_US","og_type":"article","og_title":"Dra\u017een Zeti\u0107 - Etnoidentitet Hrvata Bosanske Posavine kroz prijeratne i poslijeratne migracije - Agencija za elektroni\u010dke medije","og_url":"https:\/\/aem.hr\/drazen-zetic-etnoidentitet-hrvata-bosanske-posavine-kroz-prijeratne-i-poslijeratne-migracije\/","og_site_name":"Agencija za elektroni\u010dke medije","article_modified_time":"2026-04-21T11:49:52+00:00","twitter_card":"summary_large_image","twitter_misc":{"Est. reading time":"1 minute"},"schema":{"@context":"https:\/\/schema.org","@graph":[{"@type":"WebPage","@id":"https:\/\/aem.hr\/drazen-zetic-etnoidentitet-hrvata-bosanske-posavine-kroz-prijeratne-i-poslijeratne-migracije\/","url":"https:\/\/aem.hr\/drazen-zetic-etnoidentitet-hrvata-bosanske-posavine-kroz-prijeratne-i-poslijeratne-migracije\/","name":"Dra\u017een Zeti\u0107 - Etnoidentitet Hrvata Bosanske Posavine kroz prijeratne i poslijeratne migracije - Agencija za elektroni\u010dke medije","isPartOf":{"@id":"https:\/\/aem.hr\/#website"},"datePublished":"2026-04-21T11:49:51+00:00","dateModified":"2026-04-21T11:49:52+00:00","breadcrumb":{"@id":"https:\/\/aem.hr\/drazen-zetic-etnoidentitet-hrvata-bosanske-posavine-kroz-prijeratne-i-poslijeratne-migracije\/#breadcrumb"},"inLanguage":"en-US","potentialAction":[{"@type":"ReadAction","target":["https:\/\/aem.hr\/drazen-zetic-etnoidentitet-hrvata-bosanske-posavine-kroz-prijeratne-i-poslijeratne-migracije\/"]}]},{"@type":"BreadcrumbList","@id":"https:\/\/aem.hr\/drazen-zetic-etnoidentitet-hrvata-bosanske-posavine-kroz-prijeratne-i-poslijeratne-migracije\/#breadcrumb","itemListElement":[{"@type":"ListItem","position":1,"name":"Po\u010detna stranica","item":"https:\/\/aem.hr\/"},{"@type":"ListItem","position":2,"name":"Dra\u017een Zeti\u0107 &#8211; Etnoidentitet Hrvata Bosanske Posavine kroz prijeratne i poslijeratne migracije"}]},{"@type":"WebSite","@id":"https:\/\/aem.hr\/#website","url":"https:\/\/aem.hr\/","name":"Agencija za elektroni\u010dke medije","description":"","potentialAction":[{"@type":"SearchAction","target":{"@type":"EntryPoint","urlTemplate":"https:\/\/aem.hr\/?s={search_term_string}"},"query-input":{"@type":"PropertyValueSpecification","valueRequired":true,"valueName":"search_term_string"}}],"inLanguage":"en-US"}]}},"coauthors":[],"author_meta":{"author_link":"https:\/\/aem.hr\/en\/blog\/author\/mkirac\/","display_name":"Matko Kirac"},"relative_dates":{"created":"Posted 3 weeks ago","modified":"Updated 3 weeks ago"},"absolute_dates":{"created":"Posted on 21. April 2026.","modified":"Updated on 21. April 2026."},"absolute_dates_time":{"created":"Posted on 21. April 2026. 13:49","modified":"Updated on 21. April 2026. 13:49"},"featured_img_caption":"","featured_img":false,"series_order":"","_links":{"self":[{"href":"https:\/\/aem.hr\/en\/wp-json\/wp\/v2\/pages\/26243","targetHints":{"allow":["GET"]}}],"collection":[{"href":"https:\/\/aem.hr\/en\/wp-json\/wp\/v2\/pages"}],"about":[{"href":"https:\/\/aem.hr\/en\/wp-json\/wp\/v2\/types\/page"}],"author":[{"embeddable":true,"href":"https:\/\/aem.hr\/en\/wp-json\/wp\/v2\/users\/18"}],"replies":[{"embeddable":true,"href":"https:\/\/aem.hr\/en\/wp-json\/wp\/v2\/comments?post=26243"}],"version-history":[{"count":2,"href":"https:\/\/aem.hr\/en\/wp-json\/wp\/v2\/pages\/26243\/revisions"}],"predecessor-version":[{"id":26265,"href":"https:\/\/aem.hr\/en\/wp-json\/wp\/v2\/pages\/26243\/revisions\/26265"}],"wp:attachment":[{"href":"https:\/\/aem.hr\/en\/wp-json\/wp\/v2\/media?parent=26243"}],"curies":[{"name":"wp","href":"https:\/\/api.w.org\/{rel}","templated":true}]}}