{"id":4077,"date":"2019-02-14T15:04:14","date_gmt":"2019-02-14T14:04:14","guid":{"rendered":"http:\/\/emediji.inspirium.hr\/?page_id=4077"},"modified":"2019-02-18T14:59:04","modified_gmt":"2019-02-18T13:59:04","slug":"medijska-pismenost","status":"publish","type":"page","link":"https:\/\/aem.hr\/en\/medijska-pismenost\/","title":{"rendered":"Medijska pismenost"},"content":{"rendered":"\r\n<p>Vije\u0107e za elektroni\u010dke medije temeljem \u010dlanka 69. Zakona o elektroni\u010dkim medijima ima obavezu poticanja medijske pismenosti.<\/p>\r\n\r\n\r\n\r\n<p>Europska komisija je 2007. u dokumentu <a href=\"https:\/\/eur-lex.europa.eu\/legal-content\/EN\/TXT\/HTML\/?uri=CELEX:52007DC0833&amp;from=EN\"><em>A European approach to media literacy in the digital environment<\/em><\/a> medijsku pismenost definirala kao \u201esposobnost pristupa medijima, razumijevanje i kriti\u010dko vrednovanje razli\u010ditih aspekata medija i medijskih sadr\u017eaja te ostvarivanje komunikacije u raznovrsnim kontekstima\u201c.<\/p>\r\n\r\n\r\n\r\n<p><a href=\"http:\/\/ec.europa.eu\/transparency\/regexpert\/index.cfm?do=groupDetail.groupDetail&amp;groupID=2541\">Stru\u010dna skupina Europske komisije za medijsku pismenost<\/a> dodatno je 2016. pojasnila definiciju medijske pismenosti nagla\u0161avaju\u0107i da je to krovni izraz koji uklju\u010duje sve tehni\u010dke, kognitivne, dru\u0161tvene, gra\u0111anske i kreativne kapacitete koji gra\u0111anima omogu\u0107uju pristup, interakciju i kriti\u010dko razumijevanje medija, kao i sudjelovanje u gospodarskome, dru\u0161tvenome i kulturnome \u017eivotu dru\u0161tva te aktivnu ulogu u demokratskome procesu. Nagla\u0161eno je i da je u svim mogu\u0107im definicijama medijske pismenosti klju\u010dni element razvoj kriti\u010dkoga razmi\u0161ljanja.<\/p>\r\n\r\n\r\n\r\n<p>Revidirana <a href=\"https:\/\/eur-lex.europa.eu\/legal-content\/HR\/TXT\/HTML\/?uri=CELEX:32018L1808&amp;from=HR\">Direktiva o audiovizualnim medijskim uslugama<\/a> (AVMSD) ja\u010da ulogu medijske pismenosti. Od dr\u017eava \u010dlanica zahtijeva promicanje i poduzimanje mjera za razvoj vje\u0161tina medijske pismenosti (\u010dlanak 33.a). U preambuli AVMS Direktive stoji: \u201emedijska pismenost odnosi se na vje\u0161tine, znanje i razumijevanje koje omogu\u0107uju gra\u0111anima da se u\u010dinkovito i sigurno koriste medijima. Kako bi se gra\u0111anima omogu\u0107ilo da pristupe informacijama te odgovorno i sigurno upotrebljavaju, kriti\u010dki procjenjuju i stvaraju medijski sadr\u017eaj, oni bi trebali imati napredne vje\u0161tine medijske pismenosti. Medijska pismenost ne bi se trebala ograni\u010diti samo na u\u010denje o alatima i tehnologijama, nego bi trebala biti usmjerena na to da gra\u0111ani steknu vje\u0161tine kriti\u010dkog razmi\u0161ljanja potrebne za prosudbu, analizu slo\u017eenih stanja i prepoznavanje razlike izme\u0111u mi\u0161ljenja i \u010dinjenica. Stoga je potrebno da i pru\u017eatelji medijskih usluga i pru\u017eatelji platformi za razmjenu videozapisa promi\u010du razvoj medijske pismenosti u svim dijelovima dru\u0161tva, za gra\u0111ane svake dobi i za sve medije, u suradnji sa svim relevantnim dionicima i uz pomno pra\u0107enje napretka s tim u vezi\u201c.<\/p>\r\n\r\n\r\n\r\n<p>U dokumentu iz travnja 2018. <a href=\"https:\/\/ec.europa.eu\/digital-single-market\/en\/news\/communication-tackling-online-disinformation-european-approach\"><em>Tackling online disinformation: a European Approach<\/em><\/a>, koji se bavi problemom dezinformacija, Europska komisija kao jedno od rje\u0161enja problema vidi medijsku pismenost, odnosno nagla\u0161ava da u borbi protiv dezinformacija \u201eu\u010dinkovita dugoro\u010dna rje\u0161enja zahtijevaju podizanje svijesti, ja\u010danje medijske pismenosti, \u0161iroku uklju\u010denost dionika i suradnju javnih tijela, internetskih platformi, ogla\u0161iva\u010da, novinara i medijskih ku\u0107a\u201c.<\/p>\r\n\r\n\r\n\r\n<div class=\"wp-block-columns has-2-columns is-layout-flex wp-container-core-columns-is-layout-1 wp-block-columns-is-layout-flex\">\r\n<div class=\"wp-block-column is-layout-flow wp-block-column-is-layout-flow\">\r\n<h2 class=\"wp-block-heading\" style=\"text-align: center;\"><a href=\"http:\/\/aem.hr\/projekti-medijske-pismenosti\/\">Projekti<\/a><\/h2>\r\n\r\n\r\n\r\n<p>&nbsp;<\/p>\r\n<\/div>\r\n\r\n\r\n\r\n<div class=\"wp-block-column is-layout-flow wp-block-column-is-layout-flow\">\r\n<h2 class=\"wp-block-heading\" style=\"text-align: center;\"><a href=\"http:\/\/aem.hr\/materijali\/\">Materijali<\/a><\/h2>\r\n<\/div>\r\n<\/div>\r\n","protected":false},"excerpt":{"rendered":"<p>Vije\u0107e za elektroni\u010dke medije temeljem \u010dlanka 69. Zakona o elektroni\u010dkim medijima ima obavezu poticanja medijske pismenosti. Europska komisija je 2007. u dokumentu A European approach to media literacy in the digital environment medijsku pismenost definirala kao \u201esposobnost pristupa medijima, razumijevanje i kriti\u010dko vrednovanje razli\u010ditih aspekata medija i medijskih sadr\u017eaja te ostvarivanje komunikacije u raznovrsnim kontekstima\u201c. [&hellip;]<\/p>\n","protected":false},"author":18,"featured_media":0,"parent":0,"menu_order":0,"comment_status":"closed","ping_status":"closed","template":"","meta":{"_acf_changed":false,"inline_featured_image":false,"advgb_blocks_editor_width":"","advgb_blocks_columns_visual_guide":"","_links_to":"","_links_to_type":0,"footnotes":""},"class_list":["post-4077","page","type-page","status-publish","hentry"],"acf":[],"yoast_head":"<!-- This site is optimized with the Yoast SEO plugin v25.7 - https:\/\/yoast.com\/wordpress\/plugins\/seo\/ -->\n<title>Medijska pismenost - Agencija za elektroni\u010dke medije<\/title>\n<meta name=\"robots\" content=\"index, follow, max-snippet:-1, max-image-preview:large, max-video-preview:-1\" \/>\n<link rel=\"canonical\" href=\"https:\/\/aem.hr\/medijska-pismenost\/\" \/>\n<meta property=\"og:locale\" content=\"en_US\" \/>\n<meta property=\"og:type\" content=\"article\" \/>\n<meta property=\"og:title\" content=\"Medijska pismenost - Agencija za elektroni\u010dke medije\" \/>\n<meta property=\"og:description\" content=\"Vije\u0107e za elektroni\u010dke medije temeljem \u010dlanka 69. Zakona o elektroni\u010dkim medijima ima obavezu poticanja medijske pismenosti. Europska komisija je 2007. u dokumentu A European approach to media literacy in the digital environment medijsku pismenost definirala kao \u201esposobnost pristupa medijima, razumijevanje i kriti\u010dko vrednovanje razli\u010ditih aspekata medija i medijskih sadr\u017eaja te ostvarivanje komunikacije u raznovrsnim kontekstima\u201c. [&hellip;]\" \/>\n<meta property=\"og:url\" content=\"https:\/\/aem.hr\/medijska-pismenost\/\" \/>\n<meta property=\"og:site_name\" content=\"Agencija za elektroni\u010dke medije\" \/>\n<meta property=\"article:modified_time\" content=\"2019-02-18T13:59:04+00:00\" \/>\n<meta name=\"twitter:card\" content=\"summary_large_image\" \/>\n<meta name=\"twitter:label1\" content=\"Est. reading time\" \/>\n\t<meta name=\"twitter:data1\" content=\"2 minutes\" \/>\n<script type=\"application\/ld+json\" class=\"yoast-schema-graph\">{\"@context\":\"https:\/\/schema.org\",\"@graph\":[{\"@type\":\"WebPage\",\"@id\":\"https:\/\/aem.hr\/medijska-pismenost\/\",\"url\":\"https:\/\/aem.hr\/medijska-pismenost\/\",\"name\":\"Medijska pismenost - Agencija za elektroni\u010dke medije\",\"isPartOf\":{\"@id\":\"https:\/\/aem.hr\/#website\"},\"datePublished\":\"2019-02-14T14:04:14+00:00\",\"dateModified\":\"2019-02-18T13:59:04+00:00\",\"breadcrumb\":{\"@id\":\"https:\/\/aem.hr\/medijska-pismenost\/#breadcrumb\"},\"inLanguage\":\"en-US\",\"potentialAction\":[{\"@type\":\"ReadAction\",\"target\":[\"https:\/\/aem.hr\/medijska-pismenost\/\"]}]},{\"@type\":\"BreadcrumbList\",\"@id\":\"https:\/\/aem.hr\/medijska-pismenost\/#breadcrumb\",\"itemListElement\":[{\"@type\":\"ListItem\",\"position\":1,\"name\":\"Po\u010detna stranica\",\"item\":\"https:\/\/aem.hr\/\"},{\"@type\":\"ListItem\",\"position\":2,\"name\":\"Medijska pismenost\"}]},{\"@type\":\"WebSite\",\"@id\":\"https:\/\/aem.hr\/#website\",\"url\":\"https:\/\/aem.hr\/\",\"name\":\"Agencija za elektroni\u010dke medije\",\"description\":\"\",\"potentialAction\":[{\"@type\":\"SearchAction\",\"target\":{\"@type\":\"EntryPoint\",\"urlTemplate\":\"https:\/\/aem.hr\/?s={search_term_string}\"},\"query-input\":{\"@type\":\"PropertyValueSpecification\",\"valueRequired\":true,\"valueName\":\"search_term_string\"}}],\"inLanguage\":\"en-US\"}]}<\/script>\n<!-- \/ Yoast SEO plugin. -->","yoast_head_json":{"title":"Medijska pismenost - Agencija za elektroni\u010dke medije","robots":{"index":"index","follow":"follow","max-snippet":"max-snippet:-1","max-image-preview":"max-image-preview:large","max-video-preview":"max-video-preview:-1"},"canonical":"https:\/\/aem.hr\/medijska-pismenost\/","og_locale":"en_US","og_type":"article","og_title":"Medijska pismenost - Agencija za elektroni\u010dke medije","og_description":"Vije\u0107e za elektroni\u010dke medije temeljem \u010dlanka 69. Zakona o elektroni\u010dkim medijima ima obavezu poticanja medijske pismenosti. Europska komisija je 2007. u dokumentu A European approach to media literacy in the digital environment medijsku pismenost definirala kao \u201esposobnost pristupa medijima, razumijevanje i kriti\u010dko vrednovanje razli\u010ditih aspekata medija i medijskih sadr\u017eaja te ostvarivanje komunikacije u raznovrsnim kontekstima\u201c. [&hellip;]","og_url":"https:\/\/aem.hr\/medijska-pismenost\/","og_site_name":"Agencija za elektroni\u010dke medije","article_modified_time":"2019-02-18T13:59:04+00:00","twitter_card":"summary_large_image","twitter_misc":{"Est. reading time":"2 minutes"},"schema":{"@context":"https:\/\/schema.org","@graph":[{"@type":"WebPage","@id":"https:\/\/aem.hr\/medijska-pismenost\/","url":"https:\/\/aem.hr\/medijska-pismenost\/","name":"Medijska pismenost - Agencija za elektroni\u010dke medije","isPartOf":{"@id":"https:\/\/aem.hr\/#website"},"datePublished":"2019-02-14T14:04:14+00:00","dateModified":"2019-02-18T13:59:04+00:00","breadcrumb":{"@id":"https:\/\/aem.hr\/medijska-pismenost\/#breadcrumb"},"inLanguage":"en-US","potentialAction":[{"@type":"ReadAction","target":["https:\/\/aem.hr\/medijska-pismenost\/"]}]},{"@type":"BreadcrumbList","@id":"https:\/\/aem.hr\/medijska-pismenost\/#breadcrumb","itemListElement":[{"@type":"ListItem","position":1,"name":"Po\u010detna stranica","item":"https:\/\/aem.hr\/"},{"@type":"ListItem","position":2,"name":"Medijska pismenost"}]},{"@type":"WebSite","@id":"https:\/\/aem.hr\/#website","url":"https:\/\/aem.hr\/","name":"Agencija za elektroni\u010dke medije","description":"","potentialAction":[{"@type":"SearchAction","target":{"@type":"EntryPoint","urlTemplate":"https:\/\/aem.hr\/?s={search_term_string}"},"query-input":{"@type":"PropertyValueSpecification","valueRequired":true,"valueName":"search_term_string"}}],"inLanguage":"en-US"}]}},"coauthors":[],"author_meta":{"author_link":"https:\/\/aem.hr\/en\/blog\/author\/mkirac\/","display_name":"Matko Kirac"},"relative_dates":{"created":"Posted 7 years ago","modified":"Updated 7 years ago"},"absolute_dates":{"created":"Posted on 14. February 2019.","modified":"Updated on 18. February 2019."},"absolute_dates_time":{"created":"Posted on 14. February 2019. 15:04","modified":"Updated on 18. February 2019. 14:59"},"featured_img_caption":"","featured_img":false,"series_order":"","_links":{"self":[{"href":"https:\/\/aem.hr\/en\/wp-json\/wp\/v2\/pages\/4077","targetHints":{"allow":["GET"]}}],"collection":[{"href":"https:\/\/aem.hr\/en\/wp-json\/wp\/v2\/pages"}],"about":[{"href":"https:\/\/aem.hr\/en\/wp-json\/wp\/v2\/types\/page"}],"author":[{"embeddable":true,"href":"https:\/\/aem.hr\/en\/wp-json\/wp\/v2\/users\/18"}],"replies":[{"embeddable":true,"href":"https:\/\/aem.hr\/en\/wp-json\/wp\/v2\/comments?post=4077"}],"version-history":[{"count":4,"href":"https:\/\/aem.hr\/en\/wp-json\/wp\/v2\/pages\/4077\/revisions"}],"predecessor-version":[{"id":4099,"href":"https:\/\/aem.hr\/en\/wp-json\/wp\/v2\/pages\/4077\/revisions\/4099"}],"wp:attachment":[{"href":"https:\/\/aem.hr\/en\/wp-json\/wp\/v2\/media?parent=4077"}],"curies":[{"name":"wp","href":"https:\/\/api.w.org\/{rel}","templated":true}]}}