{"id":4080,"date":"2019-02-14T15:09:52","date_gmt":"2019-02-14T14:09:52","guid":{"rendered":"http:\/\/emediji.inspirium.hr\/?page_id=4080"},"modified":"2022-06-30T18:58:45","modified_gmt":"2022-06-30T16:58:45","slug":"projekti-medijske-pismenosti","status":"publish","type":"page","link":"https:\/\/aem.hr\/en\/projekti-medijske-pismenosti\/","title":{"rendered":"Projekti medijske pismenosti"},"content":{"rendered":"\n<p><strong>Internetski\nportal&nbsp;<\/strong><a href=\"http:\/\/www.medijskapismenost.hr\/\"><strong>medijskapismenost.hr<\/strong><\/a><\/p>\n\n\n\n<p>Internetski\nportal&nbsp;<a href=\"https:\/\/www.medijskapismenost.hr\/\"><strong>medijskapismenost.hr<\/strong><\/a>,\nnamijenjen je informiranju i edukaciji roditelja, dje\u010djih skrbnika, u\u010ditelja,\nnastavnika i odgojitelja o medijskoj pismenosti i medijskom obrazovanju. Cilj\nmu je na jednom mjestu omogu\u0107iti sveobuhvatan pregled pouzdanih i korisnih\ninformacija o medijskoj pismenosti i medijima, kao i njihovu potencijalnom\nutjecaju na razvoj djece i mladih. Pru\u017ea informacije o utjecaju razli\u010ditih\nvrsta medija i \u017eanrova na djecu, obra\u0111uje teme kao \u0161to su sigurnost na\ninternetu, problem dezinformacija, nasilje u medijima, stereotipi, utjecaj\nmedija na dje\u010dji razvoj te nudi niz savjeta roditeljima kako postupiti u\nkonkretnim situacijama iz stvarnog \u017eivota, ali&nbsp;informira i o znanstvenim\nradovima i politikama s podru\u010dja medijske pismenosti.<\/p>\n\n\n\n<p>Portal su u lipnju\n2016. pokrenuli Agencija za elektroni\u010dke medije i UNICEF, u suradnji s\nFakultetom politi\u010dkih znanosti u Zagrebu, Akademijom dramske umjetnosti,\nHrvatskim audiovizualnim centrom i Hrvatskim filmskim savezom. U lipnju 2019. pridru\u017eili su im se i Akademija za\numjetnost i kulturu u Osijeku, Odsjek za komunikologiju Hrvatskih studija,\nOdjel za komunikologiju Sveu\u010dili\u0161ta u Dubrovniku, U\u010diteljski fakultet\nSveu\u010dili\u0161ta u Zagrebu, Veleu\u010dili\u0161te VERN\u2019 i Visoka \u0161kola Edward Bernays.<\/p>\n\n\n\n<p>Va\u017enost\ninternetskog portala medijskapismenost.hr prepoznao je Europski audiovizualni\nopservatorij koji ga je, u svom opse\u017enom izvje\u0161\u0107u \u201eMapiranje praksi i\naktivnosti medijske pismenosti u Europskoj uniji\u201d, uvrstio me\u0111u najzna\u010dajnije\nprojekte medijske pismenosti u Europskoj uniji, te me\u0111u pet najzna\u010dajnijih u\nHrvatskoj u razdoblju 2010. \u2013 2016.<\/p>\n\n\n\n<p><strong>Dani medijske\npismenosti<\/strong><\/p>\n\n\n\n<p>Agencija za elektroni\u010dke medije i UNICEF pokrenuli su projekt Dani medijske pismenosti&nbsp;da bi se stvorila&nbsp; platforma za okupljanje i suradnju raznovrsnih dru\u0161tvenih dionika, za poticanje i organiziranje odr\u017eivih projekata, kao i za osvje\u0161tavanje javnosti o va\u017enosti medijske pismenosti, osna\u017eivanje gra\u0111ana vje\u0161tinama medijske pismenosti, te podr\u0161ku odgojiteljima i nastavnicima razvojem edukacijskih materijala za medijsko obrazovanje.<\/p>\n\n\n\n<p>Dani medijske pismenosti odr\u017eavaju se od 2018., svake godine u prolje\u0107e, u suradnji s brojnim partnerima i uz podr\u0161ku Ministarstva kulture i medija i Ministarstva znanosti i obrazovanja.<\/p>\n\n\n\n<p>U sklopu\u00a0<a href=\"https:\/\/www.medijskapismenost.hr\/dani-medijske-pismenosti-2022\/\" target=\"_blank\" rel=\"noreferrer noopener\"><strong>5. Dana medijske pismenosti<\/strong><\/a>\u00a0u svibnju 2022.\u00a0diljem Hrvatske odr\u017eano je 558 doga\u0111anja<strong>\u00a0<\/strong>s vi\u0161e od 1500 aktivnosti. Vi\u0161e od 33 tisu\u0107e sudionika, prvenstveno djece i mladih, sudjelovalo je na\u00a0predavanjima, radionicama, filmskim projekcijama i drugih doga\u0111anjima\u00a0u vrti\u0107ima, \u0161kolama, fakultetima, knji\u017enicama, kinima,medijima i udrugama.\u00a0Ve\u0107ina aktivnosti odr\u017eana je na temelju obrazovnih materijala pripremljenih u suradnji sa stru\u010dnjacima u sklopu dosada\u0161njih Dana medijske pismenosti, dostupnih za preuzimanje na portalu\u00a0<a href=\"http:\/\/medijskapismenost.hr\/\" target=\"_blank\" rel=\"noreferrer noopener\">medijskapismenost.hr<\/a>. Ukupno\u00a0<a href=\"https:\/\/www.medijskapismenost.hr\/obrazovni-materijali-za-preuzimanje\/\" target=\"_blank\" rel=\"noreferrer noopener\"><strong>32 obrazovna materijala<\/strong><\/a>\u00a0i\u00a0<a href=\"https:\/\/www.medijskapismenost.hr\/video-lekcije-medijske-pismenosti\/\" target=\"_blank\" rel=\"noreferrer noopener\"><strong>20 video lekcija<\/strong><\/a><strong> <\/strong>preuzeti su vi\u0161e od\u00a0 650 000 puta.<\/p>\n\n\n\n<p>Svake godine u sklopu Dana medijske pismenosti, Agencija za elektroni\u010dke medije i UNICEF u suradnji s Hrvatskim filmskim savezom organiziraju i filmski natje\u010daj za djecu i mlade. Na radionicama \u201cDjeca upoznaju medije\u201d, organiziranima u vode\u0107im medijskim ku\u0107ama u Hrvatskoj, sudjelovalo je gotovo 2000 u\u010denika osnovnih i srednjih \u0161kola, a u vrijeme pandemije umjesto radionica u\u017eivo pripremljeni su video vodi\u010di kroz medije kako bi se u\u010denike upoznalo s na\u010dinom funkcioniranja medija i nastankom medijskih sadr\u017eaja.<\/p>\n","protected":false},"excerpt":{"rendered":"<p>Internetski portal&nbsp;medijskapismenost.hr Internetski portal&nbsp;medijskapismenost.hr, namijenjen je informiranju i edukaciji roditelja, dje\u010djih skrbnika, u\u010ditelja, nastavnika i odgojitelja o medijskoj pismenosti i medijskom obrazovanju. Cilj mu je na jednom mjestu omogu\u0107iti sveobuhvatan pregled pouzdanih i korisnih informacija o medijskoj pismenosti i medijima, kao i njihovu potencijalnom utjecaju na razvoj djece i mladih. Pru\u017ea informacije o utjecaju razli\u010ditih [&hellip;]<\/p>\n","protected":false},"author":18,"featured_media":0,"parent":0,"menu_order":0,"comment_status":"closed","ping_status":"closed","template":"","meta":{"_acf_changed":false,"inline_featured_image":false,"advgb_blocks_editor_width":"","advgb_blocks_columns_visual_guide":"","_links_to":"","_links_to_type":0,"footnotes":""},"class_list":["post-4080","page","type-page","status-publish","hentry"],"acf":[],"yoast_head":"<!-- This site is optimized with the Yoast SEO plugin v25.7 - https:\/\/yoast.com\/wordpress\/plugins\/seo\/ -->\n<title>Projekti medijske pismenosti - Agencija za elektroni\u010dke medije<\/title>\n<meta name=\"robots\" content=\"index, follow, max-snippet:-1, max-image-preview:large, max-video-preview:-1\" \/>\n<link rel=\"canonical\" href=\"https:\/\/aem.hr\/projekti-medijske-pismenosti\/\" \/>\n<meta property=\"og:locale\" content=\"en_US\" \/>\n<meta property=\"og:type\" content=\"article\" \/>\n<meta property=\"og:title\" content=\"Projekti medijske pismenosti - Agencija za elektroni\u010dke medije\" \/>\n<meta property=\"og:description\" content=\"Internetski portal&nbsp;medijskapismenost.hr Internetski portal&nbsp;medijskapismenost.hr, namijenjen je informiranju i edukaciji roditelja, dje\u010djih skrbnika, u\u010ditelja, nastavnika i odgojitelja o medijskoj pismenosti i medijskom obrazovanju. Cilj mu je na jednom mjestu omogu\u0107iti sveobuhvatan pregled pouzdanih i korisnih informacija o medijskoj pismenosti i medijima, kao i njihovu potencijalnom utjecaju na razvoj djece i mladih. Pru\u017ea informacije o utjecaju razli\u010ditih [&hellip;]\" \/>\n<meta property=\"og:url\" content=\"https:\/\/aem.hr\/projekti-medijske-pismenosti\/\" \/>\n<meta property=\"og:site_name\" content=\"Agencija za elektroni\u010dke medije\" \/>\n<meta property=\"article:modified_time\" content=\"2022-06-30T16:58:45+00:00\" \/>\n<meta name=\"twitter:card\" content=\"summary_large_image\" \/>\n<meta name=\"twitter:label1\" content=\"Est. reading time\" \/>\n\t<meta name=\"twitter:data1\" content=\"3 minutes\" \/>\n<script type=\"application\/ld+json\" class=\"yoast-schema-graph\">{\"@context\":\"https:\/\/schema.org\",\"@graph\":[{\"@type\":\"WebPage\",\"@id\":\"https:\/\/aem.hr\/projekti-medijske-pismenosti\/\",\"url\":\"https:\/\/aem.hr\/projekti-medijske-pismenosti\/\",\"name\":\"Projekti medijske pismenosti - Agencija za elektroni\u010dke medije\",\"isPartOf\":{\"@id\":\"https:\/\/aem.hr\/#website\"},\"datePublished\":\"2019-02-14T14:09:52+00:00\",\"dateModified\":\"2022-06-30T16:58:45+00:00\",\"breadcrumb\":{\"@id\":\"https:\/\/aem.hr\/projekti-medijske-pismenosti\/#breadcrumb\"},\"inLanguage\":\"en-US\",\"potentialAction\":[{\"@type\":\"ReadAction\",\"target\":[\"https:\/\/aem.hr\/projekti-medijske-pismenosti\/\"]}]},{\"@type\":\"BreadcrumbList\",\"@id\":\"https:\/\/aem.hr\/projekti-medijske-pismenosti\/#breadcrumb\",\"itemListElement\":[{\"@type\":\"ListItem\",\"position\":1,\"name\":\"Po\u010detna stranica\",\"item\":\"https:\/\/aem.hr\/\"},{\"@type\":\"ListItem\",\"position\":2,\"name\":\"Projekti medijske pismenosti\"}]},{\"@type\":\"WebSite\",\"@id\":\"https:\/\/aem.hr\/#website\",\"url\":\"https:\/\/aem.hr\/\",\"name\":\"Agencija za elektroni\u010dke medije\",\"description\":\"\",\"potentialAction\":[{\"@type\":\"SearchAction\",\"target\":{\"@type\":\"EntryPoint\",\"urlTemplate\":\"https:\/\/aem.hr\/?s={search_term_string}\"},\"query-input\":{\"@type\":\"PropertyValueSpecification\",\"valueRequired\":true,\"valueName\":\"search_term_string\"}}],\"inLanguage\":\"en-US\"}]}<\/script>\n<!-- \/ Yoast SEO plugin. -->","yoast_head_json":{"title":"Projekti medijske pismenosti - Agencija za elektroni\u010dke medije","robots":{"index":"index","follow":"follow","max-snippet":"max-snippet:-1","max-image-preview":"max-image-preview:large","max-video-preview":"max-video-preview:-1"},"canonical":"https:\/\/aem.hr\/projekti-medijske-pismenosti\/","og_locale":"en_US","og_type":"article","og_title":"Projekti medijske pismenosti - Agencija za elektroni\u010dke medije","og_description":"Internetski portal&nbsp;medijskapismenost.hr Internetski portal&nbsp;medijskapismenost.hr, namijenjen je informiranju i edukaciji roditelja, dje\u010djih skrbnika, u\u010ditelja, nastavnika i odgojitelja o medijskoj pismenosti i medijskom obrazovanju. Cilj mu je na jednom mjestu omogu\u0107iti sveobuhvatan pregled pouzdanih i korisnih informacija o medijskoj pismenosti i medijima, kao i njihovu potencijalnom utjecaju na razvoj djece i mladih. Pru\u017ea informacije o utjecaju razli\u010ditih [&hellip;]","og_url":"https:\/\/aem.hr\/projekti-medijske-pismenosti\/","og_site_name":"Agencija za elektroni\u010dke medije","article_modified_time":"2022-06-30T16:58:45+00:00","twitter_card":"summary_large_image","twitter_misc":{"Est. reading time":"3 minutes"},"schema":{"@context":"https:\/\/schema.org","@graph":[{"@type":"WebPage","@id":"https:\/\/aem.hr\/projekti-medijske-pismenosti\/","url":"https:\/\/aem.hr\/projekti-medijske-pismenosti\/","name":"Projekti medijske pismenosti - Agencija za elektroni\u010dke medije","isPartOf":{"@id":"https:\/\/aem.hr\/#website"},"datePublished":"2019-02-14T14:09:52+00:00","dateModified":"2022-06-30T16:58:45+00:00","breadcrumb":{"@id":"https:\/\/aem.hr\/projekti-medijske-pismenosti\/#breadcrumb"},"inLanguage":"en-US","potentialAction":[{"@type":"ReadAction","target":["https:\/\/aem.hr\/projekti-medijske-pismenosti\/"]}]},{"@type":"BreadcrumbList","@id":"https:\/\/aem.hr\/projekti-medijske-pismenosti\/#breadcrumb","itemListElement":[{"@type":"ListItem","position":1,"name":"Po\u010detna stranica","item":"https:\/\/aem.hr\/"},{"@type":"ListItem","position":2,"name":"Projekti medijske pismenosti"}]},{"@type":"WebSite","@id":"https:\/\/aem.hr\/#website","url":"https:\/\/aem.hr\/","name":"Agencija za elektroni\u010dke medije","description":"","potentialAction":[{"@type":"SearchAction","target":{"@type":"EntryPoint","urlTemplate":"https:\/\/aem.hr\/?s={search_term_string}"},"query-input":{"@type":"PropertyValueSpecification","valueRequired":true,"valueName":"search_term_string"}}],"inLanguage":"en-US"}]}},"coauthors":[],"author_meta":{"author_link":"https:\/\/aem.hr\/en\/blog\/author\/mkirac\/","display_name":"Matko Kirac"},"relative_dates":{"created":"Posted 7 years ago","modified":"Updated 4 years ago"},"absolute_dates":{"created":"Posted on 14. February 2019.","modified":"Updated on 30. June 2022."},"absolute_dates_time":{"created":"Posted on 14. February 2019. 15:09","modified":"Updated on 30. June 2022. 18:58"},"featured_img_caption":"","featured_img":false,"series_order":"","_links":{"self":[{"href":"https:\/\/aem.hr\/en\/wp-json\/wp\/v2\/pages\/4080","targetHints":{"allow":["GET"]}}],"collection":[{"href":"https:\/\/aem.hr\/en\/wp-json\/wp\/v2\/pages"}],"about":[{"href":"https:\/\/aem.hr\/en\/wp-json\/wp\/v2\/types\/page"}],"author":[{"embeddable":true,"href":"https:\/\/aem.hr\/en\/wp-json\/wp\/v2\/users\/18"}],"replies":[{"embeddable":true,"href":"https:\/\/aem.hr\/en\/wp-json\/wp\/v2\/comments?post=4080"}],"version-history":[{"count":20,"href":"https:\/\/aem.hr\/en\/wp-json\/wp\/v2\/pages\/4080\/revisions"}],"predecessor-version":[{"id":12776,"href":"https:\/\/aem.hr\/en\/wp-json\/wp\/v2\/pages\/4080\/revisions\/12776"}],"wp:attachment":[{"href":"https:\/\/aem.hr\/en\/wp-json\/wp\/v2\/media?parent=4080"}],"curies":[{"name":"wp","href":"https:\/\/api.w.org\/{rel}","templated":true}]}}