{"id":4082,"date":"2019-02-14T15:12:10","date_gmt":"2019-02-14T14:12:10","guid":{"rendered":"http:\/\/emediji.inspirium.hr\/?page_id=4082"},"modified":"2020-05-12T10:40:57","modified_gmt":"2020-05-12T08:40:57","slug":"materijali","status":"publish","type":"page","link":"https:\/\/aem.hr\/en\/materijali\/","title":{"rendered":"Materijali"},"content":{"rendered":"\n<div class=\"wp-block-columns has-3-columns is-layout-flex wp-container-core-columns-is-layout-1 wp-block-columns-is-layout-flex\">\n<div class=\"wp-block-column is-layout-flow wp-block-column-is-layout-flow\">\n<figure class=\"wp-block-image\"><a href=\"https:\/\/www.medijskapismenost.hr\/wp-content\/uploads\/2016\/09\/medijska-pismenost-preporuke-dokument.pdf\"><img loading=\"lazy\" decoding=\"async\" width=\"591\" height=\"836\" src=\"https:\/\/aem.hr\/wp-content\/uploads\/2019\/01\/2019-01-30-15_02_11-PRIJEDLOG.png\" alt=\"\" class=\"wp-image-3974\" srcset=\"https:\/\/aem.hr\/wp-content\/uploads\/2019\/01\/2019-01-30-15_02_11-PRIJEDLOG.png 591w, https:\/\/aem.hr\/wp-content\/uploads\/2019\/01\/2019-01-30-15_02_11-PRIJEDLOG-212x300.png 212w\" sizes=\"auto, (max-width: 591px) 100vw, 591px\" \/><\/a><figcaption> Preporuke za za\u0161titu djece i sigurno kori\u0161tenje elektroni\u010dkih medija<\/figcaption><\/figure>\n\n\n\n<p><\/p>\n<\/div>\n\n\n\n<div class=\"wp-block-column is-layout-flow wp-block-column-is-layout-flow\">\n<figure class=\"wp-block-image\"><a href=\"https:\/\/www.medijskapismenost.hr\/wp-content\/uploads\/2018\/04\/Djeca-i-mediji-knjizica_medijska_pismenost.pdf\"><img loading=\"lazy\" decoding=\"async\" width=\"661\" height=\"939\" src=\"https:\/\/aem.hr\/wp-content\/uploads\/2019\/01\/2019-01-30-15_02_20-AEM-i-UNICEF-Djeca-i-mediji-knjizica_medijska_pismenost.pdf.png\" alt=\"\" class=\"wp-image-3978\" srcset=\"https:\/\/aem.hr\/wp-content\/uploads\/2019\/01\/2019-01-30-15_02_20-AEM-i-UNICEF-Djeca-i-mediji-knjizica_medijska_pismenost.pdf.png 661w, https:\/\/aem.hr\/wp-content\/uploads\/2019\/01\/2019-01-30-15_02_20-AEM-i-UNICEF-Djeca-i-mediji-knjizica_medijska_pismenost.pdf-211x300.png 211w\" sizes=\"auto, (max-width: 661px) 100vw, 661px\" \/><\/a><figcaption> AEM i UNICEF &#8211; Djeca i mediji<\/figcaption><\/figure>\n<\/div>\n\n\n\n<div class=\"wp-block-column is-layout-flow wp-block-column-is-layout-flow\">\n<figure class=\"wp-block-image\"><a href=\"https:\/\/rm.coe.int\/regulatory-authorities-for-electronic-media\/1680903a2a\"><img loading=\"lazy\" decoding=\"async\" width=\"683\" height=\"1024\" src=\"https:\/\/aem.hr\/wp-content\/uploads\/2019\/03\/Regulatory-Authorities-for-Electronic-Media_Final-ENG.PDF-01-683x1024.png\" alt=\"\" class=\"wp-image-4796\" srcset=\"https:\/\/aem.hr\/wp-content\/uploads\/2019\/03\/Regulatory-Authorities-for-Electronic-Media_Final-ENG.PDF-01-683x1024.png 683w, https:\/\/aem.hr\/wp-content\/uploads\/2019\/03\/Regulatory-Authorities-for-Electronic-Media_Final-ENG.PDF-01-200x300.png 200w, https:\/\/aem.hr\/wp-content\/uploads\/2019\/03\/Regulatory-Authorities-for-Electronic-Media_Final-ENG.PDF-01-768x1152.png 768w, https:\/\/aem.hr\/wp-content\/uploads\/2019\/03\/Regulatory-Authorities-for-Electronic-Media_Final-ENG.PDF-01.png 1260w\" sizes=\"auto, (max-width: 683px) 100vw, 683px\" \/><\/a><figcaption>Regulatory authorities for electronic media and media literacy<\/figcaption><\/figure>\n<\/div>\n<\/div>\n\n\n\n<div class=\"wp-block-columns has-3-columns is-layout-flex wp-container-core-columns-is-layout-2 wp-block-columns-is-layout-flex\">\n<div class=\"wp-block-column is-layout-flow wp-block-column-is-layout-flow\">\n<figure class=\"wp-block-image\"><a href=\"https:\/\/www.medijskapismenost.hr\/wp-content\/uploads\/2016\/12\/infografika_gledanje-TVa_12-16_FIN.pdf\"><img loading=\"lazy\" decoding=\"async\" width=\"1024\" height=\"724\" src=\"https:\/\/aem.hr\/wp-content\/uploads\/2019\/03\/infografika_gledanje-TVa_12-16_FIN-1024x724.png\" alt=\"\" class=\"wp-image-4795\" srcset=\"https:\/\/aem.hr\/wp-content\/uploads\/2019\/03\/infografika_gledanje-TVa_12-16_FIN-1024x724.png 1024w, https:\/\/aem.hr\/wp-content\/uploads\/2019\/03\/infografika_gledanje-TVa_12-16_FIN-300x212.png 300w, https:\/\/aem.hr\/wp-content\/uploads\/2019\/03\/infografika_gledanje-TVa_12-16_FIN-768x543.png 768w\" sizes=\"auto, (max-width: 1024px) 100vw, 1024px\" \/><\/a><figcaption>Infografika gledanje TVa<\/figcaption><\/figure>\n\n\n\n<figure class=\"wp-block-image size-large\"><a href=\"https:\/\/www.medijskapismenost.hr\/obrazovni-materijali-za-preuzimanje\/\"><img loading=\"lazy\" decoding=\"async\" width=\"960\" height=\"640\" src=\"https:\/\/aem.hr\/wp-content\/uploads\/2020\/05\/materijali-banner.jpg\" alt=\"\" class=\"wp-image-6517\" srcset=\"https:\/\/aem.hr\/wp-content\/uploads\/2020\/05\/materijali-banner.jpg 960w, https:\/\/aem.hr\/wp-content\/uploads\/2020\/05\/materijali-banner-300x200.jpg 300w, https:\/\/aem.hr\/wp-content\/uploads\/2020\/05\/materijali-banner-768x512.jpg 768w, https:\/\/aem.hr\/wp-content\/uploads\/2020\/05\/materijali-banner-270x180.jpg 270w\" sizes=\"auto, (max-width: 960px) 100vw, 960px\" \/><\/a><figcaption>\u00a0Obrazovni materijali za preuzimanj<\/figcaption><\/figure>\n<\/div>\n\n\n\n<div class=\"wp-block-column is-layout-flow wp-block-column-is-layout-flow\">\n<figure class=\"wp-block-image\"><a href=\"https:\/\/www.medijskapismenost.hr\/wp-content\/uploads\/2018\/04\/Slikovnica-o-medijima.pdf\"><img loading=\"lazy\" decoding=\"async\" width=\"1024\" height=\"715\" src=\"https:\/\/aem.hr\/wp-content\/uploads\/2019\/01\/2019-01-30-15_02_32-AEM-i-UNICEF-Slikovnica-o-medijima.pdf-1024x715.png\" alt=\"\" class=\"wp-image-3980\" srcset=\"https:\/\/aem.hr\/wp-content\/uploads\/2019\/01\/2019-01-30-15_02_32-AEM-i-UNICEF-Slikovnica-o-medijima.pdf-1024x715.png 1024w, https:\/\/aem.hr\/wp-content\/uploads\/2019\/01\/2019-01-30-15_02_32-AEM-i-UNICEF-Slikovnica-o-medijima.pdf-300x210.png 300w, https:\/\/aem.hr\/wp-content\/uploads\/2019\/01\/2019-01-30-15_02_32-AEM-i-UNICEF-Slikovnica-o-medijima.pdf-768x537.png 768w, https:\/\/aem.hr\/wp-content\/uploads\/2019\/01\/2019-01-30-15_02_32-AEM-i-UNICEF-Slikovnica-o-medijima.pdf.png 1128w\" sizes=\"auto, (max-width: 1024px) 100vw, 1024px\" \/><\/a><figcaption> AEM i UNICEF &#8211; Slikovnica-o-medijima   <\/figcaption><\/figure>\n\n\n\n<figure class=\"wp-block-image size-large\"><a href=\"https:\/\/www.medijskapismenost.hr\/video-lekcije-medijske-pismenosti\/\"><img loading=\"lazy\" decoding=\"async\" width=\"960\" height=\"640\" src=\"https:\/\/aem.hr\/wp-content\/uploads\/2020\/05\/banner-video-lekcije.jpg\" alt=\"\" class=\"wp-image-6513\" srcset=\"https:\/\/aem.hr\/wp-content\/uploads\/2020\/05\/banner-video-lekcije.jpg 960w, https:\/\/aem.hr\/wp-content\/uploads\/2020\/05\/banner-video-lekcije-300x200.jpg 300w, https:\/\/aem.hr\/wp-content\/uploads\/2020\/05\/banner-video-lekcije-768x512.jpg 768w, https:\/\/aem.hr\/wp-content\/uploads\/2020\/05\/banner-video-lekcije-270x180.jpg 270w\" sizes=\"auto, (max-width: 960px) 100vw, 960px\" \/><\/a><figcaption>Video lekcije medijke pismenosti<\/figcaption><\/figure>\n<\/div>\n\n\n\n<div class=\"wp-block-column is-layout-flow wp-block-column-is-layout-flow\">\n<figure class=\"wp-block-image size-large\"><a href=\"https:\/\/aem.hr\/wp-content\/uploads\/2020\/05\/infografika-Medijska-pismenost-u-doba-koronavirusa-1.pdf\"><img loading=\"lazy\" decoding=\"async\" width=\"724\" height=\"1024\" src=\"https:\/\/aem.hr\/wp-content\/uploads\/2020\/05\/medijska-pismenost-infografika-Medijska-pismenost-u-doba-koronavirusa-724x1024.jpg\" alt=\"\" class=\"wp-image-6519\" srcset=\"https:\/\/aem.hr\/wp-content\/uploads\/2020\/05\/medijska-pismenost-infografika-Medijska-pismenost-u-doba-koronavirusa-724x1024.jpg 724w, https:\/\/aem.hr\/wp-content\/uploads\/2020\/05\/medijska-pismenost-infografika-Medijska-pismenost-u-doba-koronavirusa-212x300.jpg 212w, https:\/\/aem.hr\/wp-content\/uploads\/2020\/05\/medijska-pismenost-infografika-Medijska-pismenost-u-doba-koronavirusa-768x1086.jpg 768w, https:\/\/aem.hr\/wp-content\/uploads\/2020\/05\/medijska-pismenost-infografika-Medijska-pismenost-u-doba-koronavirusa.jpg 960w\" sizes=\"auto, (max-width: 724px) 100vw, 724px\" \/><\/a><figcaption>Infografika: Medijska pismenost u doba koronavirusa<\/figcaption><\/figure>\n<\/div>\n<\/div>\n\n\n\n<p><\/p>\n","protected":false},"excerpt":{"rendered":"","protected":false},"author":18,"featured_media":0,"parent":0,"menu_order":0,"comment_status":"closed","ping_status":"closed","template":"","meta":{"_acf_changed":false,"inline_featured_image":false,"advgb_blocks_editor_width":"","advgb_blocks_columns_visual_guide":"","_links_to":"","_links_to_type":0,"footnotes":""},"class_list":["post-4082","page","type-page","status-publish","hentry"],"acf":[],"yoast_head":"<!-- This site is optimized with the Yoast SEO plugin v25.7 - https:\/\/yoast.com\/wordpress\/plugins\/seo\/ -->\n<title>Materijali - Agencija za elektroni\u010dke medije<\/title>\n<meta name=\"robots\" content=\"index, follow, max-snippet:-1, max-image-preview:large, max-video-preview:-1\" \/>\n<link rel=\"canonical\" href=\"https:\/\/aem.hr\/en\/materijali\/\" \/>\n<meta property=\"og:locale\" content=\"en_US\" \/>\n<meta property=\"og:type\" content=\"article\" \/>\n<meta property=\"og:title\" content=\"Materijali - Agencija za elektroni\u010dke medije\" \/>\n<meta property=\"og:url\" content=\"https:\/\/aem.hr\/en\/materijali\/\" \/>\n<meta property=\"og:site_name\" content=\"Agencija za elektroni\u010dke medije\" \/>\n<meta property=\"article:modified_time\" content=\"2020-05-12T08:40:57+00:00\" \/>\n<meta property=\"og:image\" content=\"https:\/\/aem.hr\/wp-content\/uploads\/2019\/01\/2019-01-30-15_02_11-PRIJEDLOG.png\" \/>\n<meta name=\"twitter:card\" content=\"summary_large_image\" \/>\n<script type=\"application\/ld+json\" class=\"yoast-schema-graph\">{\"@context\":\"https:\/\/schema.org\",\"@graph\":[{\"@type\":\"WebPage\",\"@id\":\"https:\/\/aem.hr\/en\/materijali\/\",\"url\":\"https:\/\/aem.hr\/en\/materijali\/\",\"name\":\"Materijali - Agencija za elektroni\u010dke medije\",\"isPartOf\":{\"@id\":\"https:\/\/aem.hr\/#website\"},\"primaryImageOfPage\":{\"@id\":\"https:\/\/aem.hr\/en\/materijali\/#primaryimage\"},\"image\":{\"@id\":\"https:\/\/aem.hr\/en\/materijali\/#primaryimage\"},\"thumbnailUrl\":\"https:\/\/aem.hr\/wp-content\/uploads\/2019\/01\/2019-01-30-15_02_11-PRIJEDLOG.png\",\"datePublished\":\"2019-02-14T14:12:10+00:00\",\"dateModified\":\"2020-05-12T08:40:57+00:00\",\"breadcrumb\":{\"@id\":\"https:\/\/aem.hr\/en\/materijali\/#breadcrumb\"},\"inLanguage\":\"en-US\",\"potentialAction\":[{\"@type\":\"ReadAction\",\"target\":[\"https:\/\/aem.hr\/en\/materijali\/\"]}]},{\"@type\":\"ImageObject\",\"inLanguage\":\"en-US\",\"@id\":\"https:\/\/aem.hr\/en\/materijali\/#primaryimage\",\"url\":\"https:\/\/aem.hr\/wp-content\/uploads\/2019\/01\/2019-01-30-15_02_11-PRIJEDLOG.png\",\"contentUrl\":\"https:\/\/aem.hr\/wp-content\/uploads\/2019\/01\/2019-01-30-15_02_11-PRIJEDLOG.png\"},{\"@type\":\"BreadcrumbList\",\"@id\":\"https:\/\/aem.hr\/en\/materijali\/#breadcrumb\",\"itemListElement\":[{\"@type\":\"ListItem\",\"position\":1,\"name\":\"Po\u010detna stranica\",\"item\":\"https:\/\/aem.hr\/\"},{\"@type\":\"ListItem\",\"position\":2,\"name\":\"Materijali\"}]},{\"@type\":\"WebSite\",\"@id\":\"https:\/\/aem.hr\/#website\",\"url\":\"https:\/\/aem.hr\/\",\"name\":\"Agencija za elektroni\u010dke medije\",\"description\":\"\",\"potentialAction\":[{\"@type\":\"SearchAction\",\"target\":{\"@type\":\"EntryPoint\",\"urlTemplate\":\"https:\/\/aem.hr\/?s={search_term_string}\"},\"query-input\":{\"@type\":\"PropertyValueSpecification\",\"valueRequired\":true,\"valueName\":\"search_term_string\"}}],\"inLanguage\":\"en-US\"}]}<\/script>\n<!-- \/ Yoast SEO plugin. -->","yoast_head_json":{"title":"Materijali - Agencija za elektroni\u010dke medije","robots":{"index":"index","follow":"follow","max-snippet":"max-snippet:-1","max-image-preview":"max-image-preview:large","max-video-preview":"max-video-preview:-1"},"canonical":"https:\/\/aem.hr\/en\/materijali\/","og_locale":"en_US","og_type":"article","og_title":"Materijali - Agencija za elektroni\u010dke medije","og_url":"https:\/\/aem.hr\/en\/materijali\/","og_site_name":"Agencija za elektroni\u010dke medije","article_modified_time":"2020-05-12T08:40:57+00:00","og_image":[{"url":"https:\/\/aem.hr\/wp-content\/uploads\/2019\/01\/2019-01-30-15_02_11-PRIJEDLOG.png","type":"","width":"","height":""}],"twitter_card":"summary_large_image","schema":{"@context":"https:\/\/schema.org","@graph":[{"@type":"WebPage","@id":"https:\/\/aem.hr\/en\/materijali\/","url":"https:\/\/aem.hr\/en\/materijali\/","name":"Materijali - Agencija za elektroni\u010dke medije","isPartOf":{"@id":"https:\/\/aem.hr\/#website"},"primaryImageOfPage":{"@id":"https:\/\/aem.hr\/en\/materijali\/#primaryimage"},"image":{"@id":"https:\/\/aem.hr\/en\/materijali\/#primaryimage"},"thumbnailUrl":"https:\/\/aem.hr\/wp-content\/uploads\/2019\/01\/2019-01-30-15_02_11-PRIJEDLOG.png","datePublished":"2019-02-14T14:12:10+00:00","dateModified":"2020-05-12T08:40:57+00:00","breadcrumb":{"@id":"https:\/\/aem.hr\/en\/materijali\/#breadcrumb"},"inLanguage":"en-US","potentialAction":[{"@type":"ReadAction","target":["https:\/\/aem.hr\/en\/materijali\/"]}]},{"@type":"ImageObject","inLanguage":"en-US","@id":"https:\/\/aem.hr\/en\/materijali\/#primaryimage","url":"https:\/\/aem.hr\/wp-content\/uploads\/2019\/01\/2019-01-30-15_02_11-PRIJEDLOG.png","contentUrl":"https:\/\/aem.hr\/wp-content\/uploads\/2019\/01\/2019-01-30-15_02_11-PRIJEDLOG.png"},{"@type":"BreadcrumbList","@id":"https:\/\/aem.hr\/en\/materijali\/#breadcrumb","itemListElement":[{"@type":"ListItem","position":1,"name":"Po\u010detna stranica","item":"https:\/\/aem.hr\/"},{"@type":"ListItem","position":2,"name":"Materijali"}]},{"@type":"WebSite","@id":"https:\/\/aem.hr\/#website","url":"https:\/\/aem.hr\/","name":"Agencija za elektroni\u010dke medije","description":"","potentialAction":[{"@type":"SearchAction","target":{"@type":"EntryPoint","urlTemplate":"https:\/\/aem.hr\/?s={search_term_string}"},"query-input":{"@type":"PropertyValueSpecification","valueRequired":true,"valueName":"search_term_string"}}],"inLanguage":"en-US"}]}},"coauthors":[],"author_meta":{"author_link":"https:\/\/aem.hr\/en\/blog\/author\/mkirac\/","display_name":"Matko Kirac"},"relative_dates":{"created":"Posted 7 years ago","modified":"Updated 6 years ago"},"absolute_dates":{"created":"Posted on 14. February 2019.","modified":"Updated on 12. May 2020."},"absolute_dates_time":{"created":"Posted on 14. February 2019. 15:12","modified":"Updated on 12. May 2020. 10:40"},"featured_img_caption":"","featured_img":false,"series_order":"","_links":{"self":[{"href":"https:\/\/aem.hr\/en\/wp-json\/wp\/v2\/pages\/4082","targetHints":{"allow":["GET"]}}],"collection":[{"href":"https:\/\/aem.hr\/en\/wp-json\/wp\/v2\/pages"}],"about":[{"href":"https:\/\/aem.hr\/en\/wp-json\/wp\/v2\/types\/page"}],"author":[{"embeddable":true,"href":"https:\/\/aem.hr\/en\/wp-json\/wp\/v2\/users\/18"}],"replies":[{"embeddable":true,"href":"https:\/\/aem.hr\/en\/wp-json\/wp\/v2\/comments?post=4082"}],"version-history":[{"count":8,"href":"https:\/\/aem.hr\/en\/wp-json\/wp\/v2\/pages\/4082\/revisions"}],"predecessor-version":[{"id":6524,"href":"https:\/\/aem.hr\/en\/wp-json\/wp\/v2\/pages\/4082\/revisions\/6524"}],"wp:attachment":[{"href":"https:\/\/aem.hr\/en\/wp-json\/wp\/v2\/media?parent=4082"}],"curies":[{"name":"wp","href":"https:\/\/api.w.org\/{rel}","templated":true}]}}