{"id":4087,"date":"2019-02-14T15:14:34","date_gmt":"2019-02-14T14:14:34","guid":{"rendered":"http:\/\/emediji.inspirium.hr\/?page_id=4087"},"modified":"2019-02-14T15:14:35","modified_gmt":"2019-02-14T14:14:35","slug":"zene-i-mediji","status":"publish","type":"page","link":"https:\/\/aem.hr\/en\/zene-i-mediji\/","title":{"rendered":"\u017dene i mediji"},"content":{"rendered":"\n<p>Mediji\nigraju klju\u010dnu ulogu u procesu socijalizacije pojedinaca, pa tako i utje\u010du na\npercepciju o tome \u0161to \u010dini identitet mu\u0161karaca i \u017eena. Stoga ne iznena\u0111uje da\nsu brojne internacionalne inicijative i preporuke, kao klju\u010dne elemente za\npostizanju rodne ravnopravnosti na svim razinama, prepoznale ve\u0107u prisutnost\n\u017eena u medijima te izmjene medijskog prikaza \u017eena i mu\u0161karaca koji se treba\nodmaknuti od dru\u0161tveno konstruiranih stereotipova. <\/p>\n\n\n\n<p>Ravnopravnost\nspolova uvr\u0161tena je 2001. me\u0111u\nnajvi\u0161e vrednote ustavnog poretka Republike Hrvatske, a 2003. godine donesen je\nprvi hrvatski Zakon o ravnopravnosti spolova.<\/p>\n\n\n\n<p>Rodna i spolna jednakost uklju\u010dena je i u\nZakon o elektroni\u010dkim medijima (\u010dl.12. st.2, \u010dl.16. st.4., \u010dl.30 st.2., \u010dl. 64.\nst.1) \u010dime su Agenciji i Vije\u0107u za elektroni\u010dke medije dodijeljene ovlasti, ali\ni odgovornost za provedbu odredbi ovog zakona i nadzor nad\nradom elektroni\u010dkih medija.<\/p>\n\n\n\n<p>Od\n2014. Agencija za elektroni\u010dke medije \u010dlanica je Mediteranske mre\u017ee\nregulatornih tijela (MNRA) i potpisnica \u201eDeklaracije MNRA-a o poticanju\nmu\u0161ko-\u017eenske ravnopravnosti i borbe protiv rodnih stereotipova\u201c, \u010dime je\npostala jedna od aktivnih \u010dlanica radne skupine <em>\u017dene i mediji<\/em> koja djeluje pri ovoj regulatornoj mre\u017ei.<\/p>\n\n\n\n<p>Po\u010dev\u0161i\nod 2014. Agencija je provela niz analiza vezanih uz vidljivost i zastupljenost\n\u017eena u medijima.<\/p>\n\n\n\n<p>Tako\nje u 2014. i 2015. pratila <em>Vidljivost\n\u017eena i mu\u0161karaca u sredi\u0161njim informativnim emisijama triju negledanijih\nnacionalnih televizija<\/em>. \u017dene su gotovo izjedna\u010dene s mu\u0161karcima kao\nvoditeljice vijesti i novinarke, ali kada se pogleda udio \u017eena u ukupnom broj\nizjava i komentara, njihovo mi\u0161ljenje \u010dini niti jednu tre\u0107inu iznesenih stavova\npojedinaca u sredi\u0161njem informativnim emisijama. <\/p>\n\n\n\n<p>Tijekom\n2015. Agencija se posvetila detektiranju <em>Rodnih\nstereotipova u reklamama<\/em>. Rodni stereotipovi su prona\u0111eni u vi\u0161e od\npolovice reklamnih spotova iz analiziranog uzorka, od \u010dega se 80 posto\ndetektiranih stereotipova odnosilo na \u017eene, a 20 posto na mu\u0161karce.<\/p>\n\n\n\n<p>U\n2016. u fokusu su bile \u017eene i sport. Analizirane su sportske vijesti emitirane\nu sklopu sredi\u0161njih dnevnih informativnih emisija na tri najgledanije\nnacionalne televizije. Analiza je pokazala da je niti 4 posto priloga posve\u0107eno\n\u017eenskom sportu i \u017eenama u sportu. <\/p>\n\n\n\n<p>Ovi pora\u017eavaju\u0107i\nrezultati potaknuli su nas da u suradnji s Hrvatskim olimpijskim odborom i\nUredom za ravnopravnost spolova Republike Hrvatske, pod pokroviteljstvom\nSredi\u0161njeg dr\u017eavnog ureda za sport, pokrenemo kampanju <em>Za ve\u0107u vidljivost \u017eenskog sporta u elektroni\u010dkim medijima<\/em>. <\/p>\n\n\n\n<p>U sklopu kampanje na tri\nnacionalne i 23 lokalne televizije te na preko 100 radijskih postaja emitirani\nsu spotovi kojima se htjelo utjecati na podizanje razine svijesti o va\u017enosti\n\u017eenskog sporta i njegovoj podzastupljenosti i marginalizaciji u medijima, ali i\nu dru\u0161tvu.<\/p>\n\n\n\n<p>Kako bi utjecali na\nsvijest medija o va\u017enosti bolje pokrivenosti \u017eenskog sporta te o nu\u017enosti\nbalansiranog pristupa kada je rije\u010d o izvje\u0161tavanju o sportskim uspjesima \u017eena\ni mu\u0161karaca, Agencija radi na izradi Preporuka za bolje pra\u0107enje \u017eenskog sporta\nu elektroni\u010dkim medijima.<\/p>\n\n\n\n<p>Od\n1. o\u017eujka do 31. svibnja 2018. ra\u0111ena je <em>Analiza\nmedijskog tretmana rodnog nasilja u Hrvatskoj na trima nacionalnim\ntelevizijama. <\/em>Rezultati ove analize predstavljeni su na okruglom stolu\nodr\u017eanom 4. prosinca 2018. u Zagrebu.&nbsp;\nRezultati su pokazali da najutjecajnije nacionalne TV ku\u0107e problem\nnasilja nad \u017eenama ne tretiraju kao izolirani incident iz crne kronike, ve\u0107 ga\nstavljaju u \u0161iri kontekst i svjesni su da se radi o ra\u0161irenom dru\u0161tvenom\nproblemu. Ipak, i dalje ima prostora za kvalitetnije i sustavnije izvje\u0161tavanje\no ovoj va\u017enoj temi, koja, na\u017ealost, u fokus javnosti dolazi samo kada su u\npitanju tragi\u010dni doga\u0111aji ili crne obljetnice.<\/p>\n\n\n\n<p>Web\nstranica www.zeneimediji.hr, kao i Facebook stranica <em>\u017dene i mediji<\/em>, jo\u0161 su jedan korak ka osvje\u0161tavanju javnosti i\nmedijskih djelatnika o postojanju problema rodne nejednakosti u medijima.<\/p>\n\n\n\n<p>Agencija\ni Vije\u0107e za elektroni\u010dke medije nastoje konstantnim ukazivanjem na postojanje\novog problema, kao i uklju\u010divanjem svih klju\u010dnih dionika u akcije osvje\u0161tavanja\njavnosti i medija u njegovo rje\u0161avanje, utjecati na postizanje jednakosti u\nmedijskom prikazu i medijskoj vidljivosti \u017eena i mu\u0161karaca. Web portal www.zeneimediji.hr\ntrebao bi jo\u0161 intenzivirati te aktivnosti.<\/p>\n","protected":false},"excerpt":{"rendered":"<p>Mediji igraju klju\u010dnu ulogu u procesu socijalizacije pojedinaca, pa tako i utje\u010du na percepciju o tome \u0161to \u010dini identitet mu\u0161karaca i \u017eena. Stoga ne iznena\u0111uje da su brojne internacionalne inicijative i preporuke, kao klju\u010dne elemente za postizanju rodne ravnopravnosti na svim razinama, prepoznale ve\u0107u prisutnost \u017eena u medijima te izmjene medijskog prikaza \u017eena i mu\u0161karaca [&hellip;]<\/p>\n","protected":false},"author":18,"featured_media":0,"parent":0,"menu_order":0,"comment_status":"closed","ping_status":"closed","template":"","meta":{"_acf_changed":false,"inline_featured_image":false,"advgb_blocks_editor_width":"","advgb_blocks_columns_visual_guide":"","_links_to":"","_links_to_type":0,"footnotes":""},"class_list":["post-4087","page","type-page","status-publish","hentry"],"acf":[],"yoast_head":"<!-- This site is optimized with the Yoast SEO plugin v25.7 - https:\/\/yoast.com\/wordpress\/plugins\/seo\/ -->\n<title>\u017dene i mediji - Agencija za elektroni\u010dke medije<\/title>\n<meta name=\"robots\" content=\"index, follow, max-snippet:-1, max-image-preview:large, max-video-preview:-1\" \/>\n<link rel=\"canonical\" href=\"https:\/\/aem.hr\/zene-i-mediji\/\" \/>\n<meta property=\"og:locale\" content=\"en_US\" \/>\n<meta property=\"og:type\" content=\"article\" \/>\n<meta property=\"og:title\" content=\"\u017dene i mediji - Agencija za elektroni\u010dke medije\" \/>\n<meta property=\"og:description\" content=\"Mediji igraju klju\u010dnu ulogu u procesu socijalizacije pojedinaca, pa tako i utje\u010du na percepciju o tome \u0161to \u010dini identitet mu\u0161karaca i \u017eena. Stoga ne iznena\u0111uje da su brojne internacionalne inicijative i preporuke, kao klju\u010dne elemente za postizanju rodne ravnopravnosti na svim razinama, prepoznale ve\u0107u prisutnost \u017eena u medijima te izmjene medijskog prikaza \u017eena i mu\u0161karaca [&hellip;]\" \/>\n<meta property=\"og:url\" content=\"https:\/\/aem.hr\/zene-i-mediji\/\" \/>\n<meta property=\"og:site_name\" content=\"Agencija za elektroni\u010dke medije\" \/>\n<meta property=\"article:modified_time\" content=\"2019-02-14T14:14:35+00:00\" \/>\n<meta name=\"twitter:card\" content=\"summary_large_image\" \/>\n<meta name=\"twitter:label1\" content=\"Est. reading time\" \/>\n\t<meta name=\"twitter:data1\" content=\"3 minutes\" \/>\n<script type=\"application\/ld+json\" class=\"yoast-schema-graph\">{\"@context\":\"https:\/\/schema.org\",\"@graph\":[{\"@type\":\"WebPage\",\"@id\":\"https:\/\/aem.hr\/zene-i-mediji\/\",\"url\":\"https:\/\/aem.hr\/zene-i-mediji\/\",\"name\":\"\u017dene i mediji - Agencija za elektroni\u010dke medije\",\"isPartOf\":{\"@id\":\"https:\/\/aem.hr\/#website\"},\"datePublished\":\"2019-02-14T14:14:34+00:00\",\"dateModified\":\"2019-02-14T14:14:35+00:00\",\"breadcrumb\":{\"@id\":\"https:\/\/aem.hr\/zene-i-mediji\/#breadcrumb\"},\"inLanguage\":\"en-US\",\"potentialAction\":[{\"@type\":\"ReadAction\",\"target\":[\"https:\/\/aem.hr\/zene-i-mediji\/\"]}]},{\"@type\":\"BreadcrumbList\",\"@id\":\"https:\/\/aem.hr\/zene-i-mediji\/#breadcrumb\",\"itemListElement\":[{\"@type\":\"ListItem\",\"position\":1,\"name\":\"Po\u010detna stranica\",\"item\":\"https:\/\/aem.hr\/\"},{\"@type\":\"ListItem\",\"position\":2,\"name\":\"\u017dene i mediji\"}]},{\"@type\":\"WebSite\",\"@id\":\"https:\/\/aem.hr\/#website\",\"url\":\"https:\/\/aem.hr\/\",\"name\":\"Agencija za elektroni\u010dke medije\",\"description\":\"\",\"potentialAction\":[{\"@type\":\"SearchAction\",\"target\":{\"@type\":\"EntryPoint\",\"urlTemplate\":\"https:\/\/aem.hr\/?s={search_term_string}\"},\"query-input\":{\"@type\":\"PropertyValueSpecification\",\"valueRequired\":true,\"valueName\":\"search_term_string\"}}],\"inLanguage\":\"en-US\"}]}<\/script>\n<!-- \/ Yoast SEO plugin. -->","yoast_head_json":{"title":"\u017dene i mediji - Agencija za elektroni\u010dke medije","robots":{"index":"index","follow":"follow","max-snippet":"max-snippet:-1","max-image-preview":"max-image-preview:large","max-video-preview":"max-video-preview:-1"},"canonical":"https:\/\/aem.hr\/zene-i-mediji\/","og_locale":"en_US","og_type":"article","og_title":"\u017dene i mediji - Agencija za elektroni\u010dke medije","og_description":"Mediji igraju klju\u010dnu ulogu u procesu socijalizacije pojedinaca, pa tako i utje\u010du na percepciju o tome \u0161to \u010dini identitet mu\u0161karaca i \u017eena. Stoga ne iznena\u0111uje da su brojne internacionalne inicijative i preporuke, kao klju\u010dne elemente za postizanju rodne ravnopravnosti na svim razinama, prepoznale ve\u0107u prisutnost \u017eena u medijima te izmjene medijskog prikaza \u017eena i mu\u0161karaca [&hellip;]","og_url":"https:\/\/aem.hr\/zene-i-mediji\/","og_site_name":"Agencija za elektroni\u010dke medije","article_modified_time":"2019-02-14T14:14:35+00:00","twitter_card":"summary_large_image","twitter_misc":{"Est. reading time":"3 minutes"},"schema":{"@context":"https:\/\/schema.org","@graph":[{"@type":"WebPage","@id":"https:\/\/aem.hr\/zene-i-mediji\/","url":"https:\/\/aem.hr\/zene-i-mediji\/","name":"\u017dene i mediji - Agencija za elektroni\u010dke medije","isPartOf":{"@id":"https:\/\/aem.hr\/#website"},"datePublished":"2019-02-14T14:14:34+00:00","dateModified":"2019-02-14T14:14:35+00:00","breadcrumb":{"@id":"https:\/\/aem.hr\/zene-i-mediji\/#breadcrumb"},"inLanguage":"en-US","potentialAction":[{"@type":"ReadAction","target":["https:\/\/aem.hr\/zene-i-mediji\/"]}]},{"@type":"BreadcrumbList","@id":"https:\/\/aem.hr\/zene-i-mediji\/#breadcrumb","itemListElement":[{"@type":"ListItem","position":1,"name":"Po\u010detna stranica","item":"https:\/\/aem.hr\/"},{"@type":"ListItem","position":2,"name":"\u017dene i mediji"}]},{"@type":"WebSite","@id":"https:\/\/aem.hr\/#website","url":"https:\/\/aem.hr\/","name":"Agencija za elektroni\u010dke medije","description":"","potentialAction":[{"@type":"SearchAction","target":{"@type":"EntryPoint","urlTemplate":"https:\/\/aem.hr\/?s={search_term_string}"},"query-input":{"@type":"PropertyValueSpecification","valueRequired":true,"valueName":"search_term_string"}}],"inLanguage":"en-US"}]}},"coauthors":[],"author_meta":{"author_link":"https:\/\/aem.hr\/en\/blog\/author\/mkirac\/","display_name":"Matko Kirac"},"relative_dates":{"created":"Posted 7 years ago","modified":"Updated 7 years ago"},"absolute_dates":{"created":"Posted on 14. February 2019.","modified":"Updated on 14. February 2019."},"absolute_dates_time":{"created":"Posted on 14. February 2019. 15:14","modified":"Updated on 14. February 2019. 15:14"},"featured_img_caption":"","featured_img":false,"series_order":"","_links":{"self":[{"href":"https:\/\/aem.hr\/en\/wp-json\/wp\/v2\/pages\/4087","targetHints":{"allow":["GET"]}}],"collection":[{"href":"https:\/\/aem.hr\/en\/wp-json\/wp\/v2\/pages"}],"about":[{"href":"https:\/\/aem.hr\/en\/wp-json\/wp\/v2\/types\/page"}],"author":[{"embeddable":true,"href":"https:\/\/aem.hr\/en\/wp-json\/wp\/v2\/users\/18"}],"replies":[{"embeddable":true,"href":"https:\/\/aem.hr\/en\/wp-json\/wp\/v2\/comments?post=4087"}],"version-history":[{"count":1,"href":"https:\/\/aem.hr\/en\/wp-json\/wp\/v2\/pages\/4087\/revisions"}],"predecessor-version":[{"id":4088,"href":"https:\/\/aem.hr\/en\/wp-json\/wp\/v2\/pages\/4087\/revisions\/4088"}],"wp:attachment":[{"href":"https:\/\/aem.hr\/en\/wp-json\/wp\/v2\/media?parent=4087"}],"curies":[{"name":"wp","href":"https:\/\/api.w.org\/{rel}","templated":true}]}}