{"id":4719,"date":"2019-03-01T15:05:21","date_gmt":"2019-03-01T14:05:21","guid":{"rendered":"http:\/\/aem.hr\/?page_id=4719"},"modified":"2019-03-04T09:16:12","modified_gmt":"2019-03-04T08:16:12","slug":"josip-popovac-predsjednik","status":"publish","type":"page","link":"https:\/\/aem.hr\/en\/josip-popovac-predsjednik\/","title":{"rendered":"Josip Popovac, predsjednik"},"content":{"rendered":"\n<p>Josip Popovac ro\u0111en je 1974. godine. Osnovnu i srednju \u0161kolu zavr\u0161io je u Omi\u0161u te je diplomirao na Pravnom fakultetu u Zagrebu. Ve\u0107inu svoje karijere ostvario je na Hrvatskoj radioteleviziji (HRT), gdje je u posljednjih dvadeset godina obna\u0161ao du\u017enosti producenta, odgovornog producenta Dramskog programa HTV-a te glavnog producenta HTV-a. Od 2009. do 2011. obna\u0161ao je du\u017enost v.d. Glavnog ravnatelja HRT-a upravljaju\u0107i poslovnim operacijama te predstavljaju\u0107i i zastupaju\u0107i tu ustanovu. Od 2011. do 2012. bio je Predsjednik Uprave i privremeni glavni ravnatelj HRT-a, odgovoran za sve segmente upravljanja javnom radiotelevizijom te provo\u0111enje odluka Programskog vije\u0107a i Nadzornog odbora HRT-a. Od 2010. do 2013. obna\u0161ao je funkciju predsjednika Europske asocijacije javnih radiotelevizijskih servisa jugoisto\u010dne Europe. Tijekom 2013. Josip Popovac obna\u0161ao je du\u017enost Odgovornog producenta programa HRT-a, a u razdoblju od 2013. do 2017. bio je rukovoditelj odjela Upravljanja proizvodnjom kao i pomo\u0107nik ravnatelja PJ Produkcija HRT-a. U Vije\u0107e za elektroni\u010dke medije do\u0161ao je s pozicije rukovoditelja RJ Odabir i nabava programa HTV-a. Odlukom Hrvatskog sabora, 29. lipnja 2018., Josip Popovac imenovan je \u010dlanom Vije\u0107a za elektroni\u010dke medije. Na istoj sjednici Sabora donesena je Odluka o imenovanju Josipa Popovca predsjednikom Vije\u0107a za elektroni\u010dke medije i ravnateljem Agencije s danom 1. rujna 2018.<\/p>\n","protected":false},"excerpt":{"rendered":"<p>Josip Popovac ro\u0111en je 1974. godine. Osnovnu i srednju \u0161kolu zavr\u0161io je u Omi\u0161u te je diplomirao na Pravnom fakultetu u Zagrebu. Ve\u0107inu svoje karijere ostvario je na Hrvatskoj radioteleviziji (HRT), gdje je u posljednjih dvadeset godina obna\u0161ao du\u017enosti producenta, odgovornog producenta Dramskog programa HTV-a te glavnog producenta HTV-a. Od 2009. do 2011. obna\u0161ao je [&hellip;]<\/p>\n","protected":false},"author":18,"featured_media":0,"parent":0,"menu_order":0,"comment_status":"closed","ping_status":"closed","template":"","meta":{"_acf_changed":false,"inline_featured_image":false,"advgb_blocks_editor_width":"","advgb_blocks_columns_visual_guide":"","_links_to":"","_links_to_type":0,"footnotes":""},"class_list":["post-4719","page","type-page","status-publish","hentry"],"acf":[],"yoast_head":"<!-- This site is optimized with the Yoast SEO plugin v25.7 - https:\/\/yoast.com\/wordpress\/plugins\/seo\/ -->\n<title>Josip Popovac, predsjednik - Agencija za elektroni\u010dke medije<\/title>\n<meta name=\"robots\" content=\"index, follow, max-snippet:-1, max-image-preview:large, max-video-preview:-1\" \/>\n<link rel=\"canonical\" href=\"https:\/\/aem.hr\/josip-popovac-predsjednik\/\" \/>\n<meta property=\"og:locale\" content=\"en_US\" \/>\n<meta property=\"og:type\" content=\"article\" \/>\n<meta property=\"og:title\" content=\"Josip Popovac, predsjednik - Agencija za elektroni\u010dke medije\" \/>\n<meta property=\"og:description\" content=\"Josip Popovac ro\u0111en je 1974. godine. Osnovnu i srednju \u0161kolu zavr\u0161io je u Omi\u0161u te je diplomirao na Pravnom fakultetu u Zagrebu. Ve\u0107inu svoje karijere ostvario je na Hrvatskoj radioteleviziji (HRT), gdje je u posljednjih dvadeset godina obna\u0161ao du\u017enosti producenta, odgovornog producenta Dramskog programa HTV-a te glavnog producenta HTV-a. Od 2009. do 2011. obna\u0161ao je [&hellip;]\" \/>\n<meta property=\"og:url\" content=\"https:\/\/aem.hr\/josip-popovac-predsjednik\/\" \/>\n<meta property=\"og:site_name\" content=\"Agencija za elektroni\u010dke medije\" \/>\n<meta property=\"article:modified_time\" content=\"2019-03-04T08:16:12+00:00\" \/>\n<meta name=\"twitter:card\" content=\"summary_large_image\" \/>\n<meta name=\"twitter:label1\" content=\"Est. reading time\" \/>\n\t<meta name=\"twitter:data1\" content=\"1 minute\" \/>\n<script type=\"application\/ld+json\" class=\"yoast-schema-graph\">{\"@context\":\"https:\/\/schema.org\",\"@graph\":[{\"@type\":\"WebPage\",\"@id\":\"https:\/\/aem.hr\/josip-popovac-predsjednik\/\",\"url\":\"https:\/\/aem.hr\/josip-popovac-predsjednik\/\",\"name\":\"Josip Popovac, predsjednik - Agencija za elektroni\u010dke medije\",\"isPartOf\":{\"@id\":\"https:\/\/aem.hr\/#website\"},\"datePublished\":\"2019-03-01T14:05:21+00:00\",\"dateModified\":\"2019-03-04T08:16:12+00:00\",\"breadcrumb\":{\"@id\":\"https:\/\/aem.hr\/josip-popovac-predsjednik\/#breadcrumb\"},\"inLanguage\":\"en-US\",\"potentialAction\":[{\"@type\":\"ReadAction\",\"target\":[\"https:\/\/aem.hr\/josip-popovac-predsjednik\/\"]}]},{\"@type\":\"BreadcrumbList\",\"@id\":\"https:\/\/aem.hr\/josip-popovac-predsjednik\/#breadcrumb\",\"itemListElement\":[{\"@type\":\"ListItem\",\"position\":1,\"name\":\"Po\u010detna stranica\",\"item\":\"https:\/\/aem.hr\/\"},{\"@type\":\"ListItem\",\"position\":2,\"name\":\"Josip Popovac, predsjednik\"}]},{\"@type\":\"WebSite\",\"@id\":\"https:\/\/aem.hr\/#website\",\"url\":\"https:\/\/aem.hr\/\",\"name\":\"Agencija za elektroni\u010dke medije\",\"description\":\"\",\"potentialAction\":[{\"@type\":\"SearchAction\",\"target\":{\"@type\":\"EntryPoint\",\"urlTemplate\":\"https:\/\/aem.hr\/?s={search_term_string}\"},\"query-input\":{\"@type\":\"PropertyValueSpecification\",\"valueRequired\":true,\"valueName\":\"search_term_string\"}}],\"inLanguage\":\"en-US\"}]}<\/script>\n<!-- \/ Yoast SEO plugin. -->","yoast_head_json":{"title":"Josip Popovac, predsjednik - Agencija za elektroni\u010dke medije","robots":{"index":"index","follow":"follow","max-snippet":"max-snippet:-1","max-image-preview":"max-image-preview:large","max-video-preview":"max-video-preview:-1"},"canonical":"https:\/\/aem.hr\/josip-popovac-predsjednik\/","og_locale":"en_US","og_type":"article","og_title":"Josip Popovac, predsjednik - Agencija za elektroni\u010dke medije","og_description":"Josip Popovac ro\u0111en je 1974. godine. Osnovnu i srednju \u0161kolu zavr\u0161io je u Omi\u0161u te je diplomirao na Pravnom fakultetu u Zagrebu. Ve\u0107inu svoje karijere ostvario je na Hrvatskoj radioteleviziji (HRT), gdje je u posljednjih dvadeset godina obna\u0161ao du\u017enosti producenta, odgovornog producenta Dramskog programa HTV-a te glavnog producenta HTV-a. Od 2009. do 2011. obna\u0161ao je [&hellip;]","og_url":"https:\/\/aem.hr\/josip-popovac-predsjednik\/","og_site_name":"Agencija za elektroni\u010dke medije","article_modified_time":"2019-03-04T08:16:12+00:00","twitter_card":"summary_large_image","twitter_misc":{"Est. reading time":"1 minute"},"schema":{"@context":"https:\/\/schema.org","@graph":[{"@type":"WebPage","@id":"https:\/\/aem.hr\/josip-popovac-predsjednik\/","url":"https:\/\/aem.hr\/josip-popovac-predsjednik\/","name":"Josip Popovac, predsjednik - Agencija za elektroni\u010dke medije","isPartOf":{"@id":"https:\/\/aem.hr\/#website"},"datePublished":"2019-03-01T14:05:21+00:00","dateModified":"2019-03-04T08:16:12+00:00","breadcrumb":{"@id":"https:\/\/aem.hr\/josip-popovac-predsjednik\/#breadcrumb"},"inLanguage":"en-US","potentialAction":[{"@type":"ReadAction","target":["https:\/\/aem.hr\/josip-popovac-predsjednik\/"]}]},{"@type":"BreadcrumbList","@id":"https:\/\/aem.hr\/josip-popovac-predsjednik\/#breadcrumb","itemListElement":[{"@type":"ListItem","position":1,"name":"Po\u010detna stranica","item":"https:\/\/aem.hr\/"},{"@type":"ListItem","position":2,"name":"Josip Popovac, predsjednik"}]},{"@type":"WebSite","@id":"https:\/\/aem.hr\/#website","url":"https:\/\/aem.hr\/","name":"Agencija za elektroni\u010dke medije","description":"","potentialAction":[{"@type":"SearchAction","target":{"@type":"EntryPoint","urlTemplate":"https:\/\/aem.hr\/?s={search_term_string}"},"query-input":{"@type":"PropertyValueSpecification","valueRequired":true,"valueName":"search_term_string"}}],"inLanguage":"en-US"}]}},"coauthors":[],"author_meta":{"author_link":"https:\/\/aem.hr\/en\/blog\/author\/mkirac\/","display_name":"Matko Kirac"},"relative_dates":{"created":"Posted 7 years ago","modified":"Updated 7 years ago"},"absolute_dates":{"created":"Posted on 1. March 2019.","modified":"Updated on 4. March 2019."},"absolute_dates_time":{"created":"Posted on 1. March 2019. 15:05","modified":"Updated on 4. March 2019. 9:16"},"featured_img_caption":"","featured_img":false,"series_order":"","_links":{"self":[{"href":"https:\/\/aem.hr\/en\/wp-json\/wp\/v2\/pages\/4719","targetHints":{"allow":["GET"]}}],"collection":[{"href":"https:\/\/aem.hr\/en\/wp-json\/wp\/v2\/pages"}],"about":[{"href":"https:\/\/aem.hr\/en\/wp-json\/wp\/v2\/types\/page"}],"author":[{"embeddable":true,"href":"https:\/\/aem.hr\/en\/wp-json\/wp\/v2\/users\/18"}],"replies":[{"embeddable":true,"href":"https:\/\/aem.hr\/en\/wp-json\/wp\/v2\/comments?post=4719"}],"version-history":[{"count":3,"href":"https:\/\/aem.hr\/en\/wp-json\/wp\/v2\/pages\/4719\/revisions"}],"predecessor-version":[{"id":4728,"href":"https:\/\/aem.hr\/en\/wp-json\/wp\/v2\/pages\/4719\/revisions\/4728"}],"wp:attachment":[{"href":"https:\/\/aem.hr\/en\/wp-json\/wp\/v2\/media?parent=4719"}],"curies":[{"name":"wp","href":"https:\/\/api.w.org\/{rel}","templated":true}]}}