{"id":4773,"date":"2019-03-05T15:15:34","date_gmt":"2019-03-05T14:15:34","guid":{"rendered":"http:\/\/aem.hr\/?page_id=4773"},"modified":"2025-01-10T11:32:26","modified_gmt":"2025-01-10T10:32:26","slug":"clanovi-vijeca","status":"publish","type":"page","link":"https:\/\/aem.hr\/en\/clanovi-vijeca\/","title":{"rendered":"\u010clanovi Vije\u0107a"},"content":{"rendered":"\n<p>\u010clanovi Vije\u0107a za elektroni\u010dke medije su: Josip Popovac, Robert Tomljenovi\u0107, Anita Malenica, Davor Mari\u0107, Jasna Vani\u010dek-Fila, \u017deljko Topi\u0107 i Mladen \u010cutura.<\/p>\n\n\n\n<div class=\"wp-block-columns has-3-columns is-layout-flex wp-container-core-columns-is-layout-1 wp-block-columns-is-layout-flex\">\n<div class=\"wp-block-column is-layout-flow wp-block-column-is-layout-flow\">\n<p><\/p>\n<\/div>\n\n\n\n<div class=\"wp-block-column is-layout-flow wp-block-column-is-layout-flow\"><div class=\"wp-block-image is-resized\">\n<figure class=\"aligncenter\"><a href=\"http:\/\/aem.hr\/josip-popovac-predsjednik\/\"><img loading=\"lazy\" decoding=\"async\" width=\"609\" height=\"608\" src=\"https:\/\/aem.hr\/wp-content\/uploads\/2019\/02\/Josip-Popovac.jpg\" alt=\"\" class=\"wp-image-4167\" srcset=\"https:\/\/aem.hr\/wp-content\/uploads\/2019\/02\/Josip-Popovac.jpg 609w, https:\/\/aem.hr\/wp-content\/uploads\/2019\/02\/Josip-Popovac-150x150.jpg 150w, https:\/\/aem.hr\/wp-content\/uploads\/2019\/02\/Josip-Popovac-300x300.jpg 300w, https:\/\/aem.hr\/wp-content\/uploads\/2019\/02\/Josip-Popovac-600x600.jpg 600w, https:\/\/aem.hr\/wp-content\/uploads\/2019\/02\/Josip-Popovac-100x100.jpg 100w\" sizes=\"auto, (max-width: 609px) 100vw, 609px\" \/><\/a><figcaption class=\"wp-element-caption\"><strong> Josip Popovac<br><\/strong>Predsjednik Vije\u0107a <\/figcaption><\/figure><\/div><\/div>\n\n\n\n<div class=\"wp-block-column is-layout-flow wp-block-column-is-layout-flow\"><\/div>\n<\/div>\n\n\n\n<div class=\"wp-block-columns has-3-columns is-layout-flex wp-container-core-columns-is-layout-2 wp-block-columns-is-layout-flex\">\n<div class=\"wp-block-column is-layout-flow wp-block-column-is-layout-flow\">\n<figure class=\"wp-block-image is-resized\"><a href=\"http:\/\/aem.hr\/robert-tomljenovic\/\"><img loading=\"lazy\" decoding=\"async\" width=\"350\" height=\"350\" src=\"https:\/\/aem.hr\/wp-content\/uploads\/2019\/01\/Robert-Tomljenovi\u0107-AEM.jpg\" alt=\"\" class=\"wp-image-886\" srcset=\"https:\/\/aem.hr\/wp-content\/uploads\/2019\/01\/Robert-Tomljenovi\u0107-AEM.jpg 350w, https:\/\/aem.hr\/wp-content\/uploads\/2019\/01\/Robert-Tomljenovi\u0107-AEM-150x150.jpg 150w, https:\/\/aem.hr\/wp-content\/uploads\/2019\/01\/Robert-Tomljenovi\u0107-AEM-300x300.jpg 300w, https:\/\/aem.hr\/wp-content\/uploads\/2019\/01\/Robert-Tomljenovi\u0107-AEM-100x100.jpg 100w\" sizes=\"auto, (max-width: 350px) 100vw, 350px\" \/><\/a><figcaption class=\"wp-element-caption\"><strong> Robert Tomljenovi\u0107<br><\/strong>Zamjenik predsjednika <\/figcaption><\/figure>\n\n\n\n<p><\/p>\n<\/div>\n\n\n\n<div class=\"wp-block-column is-layout-flow wp-block-column-is-layout-flow\">\n<figure class=\"wp-block-image is-resized\"><a href=\"http:\/\/aem.hr\/anita-malenica\/\"><img loading=\"lazy\" decoding=\"async\" width=\"256\" height=\"256\" src=\"https:\/\/aem.hr\/wp-content\/uploads\/2019\/03\/Anita-Malenica-AEM-small.png\" alt=\"\" class=\"wp-image-4780\" srcset=\"https:\/\/aem.hr\/wp-content\/uploads\/2019\/03\/Anita-Malenica-AEM-small.png 256w, https:\/\/aem.hr\/wp-content\/uploads\/2019\/03\/Anita-Malenica-AEM-small-150x150.png 150w, https:\/\/aem.hr\/wp-content\/uploads\/2019\/03\/Anita-Malenica-AEM-small-100x100.png 100w\" sizes=\"auto, (max-width: 256px) 100vw, 256px\" \/><\/a><figcaption class=\"wp-element-caption\"><strong>Anita Malenica<br><\/strong>\u010clanica Vije\u0107a<\/figcaption><\/figure>\n<\/div>\n\n\n\n<div class=\"wp-block-column is-layout-flow wp-block-column-is-layout-flow\">\n<figure class=\"wp-block-image is-resized\"><a href=\"http:\/\/aem.hr\/davor-maric\/\"><img loading=\"lazy\" decoding=\"async\" width=\"691\" height=\"691\" src=\"https:\/\/aem.hr\/wp-content\/uploads\/2019\/02\/Mari\u0107.jpg\" alt=\"\" class=\"wp-image-4162\" srcset=\"https:\/\/aem.hr\/wp-content\/uploads\/2019\/02\/Mari\u0107.jpg 691w, https:\/\/aem.hr\/wp-content\/uploads\/2019\/02\/Mari\u0107-150x150.jpg 150w, https:\/\/aem.hr\/wp-content\/uploads\/2019\/02\/Mari\u0107-300x300.jpg 300w, https:\/\/aem.hr\/wp-content\/uploads\/2019\/02\/Mari\u0107-600x600.jpg 600w, https:\/\/aem.hr\/wp-content\/uploads\/2019\/02\/Mari\u0107-100x100.jpg 100w\" sizes=\"auto, (max-width: 691px) 100vw, 691px\" \/><\/a><figcaption class=\"wp-element-caption\"><strong> Davor Mari\u0107<br><\/strong>\u010clan Vije\u0107a <\/figcaption><\/figure>\n<\/div>\n<\/div>\n\n\n\n<div class=\"wp-block-columns has-3-columns is-layout-flex wp-container-core-columns-is-layout-3 wp-block-columns-is-layout-flex\">\n<div class=\"wp-block-column is-layout-flow wp-block-column-is-layout-flow\">\n<figure class=\"wp-block-image size-full\"><a href=\"http:\/\/aem.hr\/jasna-vanicek-fila\/\"><img loading=\"lazy\" decoding=\"async\" width=\"350\" height=\"350\" src=\"https:\/\/aem.hr\/wp-content\/uploads\/2025\/01\/jasna-fila-web.jpg\" alt=\"\" class=\"wp-image-18709\" srcset=\"https:\/\/aem.hr\/wp-content\/uploads\/2025\/01\/jasna-fila-web.jpg 350w, https:\/\/aem.hr\/wp-content\/uploads\/2025\/01\/jasna-fila-web-300x300.jpg 300w, https:\/\/aem.hr\/wp-content\/uploads\/2025\/01\/jasna-fila-web-150x150.jpg 150w, https:\/\/aem.hr\/wp-content\/uploads\/2025\/01\/jasna-fila-web-100x100.jpg 100w\" sizes=\"auto, (max-width: 350px) 100vw, 350px\" \/><\/a><figcaption class=\"wp-element-caption\"><strong>Jasna Vani\u010dek-Fila<br><\/strong>\u010clanica Vije\u0107a<\/figcaption><\/figure>\n<\/div>\n\n\n\n<div class=\"wp-block-column is-layout-flow wp-block-column-is-layout-flow\">\n<figure class=\"wp-block-image size-full is-resized\"><a href=\"http:\/\/aem.hr\/zeljko-topic-clan-vijeca\/\"><img loading=\"lazy\" decoding=\"async\" width=\"330\" height=\"331\" src=\"https:\/\/aem.hr\/wp-content\/uploads\/2023\/02\/Zeljko-Topic-web.jpg\" alt=\"\" class=\"wp-image-15846\" srcset=\"https:\/\/aem.hr\/wp-content\/uploads\/2023\/02\/Zeljko-Topic-web.jpg 330w, https:\/\/aem.hr\/wp-content\/uploads\/2023\/02\/Zeljko-Topic-web-300x300.jpg 300w, https:\/\/aem.hr\/wp-content\/uploads\/2023\/02\/Zeljko-Topic-web-150x150.jpg 150w, https:\/\/aem.hr\/wp-content\/uploads\/2023\/02\/Zeljko-Topic-web-100x100.jpg 100w\" sizes=\"auto, (max-width: 330px) 100vw, 330px\" \/><\/a><figcaption class=\"wp-element-caption\"><strong>\u017deljko Topi\u0107<br><\/strong>\u010clan Vije\u0107a<\/figcaption><\/figure>\n<\/div>\n\n\n\n<div class=\"wp-block-column is-layout-flow wp-block-column-is-layout-flow\">\n<figure class=\"wp-block-image size-full\"><a href=\"http:\/\/aem.hr\/dr-sc-mladen-cutura-clan-vijeca\/\"><img loading=\"lazy\" decoding=\"async\" width=\"575\" height=\"578\" src=\"https:\/\/aem.hr\/wp-content\/uploads\/2024\/12\/cutura.jpg\" alt=\"\" class=\"wp-image-18311\" srcset=\"https:\/\/aem.hr\/wp-content\/uploads\/2024\/12\/cutura.jpg 575w, https:\/\/aem.hr\/wp-content\/uploads\/2024\/12\/cutura-298x300.jpg 298w, https:\/\/aem.hr\/wp-content\/uploads\/2024\/12\/cutura-150x150.jpg 150w, https:\/\/aem.hr\/wp-content\/uploads\/2024\/12\/cutura-100x100.jpg 100w\" sizes=\"auto, (max-width: 575px) 100vw, 575px\" \/><\/a><figcaption class=\"wp-element-caption\"><strong><strong>Mladen \u010cutura<br><\/strong><\/strong>\u010clan Vije\u0107a<\/figcaption><\/figure>\n<\/div>\n<\/div>\n","protected":false},"excerpt":{"rendered":"<p>\u010clanovi Vije\u0107a za elektroni\u010dke medije su: Josip Popovac, Robert Tomljenovi\u0107, Anita Malenica, Davor Mari\u0107, Jasna Vani\u010dek-Fila, \u017deljko Topi\u0107 i Mladen \u010cutura.<\/p>\n","protected":false},"author":18,"featured_media":0,"parent":0,"menu_order":0,"comment_status":"closed","ping_status":"closed","template":"","meta":{"_acf_changed":false,"inline_featured_image":false,"advgb_blocks_editor_width":"","advgb_blocks_columns_visual_guide":"","_links_to":"","_links_to_type":0,"footnotes":""},"class_list":["post-4773","page","type-page","status-publish","hentry"],"acf":[],"yoast_head":"<!-- This site is optimized with the Yoast SEO plugin v25.7 - https:\/\/yoast.com\/wordpress\/plugins\/seo\/ -->\n<title>\u010clanovi Vije\u0107a - Agencija za elektroni\u010dke medije<\/title>\n<meta name=\"robots\" content=\"index, follow, max-snippet:-1, max-image-preview:large, max-video-preview:-1\" \/>\n<link rel=\"canonical\" href=\"https:\/\/aem.hr\/clanovi-vijeca\/\" \/>\n<meta property=\"og:locale\" content=\"en_US\" \/>\n<meta property=\"og:type\" content=\"article\" \/>\n<meta property=\"og:title\" content=\"\u010clanovi Vije\u0107a - Agencija za elektroni\u010dke medije\" \/>\n<meta property=\"og:description\" content=\"\u010clanovi Vije\u0107a za elektroni\u010dke medije su: Josip Popovac, Robert Tomljenovi\u0107, Anita Malenica, Davor Mari\u0107, Jasna Vani\u010dek-Fila, \u017deljko Topi\u0107 i Mladen \u010cutura.\" \/>\n<meta property=\"og:url\" content=\"https:\/\/aem.hr\/clanovi-vijeca\/\" \/>\n<meta property=\"og:site_name\" content=\"Agencija za elektroni\u010dke medije\" \/>\n<meta property=\"article:modified_time\" content=\"2025-01-10T10:32:26+00:00\" \/>\n<meta property=\"og:image\" content=\"https:\/\/aem.hr\/wp-content\/uploads\/2019\/02\/Josip-Popovac.jpg\" \/>\n<meta name=\"twitter:card\" content=\"summary_large_image\" \/>\n<meta name=\"twitter:label1\" content=\"Est. reading time\" \/>\n\t<meta name=\"twitter:data1\" content=\"2 minutes\" \/>\n<script type=\"application\/ld+json\" class=\"yoast-schema-graph\">{\"@context\":\"https:\/\/schema.org\",\"@graph\":[{\"@type\":\"WebPage\",\"@id\":\"https:\/\/aem.hr\/clanovi-vijeca\/\",\"url\":\"https:\/\/aem.hr\/clanovi-vijeca\/\",\"name\":\"\u010clanovi Vije\u0107a - Agencija za elektroni\u010dke medije\",\"isPartOf\":{\"@id\":\"https:\/\/aem.hr\/#website\"},\"primaryImageOfPage\":{\"@id\":\"https:\/\/aem.hr\/clanovi-vijeca\/#primaryimage\"},\"image\":{\"@id\":\"https:\/\/aem.hr\/clanovi-vijeca\/#primaryimage\"},\"thumbnailUrl\":\"https:\/\/aem.hr\/wp-content\/uploads\/2019\/02\/Josip-Popovac.jpg\",\"datePublished\":\"2019-03-05T14:15:34+00:00\",\"dateModified\":\"2025-01-10T10:32:26+00:00\",\"breadcrumb\":{\"@id\":\"https:\/\/aem.hr\/clanovi-vijeca\/#breadcrumb\"},\"inLanguage\":\"en-US\",\"potentialAction\":[{\"@type\":\"ReadAction\",\"target\":[\"https:\/\/aem.hr\/clanovi-vijeca\/\"]}]},{\"@type\":\"ImageObject\",\"inLanguage\":\"en-US\",\"@id\":\"https:\/\/aem.hr\/clanovi-vijeca\/#primaryimage\",\"url\":\"https:\/\/aem.hr\/wp-content\/uploads\/2019\/02\/Josip-Popovac.jpg\",\"contentUrl\":\"https:\/\/aem.hr\/wp-content\/uploads\/2019\/02\/Josip-Popovac.jpg\"},{\"@type\":\"BreadcrumbList\",\"@id\":\"https:\/\/aem.hr\/clanovi-vijeca\/#breadcrumb\",\"itemListElement\":[{\"@type\":\"ListItem\",\"position\":1,\"name\":\"Po\u010detna stranica\",\"item\":\"https:\/\/aem.hr\/\"},{\"@type\":\"ListItem\",\"position\":2,\"name\":\"\u010clanovi Vije\u0107a\"}]},{\"@type\":\"WebSite\",\"@id\":\"https:\/\/aem.hr\/#website\",\"url\":\"https:\/\/aem.hr\/\",\"name\":\"Agencija za elektroni\u010dke medije\",\"description\":\"\",\"potentialAction\":[{\"@type\":\"SearchAction\",\"target\":{\"@type\":\"EntryPoint\",\"urlTemplate\":\"https:\/\/aem.hr\/?s={search_term_string}\"},\"query-input\":{\"@type\":\"PropertyValueSpecification\",\"valueRequired\":true,\"valueName\":\"search_term_string\"}}],\"inLanguage\":\"en-US\"}]}<\/script>\n<!-- \/ Yoast SEO plugin. -->","yoast_head_json":{"title":"\u010clanovi Vije\u0107a - Agencija za elektroni\u010dke medije","robots":{"index":"index","follow":"follow","max-snippet":"max-snippet:-1","max-image-preview":"max-image-preview:large","max-video-preview":"max-video-preview:-1"},"canonical":"https:\/\/aem.hr\/clanovi-vijeca\/","og_locale":"en_US","og_type":"article","og_title":"\u010clanovi Vije\u0107a - Agencija za elektroni\u010dke medije","og_description":"\u010clanovi Vije\u0107a za elektroni\u010dke medije su: Josip Popovac, Robert Tomljenovi\u0107, Anita Malenica, Davor Mari\u0107, Jasna Vani\u010dek-Fila, \u017deljko Topi\u0107 i Mladen \u010cutura.","og_url":"https:\/\/aem.hr\/clanovi-vijeca\/","og_site_name":"Agencija za elektroni\u010dke medije","article_modified_time":"2025-01-10T10:32:26+00:00","og_image":[{"url":"https:\/\/aem.hr\/wp-content\/uploads\/2019\/02\/Josip-Popovac.jpg","type":"","width":"","height":""}],"twitter_card":"summary_large_image","twitter_misc":{"Est. reading time":"2 minutes"},"schema":{"@context":"https:\/\/schema.org","@graph":[{"@type":"WebPage","@id":"https:\/\/aem.hr\/clanovi-vijeca\/","url":"https:\/\/aem.hr\/clanovi-vijeca\/","name":"\u010clanovi Vije\u0107a - Agencija za elektroni\u010dke medije","isPartOf":{"@id":"https:\/\/aem.hr\/#website"},"primaryImageOfPage":{"@id":"https:\/\/aem.hr\/clanovi-vijeca\/#primaryimage"},"image":{"@id":"https:\/\/aem.hr\/clanovi-vijeca\/#primaryimage"},"thumbnailUrl":"https:\/\/aem.hr\/wp-content\/uploads\/2019\/02\/Josip-Popovac.jpg","datePublished":"2019-03-05T14:15:34+00:00","dateModified":"2025-01-10T10:32:26+00:00","breadcrumb":{"@id":"https:\/\/aem.hr\/clanovi-vijeca\/#breadcrumb"},"inLanguage":"en-US","potentialAction":[{"@type":"ReadAction","target":["https:\/\/aem.hr\/clanovi-vijeca\/"]}]},{"@type":"ImageObject","inLanguage":"en-US","@id":"https:\/\/aem.hr\/clanovi-vijeca\/#primaryimage","url":"https:\/\/aem.hr\/wp-content\/uploads\/2019\/02\/Josip-Popovac.jpg","contentUrl":"https:\/\/aem.hr\/wp-content\/uploads\/2019\/02\/Josip-Popovac.jpg"},{"@type":"BreadcrumbList","@id":"https:\/\/aem.hr\/clanovi-vijeca\/#breadcrumb","itemListElement":[{"@type":"ListItem","position":1,"name":"Po\u010detna stranica","item":"https:\/\/aem.hr\/"},{"@type":"ListItem","position":2,"name":"\u010clanovi Vije\u0107a"}]},{"@type":"WebSite","@id":"https:\/\/aem.hr\/#website","url":"https:\/\/aem.hr\/","name":"Agencija za elektroni\u010dke medije","description":"","potentialAction":[{"@type":"SearchAction","target":{"@type":"EntryPoint","urlTemplate":"https:\/\/aem.hr\/?s={search_term_string}"},"query-input":{"@type":"PropertyValueSpecification","valueRequired":true,"valueName":"search_term_string"}}],"inLanguage":"en-US"}]}},"coauthors":[],"author_meta":{"author_link":"https:\/\/aem.hr\/en\/blog\/author\/mkirac\/","display_name":"Matko Kirac"},"relative_dates":{"created":"Posted 7 years ago","modified":"Updated 1 year ago"},"absolute_dates":{"created":"Posted on 5. March 2019.","modified":"Updated on 10. January 2025."},"absolute_dates_time":{"created":"Posted on 5. March 2019. 15:15","modified":"Updated on 10. January 2025. 11:32"},"featured_img_caption":"","featured_img":false,"series_order":"","_links":{"self":[{"href":"https:\/\/aem.hr\/en\/wp-json\/wp\/v2\/pages\/4773","targetHints":{"allow":["GET"]}}],"collection":[{"href":"https:\/\/aem.hr\/en\/wp-json\/wp\/v2\/pages"}],"about":[{"href":"https:\/\/aem.hr\/en\/wp-json\/wp\/v2\/types\/page"}],"author":[{"embeddable":true,"href":"https:\/\/aem.hr\/en\/wp-json\/wp\/v2\/users\/18"}],"replies":[{"embeddable":true,"href":"https:\/\/aem.hr\/en\/wp-json\/wp\/v2\/comments?post=4773"}],"version-history":[{"count":30,"href":"https:\/\/aem.hr\/en\/wp-json\/wp\/v2\/pages\/4773\/revisions"}],"predecessor-version":[{"id":18715,"href":"https:\/\/aem.hr\/en\/wp-json\/wp\/v2\/pages\/4773\/revisions\/18715"}],"wp:attachment":[{"href":"https:\/\/aem.hr\/en\/wp-json\/wp\/v2\/media?parent=4773"}],"curies":[{"name":"wp","href":"https:\/\/api.w.org\/{rel}","templated":true}]}}