{"id":4826,"date":"2019-03-06T11:10:59","date_gmt":"2019-03-06T10:10:59","guid":{"rendered":"http:\/\/aem.hr\/?page_id=4826"},"modified":"2026-02-13T15:46:25","modified_gmt":"2026-02-13T14:46:25","slug":"eu-medunarodni-propisi-i-dokumenti","status":"publish","type":"page","link":"https:\/\/aem.hr\/en\/eu-medunarodni-propisi-i-dokumenti\/","title":{"rendered":"EU ME\u0110UNARODNI PROPISI I DOKUMENTI"},"content":{"rendered":"\n<div class=\"wp-block-file\"><a href=\"https:\/\/aem.hr\/wp-content\/uploads\/2019\/03\/Direktiva-EU-2018-1808-Europskog-parlamenta.pdf\">Direktiva o audiovizualnim medijskim uslugama (AVMSD)<\/a><a href=\"https:\/\/aem.hr\/wp-content\/uploads\/2019\/03\/Direktiva-EU-2018-1808-Europskog-parlamenta.pdf\" class=\"wp-block-file__button wp-element-button\" download>Preuzimanje<\/a><\/div>\n\n\n\n<p><a href=\"https:\/\/eur-lex.europa.eu\/legal-content\/HR\/TXT\/HTML\/?uri=OJ:L_202401083\">Europski akt o slobodi medija (EMFA)<\/a><\/p>\n\n\n\n<p><a href=\"https:\/\/eur-lex.europa.eu\/legal-content\/HR\/TXT\/PDF\/?uri=OJ:C_202600901\">Smjernice za provedbu \u010dl. 18 EMFA-e<\/a><\/p>\n\n\n\n<p><a href=\"https:\/\/eur-lex.europa.eu\/legal-content\/HR\/TXT\/HTML\/?uri=CELEX:32022R2065\">Akt o digitalnim uslugama (DSA)<\/a><\/p>\n\n\n\n<p><a href=\"https:\/\/eur-lex.europa.eu\/legal-content\/HR\/TXT\/HTML\/?uri=CELEX:32022R1925\">Akt o digitalnim tr\u017ei\u0161tima (DMA)<\/a><\/p>\n","protected":false},"excerpt":{"rendered":"<p>Europski akt o slobodi medija (EMFA) Smjernice za provedbu \u010dl. 18 EMFA-e Akt o digitalnim uslugama (DSA) Akt o digitalnim tr\u017ei\u0161tima (DMA)<\/p>\n","protected":false},"author":18,"featured_media":0,"parent":0,"menu_order":0,"comment_status":"closed","ping_status":"closed","template":"","meta":{"_acf_changed":false,"inline_featured_image":false,"advgb_blocks_editor_width":"","advgb_blocks_columns_visual_guide":"","_links_to":"","_links_to_type":0,"footnotes":""},"class_list":["post-4826","page","type-page","status-publish","hentry"],"acf":[],"yoast_head":"<!-- This site is optimized with the Yoast SEO plugin v25.7 - https:\/\/yoast.com\/wordpress\/plugins\/seo\/ -->\n<title>EU ME\u0110UNARODNI PROPISI I DOKUMENTI - Agencija za elektroni\u010dke medije<\/title>\n<meta name=\"robots\" content=\"index, follow, max-snippet:-1, max-image-preview:large, max-video-preview:-1\" \/>\n<link rel=\"canonical\" href=\"https:\/\/aem.hr\/eu-medunarodni-propisi-i-dokumenti\/\" \/>\n<meta property=\"og:locale\" content=\"en_US\" \/>\n<meta property=\"og:type\" content=\"article\" \/>\n<meta property=\"og:title\" content=\"EU ME\u0110UNARODNI PROPISI I DOKUMENTI - Agencija za elektroni\u010dke medije\" \/>\n<meta property=\"og:description\" content=\"Europski akt o slobodi medija (EMFA) Smjernice za provedbu \u010dl. 18 EMFA-e Akt o digitalnim uslugama (DSA) Akt o digitalnim tr\u017ei\u0161tima (DMA)\" \/>\n<meta property=\"og:url\" content=\"https:\/\/aem.hr\/eu-medunarodni-propisi-i-dokumenti\/\" \/>\n<meta property=\"og:site_name\" content=\"Agencija za elektroni\u010dke medije\" \/>\n<meta property=\"article:modified_time\" content=\"2026-02-13T14:46:25+00:00\" \/>\n<meta name=\"twitter:card\" content=\"summary_large_image\" \/>\n<meta name=\"twitter:label1\" content=\"Est. reading time\" \/>\n\t<meta name=\"twitter:data1\" content=\"1 minute\" \/>\n<script type=\"application\/ld+json\" class=\"yoast-schema-graph\">{\"@context\":\"https:\/\/schema.org\",\"@graph\":[{\"@type\":\"WebPage\",\"@id\":\"https:\/\/aem.hr\/eu-medunarodni-propisi-i-dokumenti\/\",\"url\":\"https:\/\/aem.hr\/eu-medunarodni-propisi-i-dokumenti\/\",\"name\":\"EU ME\u0110UNARODNI PROPISI I DOKUMENTI - Agencija za elektroni\u010dke medije\",\"isPartOf\":{\"@id\":\"https:\/\/aem.hr\/#website\"},\"datePublished\":\"2019-03-06T10:10:59+00:00\",\"dateModified\":\"2026-02-13T14:46:25+00:00\",\"breadcrumb\":{\"@id\":\"https:\/\/aem.hr\/eu-medunarodni-propisi-i-dokumenti\/#breadcrumb\"},\"inLanguage\":\"en-US\",\"potentialAction\":[{\"@type\":\"ReadAction\",\"target\":[\"https:\/\/aem.hr\/eu-medunarodni-propisi-i-dokumenti\/\"]}]},{\"@type\":\"BreadcrumbList\",\"@id\":\"https:\/\/aem.hr\/eu-medunarodni-propisi-i-dokumenti\/#breadcrumb\",\"itemListElement\":[{\"@type\":\"ListItem\",\"position\":1,\"name\":\"Po\u010detna stranica\",\"item\":\"https:\/\/aem.hr\/\"},{\"@type\":\"ListItem\",\"position\":2,\"name\":\"EU ME\u0110UNARODNI PROPISI I DOKUMENTI\"}]},{\"@type\":\"WebSite\",\"@id\":\"https:\/\/aem.hr\/#website\",\"url\":\"https:\/\/aem.hr\/\",\"name\":\"Agencija za elektroni\u010dke medije\",\"description\":\"\",\"potentialAction\":[{\"@type\":\"SearchAction\",\"target\":{\"@type\":\"EntryPoint\",\"urlTemplate\":\"https:\/\/aem.hr\/?s={search_term_string}\"},\"query-input\":{\"@type\":\"PropertyValueSpecification\",\"valueRequired\":true,\"valueName\":\"search_term_string\"}}],\"inLanguage\":\"en-US\"}]}<\/script>\n<!-- \/ Yoast SEO plugin. -->","yoast_head_json":{"title":"EU ME\u0110UNARODNI PROPISI I DOKUMENTI - Agencija za elektroni\u010dke medije","robots":{"index":"index","follow":"follow","max-snippet":"max-snippet:-1","max-image-preview":"max-image-preview:large","max-video-preview":"max-video-preview:-1"},"canonical":"https:\/\/aem.hr\/eu-medunarodni-propisi-i-dokumenti\/","og_locale":"en_US","og_type":"article","og_title":"EU ME\u0110UNARODNI PROPISI I DOKUMENTI - Agencija za elektroni\u010dke medije","og_description":"Europski akt o slobodi medija (EMFA) Smjernice za provedbu \u010dl. 18 EMFA-e Akt o digitalnim uslugama (DSA) Akt o digitalnim tr\u017ei\u0161tima (DMA)","og_url":"https:\/\/aem.hr\/eu-medunarodni-propisi-i-dokumenti\/","og_site_name":"Agencija za elektroni\u010dke medije","article_modified_time":"2026-02-13T14:46:25+00:00","twitter_card":"summary_large_image","twitter_misc":{"Est. reading time":"1 minute"},"schema":{"@context":"https:\/\/schema.org","@graph":[{"@type":"WebPage","@id":"https:\/\/aem.hr\/eu-medunarodni-propisi-i-dokumenti\/","url":"https:\/\/aem.hr\/eu-medunarodni-propisi-i-dokumenti\/","name":"EU ME\u0110UNARODNI PROPISI I DOKUMENTI - Agencija za elektroni\u010dke medije","isPartOf":{"@id":"https:\/\/aem.hr\/#website"},"datePublished":"2019-03-06T10:10:59+00:00","dateModified":"2026-02-13T14:46:25+00:00","breadcrumb":{"@id":"https:\/\/aem.hr\/eu-medunarodni-propisi-i-dokumenti\/#breadcrumb"},"inLanguage":"en-US","potentialAction":[{"@type":"ReadAction","target":["https:\/\/aem.hr\/eu-medunarodni-propisi-i-dokumenti\/"]}]},{"@type":"BreadcrumbList","@id":"https:\/\/aem.hr\/eu-medunarodni-propisi-i-dokumenti\/#breadcrumb","itemListElement":[{"@type":"ListItem","position":1,"name":"Po\u010detna stranica","item":"https:\/\/aem.hr\/"},{"@type":"ListItem","position":2,"name":"EU ME\u0110UNARODNI PROPISI I DOKUMENTI"}]},{"@type":"WebSite","@id":"https:\/\/aem.hr\/#website","url":"https:\/\/aem.hr\/","name":"Agencija za elektroni\u010dke medije","description":"","potentialAction":[{"@type":"SearchAction","target":{"@type":"EntryPoint","urlTemplate":"https:\/\/aem.hr\/?s={search_term_string}"},"query-input":{"@type":"PropertyValueSpecification","valueRequired":true,"valueName":"search_term_string"}}],"inLanguage":"en-US"}]}},"coauthors":[],"author_meta":{"author_link":"https:\/\/aem.hr\/en\/blog\/author\/mkirac\/","display_name":"Matko Kirac"},"relative_dates":{"created":"Posted 7 years ago","modified":"Updated 2 months ago"},"absolute_dates":{"created":"Posted on 6. March 2019.","modified":"Updated on 13. February 2026."},"absolute_dates_time":{"created":"Posted on 6. March 2019. 11:10","modified":"Updated on 13. February 2026. 15:46"},"featured_img_caption":"","featured_img":false,"series_order":"","_links":{"self":[{"href":"https:\/\/aem.hr\/en\/wp-json\/wp\/v2\/pages\/4826","targetHints":{"allow":["GET"]}}],"collection":[{"href":"https:\/\/aem.hr\/en\/wp-json\/wp\/v2\/pages"}],"about":[{"href":"https:\/\/aem.hr\/en\/wp-json\/wp\/v2\/types\/page"}],"author":[{"embeddable":true,"href":"https:\/\/aem.hr\/en\/wp-json\/wp\/v2\/users\/18"}],"replies":[{"embeddable":true,"href":"https:\/\/aem.hr\/en\/wp-json\/wp\/v2\/comments?post=4826"}],"version-history":[{"count":5,"href":"https:\/\/aem.hr\/en\/wp-json\/wp\/v2\/pages\/4826\/revisions"}],"predecessor-version":[{"id":24620,"href":"https:\/\/aem.hr\/en\/wp-json\/wp\/v2\/pages\/4826\/revisions\/24620"}],"wp:attachment":[{"href":"https:\/\/aem.hr\/en\/wp-json\/wp\/v2\/media?parent=4826"}],"curies":[{"name":"wp","href":"https:\/\/api.w.org\/{rel}","templated":true}]}}