{"id":5160,"date":"2019-04-08T10:49:05","date_gmt":"2019-04-08T08:49:05","guid":{"rendered":"http:\/\/aem.hr\/?page_id=5160"},"modified":"2019-04-09T15:28:30","modified_gmt":"2019-04-09T13:28:30","slug":"samoregulacija-i-koregulacija","status":"publish","type":"page","link":"https:\/\/aem.hr\/en\/samoregulacija-i-koregulacija\/","title":{"rendered":"Samoregulacija i koregulacija"},"content":{"rendered":"\n<p>Iskustvo nekih zemalja Europske unije pokazuje da instrumenti koregulacije i samoregulacije mogu igrati va\u017enu ulogu u osiguravanju visoke razine za\u0161tite potro\u0161a\u010da. Slijedom toga, Agencija za elektroni\u010dke medije \u0107e poticati pru\u017eatelje medijskih usluga da za regulaciju odre\u0111enih podru\u010dja ili rje\u0161avanje problema utvrde pravila pona\u0161anja ili smjernice kroz postupak samoregulacije ili koregulacije.<br><br>Samoregulacija predstavlja vrstu dobrovoljne inicijative koja gospodarskim subjektima, socijalnim partnerima, nevladinim organizacijama ili udrugama omogu\u0107ava da donesu zajedni\u010dke smjernice izme\u0111u sebe i za sebe, \u0161to nu\u017eno ne isklju\u010duje sudjelovanje zakonodavca ili regulatora u postupku. Samoregulacija mo\u017ee biti dopunska metoda za provedbu odre\u0111enih odredbi Zakona o elektroni\u010dkim medijima ili za rje\u0161avanje odre\u0111enih problema, ali ona ne predstavlja zamjenu za obveze nacionalnog regulatora.<\/p>\n\n\n\n<p>Koregulacija predstavlja pravnu poveznicu izme\u0111u samoregulacije i nacionalnog regulatora i trebala bi osigurati mogu\u0107nost uplitanja regulatora u slu\u010daju da ciljevi utvr\u0111eni zakonom nisu ispunjeni.<\/p>\n\n\n\n<div class=\"wp-block-file\"><a href=\"https:\/\/aem.hr\/wp-content\/uploads\/2019\/04\/Pravila-o-odvajanju-radijskog-ogla\u0161avanja-od-uredni\u010dkog-sadr\u017eaja.pdf\">Pravila o odvajanju radijskog ogla\u0161avanja od uredni\u010dkog sadr\u017eaja<\/a><a href=\"https:\/\/aem.hr\/wp-content\/uploads\/2019\/04\/Pravila-o-odvajanju-radijskog-ogla\u0161avanja-od-uredni\u010dkog-sadr\u017eaja.pdf\" class=\"wp-block-file__button\" download>Preuzimanje<\/a><\/div>\n","protected":false},"excerpt":{"rendered":"<p>Iskustvo nekih zemalja Europske unije pokazuje da instrumenti koregulacije i samoregulacije mogu igrati va\u017enu ulogu u osiguravanju visoke razine za\u0161tite potro\u0161a\u010da. Slijedom toga, Agencija za elektroni\u010dke medije \u0107e poticati pru\u017eatelje medijskih usluga da za regulaciju odre\u0111enih podru\u010dja ili rje\u0161avanje problema utvrde pravila pona\u0161anja ili smjernice kroz postupak samoregulacije ili koregulacije. Samoregulacija predstavlja vrstu dobrovoljne inicijative [&hellip;]<\/p>\n","protected":false},"author":18,"featured_media":0,"parent":0,"menu_order":0,"comment_status":"closed","ping_status":"closed","template":"","meta":{"_acf_changed":false,"inline_featured_image":false,"advgb_blocks_editor_width":"","advgb_blocks_columns_visual_guide":"","_links_to":"","_links_to_type":0,"footnotes":""},"class_list":["post-5160","page","type-page","status-publish","hentry"],"acf":[],"yoast_head":"<!-- This site is optimized with the Yoast SEO plugin v25.7 - https:\/\/yoast.com\/wordpress\/plugins\/seo\/ -->\n<title>Samoregulacija i koregulacija - Agencija za elektroni\u010dke medije<\/title>\n<meta name=\"robots\" content=\"index, follow, max-snippet:-1, max-image-preview:large, max-video-preview:-1\" \/>\n<link rel=\"canonical\" href=\"https:\/\/aem.hr\/samoregulacija-i-koregulacija\/\" \/>\n<meta property=\"og:locale\" content=\"en_US\" \/>\n<meta property=\"og:type\" content=\"article\" \/>\n<meta property=\"og:title\" content=\"Samoregulacija i koregulacija - Agencija za elektroni\u010dke medije\" \/>\n<meta property=\"og:description\" content=\"Iskustvo nekih zemalja Europske unije pokazuje da instrumenti koregulacije i samoregulacije mogu igrati va\u017enu ulogu u osiguravanju visoke razine za\u0161tite potro\u0161a\u010da. Slijedom toga, Agencija za elektroni\u010dke medije \u0107e poticati pru\u017eatelje medijskih usluga da za regulaciju odre\u0111enih podru\u010dja ili rje\u0161avanje problema utvrde pravila pona\u0161anja ili smjernice kroz postupak samoregulacije ili koregulacije. Samoregulacija predstavlja vrstu dobrovoljne inicijative [&hellip;]\" \/>\n<meta property=\"og:url\" content=\"https:\/\/aem.hr\/samoregulacija-i-koregulacija\/\" \/>\n<meta property=\"og:site_name\" content=\"Agencija za elektroni\u010dke medije\" \/>\n<meta property=\"article:modified_time\" content=\"2019-04-09T13:28:30+00:00\" \/>\n<meta name=\"twitter:card\" content=\"summary_large_image\" \/>\n<meta name=\"twitter:label1\" content=\"Est. reading time\" \/>\n\t<meta name=\"twitter:data1\" content=\"1 minute\" \/>\n<script type=\"application\/ld+json\" class=\"yoast-schema-graph\">{\"@context\":\"https:\/\/schema.org\",\"@graph\":[{\"@type\":\"WebPage\",\"@id\":\"https:\/\/aem.hr\/samoregulacija-i-koregulacija\/\",\"url\":\"https:\/\/aem.hr\/samoregulacija-i-koregulacija\/\",\"name\":\"Samoregulacija i koregulacija - Agencija za elektroni\u010dke medije\",\"isPartOf\":{\"@id\":\"https:\/\/aem.hr\/#website\"},\"datePublished\":\"2019-04-08T08:49:05+00:00\",\"dateModified\":\"2019-04-09T13:28:30+00:00\",\"breadcrumb\":{\"@id\":\"https:\/\/aem.hr\/samoregulacija-i-koregulacija\/#breadcrumb\"},\"inLanguage\":\"en-US\",\"potentialAction\":[{\"@type\":\"ReadAction\",\"target\":[\"https:\/\/aem.hr\/samoregulacija-i-koregulacija\/\"]}]},{\"@type\":\"BreadcrumbList\",\"@id\":\"https:\/\/aem.hr\/samoregulacija-i-koregulacija\/#breadcrumb\",\"itemListElement\":[{\"@type\":\"ListItem\",\"position\":1,\"name\":\"Po\u010detna stranica\",\"item\":\"https:\/\/aem.hr\/\"},{\"@type\":\"ListItem\",\"position\":2,\"name\":\"Samoregulacija i koregulacija\"}]},{\"@type\":\"WebSite\",\"@id\":\"https:\/\/aem.hr\/#website\",\"url\":\"https:\/\/aem.hr\/\",\"name\":\"Agencija za elektroni\u010dke medije\",\"description\":\"\",\"potentialAction\":[{\"@type\":\"SearchAction\",\"target\":{\"@type\":\"EntryPoint\",\"urlTemplate\":\"https:\/\/aem.hr\/?s={search_term_string}\"},\"query-input\":{\"@type\":\"PropertyValueSpecification\",\"valueRequired\":true,\"valueName\":\"search_term_string\"}}],\"inLanguage\":\"en-US\"}]}<\/script>\n<!-- \/ Yoast SEO plugin. -->","yoast_head_json":{"title":"Samoregulacija i koregulacija - Agencija za elektroni\u010dke medije","robots":{"index":"index","follow":"follow","max-snippet":"max-snippet:-1","max-image-preview":"max-image-preview:large","max-video-preview":"max-video-preview:-1"},"canonical":"https:\/\/aem.hr\/samoregulacija-i-koregulacija\/","og_locale":"en_US","og_type":"article","og_title":"Samoregulacija i koregulacija - Agencija za elektroni\u010dke medije","og_description":"Iskustvo nekih zemalja Europske unije pokazuje da instrumenti koregulacije i samoregulacije mogu igrati va\u017enu ulogu u osiguravanju visoke razine za\u0161tite potro\u0161a\u010da. Slijedom toga, Agencija za elektroni\u010dke medije \u0107e poticati pru\u017eatelje medijskih usluga da za regulaciju odre\u0111enih podru\u010dja ili rje\u0161avanje problema utvrde pravila pona\u0161anja ili smjernice kroz postupak samoregulacije ili koregulacije. Samoregulacija predstavlja vrstu dobrovoljne inicijative [&hellip;]","og_url":"https:\/\/aem.hr\/samoregulacija-i-koregulacija\/","og_site_name":"Agencija za elektroni\u010dke medije","article_modified_time":"2019-04-09T13:28:30+00:00","twitter_card":"summary_large_image","twitter_misc":{"Est. reading time":"1 minute"},"schema":{"@context":"https:\/\/schema.org","@graph":[{"@type":"WebPage","@id":"https:\/\/aem.hr\/samoregulacija-i-koregulacija\/","url":"https:\/\/aem.hr\/samoregulacija-i-koregulacija\/","name":"Samoregulacija i koregulacija - Agencija za elektroni\u010dke medije","isPartOf":{"@id":"https:\/\/aem.hr\/#website"},"datePublished":"2019-04-08T08:49:05+00:00","dateModified":"2019-04-09T13:28:30+00:00","breadcrumb":{"@id":"https:\/\/aem.hr\/samoregulacija-i-koregulacija\/#breadcrumb"},"inLanguage":"en-US","potentialAction":[{"@type":"ReadAction","target":["https:\/\/aem.hr\/samoregulacija-i-koregulacija\/"]}]},{"@type":"BreadcrumbList","@id":"https:\/\/aem.hr\/samoregulacija-i-koregulacija\/#breadcrumb","itemListElement":[{"@type":"ListItem","position":1,"name":"Po\u010detna stranica","item":"https:\/\/aem.hr\/"},{"@type":"ListItem","position":2,"name":"Samoregulacija i koregulacija"}]},{"@type":"WebSite","@id":"https:\/\/aem.hr\/#website","url":"https:\/\/aem.hr\/","name":"Agencija za elektroni\u010dke medije","description":"","potentialAction":[{"@type":"SearchAction","target":{"@type":"EntryPoint","urlTemplate":"https:\/\/aem.hr\/?s={search_term_string}"},"query-input":{"@type":"PropertyValueSpecification","valueRequired":true,"valueName":"search_term_string"}}],"inLanguage":"en-US"}]}},"coauthors":[],"author_meta":{"author_link":"https:\/\/aem.hr\/en\/blog\/author\/mkirac\/","display_name":"Matko Kirac"},"relative_dates":{"created":"Posted 7 years ago","modified":"Updated 7 years ago"},"absolute_dates":{"created":"Posted on 8. April 2019.","modified":"Updated on 9. April 2019."},"absolute_dates_time":{"created":"Posted on 8. April 2019. 10:49","modified":"Updated on 9. April 2019. 15:28"},"featured_img_caption":"","featured_img":false,"series_order":"","_links":{"self":[{"href":"https:\/\/aem.hr\/en\/wp-json\/wp\/v2\/pages\/5160","targetHints":{"allow":["GET"]}}],"collection":[{"href":"https:\/\/aem.hr\/en\/wp-json\/wp\/v2\/pages"}],"about":[{"href":"https:\/\/aem.hr\/en\/wp-json\/wp\/v2\/types\/page"}],"author":[{"embeddable":true,"href":"https:\/\/aem.hr\/en\/wp-json\/wp\/v2\/users\/18"}],"replies":[{"embeddable":true,"href":"https:\/\/aem.hr\/en\/wp-json\/wp\/v2\/comments?post=5160"}],"version-history":[{"count":2,"href":"https:\/\/aem.hr\/en\/wp-json\/wp\/v2\/pages\/5160\/revisions"}],"predecessor-version":[{"id":5203,"href":"https:\/\/aem.hr\/en\/wp-json\/wp\/v2\/pages\/5160\/revisions\/5203"}],"wp:attachment":[{"href":"https:\/\/aem.hr\/en\/wp-json\/wp\/v2\/media?parent=5160"}],"curies":[{"name":"wp","href":"https:\/\/api.w.org\/{rel}","templated":true}]}}