{"id":7264,"date":"2020-10-30T12:13:05","date_gmt":"2020-10-30T11:13:05","guid":{"rendered":"http:\/\/aem.hr\/?page_id=7264"},"modified":"2020-10-30T12:13:59","modified_gmt":"2020-10-30T11:13:59","slug":"izjava-o-pristupacnosti","status":"publish","type":"page","link":"https:\/\/aem.hr\/en\/izjava-o-pristupacnosti\/","title":{"rendered":"IZJAVA O PRISTUPA\u010cNOSTI"},"content":{"rendered":"\n<p>Agencija za elektroni\u010dke medije nastoji svoje internetske stranice u\u010diniti pristupa\u010dnima u skladu sa Zakonom o pristupa\u010dnosti internetskih stranica i programskih rje\u0161enja za pokretne ure\u0111aje tijela javnog sektora (\u201eNarodne novine\u201c, broj 17\/19; dalje u tekstu: Zakon o pristupa\u010dnosti) kojim se prenosi Direktiva (EU) 2016\/2102 Europskog parlamenta i Vije\u0107a od 26. listopada 2016. o pristupa\u010dnosti internetskih stranica i mobilnih aplikacija tijela javnog sektora (SL L 327 od 2. prosinca 2016.)<\/p>\n\n\n\n<p>Ova izjava o pristupa\u010dnosti primjenjuje se na internetske stranice na mre\u017enom mjestu http:\/\/aem.hr\/<\/p>\n\n\n\n<h4 class=\"wp-block-heading\"><strong>Stupanj uskla\u0111enosti<\/strong><\/h4>\n\n\n\n<p>Ova internetska stranica u ve\u0107oj je mjeri uskla\u0111ena sa&nbsp;<a href=\"https:\/\/narodne-novine.nn.hr\/clanci\/sluzbeni\/2019_02_17_358.html\">Zakonom o pristupa\u010dnosti internetskih stranica i programskih rje\u0161enja za pokretne ure\u0111aje tijela javnog sektora<\/a>&nbsp;te&nbsp;<a href=\"https:\/\/www.carnet.hr\/wp-content\/uploads\/2019\/11\/Smjernice-digitalne-pristupac%CC%8Cnosti-ver.-1.1.pdf\">Smjernicama CARNET-a za osiguravanje digitalne pristupa\u010dnosti<\/a>&nbsp;koje su pregledane i odobrene od nacionalnih krovnih udruga osoba s invaliditetom, uz iznimke koje se navode u nastavku.<\/p>\n\n\n\n<h4 class=\"wp-block-heading\"><strong>Nepristupa\u010dni sadr\u017eaj<\/strong><\/h4>\n\n\n\n<p>Sadr\u017eaj naveden u nastavku nepristupa\u010dan je ili djelomi\u010dno pristupa\u010dan zbog sljede\u0107ih razloga:<\/p>\n\n\n\n<ul class=\"wp-block-list\"><li>Ne postoji mogu\u0107nost uklju\u010divanja opcije za automatsko ispravljanje gre\u0161aka pri unosu teksta jer trenutne funkcionalnosti to ne podr\u017eavaju<\/li><li>Ne postoji opcija uklju\u010divanja fonta za osobe s disleksijom jer trenutne funkcionalnosti to ne podr\u017eavaju<\/li><li>Nije mogu\u0107e kretanje kroz sadr\u017eaj stranice i njegovo kori\u0161tenje samo putem tipkovnice jer trenutne funkcionalnosti to ne podr\u017eavaju<\/li><li>Nije osigurano da se informacije koje \u010dita\u010d zaslona ne mo\u017ee automatski pro\u010ditati prenesu odgovaraju\u0107im zvu\u010dnim zapisom&nbsp; jer trenutne funkcionalnosti to ne podr\u017eavaju<\/li><li>Slike, grafovi i dijagrami &lt;alt&gt; djelomi\u010dno sadr\u017ee atribute<\/li><li>Slike, grafovi i dijagrami djelomi\u010dno sadr\u017ee kratki tekstualni opis<\/li><li>Poveznice djelomi\u010dno sadr\u017ee deskriptivne opise i pru\u017eaju informaciju o sadr\u017eaju na koji vode<\/li><\/ul>\n\n\n\n<h4 class=\"wp-block-heading\"><strong>Podizanje razine pristupa\u010dnosti<\/strong><\/h4>\n\n\n\n<p>Agencija za elektroni\u010dke medije poduzima aktivnosti kojima \u0107e nastojati posti\u0107i potpunu uskla\u0111enost sa Zakonom o pristupa\u010dnosti mre\u017enih stranica i programskih rje\u0161enja za pokretne ure\u0111aje tijela javnog sektora Republike Hrvatske s ciljem potpune prilagodbe svojeg internetskog sadr\u017eaja osobama s invaliditetom.<\/p>\n\n\n\n<h4 class=\"wp-block-heading\"><strong>Priprema ove izjave o pristupa\u010dnosti<\/strong><\/h4>\n\n\n\n<p>Ova je izjava sastavljena dana 28. listopada 2020., primjenom metode samoprocjene prema Predlo\u0161ku izjave o pristupa\u010dnosti koji je u skladu s Direktivom (EU) 2016\/2102 Europskog parlamenta i Vije\u0107a o pristupa\u010dnosti internetskih stranica i mobilnih aplikacija tijela javnog sektora, a utvr\u0111en je Provedbenom odlukom komisije EU 2018\/1523 11. listopada 2018.<\/p>\n\n\n\n<h4 class=\"wp-block-heading\"><strong>Povratne informacije i podaci za kontakt<\/strong><\/h4>\n\n\n\n<p>Sve upite u vezi s pristupa\u010dnosti internetske stranice <a href=\"http:\/\/aem.hr\/\">http:\/\/aem.hr\/<\/a> korisnici mogu uputiti:<strong>&nbsp;<\/strong><\/p>\n\n\n\n<ul class=\"wp-block-list\"><li>elektroni\u010dkom po\u0161tom: info@aem.hr<\/li><li>telefonom: +385 (0)1 488 2610<\/li><li>po\u0161tom: Agencija za elektroni\u010dke medije, Jagi\u0107eva 31, Zagreb&nbsp;<\/li><\/ul>\n\n\n\n<p>Agencija je du\u017ena na upite, obavijesti ili zahtjeve korisnika u vezi s osiguravanjem pristupa\u010dnosti odgovoriti u roku od 15 dana od dana primitka obavijesti odnosno zahtjeva ili ga u istom roku, uz detaljno obrazlo\u017eenje razloga koji zahtijevaju odgodu, obavijestiti o naknadnom roku u kojem \u0107e odgovoriti na korisnikovu obavijest ili zahtjev.&nbsp;&nbsp;<\/p>\n\n\n\n<h4 class=\"wp-block-heading\"><strong>Postupak pra\u0107enja provedbe propisa<\/strong><\/h4>\n\n\n\n<p>Tijelo nadle\u017eno za pra\u0107enje uskla\u0111enosti mre\u017enih stranica i programskih rje\u0161enja za pokretne ure\u0111aje tijela javnog sektora sa zahtjevima pristupa\u010dnosti i nadzor nad provedbom Zakona o pristupa\u010dnosti je Povjerenik za informiranje Republike Hrvatske.U slu\u010daju nezadovoljavaju\u0107ih odgovora na obavijest ili zahtjev za povratne informacije o pristupa\u010dnosti ove mre\u017ene stranice, korisnici se mogu obratiti Povjereniku za informiranje putem telefona na broj +385 1 4609 041, po\u0161tom (Juri\u0161i\u0107eva 19, 10000 Zagreb, Hrvatska) ili putem elektroni\u010dke po\u0161te:&nbsp;<a href=\"mailto:ppi@pristupinfo.hr\">ppi@pristupinfo.hr<\/a><\/p>\n","protected":false},"excerpt":{"rendered":"<p>Agencija za elektroni\u010dke medije nastoji svoje internetske stranice u\u010diniti pristupa\u010dnima u skladu sa Zakonom o pristupa\u010dnosti internetskih stranica i programskih rje\u0161enja za pokretne ure\u0111aje tijela javnog sektora (\u201eNarodne novine\u201c, broj 17\/19; dalje u tekstu: Zakon o pristupa\u010dnosti) kojim se prenosi Direktiva (EU) 2016\/2102 Europskog parlamenta i Vije\u0107a od 26. listopada 2016. o pristupa\u010dnosti internetskih stranica [&hellip;]<\/p>\n","protected":false},"author":2,"featured_media":0,"parent":0,"menu_order":0,"comment_status":"closed","ping_status":"closed","template":"","meta":{"_acf_changed":false,"inline_featured_image":false,"advgb_blocks_editor_width":"","advgb_blocks_columns_visual_guide":"","_links_to":"","_links_to_type":0,"footnotes":""},"class_list":["post-7264","page","type-page","status-publish","hentry"],"acf":[],"yoast_head":"<!-- This site is optimized with the Yoast SEO plugin v25.7 - https:\/\/yoast.com\/wordpress\/plugins\/seo\/ -->\n<title>IZJAVA O PRISTUPA\u010cNOSTI - Agencija za elektroni\u010dke medije<\/title>\n<meta name=\"robots\" content=\"index, follow, max-snippet:-1, max-image-preview:large, max-video-preview:-1\" \/>\n<link rel=\"canonical\" href=\"https:\/\/aem.hr\/izjava-o-pristupacnosti\/\" \/>\n<meta property=\"og:locale\" content=\"en_US\" \/>\n<meta property=\"og:type\" content=\"article\" \/>\n<meta property=\"og:title\" content=\"IZJAVA O PRISTUPA\u010cNOSTI - Agencija za elektroni\u010dke medije\" \/>\n<meta property=\"og:description\" content=\"Agencija za elektroni\u010dke medije nastoji svoje internetske stranice u\u010diniti pristupa\u010dnima u skladu sa Zakonom o pristupa\u010dnosti internetskih stranica i programskih rje\u0161enja za pokretne ure\u0111aje tijela javnog sektora (\u201eNarodne novine\u201c, broj 17\/19; dalje u tekstu: Zakon o pristupa\u010dnosti) kojim se prenosi Direktiva (EU) 2016\/2102 Europskog parlamenta i Vije\u0107a od 26. listopada 2016. o pristupa\u010dnosti internetskih stranica [&hellip;]\" \/>\n<meta property=\"og:url\" content=\"https:\/\/aem.hr\/izjava-o-pristupacnosti\/\" \/>\n<meta property=\"og:site_name\" content=\"Agencija za elektroni\u010dke medije\" \/>\n<meta property=\"article:modified_time\" content=\"2020-10-30T11:13:59+00:00\" \/>\n<meta name=\"twitter:card\" content=\"summary_large_image\" \/>\n<meta name=\"twitter:label1\" content=\"Est. reading time\" \/>\n\t<meta name=\"twitter:data1\" content=\"3 minutes\" \/>\n<script type=\"application\/ld+json\" class=\"yoast-schema-graph\">{\"@context\":\"https:\/\/schema.org\",\"@graph\":[{\"@type\":\"WebPage\",\"@id\":\"https:\/\/aem.hr\/izjava-o-pristupacnosti\/\",\"url\":\"https:\/\/aem.hr\/izjava-o-pristupacnosti\/\",\"name\":\"IZJAVA O PRISTUPA\u010cNOSTI - Agencija za elektroni\u010dke medije\",\"isPartOf\":{\"@id\":\"https:\/\/aem.hr\/#website\"},\"datePublished\":\"2020-10-30T11:13:05+00:00\",\"dateModified\":\"2020-10-30T11:13:59+00:00\",\"breadcrumb\":{\"@id\":\"https:\/\/aem.hr\/izjava-o-pristupacnosti\/#breadcrumb\"},\"inLanguage\":\"en-US\",\"potentialAction\":[{\"@type\":\"ReadAction\",\"target\":[\"https:\/\/aem.hr\/izjava-o-pristupacnosti\/\"]}]},{\"@type\":\"BreadcrumbList\",\"@id\":\"https:\/\/aem.hr\/izjava-o-pristupacnosti\/#breadcrumb\",\"itemListElement\":[{\"@type\":\"ListItem\",\"position\":1,\"name\":\"Po\u010detna stranica\",\"item\":\"https:\/\/aem.hr\/\"},{\"@type\":\"ListItem\",\"position\":2,\"name\":\"IZJAVA O PRISTUPA\u010cNOSTI\"}]},{\"@type\":\"WebSite\",\"@id\":\"https:\/\/aem.hr\/#website\",\"url\":\"https:\/\/aem.hr\/\",\"name\":\"Agencija za elektroni\u010dke medije\",\"description\":\"\",\"potentialAction\":[{\"@type\":\"SearchAction\",\"target\":{\"@type\":\"EntryPoint\",\"urlTemplate\":\"https:\/\/aem.hr\/?s={search_term_string}\"},\"query-input\":{\"@type\":\"PropertyValueSpecification\",\"valueRequired\":true,\"valueName\":\"search_term_string\"}}],\"inLanguage\":\"en-US\"}]}<\/script>\n<!-- \/ Yoast SEO plugin. -->","yoast_head_json":{"title":"IZJAVA O PRISTUPA\u010cNOSTI - Agencija za elektroni\u010dke medije","robots":{"index":"index","follow":"follow","max-snippet":"max-snippet:-1","max-image-preview":"max-image-preview:large","max-video-preview":"max-video-preview:-1"},"canonical":"https:\/\/aem.hr\/izjava-o-pristupacnosti\/","og_locale":"en_US","og_type":"article","og_title":"IZJAVA O PRISTUPA\u010cNOSTI - Agencija za elektroni\u010dke medije","og_description":"Agencija za elektroni\u010dke medije nastoji svoje internetske stranice u\u010diniti pristupa\u010dnima u skladu sa Zakonom o pristupa\u010dnosti internetskih stranica i programskih rje\u0161enja za pokretne ure\u0111aje tijela javnog sektora (\u201eNarodne novine\u201c, broj 17\/19; dalje u tekstu: Zakon o pristupa\u010dnosti) kojim se prenosi Direktiva (EU) 2016\/2102 Europskog parlamenta i Vije\u0107a od 26. listopada 2016. o pristupa\u010dnosti internetskih stranica [&hellip;]","og_url":"https:\/\/aem.hr\/izjava-o-pristupacnosti\/","og_site_name":"Agencija za elektroni\u010dke medije","article_modified_time":"2020-10-30T11:13:59+00:00","twitter_card":"summary_large_image","twitter_misc":{"Est. reading time":"3 minutes"},"schema":{"@context":"https:\/\/schema.org","@graph":[{"@type":"WebPage","@id":"https:\/\/aem.hr\/izjava-o-pristupacnosti\/","url":"https:\/\/aem.hr\/izjava-o-pristupacnosti\/","name":"IZJAVA O PRISTUPA\u010cNOSTI - Agencija za elektroni\u010dke medije","isPartOf":{"@id":"https:\/\/aem.hr\/#website"},"datePublished":"2020-10-30T11:13:05+00:00","dateModified":"2020-10-30T11:13:59+00:00","breadcrumb":{"@id":"https:\/\/aem.hr\/izjava-o-pristupacnosti\/#breadcrumb"},"inLanguage":"en-US","potentialAction":[{"@type":"ReadAction","target":["https:\/\/aem.hr\/izjava-o-pristupacnosti\/"]}]},{"@type":"BreadcrumbList","@id":"https:\/\/aem.hr\/izjava-o-pristupacnosti\/#breadcrumb","itemListElement":[{"@type":"ListItem","position":1,"name":"Po\u010detna stranica","item":"https:\/\/aem.hr\/"},{"@type":"ListItem","position":2,"name":"IZJAVA O PRISTUPA\u010cNOSTI"}]},{"@type":"WebSite","@id":"https:\/\/aem.hr\/#website","url":"https:\/\/aem.hr\/","name":"Agencija za elektroni\u010dke medije","description":"","potentialAction":[{"@type":"SearchAction","target":{"@type":"EntryPoint","urlTemplate":"https:\/\/aem.hr\/?s={search_term_string}"},"query-input":{"@type":"PropertyValueSpecification","valueRequired":true,"valueName":"search_term_string"}}],"inLanguage":"en-US"}]}},"coauthors":[],"author_meta":{"author_link":"https:\/\/aem.hr\/en\/blog\/author\/stjepan\/","display_name":"stjepan"},"relative_dates":{"created":"Posted 5 years ago","modified":"Updated 5 years ago"},"absolute_dates":{"created":"Posted on 30. October 2020.","modified":"Updated on 30. October 2020."},"absolute_dates_time":{"created":"Posted on 30. October 2020. 12:13","modified":"Updated on 30. October 2020. 12:13"},"featured_img_caption":"","featured_img":false,"series_order":"","_links":{"self":[{"href":"https:\/\/aem.hr\/en\/wp-json\/wp\/v2\/pages\/7264","targetHints":{"allow":["GET"]}}],"collection":[{"href":"https:\/\/aem.hr\/en\/wp-json\/wp\/v2\/pages"}],"about":[{"href":"https:\/\/aem.hr\/en\/wp-json\/wp\/v2\/types\/page"}],"author":[{"embeddable":true,"href":"https:\/\/aem.hr\/en\/wp-json\/wp\/v2\/users\/2"}],"replies":[{"embeddable":true,"href":"https:\/\/aem.hr\/en\/wp-json\/wp\/v2\/comments?post=7264"}],"version-history":[{"count":2,"href":"https:\/\/aem.hr\/en\/wp-json\/wp\/v2\/pages\/7264\/revisions"}],"predecessor-version":[{"id":7266,"href":"https:\/\/aem.hr\/en\/wp-json\/wp\/v2\/pages\/7264\/revisions\/7266"}],"wp:attachment":[{"href":"https:\/\/aem.hr\/en\/wp-json\/wp\/v2\/media?parent=7264"}],"curies":[{"name":"wp","href":"https:\/\/api.w.org\/{rel}","templated":true}]}}