{"id":740,"date":"2018-11-22T10:50:02","date_gmt":"2018-11-22T09:50:02","guid":{"rendered":"http:\/\/emediji.inspirium.hr\/?page_id=740"},"modified":"2022-10-05T14:56:23","modified_gmt":"2022-10-05T12:56:23","slug":"agencija","status":"publish","type":"page","link":"https:\/\/aem.hr\/en\/agencija\/","title":{"rendered":"Agencija"},"content":{"rendered":"\n<p class=\"has-medium-font-size\"><strong>Na\u0161a misija<\/strong><\/p>\n\n\n\n<p><strong>Agencija za elektroni\u010dke medije<\/strong><\/p>\n\n\n\n<p><span style=\"font-size: 16px;\">Agencija je osnovana sukladno odredbama Zakona o elektroni\u010dkim medijima. Tijela Agencije su ravnatelj Agencije i Vije\u0107e za elektroni\u010dke medije koje je upravno tijelo Agencije, a koja obavlja administrativne, stru\u010dne i tehni\u010dke poslove za Vije\u0107e. <\/span><\/p>\n\n\n\n<div class=\"wp-block-file\"><a id=\"wp-block-file--media-7439f44f-00fe-465f-b387-8c013e85f2b9\" href=\"https:\/\/aem.hr\/wp-content\/uploads\/2022\/07\/Statut-Agencije-za-elektronicke-medije_Statut.pdf\">AEM Statut<\/a><a href=\"https:\/\/aem.hr\/wp-content\/uploads\/2022\/07\/Statut-Agencije-za-elektronicke-medije_Statut.pdf\" class=\"wp-block-file__button\" download aria-describedby=\"wp-block-file--media-7439f44f-00fe-465f-b387-8c013e85f2b9\">Preuzimanje<\/a><\/div>\n\n\n\n<div class=\"wp-block-file\"><a id=\"wp-block-file--media-6238288e-c679-40e0-81dd-7763661df44d\" href=\"https:\/\/aem.hr\/wp-content\/uploads\/2022\/10\/Eticki-kodeks-Agencije-za-elektronicke-medije.pdf\">Eti\u010dki kodeks Agencije za elektroni\u010dke medije<\/a><a href=\"https:\/\/aem.hr\/wp-content\/uploads\/2022\/10\/Eticki-kodeks-Agencije-za-elektronicke-medije.pdf\" class=\"wp-block-file__button\" download aria-describedby=\"wp-block-file--media-6238288e-c679-40e0-81dd-7763661df44d\">Preuzimanje<\/a><\/div>\n\n\n\n<div class=\"wp-block-file\"><a id=\"wp-block-file--media-9296d712-14a6-4614-97ef-3403c6209a29\" href=\"https:\/\/aem.hr\/wp-content\/uploads\/2019\/09\/Pravilnik-o-unutarnjem-ustrojstvu-AEM-a.pdf\">Pravilnik o unutarnjem ustrojstvu AEM-a<\/a><a href=\"https:\/\/aem.hr\/wp-content\/uploads\/2019\/09\/Pravilnik-o-unutarnjem-ustrojstvu-AEM-a.pdf\" class=\"wp-block-file__button\" download aria-describedby=\"wp-block-file--media-9296d712-14a6-4614-97ef-3403c6209a29\">Preuzimanje<\/a><\/div>\n","protected":false},"excerpt":{"rendered":"<p>Na\u0161a misija Agencija za elektroni\u010dke medije Agencija je osnovana sukladno odredbama Zakona o elektroni\u010dkim medijima. Tijela Agencije su ravnatelj Agencije i Vije\u0107e za elektroni\u010dke medije koje je upravno tijelo Agencije, a koja obavlja administrativne, stru\u010dne i tehni\u010dke poslove za Vije\u0107e.<\/p>\n","protected":false},"author":2,"featured_media":0,"parent":0,"menu_order":0,"comment_status":"closed","ping_status":"closed","template":"","meta":{"_acf_changed":false,"inline_featured_image":false,"advgb_blocks_editor_width":"","advgb_blocks_columns_visual_guide":"","_links_to":"","_links_to_type":0,"footnotes":""},"class_list":["post-740","page","type-page","status-publish","hentry"],"acf":[],"yoast_head":"<!-- This site is optimized with the Yoast SEO plugin v25.7 - https:\/\/yoast.com\/wordpress\/plugins\/seo\/ -->\n<title>Agencija - Agencija za elektroni\u010dke medije<\/title>\n<meta name=\"robots\" content=\"index, follow, max-snippet:-1, max-image-preview:large, max-video-preview:-1\" \/>\n<link rel=\"canonical\" href=\"https:\/\/aem.hr\/agencija\/\" \/>\n<meta property=\"og:locale\" content=\"en_US\" \/>\n<meta property=\"og:type\" content=\"article\" \/>\n<meta property=\"og:title\" content=\"Agencija - Agencija za elektroni\u010dke medije\" \/>\n<meta property=\"og:description\" content=\"Na\u0161a misija Agencija za elektroni\u010dke medije Agencija je osnovana sukladno odredbama Zakona o elektroni\u010dkim medijima. Tijela Agencije su ravnatelj Agencije i Vije\u0107e za elektroni\u010dke medije koje je upravno tijelo Agencije, a koja obavlja administrativne, stru\u010dne i tehni\u010dke poslove za Vije\u0107e.\" \/>\n<meta property=\"og:url\" content=\"https:\/\/aem.hr\/agencija\/\" \/>\n<meta property=\"og:site_name\" content=\"Agencija za elektroni\u010dke medije\" \/>\n<meta property=\"article:modified_time\" content=\"2022-10-05T12:56:23+00:00\" \/>\n<meta name=\"twitter:card\" content=\"summary_large_image\" \/>\n<meta name=\"twitter:label1\" content=\"Est. reading time\" \/>\n\t<meta name=\"twitter:data1\" content=\"1 minute\" \/>\n<script type=\"application\/ld+json\" class=\"yoast-schema-graph\">{\"@context\":\"https:\/\/schema.org\",\"@graph\":[{\"@type\":\"WebPage\",\"@id\":\"https:\/\/aem.hr\/agencija\/\",\"url\":\"https:\/\/aem.hr\/agencija\/\",\"name\":\"Agencija - Agencija za elektroni\u010dke medije\",\"isPartOf\":{\"@id\":\"https:\/\/aem.hr\/#website\"},\"datePublished\":\"2018-11-22T09:50:02+00:00\",\"dateModified\":\"2022-10-05T12:56:23+00:00\",\"breadcrumb\":{\"@id\":\"https:\/\/aem.hr\/agencija\/#breadcrumb\"},\"inLanguage\":\"en-US\",\"potentialAction\":[{\"@type\":\"ReadAction\",\"target\":[\"https:\/\/aem.hr\/agencija\/\"]}]},{\"@type\":\"BreadcrumbList\",\"@id\":\"https:\/\/aem.hr\/agencija\/#breadcrumb\",\"itemListElement\":[{\"@type\":\"ListItem\",\"position\":1,\"name\":\"Po\u010detna stranica\",\"item\":\"https:\/\/aem.hr\/\"},{\"@type\":\"ListItem\",\"position\":2,\"name\":\"Agencija\"}]},{\"@type\":\"WebSite\",\"@id\":\"https:\/\/aem.hr\/#website\",\"url\":\"https:\/\/aem.hr\/\",\"name\":\"Agencija za elektroni\u010dke medije\",\"description\":\"\",\"potentialAction\":[{\"@type\":\"SearchAction\",\"target\":{\"@type\":\"EntryPoint\",\"urlTemplate\":\"https:\/\/aem.hr\/?s={search_term_string}\"},\"query-input\":{\"@type\":\"PropertyValueSpecification\",\"valueRequired\":true,\"valueName\":\"search_term_string\"}}],\"inLanguage\":\"en-US\"}]}<\/script>\n<!-- \/ Yoast SEO plugin. -->","yoast_head_json":{"title":"Agencija - Agencija za elektroni\u010dke medije","robots":{"index":"index","follow":"follow","max-snippet":"max-snippet:-1","max-image-preview":"max-image-preview:large","max-video-preview":"max-video-preview:-1"},"canonical":"https:\/\/aem.hr\/agencija\/","og_locale":"en_US","og_type":"article","og_title":"Agencija - Agencija za elektroni\u010dke medije","og_description":"Na\u0161a misija Agencija za elektroni\u010dke medije Agencija je osnovana sukladno odredbama Zakona o elektroni\u010dkim medijima. Tijela Agencije su ravnatelj Agencije i Vije\u0107e za elektroni\u010dke medije koje je upravno tijelo Agencije, a koja obavlja administrativne, stru\u010dne i tehni\u010dke poslove za Vije\u0107e.","og_url":"https:\/\/aem.hr\/agencija\/","og_site_name":"Agencija za elektroni\u010dke medije","article_modified_time":"2022-10-05T12:56:23+00:00","twitter_card":"summary_large_image","twitter_misc":{"Est. reading time":"1 minute"},"schema":{"@context":"https:\/\/schema.org","@graph":[{"@type":"WebPage","@id":"https:\/\/aem.hr\/agencija\/","url":"https:\/\/aem.hr\/agencija\/","name":"Agencija - Agencija za elektroni\u010dke medije","isPartOf":{"@id":"https:\/\/aem.hr\/#website"},"datePublished":"2018-11-22T09:50:02+00:00","dateModified":"2022-10-05T12:56:23+00:00","breadcrumb":{"@id":"https:\/\/aem.hr\/agencija\/#breadcrumb"},"inLanguage":"en-US","potentialAction":[{"@type":"ReadAction","target":["https:\/\/aem.hr\/agencija\/"]}]},{"@type":"BreadcrumbList","@id":"https:\/\/aem.hr\/agencija\/#breadcrumb","itemListElement":[{"@type":"ListItem","position":1,"name":"Po\u010detna stranica","item":"https:\/\/aem.hr\/"},{"@type":"ListItem","position":2,"name":"Agencija"}]},{"@type":"WebSite","@id":"https:\/\/aem.hr\/#website","url":"https:\/\/aem.hr\/","name":"Agencija za elektroni\u010dke medije","description":"","potentialAction":[{"@type":"SearchAction","target":{"@type":"EntryPoint","urlTemplate":"https:\/\/aem.hr\/?s={search_term_string}"},"query-input":{"@type":"PropertyValueSpecification","valueRequired":true,"valueName":"search_term_string"}}],"inLanguage":"en-US"}]}},"coauthors":[],"author_meta":{"author_link":"https:\/\/aem.hr\/en\/blog\/author\/stjepan\/","display_name":"stjepan"},"relative_dates":{"created":"Posted 7 years ago","modified":"Updated 4 years ago"},"absolute_dates":{"created":"Posted on 22. November 2018.","modified":"Updated on 5. October 2022."},"absolute_dates_time":{"created":"Posted on 22. November 2018. 10:50","modified":"Updated on 5. October 2022. 14:56"},"featured_img_caption":"","featured_img":false,"series_order":"","_links":{"self":[{"href":"https:\/\/aem.hr\/en\/wp-json\/wp\/v2\/pages\/740","targetHints":{"allow":["GET"]}}],"collection":[{"href":"https:\/\/aem.hr\/en\/wp-json\/wp\/v2\/pages"}],"about":[{"href":"https:\/\/aem.hr\/en\/wp-json\/wp\/v2\/types\/page"}],"author":[{"embeddable":true,"href":"https:\/\/aem.hr\/en\/wp-json\/wp\/v2\/users\/2"}],"replies":[{"embeddable":true,"href":"https:\/\/aem.hr\/en\/wp-json\/wp\/v2\/comments?post=740"}],"version-history":[{"count":10,"href":"https:\/\/aem.hr\/en\/wp-json\/wp\/v2\/pages\/740\/revisions"}],"predecessor-version":[{"id":13115,"href":"https:\/\/aem.hr\/en\/wp-json\/wp\/v2\/pages\/740\/revisions\/13115"}],"wp:attachment":[{"href":"https:\/\/aem.hr\/en\/wp-json\/wp\/v2\/media?parent=740"}],"curies":[{"name":"wp","href":"https:\/\/api.w.org\/{rel}","templated":true}]}}