{"id":742,"date":"2018-11-22T10:50:45","date_gmt":"2018-11-22T09:50:45","guid":{"rendered":"http:\/\/emediji.inspirium.hr\/?page_id=742"},"modified":"2025-05-16T10:51:27","modified_gmt":"2025-05-16T08:51:27","slug":"medunarodna-suradnja","status":"publish","type":"page","link":"https:\/\/aem.hr\/en\/medunarodna-suradnja\/","title":{"rendered":"Me\u0111unarodna suradnja"},"content":{"rendered":"\n<p><br>Agencija za elektroni\u010dke medije u svom svakodnevnom djelovanju aktivno sura\u0111uje s nacionalnim regulatorima drugih zemalja i drugim me\u0111unarodnim organizacijama. Agencija je \u010dlanica Europskog odbora za medijske usluge (European Board for Media Services), kojeg je osnovala Europska komisija. Europski odbor za medijske usluge \u010dine predstavnici nacionalnih neovisnih regulatornih tijela te ona djeluje kao savjetodavno tijelo Europske komisije za implementaciju Direktive o audiovizualnim medijskim uslugama kao i za sva ostala pitanja vezana uz audiovizualne medijske usluge u EU. Sukladno provedbi Direktive o audiovizualnim medijskim uslugama (AVMSD), Vije\u0107e i Agencija aktivno sudjeluju u radu Op\u0107e uprave Europske komisije za komunikacijske mre\u017ee, sadr\u017eaj I tehnologiju (DG CONNECT).<\/p>\n\n\n\n<p>Tako\u0111er, Agencija je aktivna \u010dlanica Europskog udru\u017eenja nacionalnih regulatora&nbsp;<a href=\"http:\/\/www.epra.org\/\">EPRA<\/a>&nbsp;(European Platform of Regulatory Authorities) od 2005.,&nbsp;<a href=\"http:\/\/www.rirm.org\/\">Mediteranske mre\u017ee regulatornih tijela<\/a>&nbsp;od 2012. te&nbsp;Foruma regulatora srednje Europe (CERF) od 2014. Sudjelujemo u radu drugih me\u0111unarodnih udru\u017eenja i radnih skupina<a href=\"http:\/\/ec.europa.eu\/digital-agenda\/en\/news\/inaugural-meeting-european-regulators-group-audiovisual-media-services-erga\">Europske komisije za audiovizualnu i medijsku politiku<\/a>,&nbsp;<a href=\"http:\/\/www.coe.int\/t\/dghl\/standardsetting\/media\/\">Vije\u0107a Europe<\/a>&nbsp;i&nbsp;<a href=\"http:\/\/www.obs.coe.int\/\">Europskog audiovizualnog opservatorija.<\/a><\/p>\n\n\n\n<p><\/p>\n","protected":false},"excerpt":{"rendered":"<p>Agencija za elektroni\u010dke medije u svom svakodnevnom djelovanju aktivno sura\u0111uje s nacionalnim regulatorima drugih zemalja i drugim me\u0111unarodnim organizacijama. Agencija je \u010dlanica Europskog odbora za medijske usluge (European Board for Media Services), kojeg je osnovala Europska komisija. Europski odbor za medijske usluge \u010dine predstavnici nacionalnih neovisnih regulatornih tijela te ona djeluje kao savjetodavno tijelo Europske [&hellip;]<\/p>\n","protected":false},"author":2,"featured_media":0,"parent":0,"menu_order":0,"comment_status":"closed","ping_status":"closed","template":"","meta":{"_acf_changed":false,"inline_featured_image":false,"advgb_blocks_editor_width":"","advgb_blocks_columns_visual_guide":"","_links_to":"","_links_to_type":0,"footnotes":""},"class_list":["post-742","page","type-page","status-publish","hentry"],"acf":[],"yoast_head":"<!-- This site is optimized with the Yoast SEO plugin v25.7 - https:\/\/yoast.com\/wordpress\/plugins\/seo\/ -->\n<title>Me\u0111unarodna suradnja - Agencija za elektroni\u010dke medije<\/title>\n<meta name=\"robots\" content=\"index, follow, max-snippet:-1, max-image-preview:large, max-video-preview:-1\" \/>\n<link rel=\"canonical\" href=\"https:\/\/aem.hr\/medunarodna-suradnja\/\" \/>\n<meta property=\"og:locale\" content=\"en_US\" \/>\n<meta property=\"og:type\" content=\"article\" \/>\n<meta property=\"og:title\" content=\"Me\u0111unarodna suradnja - Agencija za elektroni\u010dke medije\" \/>\n<meta property=\"og:description\" content=\"Agencija za elektroni\u010dke medije u svom svakodnevnom djelovanju aktivno sura\u0111uje s nacionalnim regulatorima drugih zemalja i drugim me\u0111unarodnim organizacijama. Agencija je \u010dlanica Europskog odbora za medijske usluge (European Board for Media Services), kojeg je osnovala Europska komisija. Europski odbor za medijske usluge \u010dine predstavnici nacionalnih neovisnih regulatornih tijela te ona djeluje kao savjetodavno tijelo Europske [&hellip;]\" \/>\n<meta property=\"og:url\" content=\"https:\/\/aem.hr\/medunarodna-suradnja\/\" \/>\n<meta property=\"og:site_name\" content=\"Agencija za elektroni\u010dke medije\" \/>\n<meta property=\"article:modified_time\" content=\"2025-05-16T08:51:27+00:00\" \/>\n<meta name=\"twitter:card\" content=\"summary_large_image\" \/>\n<meta name=\"twitter:label1\" content=\"Est. reading time\" \/>\n\t<meta name=\"twitter:data1\" content=\"1 minute\" \/>\n<script type=\"application\/ld+json\" class=\"yoast-schema-graph\">{\"@context\":\"https:\/\/schema.org\",\"@graph\":[{\"@type\":\"WebPage\",\"@id\":\"https:\/\/aem.hr\/medunarodna-suradnja\/\",\"url\":\"https:\/\/aem.hr\/medunarodna-suradnja\/\",\"name\":\"Me\u0111unarodna suradnja - Agencija za elektroni\u010dke medije\",\"isPartOf\":{\"@id\":\"https:\/\/aem.hr\/#website\"},\"datePublished\":\"2018-11-22T09:50:45+00:00\",\"dateModified\":\"2025-05-16T08:51:27+00:00\",\"breadcrumb\":{\"@id\":\"https:\/\/aem.hr\/medunarodna-suradnja\/#breadcrumb\"},\"inLanguage\":\"en-US\",\"potentialAction\":[{\"@type\":\"ReadAction\",\"target\":[\"https:\/\/aem.hr\/medunarodna-suradnja\/\"]}]},{\"@type\":\"BreadcrumbList\",\"@id\":\"https:\/\/aem.hr\/medunarodna-suradnja\/#breadcrumb\",\"itemListElement\":[{\"@type\":\"ListItem\",\"position\":1,\"name\":\"Po\u010detna stranica\",\"item\":\"https:\/\/aem.hr\/\"},{\"@type\":\"ListItem\",\"position\":2,\"name\":\"Me\u0111unarodna suradnja\"}]},{\"@type\":\"WebSite\",\"@id\":\"https:\/\/aem.hr\/#website\",\"url\":\"https:\/\/aem.hr\/\",\"name\":\"Agencija za elektroni\u010dke medije\",\"description\":\"\",\"potentialAction\":[{\"@type\":\"SearchAction\",\"target\":{\"@type\":\"EntryPoint\",\"urlTemplate\":\"https:\/\/aem.hr\/?s={search_term_string}\"},\"query-input\":{\"@type\":\"PropertyValueSpecification\",\"valueRequired\":true,\"valueName\":\"search_term_string\"}}],\"inLanguage\":\"en-US\"}]}<\/script>\n<!-- \/ Yoast SEO plugin. -->","yoast_head_json":{"title":"Me\u0111unarodna suradnja - Agencija za elektroni\u010dke medije","robots":{"index":"index","follow":"follow","max-snippet":"max-snippet:-1","max-image-preview":"max-image-preview:large","max-video-preview":"max-video-preview:-1"},"canonical":"https:\/\/aem.hr\/medunarodna-suradnja\/","og_locale":"en_US","og_type":"article","og_title":"Me\u0111unarodna suradnja - Agencija za elektroni\u010dke medije","og_description":"Agencija za elektroni\u010dke medije u svom svakodnevnom djelovanju aktivno sura\u0111uje s nacionalnim regulatorima drugih zemalja i drugim me\u0111unarodnim organizacijama. Agencija je \u010dlanica Europskog odbora za medijske usluge (European Board for Media Services), kojeg je osnovala Europska komisija. Europski odbor za medijske usluge \u010dine predstavnici nacionalnih neovisnih regulatornih tijela te ona djeluje kao savjetodavno tijelo Europske [&hellip;]","og_url":"https:\/\/aem.hr\/medunarodna-suradnja\/","og_site_name":"Agencija za elektroni\u010dke medije","article_modified_time":"2025-05-16T08:51:27+00:00","twitter_card":"summary_large_image","twitter_misc":{"Est. reading time":"1 minute"},"schema":{"@context":"https:\/\/schema.org","@graph":[{"@type":"WebPage","@id":"https:\/\/aem.hr\/medunarodna-suradnja\/","url":"https:\/\/aem.hr\/medunarodna-suradnja\/","name":"Me\u0111unarodna suradnja - Agencija za elektroni\u010dke medije","isPartOf":{"@id":"https:\/\/aem.hr\/#website"},"datePublished":"2018-11-22T09:50:45+00:00","dateModified":"2025-05-16T08:51:27+00:00","breadcrumb":{"@id":"https:\/\/aem.hr\/medunarodna-suradnja\/#breadcrumb"},"inLanguage":"en-US","potentialAction":[{"@type":"ReadAction","target":["https:\/\/aem.hr\/medunarodna-suradnja\/"]}]},{"@type":"BreadcrumbList","@id":"https:\/\/aem.hr\/medunarodna-suradnja\/#breadcrumb","itemListElement":[{"@type":"ListItem","position":1,"name":"Po\u010detna stranica","item":"https:\/\/aem.hr\/"},{"@type":"ListItem","position":2,"name":"Me\u0111unarodna suradnja"}]},{"@type":"WebSite","@id":"https:\/\/aem.hr\/#website","url":"https:\/\/aem.hr\/","name":"Agencija za elektroni\u010dke medije","description":"","potentialAction":[{"@type":"SearchAction","target":{"@type":"EntryPoint","urlTemplate":"https:\/\/aem.hr\/?s={search_term_string}"},"query-input":{"@type":"PropertyValueSpecification","valueRequired":true,"valueName":"search_term_string"}}],"inLanguage":"en-US"}]}},"coauthors":[],"author_meta":{"author_link":"https:\/\/aem.hr\/en\/blog\/author\/stjepan\/","display_name":"stjepan"},"relative_dates":{"created":"Posted 7 years ago","modified":"Updated 11 months ago"},"absolute_dates":{"created":"Posted on 22. November 2018.","modified":"Updated on 16. May 2025."},"absolute_dates_time":{"created":"Posted on 22. November 2018. 10:50","modified":"Updated on 16. May 2025. 10:51"},"featured_img_caption":"","featured_img":false,"series_order":"","_links":{"self":[{"href":"https:\/\/aem.hr\/en\/wp-json\/wp\/v2\/pages\/742","targetHints":{"allow":["GET"]}}],"collection":[{"href":"https:\/\/aem.hr\/en\/wp-json\/wp\/v2\/pages"}],"about":[{"href":"https:\/\/aem.hr\/en\/wp-json\/wp\/v2\/types\/page"}],"author":[{"embeddable":true,"href":"https:\/\/aem.hr\/en\/wp-json\/wp\/v2\/users\/2"}],"replies":[{"embeddable":true,"href":"https:\/\/aem.hr\/en\/wp-json\/wp\/v2\/comments?post=742"}],"version-history":[{"count":4,"href":"https:\/\/aem.hr\/en\/wp-json\/wp\/v2\/pages\/742\/revisions"}],"predecessor-version":[{"id":22940,"href":"https:\/\/aem.hr\/en\/wp-json\/wp\/v2\/pages\/742\/revisions\/22940"}],"wp:attachment":[{"href":"https:\/\/aem.hr\/en\/wp-json\/wp\/v2\/media?parent=742"}],"curies":[{"name":"wp","href":"https:\/\/api.w.org\/{rel}","templated":true}]}}