{"id":744,"date":"2018-11-22T10:51:36","date_gmt":"2018-11-22T09:51:36","guid":{"rendered":"http:\/\/emediji.inspirium.hr\/?page_id=744"},"modified":"2018-12-09T11:30:18","modified_gmt":"2018-12-09T10:30:18","slug":"korisni-linkovi","status":"publish","type":"page","link":"https:\/\/aem.hr\/en\/korisni-linkovi\/","title":{"rendered":"Korisni linkovi"},"content":{"rendered":"\n<ul class=\"wp-block-list\"><li><a href=\"http:\/\/eur-lex.europa.eu\/legal-content\/EN\/ALL\/?uri=CELEX:32010L0013\">Direktiva o audiovizualnim medijskim uslugama&nbsp;<\/a><\/li><li><a href=\"http:\/\/ec.europa.eu\/digital-agenda\/en\/audiovisual-and-other-media-content\">Glavna uprava za komunikacijske mre\u017ee, sadr\u017eaje i tehnologije<\/a><\/li><li><a href=\"http:\/\/www.coe.int\/t\/dghl\/standardsetting\/media\/\">Odjel za medije i informacijsko dru\u0161tvo Vije\u0107a Europe<\/a><\/li><li><a href=\"http:\/\/www.epra.org\/\">Europska platforma regulatornih tijela&nbsp;<\/a><\/li><li><a href=\"http:\/\/www.hakom.hr\/\">Hrvatska regulatorna agencija za mre\u017ene djelatnosti<\/a><\/li><li><a href=\"http:\/\/www.min-kulture.hr\/default.aspx?id=84\">Ministarstvo kulture, Mediji &gt; Propisi<\/a><\/li><li><a href=\"http:\/\/www.obs.coe.int\/\">Europski audiovizualni opservatorij<\/a><\/li><li><a href=\"http:\/\/www.rirm.org\/en\/\">Mediteranska mre\u017ea regulatornih tijela<\/a><\/li><li><a href=\"http:\/\/www.sabor.hr\/Default.aspx?sec=5223\">Odbor za informiranje, informatizaciju i medije Hrvatskog sabora<\/a><\/li><li><a href=\"http:\/\/www.unesco.org\/new\/en\/communication-and-information\/flagship-project-activities\/world-press-freedom-day\/homepage\/\">UNESCO Odjel za komunikacije i informiranje<\/a><\/li><li><a href=\"http:\/\/www.havc.hr\/\">Hrvatski audiovizualni centar<\/a><\/li><\/ul>\n","protected":false},"excerpt":{"rendered":"<p>Direktiva o audiovizualnim medijskim uslugama&nbsp; Glavna uprava za komunikacijske mre\u017ee, sadr\u017eaje i tehnologije Odjel za medije i informacijsko dru\u0161tvo Vije\u0107a Europe Europska platforma regulatornih tijela&nbsp; Hrvatska regulatorna agencija za mre\u017ene djelatnosti Ministarstvo kulture, Mediji &gt; Propisi Europski audiovizualni opservatorij Mediteranska mre\u017ea regulatornih tijela Odbor za informiranje, informatizaciju i medije Hrvatskog sabora UNESCO Odjel za komunikacije [&hellip;]<\/p>\n","protected":false},"author":2,"featured_media":0,"parent":0,"menu_order":0,"comment_status":"closed","ping_status":"closed","template":"","meta":{"_acf_changed":false,"inline_featured_image":false,"advgb_blocks_editor_width":"","advgb_blocks_columns_visual_guide":"","_links_to":"","_links_to_type":0,"footnotes":""},"class_list":["post-744","page","type-page","status-publish","hentry"],"acf":[],"yoast_head":"<!-- This site is optimized with the Yoast SEO plugin v25.7 - https:\/\/yoast.com\/wordpress\/plugins\/seo\/ -->\n<title>Korisni linkovi - Agencija za elektroni\u010dke medije<\/title>\n<meta name=\"robots\" content=\"index, follow, max-snippet:-1, max-image-preview:large, max-video-preview:-1\" \/>\n<link rel=\"canonical\" href=\"https:\/\/aem.hr\/korisni-linkovi\/\" \/>\n<meta property=\"og:locale\" content=\"en_US\" \/>\n<meta property=\"og:type\" content=\"article\" \/>\n<meta property=\"og:title\" content=\"Korisni linkovi - Agencija za elektroni\u010dke medije\" \/>\n<meta property=\"og:description\" content=\"Direktiva o audiovizualnim medijskim uslugama&nbsp; Glavna uprava za komunikacijske mre\u017ee, sadr\u017eaje i tehnologije Odjel za medije i informacijsko dru\u0161tvo Vije\u0107a Europe Europska platforma regulatornih tijela&nbsp; Hrvatska regulatorna agencija za mre\u017ene djelatnosti Ministarstvo kulture, Mediji &gt; Propisi Europski audiovizualni opservatorij Mediteranska mre\u017ea regulatornih tijela Odbor za informiranje, informatizaciju i medije Hrvatskog sabora UNESCO Odjel za komunikacije [&hellip;]\" \/>\n<meta property=\"og:url\" content=\"https:\/\/aem.hr\/korisni-linkovi\/\" \/>\n<meta property=\"og:site_name\" content=\"Agencija za elektroni\u010dke medije\" \/>\n<meta property=\"article:modified_time\" content=\"2018-12-09T10:30:18+00:00\" \/>\n<meta name=\"twitter:card\" content=\"summary_large_image\" \/>\n<script type=\"application\/ld+json\" class=\"yoast-schema-graph\">{\"@context\":\"https:\/\/schema.org\",\"@graph\":[{\"@type\":\"WebPage\",\"@id\":\"https:\/\/aem.hr\/korisni-linkovi\/\",\"url\":\"https:\/\/aem.hr\/korisni-linkovi\/\",\"name\":\"Korisni linkovi - Agencija za elektroni\u010dke medije\",\"isPartOf\":{\"@id\":\"https:\/\/aem.hr\/#website\"},\"datePublished\":\"2018-11-22T09:51:36+00:00\",\"dateModified\":\"2018-12-09T10:30:18+00:00\",\"breadcrumb\":{\"@id\":\"https:\/\/aem.hr\/korisni-linkovi\/#breadcrumb\"},\"inLanguage\":\"en-US\",\"potentialAction\":[{\"@type\":\"ReadAction\",\"target\":[\"https:\/\/aem.hr\/korisni-linkovi\/\"]}]},{\"@type\":\"BreadcrumbList\",\"@id\":\"https:\/\/aem.hr\/korisni-linkovi\/#breadcrumb\",\"itemListElement\":[{\"@type\":\"ListItem\",\"position\":1,\"name\":\"Po\u010detna stranica\",\"item\":\"https:\/\/aem.hr\/\"},{\"@type\":\"ListItem\",\"position\":2,\"name\":\"Korisni linkovi\"}]},{\"@type\":\"WebSite\",\"@id\":\"https:\/\/aem.hr\/#website\",\"url\":\"https:\/\/aem.hr\/\",\"name\":\"Agencija za elektroni\u010dke medije\",\"description\":\"\",\"potentialAction\":[{\"@type\":\"SearchAction\",\"target\":{\"@type\":\"EntryPoint\",\"urlTemplate\":\"https:\/\/aem.hr\/?s={search_term_string}\"},\"query-input\":{\"@type\":\"PropertyValueSpecification\",\"valueRequired\":true,\"valueName\":\"search_term_string\"}}],\"inLanguage\":\"en-US\"}]}<\/script>\n<!-- \/ Yoast SEO plugin. -->","yoast_head_json":{"title":"Korisni linkovi - Agencija za elektroni\u010dke medije","robots":{"index":"index","follow":"follow","max-snippet":"max-snippet:-1","max-image-preview":"max-image-preview:large","max-video-preview":"max-video-preview:-1"},"canonical":"https:\/\/aem.hr\/korisni-linkovi\/","og_locale":"en_US","og_type":"article","og_title":"Korisni linkovi - Agencija za elektroni\u010dke medije","og_description":"Direktiva o audiovizualnim medijskim uslugama&nbsp; Glavna uprava za komunikacijske mre\u017ee, sadr\u017eaje i tehnologije Odjel za medije i informacijsko dru\u0161tvo Vije\u0107a Europe Europska platforma regulatornih tijela&nbsp; Hrvatska regulatorna agencija za mre\u017ene djelatnosti Ministarstvo kulture, Mediji &gt; Propisi Europski audiovizualni opservatorij Mediteranska mre\u017ea regulatornih tijela Odbor za informiranje, informatizaciju i medije Hrvatskog sabora UNESCO Odjel za komunikacije [&hellip;]","og_url":"https:\/\/aem.hr\/korisni-linkovi\/","og_site_name":"Agencija za elektroni\u010dke medije","article_modified_time":"2018-12-09T10:30:18+00:00","twitter_card":"summary_large_image","schema":{"@context":"https:\/\/schema.org","@graph":[{"@type":"WebPage","@id":"https:\/\/aem.hr\/korisni-linkovi\/","url":"https:\/\/aem.hr\/korisni-linkovi\/","name":"Korisni linkovi - Agencija za elektroni\u010dke medije","isPartOf":{"@id":"https:\/\/aem.hr\/#website"},"datePublished":"2018-11-22T09:51:36+00:00","dateModified":"2018-12-09T10:30:18+00:00","breadcrumb":{"@id":"https:\/\/aem.hr\/korisni-linkovi\/#breadcrumb"},"inLanguage":"en-US","potentialAction":[{"@type":"ReadAction","target":["https:\/\/aem.hr\/korisni-linkovi\/"]}]},{"@type":"BreadcrumbList","@id":"https:\/\/aem.hr\/korisni-linkovi\/#breadcrumb","itemListElement":[{"@type":"ListItem","position":1,"name":"Po\u010detna stranica","item":"https:\/\/aem.hr\/"},{"@type":"ListItem","position":2,"name":"Korisni linkovi"}]},{"@type":"WebSite","@id":"https:\/\/aem.hr\/#website","url":"https:\/\/aem.hr\/","name":"Agencija za elektroni\u010dke medije","description":"","potentialAction":[{"@type":"SearchAction","target":{"@type":"EntryPoint","urlTemplate":"https:\/\/aem.hr\/?s={search_term_string}"},"query-input":{"@type":"PropertyValueSpecification","valueRequired":true,"valueName":"search_term_string"}}],"inLanguage":"en-US"}]}},"coauthors":[],"author_meta":{"author_link":"https:\/\/aem.hr\/en\/blog\/author\/stjepan\/","display_name":"stjepan"},"relative_dates":{"created":"Posted 7 years ago","modified":"Updated 7 years ago"},"absolute_dates":{"created":"Posted on 22. November 2018.","modified":"Updated on 9. December 2018."},"absolute_dates_time":{"created":"Posted on 22. November 2018. 10:51","modified":"Updated on 9. December 2018. 11:30"},"featured_img_caption":"","featured_img":false,"series_order":"","_links":{"self":[{"href":"https:\/\/aem.hr\/en\/wp-json\/wp\/v2\/pages\/744","targetHints":{"allow":["GET"]}}],"collection":[{"href":"https:\/\/aem.hr\/en\/wp-json\/wp\/v2\/pages"}],"about":[{"href":"https:\/\/aem.hr\/en\/wp-json\/wp\/v2\/types\/page"}],"author":[{"embeddable":true,"href":"https:\/\/aem.hr\/en\/wp-json\/wp\/v2\/users\/2"}],"replies":[{"embeddable":true,"href":"https:\/\/aem.hr\/en\/wp-json\/wp\/v2\/comments?post=744"}],"version-history":[{"count":2,"href":"https:\/\/aem.hr\/en\/wp-json\/wp\/v2\/pages\/744\/revisions"}],"predecessor-version":[{"id":807,"href":"https:\/\/aem.hr\/en\/wp-json\/wp\/v2\/pages\/744\/revisions\/807"}],"wp:attachment":[{"href":"https:\/\/aem.hr\/en\/wp-json\/wp\/v2\/media?parent=744"}],"curies":[{"name":"wp","href":"https:\/\/api.w.org\/{rel}","templated":true}]}}