{"id":758,"date":"2018-11-22T11:04:52","date_gmt":"2018-11-22T10:04:52","guid":{"rendered":"http:\/\/emediji.inspirium.hr\/?page_id=758"},"modified":"2018-11-22T11:04:53","modified_gmt":"2018-11-22T10:04:53","slug":"fond","status":"publish","type":"page","link":"https:\/\/aem.hr\/en\/fond\/","title":{"rendered":"Fond"},"content":{"rendered":"\n<p>Fond za poticanje pluralizma i raznovrsnosti elektroni\u010dkih medija fond je Agencije za elektroni\u010dke medije. Financijska sredstva Fonda osigurana su Zakonom o Hrvatskoj radioteleviziji (3% prihoda od RTV pristojbe).<\/p>\n\n\n\n<p>Sredstvima Fonda poti\u010de se proizvodnja i objavljivanje audiovizualnih i radijskih programa i&nbsp;sadr\u017eaja nakladnika televizije i\/ili radija na lokalnoj i regionalnoj razini, neprofitnih nakladnika&nbsp;televizije i\/ili radija, neprofitnih pru\u017eatelja medijskih usluga iz \u010dlanaka 19. i 79. Zakona o elektroni\u010dkim&nbsp;medijima, neprofitnih pru\u017eatelja elektroni\u010dkih publikacija, neprofitnih proizvo\u0111a\u010da audiovizualnih i\/ili&nbsp;radijskih programa.<\/p>\n\n\n\n<p>Na\u010din i postupak provedbe javnog natje\u010daja za sufinanciranje audiovizualnih i radijskih programa iz sredstava Fonda, pra\u0107enje tro\u0161enja sredstava i ostvarenje programa za koje su dodijeljena utvr\u0111eno je posebnim&nbsp;<a href=\"https:\/\/aem.hr\/repository_files\/file\/239\/\">Pravilnikom<\/a>.<\/p>\n","protected":false},"excerpt":{"rendered":"<p>Fond za poticanje pluralizma i raznovrsnosti elektroni\u010dkih medija fond je Agencije za elektroni\u010dke medije. Financijska sredstva Fonda osigurana su Zakonom o Hrvatskoj radioteleviziji (3% prihoda od RTV pristojbe). Sredstvima Fonda poti\u010de se proizvodnja i objavljivanje audiovizualnih i radijskih programa i&nbsp;sadr\u017eaja nakladnika televizije i\/ili radija na lokalnoj i regionalnoj razini, neprofitnih nakladnika&nbsp;televizije i\/ili radija, neprofitnih pru\u017eatelja [&hellip;]<\/p>\n","protected":false},"author":2,"featured_media":0,"parent":0,"menu_order":0,"comment_status":"closed","ping_status":"closed","template":"","meta":{"_acf_changed":false,"inline_featured_image":false,"advgb_blocks_editor_width":"","advgb_blocks_columns_visual_guide":"","_links_to":"","_links_to_type":0,"footnotes":""},"class_list":["post-758","page","type-page","status-publish","hentry"],"acf":[],"yoast_head":"<!-- This site is optimized with the Yoast SEO plugin v25.7 - https:\/\/yoast.com\/wordpress\/plugins\/seo\/ -->\n<title>Fond - Agencija za elektroni\u010dke medije<\/title>\n<meta name=\"robots\" content=\"index, follow, max-snippet:-1, max-image-preview:large, max-video-preview:-1\" \/>\n<link rel=\"canonical\" href=\"https:\/\/aem.hr\/fond\/\" \/>\n<meta property=\"og:locale\" content=\"en_US\" \/>\n<meta property=\"og:type\" content=\"article\" \/>\n<meta property=\"og:title\" content=\"Fond - Agencija za elektroni\u010dke medije\" \/>\n<meta property=\"og:description\" content=\"Fond za poticanje pluralizma i raznovrsnosti elektroni\u010dkih medija fond je Agencije za elektroni\u010dke medije. Financijska sredstva Fonda osigurana su Zakonom o Hrvatskoj radioteleviziji (3% prihoda od RTV pristojbe). Sredstvima Fonda poti\u010de se proizvodnja i objavljivanje audiovizualnih i radijskih programa i&nbsp;sadr\u017eaja nakladnika televizije i\/ili radija na lokalnoj i regionalnoj razini, neprofitnih nakladnika&nbsp;televizije i\/ili radija, neprofitnih pru\u017eatelja [&hellip;]\" \/>\n<meta property=\"og:url\" content=\"https:\/\/aem.hr\/fond\/\" \/>\n<meta property=\"og:site_name\" content=\"Agencija za elektroni\u010dke medije\" \/>\n<meta property=\"article:modified_time\" content=\"2018-11-22T10:04:53+00:00\" \/>\n<meta name=\"twitter:card\" content=\"summary_large_image\" \/>\n<meta name=\"twitter:label1\" content=\"Est. reading time\" \/>\n\t<meta name=\"twitter:data1\" content=\"1 minute\" \/>\n<script type=\"application\/ld+json\" class=\"yoast-schema-graph\">{\"@context\":\"https:\/\/schema.org\",\"@graph\":[{\"@type\":\"WebPage\",\"@id\":\"https:\/\/aem.hr\/fond\/\",\"url\":\"https:\/\/aem.hr\/fond\/\",\"name\":\"Fond - Agencija za elektroni\u010dke medije\",\"isPartOf\":{\"@id\":\"https:\/\/aem.hr\/#website\"},\"datePublished\":\"2018-11-22T10:04:52+00:00\",\"dateModified\":\"2018-11-22T10:04:53+00:00\",\"breadcrumb\":{\"@id\":\"https:\/\/aem.hr\/fond\/#breadcrumb\"},\"inLanguage\":\"en-US\",\"potentialAction\":[{\"@type\":\"ReadAction\",\"target\":[\"https:\/\/aem.hr\/fond\/\"]}]},{\"@type\":\"BreadcrumbList\",\"@id\":\"https:\/\/aem.hr\/fond\/#breadcrumb\",\"itemListElement\":[{\"@type\":\"ListItem\",\"position\":1,\"name\":\"Po\u010detna stranica\",\"item\":\"https:\/\/aem.hr\/\"},{\"@type\":\"ListItem\",\"position\":2,\"name\":\"Fond\"}]},{\"@type\":\"WebSite\",\"@id\":\"https:\/\/aem.hr\/#website\",\"url\":\"https:\/\/aem.hr\/\",\"name\":\"Agencija za elektroni\u010dke medije\",\"description\":\"\",\"potentialAction\":[{\"@type\":\"SearchAction\",\"target\":{\"@type\":\"EntryPoint\",\"urlTemplate\":\"https:\/\/aem.hr\/?s={search_term_string}\"},\"query-input\":{\"@type\":\"PropertyValueSpecification\",\"valueRequired\":true,\"valueName\":\"search_term_string\"}}],\"inLanguage\":\"en-US\"}]}<\/script>\n<!-- \/ Yoast SEO plugin. -->","yoast_head_json":{"title":"Fond - Agencija za elektroni\u010dke medije","robots":{"index":"index","follow":"follow","max-snippet":"max-snippet:-1","max-image-preview":"max-image-preview:large","max-video-preview":"max-video-preview:-1"},"canonical":"https:\/\/aem.hr\/fond\/","og_locale":"en_US","og_type":"article","og_title":"Fond - Agencija za elektroni\u010dke medije","og_description":"Fond za poticanje pluralizma i raznovrsnosti elektroni\u010dkih medija fond je Agencije za elektroni\u010dke medije. Financijska sredstva Fonda osigurana su Zakonom o Hrvatskoj radioteleviziji (3% prihoda od RTV pristojbe). Sredstvima Fonda poti\u010de se proizvodnja i objavljivanje audiovizualnih i radijskih programa i&nbsp;sadr\u017eaja nakladnika televizije i\/ili radija na lokalnoj i regionalnoj razini, neprofitnih nakladnika&nbsp;televizije i\/ili radija, neprofitnih pru\u017eatelja [&hellip;]","og_url":"https:\/\/aem.hr\/fond\/","og_site_name":"Agencija za elektroni\u010dke medije","article_modified_time":"2018-11-22T10:04:53+00:00","twitter_card":"summary_large_image","twitter_misc":{"Est. reading time":"1 minute"},"schema":{"@context":"https:\/\/schema.org","@graph":[{"@type":"WebPage","@id":"https:\/\/aem.hr\/fond\/","url":"https:\/\/aem.hr\/fond\/","name":"Fond - Agencija za elektroni\u010dke medije","isPartOf":{"@id":"https:\/\/aem.hr\/#website"},"datePublished":"2018-11-22T10:04:52+00:00","dateModified":"2018-11-22T10:04:53+00:00","breadcrumb":{"@id":"https:\/\/aem.hr\/fond\/#breadcrumb"},"inLanguage":"en-US","potentialAction":[{"@type":"ReadAction","target":["https:\/\/aem.hr\/fond\/"]}]},{"@type":"BreadcrumbList","@id":"https:\/\/aem.hr\/fond\/#breadcrumb","itemListElement":[{"@type":"ListItem","position":1,"name":"Po\u010detna stranica","item":"https:\/\/aem.hr\/"},{"@type":"ListItem","position":2,"name":"Fond"}]},{"@type":"WebSite","@id":"https:\/\/aem.hr\/#website","url":"https:\/\/aem.hr\/","name":"Agencija za elektroni\u010dke medije","description":"","potentialAction":[{"@type":"SearchAction","target":{"@type":"EntryPoint","urlTemplate":"https:\/\/aem.hr\/?s={search_term_string}"},"query-input":{"@type":"PropertyValueSpecification","valueRequired":true,"valueName":"search_term_string"}}],"inLanguage":"en-US"}]}},"coauthors":[],"author_meta":{"author_link":"https:\/\/aem.hr\/en\/blog\/author\/stjepan\/","display_name":"stjepan"},"relative_dates":{"created":"Posted 7 years ago","modified":"Updated 7 years ago"},"absolute_dates":{"created":"Posted on 22. November 2018.","modified":"Updated on 22. November 2018."},"absolute_dates_time":{"created":"Posted on 22. November 2018. 11:04","modified":"Updated on 22. November 2018. 11:04"},"featured_img_caption":"","featured_img":false,"series_order":"","_links":{"self":[{"href":"https:\/\/aem.hr\/en\/wp-json\/wp\/v2\/pages\/758","targetHints":{"allow":["GET"]}}],"collection":[{"href":"https:\/\/aem.hr\/en\/wp-json\/wp\/v2\/pages"}],"about":[{"href":"https:\/\/aem.hr\/en\/wp-json\/wp\/v2\/types\/page"}],"author":[{"embeddable":true,"href":"https:\/\/aem.hr\/en\/wp-json\/wp\/v2\/users\/2"}],"replies":[{"embeddable":true,"href":"https:\/\/aem.hr\/en\/wp-json\/wp\/v2\/comments?post=758"}],"version-history":[{"count":1,"href":"https:\/\/aem.hr\/en\/wp-json\/wp\/v2\/pages\/758\/revisions"}],"predecessor-version":[{"id":759,"href":"https:\/\/aem.hr\/en\/wp-json\/wp\/v2\/pages\/758\/revisions\/759"}],"wp:attachment":[{"href":"https:\/\/aem.hr\/en\/wp-json\/wp\/v2\/media?parent=758"}],"curies":[{"name":"wp","href":"https:\/\/api.w.org\/{rel}","templated":true}]}}