{"id":760,"date":"2018-11-22T11:05:20","date_gmt":"2018-11-22T10:05:20","guid":{"rendered":"http:\/\/emediji.inspirium.hr\/?page_id=760"},"modified":"2018-11-22T11:05:21","modified_gmt":"2018-11-22T10:05:21","slug":"nadzor","status":"publish","type":"page","link":"https:\/\/aem.hr\/en\/nadzor\/","title":{"rendered":"Nadzor"},"content":{"rendered":"\n<p>Vije\u0107e za elektroni\u010dke medije osigurava nadzor nad provedbom odredbi o programskim na\u010delima i obvezama (monitoring).<\/p>\n\n\n\n<p>Nadzor se obavlja na dva na\u010dina:<\/p>\n\n\n\n<ul class=\"wp-block-list\"><li>neposredni nadzor (obavljaju \u010dlanovi Vije\u0107a na na\u010din da odlaze na teren te provjeravaju programske, kadrovske i tehni\u010dke uvjete),&nbsp;<\/li><li>posredni nadzor (obavlja se putem snimanja i analize emitiranog programa).&nbsp;<\/li><\/ul>\n\n\n\n<p>Svrha provedbe nadzora je provjera po\u0161tivanja zakonskih odredbi od strane pru\u017eatelja medijskih usluga.<\/p>\n\n\n\n<p>Dvije su osnovne vrste nadzora:<\/p>\n\n\n\n<ul class=\"wp-block-list\"><li>redovni nadzor,<\/li><li>slo\u017eene analize programa.<\/li><\/ul>\n","protected":false},"excerpt":{"rendered":"<p>Vije\u0107e za elektroni\u010dke medije osigurava nadzor nad provedbom odredbi o programskim na\u010delima i obvezama (monitoring). Nadzor se obavlja na dva na\u010dina: neposredni nadzor (obavljaju \u010dlanovi Vije\u0107a na na\u010din da odlaze na teren te provjeravaju programske, kadrovske i tehni\u010dke uvjete),&nbsp; posredni nadzor (obavlja se putem snimanja i analize emitiranog programa).&nbsp; Svrha provedbe nadzora je provjera po\u0161tivanja [&hellip;]<\/p>\n","protected":false},"author":2,"featured_media":0,"parent":0,"menu_order":0,"comment_status":"closed","ping_status":"closed","template":"","meta":{"_acf_changed":false,"inline_featured_image":false,"advgb_blocks_editor_width":"","advgb_blocks_columns_visual_guide":"","_links_to":"","_links_to_type":0,"footnotes":""},"class_list":["post-760","page","type-page","status-publish","hentry"],"acf":[],"yoast_head":"<!-- This site is optimized with the Yoast SEO plugin v25.7 - https:\/\/yoast.com\/wordpress\/plugins\/seo\/ -->\n<title>Nadzor - Agencija za elektroni\u010dke medije<\/title>\n<meta name=\"robots\" content=\"index, follow, max-snippet:-1, max-image-preview:large, max-video-preview:-1\" \/>\n<link rel=\"canonical\" href=\"https:\/\/aem.hr\/nadzor\/\" \/>\n<meta property=\"og:locale\" content=\"en_US\" \/>\n<meta property=\"og:type\" content=\"article\" \/>\n<meta property=\"og:title\" content=\"Nadzor - Agencija za elektroni\u010dke medije\" \/>\n<meta property=\"og:description\" content=\"Vije\u0107e za elektroni\u010dke medije osigurava nadzor nad provedbom odredbi o programskim na\u010delima i obvezama (monitoring). Nadzor se obavlja na dva na\u010dina: neposredni nadzor (obavljaju \u010dlanovi Vije\u0107a na na\u010din da odlaze na teren te provjeravaju programske, kadrovske i tehni\u010dke uvjete),&nbsp; posredni nadzor (obavlja se putem snimanja i analize emitiranog programa).&nbsp; Svrha provedbe nadzora je provjera po\u0161tivanja [&hellip;]\" \/>\n<meta property=\"og:url\" content=\"https:\/\/aem.hr\/nadzor\/\" \/>\n<meta property=\"og:site_name\" content=\"Agencija za elektroni\u010dke medije\" \/>\n<meta property=\"article:modified_time\" content=\"2018-11-22T10:05:21+00:00\" \/>\n<meta name=\"twitter:card\" content=\"summary_large_image\" \/>\n<script type=\"application\/ld+json\" class=\"yoast-schema-graph\">{\"@context\":\"https:\/\/schema.org\",\"@graph\":[{\"@type\":\"WebPage\",\"@id\":\"https:\/\/aem.hr\/nadzor\/\",\"url\":\"https:\/\/aem.hr\/nadzor\/\",\"name\":\"Nadzor - Agencija za elektroni\u010dke medije\",\"isPartOf\":{\"@id\":\"https:\/\/aem.hr\/#website\"},\"datePublished\":\"2018-11-22T10:05:20+00:00\",\"dateModified\":\"2018-11-22T10:05:21+00:00\",\"breadcrumb\":{\"@id\":\"https:\/\/aem.hr\/nadzor\/#breadcrumb\"},\"inLanguage\":\"en-US\",\"potentialAction\":[{\"@type\":\"ReadAction\",\"target\":[\"https:\/\/aem.hr\/nadzor\/\"]}]},{\"@type\":\"BreadcrumbList\",\"@id\":\"https:\/\/aem.hr\/nadzor\/#breadcrumb\",\"itemListElement\":[{\"@type\":\"ListItem\",\"position\":1,\"name\":\"Po\u010detna stranica\",\"item\":\"https:\/\/aem.hr\/\"},{\"@type\":\"ListItem\",\"position\":2,\"name\":\"Nadzor\"}]},{\"@type\":\"WebSite\",\"@id\":\"https:\/\/aem.hr\/#website\",\"url\":\"https:\/\/aem.hr\/\",\"name\":\"Agencija za elektroni\u010dke medije\",\"description\":\"\",\"potentialAction\":[{\"@type\":\"SearchAction\",\"target\":{\"@type\":\"EntryPoint\",\"urlTemplate\":\"https:\/\/aem.hr\/?s={search_term_string}\"},\"query-input\":{\"@type\":\"PropertyValueSpecification\",\"valueRequired\":true,\"valueName\":\"search_term_string\"}}],\"inLanguage\":\"en-US\"}]}<\/script>\n<!-- \/ Yoast SEO plugin. -->","yoast_head_json":{"title":"Nadzor - Agencija za elektroni\u010dke medije","robots":{"index":"index","follow":"follow","max-snippet":"max-snippet:-1","max-image-preview":"max-image-preview:large","max-video-preview":"max-video-preview:-1"},"canonical":"https:\/\/aem.hr\/nadzor\/","og_locale":"en_US","og_type":"article","og_title":"Nadzor - Agencija za elektroni\u010dke medije","og_description":"Vije\u0107e za elektroni\u010dke medije osigurava nadzor nad provedbom odredbi o programskim na\u010delima i obvezama (monitoring). Nadzor se obavlja na dva na\u010dina: neposredni nadzor (obavljaju \u010dlanovi Vije\u0107a na na\u010din da odlaze na teren te provjeravaju programske, kadrovske i tehni\u010dke uvjete),&nbsp; posredni nadzor (obavlja se putem snimanja i analize emitiranog programa).&nbsp; Svrha provedbe nadzora je provjera po\u0161tivanja [&hellip;]","og_url":"https:\/\/aem.hr\/nadzor\/","og_site_name":"Agencija za elektroni\u010dke medije","article_modified_time":"2018-11-22T10:05:21+00:00","twitter_card":"summary_large_image","schema":{"@context":"https:\/\/schema.org","@graph":[{"@type":"WebPage","@id":"https:\/\/aem.hr\/nadzor\/","url":"https:\/\/aem.hr\/nadzor\/","name":"Nadzor - Agencija za elektroni\u010dke medije","isPartOf":{"@id":"https:\/\/aem.hr\/#website"},"datePublished":"2018-11-22T10:05:20+00:00","dateModified":"2018-11-22T10:05:21+00:00","breadcrumb":{"@id":"https:\/\/aem.hr\/nadzor\/#breadcrumb"},"inLanguage":"en-US","potentialAction":[{"@type":"ReadAction","target":["https:\/\/aem.hr\/nadzor\/"]}]},{"@type":"BreadcrumbList","@id":"https:\/\/aem.hr\/nadzor\/#breadcrumb","itemListElement":[{"@type":"ListItem","position":1,"name":"Po\u010detna stranica","item":"https:\/\/aem.hr\/"},{"@type":"ListItem","position":2,"name":"Nadzor"}]},{"@type":"WebSite","@id":"https:\/\/aem.hr\/#website","url":"https:\/\/aem.hr\/","name":"Agencija za elektroni\u010dke medije","description":"","potentialAction":[{"@type":"SearchAction","target":{"@type":"EntryPoint","urlTemplate":"https:\/\/aem.hr\/?s={search_term_string}"},"query-input":{"@type":"PropertyValueSpecification","valueRequired":true,"valueName":"search_term_string"}}],"inLanguage":"en-US"}]}},"coauthors":[],"author_meta":{"author_link":"https:\/\/aem.hr\/en\/blog\/author\/stjepan\/","display_name":"stjepan"},"relative_dates":{"created":"Posted 7 years ago","modified":"Updated 7 years ago"},"absolute_dates":{"created":"Posted on 22. November 2018.","modified":"Updated on 22. November 2018."},"absolute_dates_time":{"created":"Posted on 22. November 2018. 11:05","modified":"Updated on 22. November 2018. 11:05"},"featured_img_caption":"","featured_img":false,"series_order":"","_links":{"self":[{"href":"https:\/\/aem.hr\/en\/wp-json\/wp\/v2\/pages\/760","targetHints":{"allow":["GET"]}}],"collection":[{"href":"https:\/\/aem.hr\/en\/wp-json\/wp\/v2\/pages"}],"about":[{"href":"https:\/\/aem.hr\/en\/wp-json\/wp\/v2\/types\/page"}],"author":[{"embeddable":true,"href":"https:\/\/aem.hr\/en\/wp-json\/wp\/v2\/users\/2"}],"replies":[{"embeddable":true,"href":"https:\/\/aem.hr\/en\/wp-json\/wp\/v2\/comments?post=760"}],"version-history":[{"count":1,"href":"https:\/\/aem.hr\/en\/wp-json\/wp\/v2\/pages\/760\/revisions"}],"predecessor-version":[{"id":761,"href":"https:\/\/aem.hr\/en\/wp-json\/wp\/v2\/pages\/760\/revisions\/761"}],"wp:attachment":[{"href":"https:\/\/aem.hr\/en\/wp-json\/wp\/v2\/media?parent=760"}],"curies":[{"name":"wp","href":"https:\/\/api.w.org\/{rel}","templated":true}]}}