{"id":775,"date":"2018-11-22T11:31:01","date_gmt":"2018-11-22T10:31:01","guid":{"rendered":"http:\/\/emediji.inspirium.hr\/?page_id=775"},"modified":"2023-02-16T12:08:54","modified_gmt":"2023-02-16T11:08:54","slug":"usluge-na-zahtjev","status":"publish","type":"page","link":"https:\/\/aem.hr\/en\/usluge-na-zahtjev\/","title":{"rendered":"Usluge na zahtjev"},"content":{"rendered":"\n<p>Pru\u017eatelji medijskih usluga na zahtjev koji nemaju koncesiju\nza televizijski ili radijski program, trebaju dobiti dopu\u0161tenje Vije\u0107a za\nelektroni\u010dke medije za pru\u017eanje tih usluga. <\/p>\n\n\n\n<p>Usluge na zahtjev su usluge koje omogu\u0107avaju korisnicima da\ngledaju ili slu\u0161aju medijski sadr\u017eaj onda kada to oni \u017eele, a ne onda kada je\nneki sadr\u017eaj na rasporedu u neko odre\u0111eno vrijeme <em>(tzv. linearna televizija)<\/em>.\nPru\u017eatelji ovih usluga sadr\u017eaj organiziraju u kataloge po vrstama, \u017eanrovima i\nna drugi prikladan na\u010din (npr. igrani-dokumentarni, doma\u0107a-strana produkcija i\nsli\u010dno). <\/p>\n\n\n\n<p>Postoje razni modeli distribucije sadr\u017eaja &#8211; putem\ninterneta, IPTV usluge, korisni\u010dkih ure\u0111aja i na druge na\u010dine te u raznim kombinacijama\nnaplate sadr\u017eaja ili kao usluga bez naplate.<\/p>\n\n\n\n<p>Upute i obrasce i za podno\u0161enje ovog zahtjeva mo\u017eete dobiti <a href=\"http:\/\/aem.hr\/objave\/\">ovdje<\/a>. <\/p>\n\n\n\n<p>Molimo pru\u017eatelje koji tra\u017ee promjenu programske osnove da koriste on-line obrasce na na\u010din da popune sve potrebne podatke, ali bez prilaganja dodatne dokumentacije.<\/p>\n\n\n\n<p> <a href=\"https:\/\/pmu.e-mediji.hr\/Public\/PregledNaZahtjev.aspx\">Knjiga pru\u017eatelja medijskih usluga na zahtjev<\/a> dostupna je&nbsp;ovdje&nbsp;i u&nbsp;<a href=\"https:\/\/pmu.e-mediji.hr\/Public\/Reports\/PopisMedijskihUslugaNaZahtjev.xls\" target=\"_blank\" rel=\"noreferrer noopener\" aria-label=\".xls formatu. (otvara se u novoj kartici)\">.xls formatu.<\/a> <\/p>\n","protected":false},"excerpt":{"rendered":"<p>Pru\u017eatelji medijskih usluga na zahtjev koji nemaju koncesiju za televizijski ili radijski program, trebaju dobiti dopu\u0161tenje Vije\u0107a za elektroni\u010dke medije za pru\u017eanje tih usluga. Usluge na zahtjev su usluge koje omogu\u0107avaju korisnicima da gledaju ili slu\u0161aju medijski sadr\u017eaj onda kada to oni \u017eele, a ne onda kada je neki sadr\u017eaj na rasporedu u neko odre\u0111eno [&hellip;]<\/p>\n","protected":false},"author":2,"featured_media":0,"parent":0,"menu_order":0,"comment_status":"closed","ping_status":"closed","template":"","meta":{"_acf_changed":false,"inline_featured_image":false,"advgb_blocks_editor_width":"","advgb_blocks_columns_visual_guide":"","_links_to":"","_links_to_type":0,"footnotes":""},"class_list":["post-775","page","type-page","status-publish","hentry"],"acf":[],"yoast_head":"<!-- This site is optimized with the Yoast SEO plugin v25.7 - https:\/\/yoast.com\/wordpress\/plugins\/seo\/ -->\n<title>Usluge na zahtjev - Agencija za elektroni\u010dke medije<\/title>\n<meta name=\"robots\" content=\"index, follow, max-snippet:-1, max-image-preview:large, max-video-preview:-1\" \/>\n<link rel=\"canonical\" href=\"https:\/\/aem.hr\/en\/usluge-na-zahtjev\/\" \/>\n<meta property=\"og:locale\" content=\"en_US\" \/>\n<meta property=\"og:type\" content=\"article\" \/>\n<meta property=\"og:title\" content=\"Usluge na zahtjev - Agencija za elektroni\u010dke medije\" \/>\n<meta property=\"og:description\" content=\"Pru\u017eatelji medijskih usluga na zahtjev koji nemaju koncesiju za televizijski ili radijski program, trebaju dobiti dopu\u0161tenje Vije\u0107a za elektroni\u010dke medije za pru\u017eanje tih usluga. Usluge na zahtjev su usluge koje omogu\u0107avaju korisnicima da gledaju ili slu\u0161aju medijski sadr\u017eaj onda kada to oni \u017eele, a ne onda kada je neki sadr\u017eaj na rasporedu u neko odre\u0111eno [&hellip;]\" \/>\n<meta property=\"og:url\" content=\"https:\/\/aem.hr\/en\/usluge-na-zahtjev\/\" \/>\n<meta property=\"og:site_name\" content=\"Agencija za elektroni\u010dke medije\" \/>\n<meta property=\"article:modified_time\" content=\"2023-02-16T11:08:54+00:00\" \/>\n<meta name=\"twitter:card\" content=\"summary_large_image\" \/>\n<meta name=\"twitter:label1\" content=\"Est. reading time\" \/>\n\t<meta name=\"twitter:data1\" content=\"1 minute\" \/>\n<script type=\"application\/ld+json\" class=\"yoast-schema-graph\">{\"@context\":\"https:\/\/schema.org\",\"@graph\":[{\"@type\":\"WebPage\",\"@id\":\"https:\/\/aem.hr\/en\/usluge-na-zahtjev\/\",\"url\":\"https:\/\/aem.hr\/en\/usluge-na-zahtjev\/\",\"name\":\"Usluge na zahtjev - Agencija za elektroni\u010dke medije\",\"isPartOf\":{\"@id\":\"https:\/\/aem.hr\/#website\"},\"datePublished\":\"2018-11-22T10:31:01+00:00\",\"dateModified\":\"2023-02-16T11:08:54+00:00\",\"breadcrumb\":{\"@id\":\"https:\/\/aem.hr\/en\/usluge-na-zahtjev\/#breadcrumb\"},\"inLanguage\":\"en-US\",\"potentialAction\":[{\"@type\":\"ReadAction\",\"target\":[\"https:\/\/aem.hr\/en\/usluge-na-zahtjev\/\"]}]},{\"@type\":\"BreadcrumbList\",\"@id\":\"https:\/\/aem.hr\/en\/usluge-na-zahtjev\/#breadcrumb\",\"itemListElement\":[{\"@type\":\"ListItem\",\"position\":1,\"name\":\"Po\u010detna stranica\",\"item\":\"https:\/\/aem.hr\/\"},{\"@type\":\"ListItem\",\"position\":2,\"name\":\"Usluge na zahtjev\"}]},{\"@type\":\"WebSite\",\"@id\":\"https:\/\/aem.hr\/#website\",\"url\":\"https:\/\/aem.hr\/\",\"name\":\"Agencija za elektroni\u010dke medije\",\"description\":\"\",\"potentialAction\":[{\"@type\":\"SearchAction\",\"target\":{\"@type\":\"EntryPoint\",\"urlTemplate\":\"https:\/\/aem.hr\/?s={search_term_string}\"},\"query-input\":{\"@type\":\"PropertyValueSpecification\",\"valueRequired\":true,\"valueName\":\"search_term_string\"}}],\"inLanguage\":\"en-US\"}]}<\/script>\n<!-- \/ Yoast SEO plugin. -->","yoast_head_json":{"title":"Usluge na zahtjev - Agencija za elektroni\u010dke medije","robots":{"index":"index","follow":"follow","max-snippet":"max-snippet:-1","max-image-preview":"max-image-preview:large","max-video-preview":"max-video-preview:-1"},"canonical":"https:\/\/aem.hr\/en\/usluge-na-zahtjev\/","og_locale":"en_US","og_type":"article","og_title":"Usluge na zahtjev - Agencija za elektroni\u010dke medije","og_description":"Pru\u017eatelji medijskih usluga na zahtjev koji nemaju koncesiju za televizijski ili radijski program, trebaju dobiti dopu\u0161tenje Vije\u0107a za elektroni\u010dke medije za pru\u017eanje tih usluga. Usluge na zahtjev su usluge koje omogu\u0107avaju korisnicima da gledaju ili slu\u0161aju medijski sadr\u017eaj onda kada to oni \u017eele, a ne onda kada je neki sadr\u017eaj na rasporedu u neko odre\u0111eno [&hellip;]","og_url":"https:\/\/aem.hr\/en\/usluge-na-zahtjev\/","og_site_name":"Agencija za elektroni\u010dke medije","article_modified_time":"2023-02-16T11:08:54+00:00","twitter_card":"summary_large_image","twitter_misc":{"Est. reading time":"1 minute"},"schema":{"@context":"https:\/\/schema.org","@graph":[{"@type":"WebPage","@id":"https:\/\/aem.hr\/en\/usluge-na-zahtjev\/","url":"https:\/\/aem.hr\/en\/usluge-na-zahtjev\/","name":"Usluge na zahtjev - Agencija za elektroni\u010dke medije","isPartOf":{"@id":"https:\/\/aem.hr\/#website"},"datePublished":"2018-11-22T10:31:01+00:00","dateModified":"2023-02-16T11:08:54+00:00","breadcrumb":{"@id":"https:\/\/aem.hr\/en\/usluge-na-zahtjev\/#breadcrumb"},"inLanguage":"en-US","potentialAction":[{"@type":"ReadAction","target":["https:\/\/aem.hr\/en\/usluge-na-zahtjev\/"]}]},{"@type":"BreadcrumbList","@id":"https:\/\/aem.hr\/en\/usluge-na-zahtjev\/#breadcrumb","itemListElement":[{"@type":"ListItem","position":1,"name":"Po\u010detna stranica","item":"https:\/\/aem.hr\/"},{"@type":"ListItem","position":2,"name":"Usluge na zahtjev"}]},{"@type":"WebSite","@id":"https:\/\/aem.hr\/#website","url":"https:\/\/aem.hr\/","name":"Agencija za elektroni\u010dke medije","description":"","potentialAction":[{"@type":"SearchAction","target":{"@type":"EntryPoint","urlTemplate":"https:\/\/aem.hr\/?s={search_term_string}"},"query-input":{"@type":"PropertyValueSpecification","valueRequired":true,"valueName":"search_term_string"}}],"inLanguage":"en-US"}]}},"coauthors":[],"author_meta":{"author_link":"https:\/\/aem.hr\/en\/blog\/author\/stjepan\/","display_name":"stjepan"},"relative_dates":{"created":"Posted 7 years ago","modified":"Updated 3 years ago"},"absolute_dates":{"created":"Posted on 22. November 2018.","modified":"Updated on 16. February 2023."},"absolute_dates_time":{"created":"Posted on 22. November 2018. 11:31","modified":"Updated on 16. February 2023. 12:08"},"featured_img_caption":"","featured_img":false,"series_order":"","_links":{"self":[{"href":"https:\/\/aem.hr\/en\/wp-json\/wp\/v2\/pages\/775","targetHints":{"allow":["GET"]}}],"collection":[{"href":"https:\/\/aem.hr\/en\/wp-json\/wp\/v2\/pages"}],"about":[{"href":"https:\/\/aem.hr\/en\/wp-json\/wp\/v2\/types\/page"}],"author":[{"embeddable":true,"href":"https:\/\/aem.hr\/en\/wp-json\/wp\/v2\/users\/2"}],"replies":[{"embeddable":true,"href":"https:\/\/aem.hr\/en\/wp-json\/wp\/v2\/comments?post=775"}],"version-history":[{"count":7,"href":"https:\/\/aem.hr\/en\/wp-json\/wp\/v2\/pages\/775\/revisions"}],"predecessor-version":[{"id":15873,"href":"https:\/\/aem.hr\/en\/wp-json\/wp\/v2\/pages\/775\/revisions\/15873"}],"wp:attachment":[{"href":"https:\/\/aem.hr\/en\/wp-json\/wp\/v2\/media?parent=775"}],"curies":[{"name":"wp","href":"https:\/\/api.w.org\/{rel}","templated":true}]}}