{"id":777,"date":"2018-11-22T11:31:15","date_gmt":"2018-11-22T10:31:15","guid":{"rendered":"http:\/\/emediji.inspirium.hr\/?page_id=777"},"modified":"2023-02-16T12:09:48","modified_gmt":"2023-02-16T11:09:48","slug":"satelit-kabel-internet","status":"publish","type":"page","link":"https:\/\/aem.hr\/en\/satelit-kabel-internet\/","title":{"rendered":"Satelit, kabel, internet"},"content":{"rendered":"\n<p>Pru\u017eatelji medijskih usluga televizije i\/ili radija koji\npru\u017eaju audiovizualni ili audio program putem satelita, kabela, interneta ili\nna drugi dopu\u0161teni na\u010din, a nemaju koncesiju za televizijski ili radijski\nprogram, trebaju dobiti dopu\u0161tenje Vije\u0107a za elektroni\u010dke medije za pru\u017eanje\ntih usluga. <\/p>\n\n\n\n<p>Usluge televizije i\/ili radija koje se pru\u017eaju putem\nsatelita, kabela, interneta ili na drugi dopu\u0161teni na\u010din mre\u017eni operatori\nuvr\u0161tavaju u pakete kanala koje nude korisnicima na tr\u017ei\u0161tu i koji su dostupni\nkroz usluge IPTV, kablovske televizije, putem satelitskog prijama programa ili\nna drugi na\u010din. Agencija i Vije\u0107e nemaju utjecaj na to koji kanal je dostupan\nkod kojeg operatera. <\/p>\n\n\n\n<p>Mo\u017ee se op\u0107enito re\u0107i da je proces dobivanja dopu\u0161tenja za\npru\u017eanje audiovizualnog i\/ili audio programa putem satelita, kabela, interneta\nili na drugi dopu\u0161teni na\u010din znatno jednostavnija, br\u017ea i jeftinija od\nprocedure za dobivanje televizijske ili radijske koncesije.<\/p>\n\n\n\n<p>Zahtjev i obrasce i za podno\u0161enje ovog zahtjeva mo\u017eete dobiti <a href=\"http:\/\/aem.hr\/objave\/\">ovdje<\/a>. <\/p>\n\n\n\n<p>Molimo pru\u017eatelje koji tra\u017ee promjenu programske osnove da koriste on-line obrasce na na\u010din da popune sve potrebne podatke, ali bez prilaganja dodatne dokumentacije.<\/p>\n\n\n\n<p><a href=\"https:\/\/pmu.e-mediji.hr\/Public\/PregledSatelitInternet.aspx\">Knjiga pru\u017eatelja medijskih usluga satelitom, internetom, kabelom i drugim dopu\u0161tenim oblicima prijenosa<\/a> dostupna je&nbsp;ovdje&nbsp;i u&nbsp;<a href=\"https:\/\/pmu.e-mediji.hr\/Public\/Reports\/PopisMedijskihUslugaSatInt.xls\" target=\"_blank\" rel=\"noreferrer noopener\" aria-label=\".xls formatu (otvara se u novoj kartici)\">.xls formatu<\/a>. <\/p>\n","protected":false},"excerpt":{"rendered":"<p>Pru\u017eatelji medijskih usluga televizije i\/ili radija koji pru\u017eaju audiovizualni ili audio program putem satelita, kabela, interneta ili na drugi dopu\u0161teni na\u010din, a nemaju koncesiju za televizijski ili radijski program, trebaju dobiti dopu\u0161tenje Vije\u0107a za elektroni\u010dke medije za pru\u017eanje tih usluga. Usluge televizije i\/ili radija koje se pru\u017eaju putem satelita, kabela, interneta ili na drugi dopu\u0161teni [&hellip;]<\/p>\n","protected":false},"author":2,"featured_media":0,"parent":0,"menu_order":0,"comment_status":"closed","ping_status":"closed","template":"","meta":{"_acf_changed":false,"inline_featured_image":false,"advgb_blocks_editor_width":"","advgb_blocks_columns_visual_guide":"","_links_to":"","_links_to_type":0,"footnotes":""},"class_list":["post-777","page","type-page","status-publish","hentry"],"acf":[],"yoast_head":"<!-- This site is optimized with the Yoast SEO plugin v25.7 - https:\/\/yoast.com\/wordpress\/plugins\/seo\/ -->\n<title>Satelit, kabel, internet - Agencija za elektroni\u010dke medije<\/title>\n<meta name=\"robots\" content=\"index, follow, max-snippet:-1, max-image-preview:large, max-video-preview:-1\" \/>\n<link rel=\"canonical\" href=\"https:\/\/aem.hr\/satelit-kabel-internet\/\" \/>\n<meta property=\"og:locale\" content=\"en_US\" \/>\n<meta property=\"og:type\" content=\"article\" \/>\n<meta property=\"og:title\" content=\"Satelit, kabel, internet - Agencija za elektroni\u010dke medije\" \/>\n<meta property=\"og:description\" content=\"Pru\u017eatelji medijskih usluga televizije i\/ili radija koji pru\u017eaju audiovizualni ili audio program putem satelita, kabela, interneta ili na drugi dopu\u0161teni na\u010din, a nemaju koncesiju za televizijski ili radijski program, trebaju dobiti dopu\u0161tenje Vije\u0107a za elektroni\u010dke medije za pru\u017eanje tih usluga. Usluge televizije i\/ili radija koje se pru\u017eaju putem satelita, kabela, interneta ili na drugi dopu\u0161teni [&hellip;]\" \/>\n<meta property=\"og:url\" content=\"https:\/\/aem.hr\/satelit-kabel-internet\/\" \/>\n<meta property=\"og:site_name\" content=\"Agencija za elektroni\u010dke medije\" \/>\n<meta property=\"article:modified_time\" content=\"2023-02-16T11:09:48+00:00\" \/>\n<meta name=\"twitter:card\" content=\"summary_large_image\" \/>\n<meta name=\"twitter:label1\" content=\"Est. reading time\" \/>\n\t<meta name=\"twitter:data1\" content=\"2 minutes\" \/>\n<script type=\"application\/ld+json\" class=\"yoast-schema-graph\">{\"@context\":\"https:\/\/schema.org\",\"@graph\":[{\"@type\":\"WebPage\",\"@id\":\"https:\/\/aem.hr\/satelit-kabel-internet\/\",\"url\":\"https:\/\/aem.hr\/satelit-kabel-internet\/\",\"name\":\"Satelit, kabel, internet - Agencija za elektroni\u010dke medije\",\"isPartOf\":{\"@id\":\"https:\/\/aem.hr\/#website\"},\"datePublished\":\"2018-11-22T10:31:15+00:00\",\"dateModified\":\"2023-02-16T11:09:48+00:00\",\"breadcrumb\":{\"@id\":\"https:\/\/aem.hr\/satelit-kabel-internet\/#breadcrumb\"},\"inLanguage\":\"en-US\",\"potentialAction\":[{\"@type\":\"ReadAction\",\"target\":[\"https:\/\/aem.hr\/satelit-kabel-internet\/\"]}]},{\"@type\":\"BreadcrumbList\",\"@id\":\"https:\/\/aem.hr\/satelit-kabel-internet\/#breadcrumb\",\"itemListElement\":[{\"@type\":\"ListItem\",\"position\":1,\"name\":\"Po\u010detna stranica\",\"item\":\"https:\/\/aem.hr\/\"},{\"@type\":\"ListItem\",\"position\":2,\"name\":\"Satelit, kabel, internet\"}]},{\"@type\":\"WebSite\",\"@id\":\"https:\/\/aem.hr\/#website\",\"url\":\"https:\/\/aem.hr\/\",\"name\":\"Agencija za elektroni\u010dke medije\",\"description\":\"\",\"potentialAction\":[{\"@type\":\"SearchAction\",\"target\":{\"@type\":\"EntryPoint\",\"urlTemplate\":\"https:\/\/aem.hr\/?s={search_term_string}\"},\"query-input\":{\"@type\":\"PropertyValueSpecification\",\"valueRequired\":true,\"valueName\":\"search_term_string\"}}],\"inLanguage\":\"en-US\"}]}<\/script>\n<!-- \/ Yoast SEO plugin. -->","yoast_head_json":{"title":"Satelit, kabel, internet - Agencija za elektroni\u010dke medije","robots":{"index":"index","follow":"follow","max-snippet":"max-snippet:-1","max-image-preview":"max-image-preview:large","max-video-preview":"max-video-preview:-1"},"canonical":"https:\/\/aem.hr\/satelit-kabel-internet\/","og_locale":"en_US","og_type":"article","og_title":"Satelit, kabel, internet - Agencija za elektroni\u010dke medije","og_description":"Pru\u017eatelji medijskih usluga televizije i\/ili radija koji pru\u017eaju audiovizualni ili audio program putem satelita, kabela, interneta ili na drugi dopu\u0161teni na\u010din, a nemaju koncesiju za televizijski ili radijski program, trebaju dobiti dopu\u0161tenje Vije\u0107a za elektroni\u010dke medije za pru\u017eanje tih usluga. Usluge televizije i\/ili radija koje se pru\u017eaju putem satelita, kabela, interneta ili na drugi dopu\u0161teni [&hellip;]","og_url":"https:\/\/aem.hr\/satelit-kabel-internet\/","og_site_name":"Agencija za elektroni\u010dke medije","article_modified_time":"2023-02-16T11:09:48+00:00","twitter_card":"summary_large_image","twitter_misc":{"Est. reading time":"2 minutes"},"schema":{"@context":"https:\/\/schema.org","@graph":[{"@type":"WebPage","@id":"https:\/\/aem.hr\/satelit-kabel-internet\/","url":"https:\/\/aem.hr\/satelit-kabel-internet\/","name":"Satelit, kabel, internet - Agencija za elektroni\u010dke medije","isPartOf":{"@id":"https:\/\/aem.hr\/#website"},"datePublished":"2018-11-22T10:31:15+00:00","dateModified":"2023-02-16T11:09:48+00:00","breadcrumb":{"@id":"https:\/\/aem.hr\/satelit-kabel-internet\/#breadcrumb"},"inLanguage":"en-US","potentialAction":[{"@type":"ReadAction","target":["https:\/\/aem.hr\/satelit-kabel-internet\/"]}]},{"@type":"BreadcrumbList","@id":"https:\/\/aem.hr\/satelit-kabel-internet\/#breadcrumb","itemListElement":[{"@type":"ListItem","position":1,"name":"Po\u010detna stranica","item":"https:\/\/aem.hr\/"},{"@type":"ListItem","position":2,"name":"Satelit, kabel, internet"}]},{"@type":"WebSite","@id":"https:\/\/aem.hr\/#website","url":"https:\/\/aem.hr\/","name":"Agencija za elektroni\u010dke medije","description":"","potentialAction":[{"@type":"SearchAction","target":{"@type":"EntryPoint","urlTemplate":"https:\/\/aem.hr\/?s={search_term_string}"},"query-input":{"@type":"PropertyValueSpecification","valueRequired":true,"valueName":"search_term_string"}}],"inLanguage":"en-US"}]}},"coauthors":[],"author_meta":{"author_link":"https:\/\/aem.hr\/en\/blog\/author\/stjepan\/","display_name":"stjepan"},"relative_dates":{"created":"Posted 7 years ago","modified":"Updated 3 years ago"},"absolute_dates":{"created":"Posted on 22. November 2018.","modified":"Updated on 16. February 2023."},"absolute_dates_time":{"created":"Posted on 22. November 2018. 11:31","modified":"Updated on 16. February 2023. 12:09"},"featured_img_caption":"","featured_img":false,"series_order":"","_links":{"self":[{"href":"https:\/\/aem.hr\/en\/wp-json\/wp\/v2\/pages\/777","targetHints":{"allow":["GET"]}}],"collection":[{"href":"https:\/\/aem.hr\/en\/wp-json\/wp\/v2\/pages"}],"about":[{"href":"https:\/\/aem.hr\/en\/wp-json\/wp\/v2\/types\/page"}],"author":[{"embeddable":true,"href":"https:\/\/aem.hr\/en\/wp-json\/wp\/v2\/users\/2"}],"replies":[{"embeddable":true,"href":"https:\/\/aem.hr\/en\/wp-json\/wp\/v2\/comments?post=777"}],"version-history":[{"count":8,"href":"https:\/\/aem.hr\/en\/wp-json\/wp\/v2\/pages\/777\/revisions"}],"predecessor-version":[{"id":15874,"href":"https:\/\/aem.hr\/en\/wp-json\/wp\/v2\/pages\/777\/revisions\/15874"}],"wp:attachment":[{"href":"https:\/\/aem.hr\/en\/wp-json\/wp\/v2\/media?parent=777"}],"curies":[{"name":"wp","href":"https:\/\/api.w.org\/{rel}","templated":true}]}}