{"id":81,"date":"2018-11-02T12:28:32","date_gmt":"2018-11-02T11:28:32","guid":{"rendered":"http:\/\/emediji.inspirium.hr\/?page_id=81"},"modified":"2025-02-18T09:17:05","modified_gmt":"2025-02-18T08:17:05","slug":"televizijski-nakladnici","status":"publish","type":"page","link":"https:\/\/aem.hr\/en\/televizijski-nakladnici\/","title":{"rendered":"Televizijski nakladnici"},"content":{"rendered":"\n<p>Postupak davanja koncesija za obavljanje djelatnosti pru\u017eanja medijske usluge televizije provodi <strong>Vije\u0107e za elektroni\u010dke medije. <\/strong><\/p>\n\n\n\n<p>Ovisno o raspolo\u017eivosti prijenosnih\nkapaciteta i interesu tr\u017ei\u0161ta, AEM raspisuje koncesije a Hrvatska regulatorna\nagencija za mre\u017ene djelatnosti (HAKOM) pokre\u0107e postupak za izdavanje dozvole\nmre\u017enom operatoru. <a href=\"https:\/\/www.hakom.hr\/default.aspx?id=407\">U bazi\npodataka radiofrencijskog spektra za televiziju<\/a> HAKOM-a nalaze se podaci o\nslobodnim kapacitetima i frekvencijama. <\/p>\n\n\n\n<p>Ukoliko postoje potrebni tehni\u010dki\npreduvjeti, Vije\u0107e \u0107e utvrditi postoji li javni interes za obavljanje\ndjelatnosti televizije, a potom i izraditi studiju opravdanosti. Nakon\nprovedenih pripremnih radnji, Vije\u0107e objavljuje Obavijest o namjeri davanja\nkoncesija, \u0161to je otvoren i javan postupak dostupan svim subjektima koji\nispunjavaju uvjete za obavljanje medijske usluge televizije. Uvjeti za\nobavljanje radijske djelatnosti propisani su <a href=\"https:\/\/aem.hr\/repository_files\/file\/490\/\">Zakonom o\nelektroni\u010dkim medijima<\/a> i <a href=\"http:\/\/digured.srce.hr\/arhiva\/263\/121078\/narodne-novine.nn.hr\/clanci\/sluzbeni\/2014_07_83_1621.html\">Pravilnikom\no minimalnim uvjetima za obavljanje audio i audiovizualnih medijskih usluga i\nvo\u0111enju o\u010devidnika<\/a>.<\/p>\n\n\n\n<p>Predvidivi tro\u0161kovi pravnih osoba\nkoje se javljaju na natje\u010daj za televizijske koncesije, kao i televizijskih\nnakladnika vezani uz televizijske djelatnosti su:<\/p>\n\n\n\n<ul class=\"wp-block-list\">\n<li>398,17 eura tro\u0161ka dostave natje\u010dajne dokumentacije i podno\u0161enja ponude za<br> nadmetanje<\/li>\n\n\n\n<li>dobivanjem koncesije nakladnik postaje obveznik uplate koncesijske naknade. Visina<br> koncesijske naknade odre\u0111uje se sukladno broju stanovnika na koncesijskom<br> podru\u010dju. Za svakih zapo\u010detih 50.000 stanovnika ona iznosi 66,36 eura<br> godi\u0161nje. Postoji i varijabilni dio koncesijske naknade koji se pla\u0107a u<br> slu\u010daju da nakladnik ima prihod ve\u0107i od 663.614,04 eura i pla\u0107a se u iznosu<br> od 0,15% na iznos iznad navedenog,<\/li>\n\n\n\n<li>nakon potpisa ugovora o koncesiji, nakladnik postaje i obveznik uplate 0,5%<br> godi\u0161njeg bruto prihoda od djelatnosti na ime naknade za rad Agencije za<br> elektroni\u010dke medije.<\/li>\n<\/ul>\n\n\n\n<p>Pored gore navedenih tro\u0161kova\npostoji i tro\u0161ak naknade za uporabu radijske frekvencije koja se upla\u0107uje\nHAKOM-u te drugi tro\u0161kovi vezani uz audio\/audiovizualne djelatnosti (ZAMP i\ndrugo), kao i tro\u0161kovi emitiranja koji se odre\u0111uju prema cjeniku Odi\u0161alja\u010da i\nveza d.o.o.<\/p>\n\n\n\n<p>Nakon \u0161to Vije\u0107e donese odluku o dodjeli koncesije te se sa pru\u017eateljem medijske usluge televizije sklopi ugovor o koncesiji, nakladnik se upisuje u <a href=\"https:\/\/pmu.e-mediji.hr\/Public\/PregledTvNakladnici.aspx\">Knjiga pru\u017eatelja medijskih usluga<\/a><a href=\"https:\/\/pmu.e-mediji.hr\/Public\/PregledRadioNakladnici.aspx\"> <\/a>televizije, koja se redovito a\u017eurira te je dostupna i u <a href=\"https:\/\/pmu.e-mediji.hr\/Public\/Reports\/PopisMedijskihUslugaTV.xls\">.xls formatu<\/a>. Knjigu pru\u017eatelja medijskih usluga televizije mo\u017eete preuzeti&nbsp;<a href=\"https:\/\/pmu.e-mediji.hr\/Forms\/Common\/DownloadStatic.aspx?id=5%20\">ovdje<\/a>. <\/p>\n\n\n\n<p>\n\nSve vijesti vezane uz koncesije i aktualne natje\u010daje mo\u017eete prona\u0107i&nbsp;<a href=\"http:\/\/aem.hr\/kategorija\/koncesije\/\">ovdje<\/a>.\n\n<\/p>\n","protected":false},"excerpt":{"rendered":"<p>Postupak davanja koncesija za obavljanje djelatnosti pru\u017eanja medijske usluge televizije provodi Vije\u0107e za elektroni\u010dke medije. Ovisno o raspolo\u017eivosti prijenosnih kapaciteta i interesu tr\u017ei\u0161ta, AEM raspisuje koncesije a Hrvatska regulatorna agencija za mre\u017ene djelatnosti (HAKOM) pokre\u0107e postupak za izdavanje dozvole mre\u017enom operatoru. U bazi podataka radiofrencijskog spektra za televiziju HAKOM-a nalaze se podaci o slobodnim kapacitetima [&hellip;]<\/p>\n","protected":false},"author":2,"featured_media":0,"parent":0,"menu_order":0,"comment_status":"closed","ping_status":"closed","template":"","meta":{"_acf_changed":false,"inline_featured_image":false,"advgb_blocks_editor_width":"","advgb_blocks_columns_visual_guide":"","_links_to":"","_links_to_type":0,"footnotes":""},"class_list":["post-81","page","type-page","status-publish","hentry"],"acf":[],"yoast_head":"<!-- This site is optimized with the Yoast SEO plugin v25.7 - https:\/\/yoast.com\/wordpress\/plugins\/seo\/ -->\n<title>Televizijski nakladnici - Agencija za elektroni\u010dke medije<\/title>\n<meta name=\"robots\" content=\"index, follow, max-snippet:-1, max-image-preview:large, max-video-preview:-1\" \/>\n<link rel=\"canonical\" href=\"https:\/\/aem.hr\/televizijski-nakladnici\/\" \/>\n<meta property=\"og:locale\" content=\"en_US\" \/>\n<meta property=\"og:type\" content=\"article\" \/>\n<meta property=\"og:title\" content=\"Televizijski nakladnici - Agencija za elektroni\u010dke medije\" \/>\n<meta property=\"og:description\" content=\"Postupak davanja koncesija za obavljanje djelatnosti pru\u017eanja medijske usluge televizije provodi Vije\u0107e za elektroni\u010dke medije. Ovisno o raspolo\u017eivosti prijenosnih kapaciteta i interesu tr\u017ei\u0161ta, AEM raspisuje koncesije a Hrvatska regulatorna agencija za mre\u017ene djelatnosti (HAKOM) pokre\u0107e postupak za izdavanje dozvole mre\u017enom operatoru. U bazi podataka radiofrencijskog spektra za televiziju HAKOM-a nalaze se podaci o slobodnim kapacitetima [&hellip;]\" \/>\n<meta property=\"og:url\" content=\"https:\/\/aem.hr\/televizijski-nakladnici\/\" \/>\n<meta property=\"og:site_name\" content=\"Agencija za elektroni\u010dke medije\" \/>\n<meta property=\"article:modified_time\" content=\"2025-02-18T08:17:05+00:00\" \/>\n<meta name=\"twitter:card\" content=\"summary_large_image\" \/>\n<meta name=\"twitter:label1\" content=\"Est. reading time\" \/>\n\t<meta name=\"twitter:data1\" content=\"2 minutes\" \/>\n<script type=\"application\/ld+json\" class=\"yoast-schema-graph\">{\"@context\":\"https:\/\/schema.org\",\"@graph\":[{\"@type\":\"WebPage\",\"@id\":\"https:\/\/aem.hr\/televizijski-nakladnici\/\",\"url\":\"https:\/\/aem.hr\/televizijski-nakladnici\/\",\"name\":\"Televizijski nakladnici - Agencija za elektroni\u010dke medije\",\"isPartOf\":{\"@id\":\"https:\/\/aem.hr\/#website\"},\"datePublished\":\"2018-11-02T11:28:32+00:00\",\"dateModified\":\"2025-02-18T08:17:05+00:00\",\"breadcrumb\":{\"@id\":\"https:\/\/aem.hr\/televizijski-nakladnici\/#breadcrumb\"},\"inLanguage\":\"en-US\",\"potentialAction\":[{\"@type\":\"ReadAction\",\"target\":[\"https:\/\/aem.hr\/televizijski-nakladnici\/\"]}]},{\"@type\":\"BreadcrumbList\",\"@id\":\"https:\/\/aem.hr\/televizijski-nakladnici\/#breadcrumb\",\"itemListElement\":[{\"@type\":\"ListItem\",\"position\":1,\"name\":\"Po\u010detna stranica\",\"item\":\"https:\/\/aem.hr\/\"},{\"@type\":\"ListItem\",\"position\":2,\"name\":\"Televizijski nakladnici\"}]},{\"@type\":\"WebSite\",\"@id\":\"https:\/\/aem.hr\/#website\",\"url\":\"https:\/\/aem.hr\/\",\"name\":\"Agencija za elektroni\u010dke medije\",\"description\":\"\",\"potentialAction\":[{\"@type\":\"SearchAction\",\"target\":{\"@type\":\"EntryPoint\",\"urlTemplate\":\"https:\/\/aem.hr\/?s={search_term_string}\"},\"query-input\":{\"@type\":\"PropertyValueSpecification\",\"valueRequired\":true,\"valueName\":\"search_term_string\"}}],\"inLanguage\":\"en-US\"}]}<\/script>\n<!-- \/ Yoast SEO plugin. -->","yoast_head_json":{"title":"Televizijski nakladnici - Agencija za elektroni\u010dke medije","robots":{"index":"index","follow":"follow","max-snippet":"max-snippet:-1","max-image-preview":"max-image-preview:large","max-video-preview":"max-video-preview:-1"},"canonical":"https:\/\/aem.hr\/televizijski-nakladnici\/","og_locale":"en_US","og_type":"article","og_title":"Televizijski nakladnici - Agencija za elektroni\u010dke medije","og_description":"Postupak davanja koncesija za obavljanje djelatnosti pru\u017eanja medijske usluge televizije provodi Vije\u0107e za elektroni\u010dke medije. Ovisno o raspolo\u017eivosti prijenosnih kapaciteta i interesu tr\u017ei\u0161ta, AEM raspisuje koncesije a Hrvatska regulatorna agencija za mre\u017ene djelatnosti (HAKOM) pokre\u0107e postupak za izdavanje dozvole mre\u017enom operatoru. U bazi podataka radiofrencijskog spektra za televiziju HAKOM-a nalaze se podaci o slobodnim kapacitetima [&hellip;]","og_url":"https:\/\/aem.hr\/televizijski-nakladnici\/","og_site_name":"Agencija za elektroni\u010dke medije","article_modified_time":"2025-02-18T08:17:05+00:00","twitter_card":"summary_large_image","twitter_misc":{"Est. reading time":"2 minutes"},"schema":{"@context":"https:\/\/schema.org","@graph":[{"@type":"WebPage","@id":"https:\/\/aem.hr\/televizijski-nakladnici\/","url":"https:\/\/aem.hr\/televizijski-nakladnici\/","name":"Televizijski nakladnici - Agencija za elektroni\u010dke medije","isPartOf":{"@id":"https:\/\/aem.hr\/#website"},"datePublished":"2018-11-02T11:28:32+00:00","dateModified":"2025-02-18T08:17:05+00:00","breadcrumb":{"@id":"https:\/\/aem.hr\/televizijski-nakladnici\/#breadcrumb"},"inLanguage":"en-US","potentialAction":[{"@type":"ReadAction","target":["https:\/\/aem.hr\/televizijski-nakladnici\/"]}]},{"@type":"BreadcrumbList","@id":"https:\/\/aem.hr\/televizijski-nakladnici\/#breadcrumb","itemListElement":[{"@type":"ListItem","position":1,"name":"Po\u010detna stranica","item":"https:\/\/aem.hr\/"},{"@type":"ListItem","position":2,"name":"Televizijski nakladnici"}]},{"@type":"WebSite","@id":"https:\/\/aem.hr\/#website","url":"https:\/\/aem.hr\/","name":"Agencija za elektroni\u010dke medije","description":"","potentialAction":[{"@type":"SearchAction","target":{"@type":"EntryPoint","urlTemplate":"https:\/\/aem.hr\/?s={search_term_string}"},"query-input":{"@type":"PropertyValueSpecification","valueRequired":true,"valueName":"search_term_string"}}],"inLanguage":"en-US"}]}},"coauthors":[],"author_meta":{"author_link":"https:\/\/aem.hr\/en\/blog\/author\/stjepan\/","display_name":"stjepan"},"relative_dates":{"created":"Posted 7 years ago","modified":"Updated 1 year ago"},"absolute_dates":{"created":"Posted on 2. November 2018.","modified":"Updated on 18. February 2025."},"absolute_dates_time":{"created":"Posted on 2. November 2018. 12:28","modified":"Updated on 18. February 2025. 9:17"},"featured_img_caption":"","featured_img":false,"series_order":"","_links":{"self":[{"href":"https:\/\/aem.hr\/en\/wp-json\/wp\/v2\/pages\/81","targetHints":{"allow":["GET"]}}],"collection":[{"href":"https:\/\/aem.hr\/en\/wp-json\/wp\/v2\/pages"}],"about":[{"href":"https:\/\/aem.hr\/en\/wp-json\/wp\/v2\/types\/page"}],"author":[{"embeddable":true,"href":"https:\/\/aem.hr\/en\/wp-json\/wp\/v2\/users\/2"}],"replies":[{"embeddable":true,"href":"https:\/\/aem.hr\/en\/wp-json\/wp\/v2\/comments?post=81"}],"version-history":[{"count":13,"href":"https:\/\/aem.hr\/en\/wp-json\/wp\/v2\/pages\/81\/revisions"}],"predecessor-version":[{"id":20049,"href":"https:\/\/aem.hr\/en\/wp-json\/wp\/v2\/pages\/81\/revisions\/20049"}],"wp:attachment":[{"href":"https:\/\/aem.hr\/en\/wp-json\/wp\/v2\/media?parent=81"}],"curies":[{"name":"wp","href":"https:\/\/api.w.org\/{rel}","templated":true}]}}