{"id":874,"date":"2019-01-22T14:08:07","date_gmt":"2019-01-22T13:08:07","guid":{"rendered":"http:\/\/emediji.inspirium.hr\/?page_id=874"},"modified":"2019-01-22T14:08:08","modified_gmt":"2019-01-22T13:08:08","slug":"robert-tomljenovic","status":"publish","type":"page","link":"https:\/\/aem.hr\/en\/robert-tomljenovic\/","title":{"rendered":"Robert Tomljenovi\u0107, zamjenik predsjednika"},"content":{"rendered":"\n<p>\n\nRobert Tomljenovi\u0107 ro\u0111en je u Zagrebu 1966. Studirao je na Pravnom fakultetu, zavr\u0161io dodiplomski studij novinarstva i diplomski stru\u010dni studij Upravljanja poslovnim komunikacijama. Profesionalnu karijeru gradio je u elektroni\u010dkim medijima i audiovizualnoj industriji, rade\u0107i kao novinar, urednik i producent. Novinarsku karijeru zapo\u010deo je na Radiju 101, u prvoj polovici devedesetih, rade\u0107i kao novinar i urednik vijesti. Na Obiteljskom radiju,&nbsp;kao glavni urednik informativnog programa, utemeljuje i postavlja informativni program. Televizijsku karijeru zapo\u010deo je s Vijestima dana CCN-a (mre\u017ea lokalnih televizija), gdje je bio jedan&nbsp;od programskih utemeljitelja, te radio kao urednik i voditelj.&nbsp;Vijesti dana CCN-a, kao prva prava konkurencija informativnom programu HTV-a, dobile su 2000. godi\u0161nju nagradu HND-a. Osam godina radio je za BBC World service, prvo kao dopisnik, a zatim i urednik u&nbsp;zagreba\u010dkom uredu. Potom je na RTL-u, kao prvi glavni urednik informativnog programa ustrojio informativni program, uveo nove koncepte televizijskih vijesti, te vodio projekte politi\u010dkih debata i sportskih prijenosa. Od 2005. vodio je televizijsku producentsku ku\u0107u Ring Multimediju, te radio kao producent na klju\u010dnim projektima kao \u0161to su nagra\u0111ivana dokumentarna serija \u201eVeliki brodolomi Jadrana&#8221;, &nbsp;humoristi\u010dna serija \u201eBumerang&#8221; ili dramska serija \u201ePo\u010divali u miru&#8221;.&nbsp;Od rujna 2013., odlukom Hrvatskog sabora, \u010dlan je Vije\u0107a za elektroni\u010dke medije, a u srpnju 2017. izabran je za zamjenika predsjednika Vije\u0107a i ravnatelja Agencije za elektroni\u010dke medije.\n\n<\/p>\n","protected":false},"excerpt":{"rendered":"<p>Robert Tomljenovi\u0107 ro\u0111en je u Zagrebu 1966. Studirao je na Pravnom fakultetu, zavr\u0161io dodiplomski studij novinarstva i diplomski stru\u010dni studij Upravljanja poslovnim komunikacijama. Profesionalnu karijeru gradio je u elektroni\u010dkim medijima i audiovizualnoj industriji, rade\u0107i kao novinar, urednik i producent. Novinarsku karijeru zapo\u010deo je na Radiju 101, u prvoj polovici devedesetih, rade\u0107i kao novinar i urednik [&hellip;]<\/p>\n","protected":false},"author":18,"featured_media":0,"parent":0,"menu_order":0,"comment_status":"closed","ping_status":"closed","template":"","meta":{"_acf_changed":false,"inline_featured_image":false,"advgb_blocks_editor_width":"","advgb_blocks_columns_visual_guide":"","_links_to":"","_links_to_type":0,"footnotes":""},"class_list":["post-874","page","type-page","status-publish","hentry"],"acf":[],"yoast_head":"<!-- This site is optimized with the Yoast SEO plugin v25.7 - https:\/\/yoast.com\/wordpress\/plugins\/seo\/ -->\n<title>Robert Tomljenovi\u0107, zamjenik predsjednika - Agencija za elektroni\u010dke medije<\/title>\n<meta name=\"robots\" content=\"index, follow, max-snippet:-1, max-image-preview:large, max-video-preview:-1\" \/>\n<link rel=\"canonical\" href=\"https:\/\/aem.hr\/robert-tomljenovic\/\" \/>\n<meta property=\"og:locale\" content=\"en_US\" \/>\n<meta property=\"og:type\" content=\"article\" \/>\n<meta property=\"og:title\" content=\"Robert Tomljenovi\u0107, zamjenik predsjednika - Agencija za elektroni\u010dke medije\" \/>\n<meta property=\"og:description\" content=\"Robert Tomljenovi\u0107 ro\u0111en je u Zagrebu 1966. Studirao je na Pravnom fakultetu, zavr\u0161io dodiplomski studij novinarstva i diplomski stru\u010dni studij Upravljanja poslovnim komunikacijama. Profesionalnu karijeru gradio je u elektroni\u010dkim medijima i audiovizualnoj industriji, rade\u0107i kao novinar, urednik i producent. Novinarsku karijeru zapo\u010deo je na Radiju 101, u prvoj polovici devedesetih, rade\u0107i kao novinar i urednik [&hellip;]\" \/>\n<meta property=\"og:url\" content=\"https:\/\/aem.hr\/robert-tomljenovic\/\" \/>\n<meta property=\"og:site_name\" content=\"Agencija za elektroni\u010dke medije\" \/>\n<meta property=\"article:modified_time\" content=\"2019-01-22T13:08:08+00:00\" \/>\n<meta name=\"twitter:card\" content=\"summary_large_image\" \/>\n<meta name=\"twitter:label1\" content=\"Est. reading time\" \/>\n\t<meta name=\"twitter:data1\" content=\"1 minute\" \/>\n<script type=\"application\/ld+json\" class=\"yoast-schema-graph\">{\"@context\":\"https:\/\/schema.org\",\"@graph\":[{\"@type\":\"WebPage\",\"@id\":\"https:\/\/aem.hr\/robert-tomljenovic\/\",\"url\":\"https:\/\/aem.hr\/robert-tomljenovic\/\",\"name\":\"Robert Tomljenovi\u0107, zamjenik predsjednika - Agencija za elektroni\u010dke medije\",\"isPartOf\":{\"@id\":\"https:\/\/aem.hr\/#website\"},\"datePublished\":\"2019-01-22T13:08:07+00:00\",\"dateModified\":\"2019-01-22T13:08:08+00:00\",\"breadcrumb\":{\"@id\":\"https:\/\/aem.hr\/robert-tomljenovic\/#breadcrumb\"},\"inLanguage\":\"en-US\",\"potentialAction\":[{\"@type\":\"ReadAction\",\"target\":[\"https:\/\/aem.hr\/robert-tomljenovic\/\"]}]},{\"@type\":\"BreadcrumbList\",\"@id\":\"https:\/\/aem.hr\/robert-tomljenovic\/#breadcrumb\",\"itemListElement\":[{\"@type\":\"ListItem\",\"position\":1,\"name\":\"Po\u010detna stranica\",\"item\":\"https:\/\/aem.hr\/\"},{\"@type\":\"ListItem\",\"position\":2,\"name\":\"Robert Tomljenovi\u0107, zamjenik predsjednika\"}]},{\"@type\":\"WebSite\",\"@id\":\"https:\/\/aem.hr\/#website\",\"url\":\"https:\/\/aem.hr\/\",\"name\":\"Agencija za elektroni\u010dke medije\",\"description\":\"\",\"potentialAction\":[{\"@type\":\"SearchAction\",\"target\":{\"@type\":\"EntryPoint\",\"urlTemplate\":\"https:\/\/aem.hr\/?s={search_term_string}\"},\"query-input\":{\"@type\":\"PropertyValueSpecification\",\"valueRequired\":true,\"valueName\":\"search_term_string\"}}],\"inLanguage\":\"en-US\"}]}<\/script>\n<!-- \/ Yoast SEO plugin. -->","yoast_head_json":{"title":"Robert Tomljenovi\u0107, zamjenik predsjednika - Agencija za elektroni\u010dke medije","robots":{"index":"index","follow":"follow","max-snippet":"max-snippet:-1","max-image-preview":"max-image-preview:large","max-video-preview":"max-video-preview:-1"},"canonical":"https:\/\/aem.hr\/robert-tomljenovic\/","og_locale":"en_US","og_type":"article","og_title":"Robert Tomljenovi\u0107, zamjenik predsjednika - Agencija za elektroni\u010dke medije","og_description":"Robert Tomljenovi\u0107 ro\u0111en je u Zagrebu 1966. Studirao je na Pravnom fakultetu, zavr\u0161io dodiplomski studij novinarstva i diplomski stru\u010dni studij Upravljanja poslovnim komunikacijama. Profesionalnu karijeru gradio je u elektroni\u010dkim medijima i audiovizualnoj industriji, rade\u0107i kao novinar, urednik i producent. Novinarsku karijeru zapo\u010deo je na Radiju 101, u prvoj polovici devedesetih, rade\u0107i kao novinar i urednik [&hellip;]","og_url":"https:\/\/aem.hr\/robert-tomljenovic\/","og_site_name":"Agencija za elektroni\u010dke medije","article_modified_time":"2019-01-22T13:08:08+00:00","twitter_card":"summary_large_image","twitter_misc":{"Est. reading time":"1 minute"},"schema":{"@context":"https:\/\/schema.org","@graph":[{"@type":"WebPage","@id":"https:\/\/aem.hr\/robert-tomljenovic\/","url":"https:\/\/aem.hr\/robert-tomljenovic\/","name":"Robert Tomljenovi\u0107, zamjenik predsjednika - Agencija za elektroni\u010dke medije","isPartOf":{"@id":"https:\/\/aem.hr\/#website"},"datePublished":"2019-01-22T13:08:07+00:00","dateModified":"2019-01-22T13:08:08+00:00","breadcrumb":{"@id":"https:\/\/aem.hr\/robert-tomljenovic\/#breadcrumb"},"inLanguage":"en-US","potentialAction":[{"@type":"ReadAction","target":["https:\/\/aem.hr\/robert-tomljenovic\/"]}]},{"@type":"BreadcrumbList","@id":"https:\/\/aem.hr\/robert-tomljenovic\/#breadcrumb","itemListElement":[{"@type":"ListItem","position":1,"name":"Po\u010detna stranica","item":"https:\/\/aem.hr\/"},{"@type":"ListItem","position":2,"name":"Robert Tomljenovi\u0107, zamjenik predsjednika"}]},{"@type":"WebSite","@id":"https:\/\/aem.hr\/#website","url":"https:\/\/aem.hr\/","name":"Agencija za elektroni\u010dke medije","description":"","potentialAction":[{"@type":"SearchAction","target":{"@type":"EntryPoint","urlTemplate":"https:\/\/aem.hr\/?s={search_term_string}"},"query-input":{"@type":"PropertyValueSpecification","valueRequired":true,"valueName":"search_term_string"}}],"inLanguage":"en-US"}]}},"coauthors":[],"author_meta":{"author_link":"https:\/\/aem.hr\/en\/blog\/author\/mkirac\/","display_name":"Matko Kirac"},"relative_dates":{"created":"Posted 7 years ago","modified":"Updated 7 years ago"},"absolute_dates":{"created":"Posted on 22. January 2019.","modified":"Updated on 22. January 2019."},"absolute_dates_time":{"created":"Posted on 22. January 2019. 14:08","modified":"Updated on 22. January 2019. 14:08"},"featured_img_caption":"","featured_img":false,"series_order":"","_links":{"self":[{"href":"https:\/\/aem.hr\/en\/wp-json\/wp\/v2\/pages\/874","targetHints":{"allow":["GET"]}}],"collection":[{"href":"https:\/\/aem.hr\/en\/wp-json\/wp\/v2\/pages"}],"about":[{"href":"https:\/\/aem.hr\/en\/wp-json\/wp\/v2\/types\/page"}],"author":[{"embeddable":true,"href":"https:\/\/aem.hr\/en\/wp-json\/wp\/v2\/users\/18"}],"replies":[{"embeddable":true,"href":"https:\/\/aem.hr\/en\/wp-json\/wp\/v2\/comments?post=874"}],"version-history":[{"count":1,"href":"https:\/\/aem.hr\/en\/wp-json\/wp\/v2\/pages\/874\/revisions"}],"predecessor-version":[{"id":875,"href":"https:\/\/aem.hr\/en\/wp-json\/wp\/v2\/pages\/874\/revisions\/875"}],"wp:attachment":[{"href":"https:\/\/aem.hr\/en\/wp-json\/wp\/v2\/media?parent=874"}],"curies":[{"name":"wp","href":"https:\/\/api.w.org\/{rel}","templated":true}]}}