{"id":879,"date":"2019-01-22T14:11:41","date_gmt":"2019-01-22T13:11:41","guid":{"rendered":"http:\/\/emediji.inspirium.hr\/?page_id=879"},"modified":"2019-01-22T14:11:42","modified_gmt":"2019-01-22T13:11:42","slug":"vanja-gavran","status":"publish","type":"page","link":"https:\/\/aem.hr\/en\/vanja-gavran\/","title":{"rendered":"Vanja Gavran, \u010dlan"},"content":{"rendered":"\n<p>Vanja Gavran ro\u0111en je 1976. godine. Osnovnu i srednju \u0161kolu zavr\u0161io je u rodnom gradu Posu\u0161ju (Bosna i Hercegovina), a studije kroatologije i sociologije diplomirao je 2001. na Hrvatskim studijima Sveu\u010dili\u0161ta u Zagrebu. Tijekom studija bio je i predsjednik Studenog zbora Hrvatskih studija i urednik studentskog lista \u201eStudent\u201c. Po zavr\u0161etku studija radio je u Posu\u0161ju u Gospodarskoj komori \u017dupanije zapadnohercegova\u010dke kao referent za marketing, potom u \u0160irokom Brijegu kao glasnogovornik Narodne stranke Radom za boljitak, da bi 2004. preselio u Sarajevo gdje do 2008. radi u Hrvatskom kulturnom dru\u0161tvu Napredak, prvo kao suradnik za izdava\u0161tvo i medije, a potom kao glavni tajnik Napretka. Od po\u010detka 2006. do ljeta 2007. honorarno je radio na Federalnoj televiziji kao voditelj Jutarnjeg programa. Krajem 2008. postaje rukovoditelj Odjela za korporativne komunikacije Hrvatskih telekomunikacija u Mostaru. Sredinom 2015. vra\u0107a se u Zagreb i radi na Al Jazeeri Balkans kao PR i novinar. Odlukom Hrvatskog sabora 14. srpnja 2017. imenovan je \u010dlanom Vije\u0107a za elektroni\u010dke medije.  Sudjelovao je i govorio na brojnim konferencijama kako u Hrvatskoj tako i diljem Europe.<\/p>\n","protected":false},"excerpt":{"rendered":"<p>Vanja Gavran ro\u0111en je 1976. godine. Osnovnu i srednju \u0161kolu zavr\u0161io je u rodnom gradu Posu\u0161ju (Bosna i Hercegovina), a studije kroatologije i sociologije diplomirao je 2001. na Hrvatskim studijima Sveu\u010dili\u0161ta u Zagrebu. Tijekom studija bio je i predsjednik Studenog zbora Hrvatskih studija i urednik studentskog lista \u201eStudent\u201c. Po zavr\u0161etku studija radio je u Posu\u0161ju [&hellip;]<\/p>\n","protected":false},"author":18,"featured_media":0,"parent":0,"menu_order":0,"comment_status":"closed","ping_status":"closed","template":"","meta":{"_acf_changed":false,"inline_featured_image":false,"advgb_blocks_editor_width":"","advgb_blocks_columns_visual_guide":"","_links_to":"","_links_to_type":0,"footnotes":""},"class_list":["post-879","page","type-page","status-publish","hentry"],"acf":[],"yoast_head":"<!-- This site is optimized with the Yoast SEO plugin v25.7 - https:\/\/yoast.com\/wordpress\/plugins\/seo\/ -->\n<title>Vanja Gavran, \u010dlan - Agencija za elektroni\u010dke medije<\/title>\n<meta name=\"robots\" content=\"index, follow, max-snippet:-1, max-image-preview:large, max-video-preview:-1\" \/>\n<link rel=\"canonical\" href=\"https:\/\/aem.hr\/vanja-gavran\/\" \/>\n<meta property=\"og:locale\" content=\"en_US\" \/>\n<meta property=\"og:type\" content=\"article\" \/>\n<meta property=\"og:title\" content=\"Vanja Gavran, \u010dlan - Agencija za elektroni\u010dke medije\" \/>\n<meta property=\"og:description\" content=\"Vanja Gavran ro\u0111en je 1976. godine. Osnovnu i srednju \u0161kolu zavr\u0161io je u rodnom gradu Posu\u0161ju (Bosna i Hercegovina), a studije kroatologije i sociologije diplomirao je 2001. na Hrvatskim studijima Sveu\u010dili\u0161ta u Zagrebu. Tijekom studija bio je i predsjednik Studenog zbora Hrvatskih studija i urednik studentskog lista \u201eStudent\u201c. Po zavr\u0161etku studija radio je u Posu\u0161ju [&hellip;]\" \/>\n<meta property=\"og:url\" content=\"https:\/\/aem.hr\/vanja-gavran\/\" \/>\n<meta property=\"og:site_name\" content=\"Agencija za elektroni\u010dke medije\" \/>\n<meta property=\"article:modified_time\" content=\"2019-01-22T13:11:42+00:00\" \/>\n<meta name=\"twitter:card\" content=\"summary_large_image\" \/>\n<meta name=\"twitter:label1\" content=\"Est. reading time\" \/>\n\t<meta name=\"twitter:data1\" content=\"1 minute\" \/>\n<script type=\"application\/ld+json\" class=\"yoast-schema-graph\">{\"@context\":\"https:\/\/schema.org\",\"@graph\":[{\"@type\":\"WebPage\",\"@id\":\"https:\/\/aem.hr\/vanja-gavran\/\",\"url\":\"https:\/\/aem.hr\/vanja-gavran\/\",\"name\":\"Vanja Gavran, \u010dlan - Agencija za elektroni\u010dke medije\",\"isPartOf\":{\"@id\":\"https:\/\/aem.hr\/#website\"},\"datePublished\":\"2019-01-22T13:11:41+00:00\",\"dateModified\":\"2019-01-22T13:11:42+00:00\",\"breadcrumb\":{\"@id\":\"https:\/\/aem.hr\/vanja-gavran\/#breadcrumb\"},\"inLanguage\":\"en-US\",\"potentialAction\":[{\"@type\":\"ReadAction\",\"target\":[\"https:\/\/aem.hr\/vanja-gavran\/\"]}]},{\"@type\":\"BreadcrumbList\",\"@id\":\"https:\/\/aem.hr\/vanja-gavran\/#breadcrumb\",\"itemListElement\":[{\"@type\":\"ListItem\",\"position\":1,\"name\":\"Po\u010detna stranica\",\"item\":\"https:\/\/aem.hr\/\"},{\"@type\":\"ListItem\",\"position\":2,\"name\":\"Vanja Gavran, \u010dlan\"}]},{\"@type\":\"WebSite\",\"@id\":\"https:\/\/aem.hr\/#website\",\"url\":\"https:\/\/aem.hr\/\",\"name\":\"Agencija za elektroni\u010dke medije\",\"description\":\"\",\"potentialAction\":[{\"@type\":\"SearchAction\",\"target\":{\"@type\":\"EntryPoint\",\"urlTemplate\":\"https:\/\/aem.hr\/?s={search_term_string}\"},\"query-input\":{\"@type\":\"PropertyValueSpecification\",\"valueRequired\":true,\"valueName\":\"search_term_string\"}}],\"inLanguage\":\"en-US\"}]}<\/script>\n<!-- \/ Yoast SEO plugin. -->","yoast_head_json":{"title":"Vanja Gavran, \u010dlan - Agencija za elektroni\u010dke medije","robots":{"index":"index","follow":"follow","max-snippet":"max-snippet:-1","max-image-preview":"max-image-preview:large","max-video-preview":"max-video-preview:-1"},"canonical":"https:\/\/aem.hr\/vanja-gavran\/","og_locale":"en_US","og_type":"article","og_title":"Vanja Gavran, \u010dlan - Agencija za elektroni\u010dke medije","og_description":"Vanja Gavran ro\u0111en je 1976. godine. Osnovnu i srednju \u0161kolu zavr\u0161io je u rodnom gradu Posu\u0161ju (Bosna i Hercegovina), a studije kroatologije i sociologije diplomirao je 2001. na Hrvatskim studijima Sveu\u010dili\u0161ta u Zagrebu. Tijekom studija bio je i predsjednik Studenog zbora Hrvatskih studija i urednik studentskog lista \u201eStudent\u201c. Po zavr\u0161etku studija radio je u Posu\u0161ju [&hellip;]","og_url":"https:\/\/aem.hr\/vanja-gavran\/","og_site_name":"Agencija za elektroni\u010dke medije","article_modified_time":"2019-01-22T13:11:42+00:00","twitter_card":"summary_large_image","twitter_misc":{"Est. reading time":"1 minute"},"schema":{"@context":"https:\/\/schema.org","@graph":[{"@type":"WebPage","@id":"https:\/\/aem.hr\/vanja-gavran\/","url":"https:\/\/aem.hr\/vanja-gavran\/","name":"Vanja Gavran, \u010dlan - Agencija za elektroni\u010dke medije","isPartOf":{"@id":"https:\/\/aem.hr\/#website"},"datePublished":"2019-01-22T13:11:41+00:00","dateModified":"2019-01-22T13:11:42+00:00","breadcrumb":{"@id":"https:\/\/aem.hr\/vanja-gavran\/#breadcrumb"},"inLanguage":"en-US","potentialAction":[{"@type":"ReadAction","target":["https:\/\/aem.hr\/vanja-gavran\/"]}]},{"@type":"BreadcrumbList","@id":"https:\/\/aem.hr\/vanja-gavran\/#breadcrumb","itemListElement":[{"@type":"ListItem","position":1,"name":"Po\u010detna stranica","item":"https:\/\/aem.hr\/"},{"@type":"ListItem","position":2,"name":"Vanja Gavran, \u010dlan"}]},{"@type":"WebSite","@id":"https:\/\/aem.hr\/#website","url":"https:\/\/aem.hr\/","name":"Agencija za elektroni\u010dke medije","description":"","potentialAction":[{"@type":"SearchAction","target":{"@type":"EntryPoint","urlTemplate":"https:\/\/aem.hr\/?s={search_term_string}"},"query-input":{"@type":"PropertyValueSpecification","valueRequired":true,"valueName":"search_term_string"}}],"inLanguage":"en-US"}]}},"coauthors":[],"author_meta":{"author_link":"https:\/\/aem.hr\/en\/blog\/author\/mkirac\/","display_name":"Matko Kirac"},"relative_dates":{"created":"Posted 7 years ago","modified":"Updated 7 years ago"},"absolute_dates":{"created":"Posted on 22. January 2019.","modified":"Updated on 22. January 2019."},"absolute_dates_time":{"created":"Posted on 22. January 2019. 14:11","modified":"Updated on 22. January 2019. 14:11"},"featured_img_caption":"","featured_img":false,"series_order":"","_links":{"self":[{"href":"https:\/\/aem.hr\/en\/wp-json\/wp\/v2\/pages\/879","targetHints":{"allow":["GET"]}}],"collection":[{"href":"https:\/\/aem.hr\/en\/wp-json\/wp\/v2\/pages"}],"about":[{"href":"https:\/\/aem.hr\/en\/wp-json\/wp\/v2\/types\/page"}],"author":[{"embeddable":true,"href":"https:\/\/aem.hr\/en\/wp-json\/wp\/v2\/users\/18"}],"replies":[{"embeddable":true,"href":"https:\/\/aem.hr\/en\/wp-json\/wp\/v2\/comments?post=879"}],"version-history":[{"count":1,"href":"https:\/\/aem.hr\/en\/wp-json\/wp\/v2\/pages\/879\/revisions"}],"predecessor-version":[{"id":880,"href":"https:\/\/aem.hr\/en\/wp-json\/wp\/v2\/pages\/879\/revisions\/880"}],"wp:attachment":[{"href":"https:\/\/aem.hr\/en\/wp-json\/wp\/v2\/media?parent=879"}],"curies":[{"name":"wp","href":"https:\/\/api.w.org\/{rel}","templated":true}]}}